{"id":1330,"date":"2019-08-29T17:39:47","date_gmt":"2019-08-29T17:39:47","guid":{"rendered":"http:\/\/messer-ca.com\/?page_id=1330"},"modified":"2022-08-24T21:25:43","modified_gmt":"2022-08-24T21:25:43","slug":"fluorine-refrigerants","status":"publish","type":"page","link":"https:\/\/messer-ca.com\/fr\/products\/refrigerant-gases\/fluorine-refrigerants\/","title":{"rendered":"Fluides Fluor\u00e9s"},"content":{"rendered":"<div style=\"height:55px\" aria-hidden=\"true\" class=\"wp-block-spacer\"><\/div>\n\n\n<p>Les fluides frigorig\u00e8nes fluor\u00e9s (\u00e9galement appel\u00e9s frigorig\u00e8nes synth\u00e9tiques, fluides frigorig\u00e8nes fluorocarbon\u00e9s et frigorig\u00e8nes halocarbon\u00e9s) forment un large groupe de produits, plus commun\u00e9ment appel\u00e9s CFC, HCFC, HFC et HFO. <br>Les CFC ont \u00e9t\u00e9 introduits au d\u00e9but du 20\u00e8me si\u00e8cle et sont rapidement devenus la principale solution de r\u00e9frig\u00e9ration. Les CFC \u00e9taient efficaces sur le plan thermodynamique et dans une large gamme d&#039;applications et de temp\u00e9ratures de fonctionnement.<\/p>\n<p>Cependant, les pr\u00e9occupations environnementales li\u00e9es \u00e0 l&#039;appauvrissement de la couche d&#039;ozone et au r\u00e9chauffement de la plan\u00e8te ont conduit \u00e0 un contr\u00f4le l\u00e9gislatif et au d\u00e9veloppement de nouvelles g\u00e9n\u00e9rations de r\u00e9frig\u00e9rants au fluor, appel\u00e9s HCFC, HFC et HFO.<\/p>\n<p>Messer ne fabrique pas de r\u00e9frig\u00e9rants \u00e0 base de fluor, mais s&#039;approvisionne en vrac aupr\u00e8s de plusieurs grandes soci\u00e9t\u00e9s chimiques. Messer exploite une installation canadienne qui g\u00e8re le fractionnement en vrac et le remplissage en fournissant \u00e0 nos clients une vari\u00e9t\u00e9 d\u2019emballages plus petits pour r\u00e9pondre \u00e0 leurs besoins sp\u00e9cifiques.<\/p>\n<p>Aujourd&#039;hui, Messer conserve un inventaire d&#039;une gamme extr\u00eamement large de produits \u00e0 base de HCFC, HFC et HFO, et peut vous aider \u00e0 choisir la meilleure solution pour r\u00e9pondre aux besoins de vos clients et respecter la l\u00e9gislation locale et les pr\u00e9occupations environnementales.<\/p>\n<p><\/p>\n\n\n<div style=\"height:20px\" aria-hidden=\"true\" class=\"wp-block-spacer custom-left-separator\"><\/div>\n\n\n    <div class=\"markets\">\n        \n                   <ul class=\"listreset markets-list solutions-list\">\n                                                            <li>\n                                                        <div class=\"market-text-block\">\n                                                                    <h3>\n                                                                                    <a href=\"http:\/\/messer-ca.com\/fr\/products\/refrigerant-gases\/fluorine-refrigerants\/cfc-refrigerants\/\">R\u00e9frig\u00e9rants CFC <\/a>\n                                                                            <\/h3>\n                                                                                                    <p>Les CFC ont \u00e9t\u00e9 introduits au d\u00e9but du 20\u00e8me si\u00e8cle et sont rapidement devenus la principale solution de r\u00e9frig\u00e9ration. <\/p>\n                                                                                                    <a href=\"http:\/\/messer-ca.com\/fr\/products\/refrigerant-gases\/fluorine-refrigerants\/cfc-refrigerants\/\">\n                                        En savoir plus                                    <\/a>\n                                                            <\/div>\n                        <\/li>\n                                                                                <li>\n                                                        <div class=\"market-text-block\">\n                                                                    <h3>\n                                                                                    <a href=\"http:\/\/messer-ca.com\/fr\/products\/refrigerant-gases\/fluorine-refrigerants\/hcfc-refrigerants\/\">R\u00e9frig\u00e9rants HCFC <\/a>\n                                                                            <\/h3>\n                                                                                                    <p>Les frigorig\u00e8nes \u00e0 base de HCFC (Hydrochlorofluorocarbone) constituent la deuxi\u00e8me g\u00e9n\u00e9ration de frigorig\u00e8nes \u00e0 base de fluor, \u00e0 l&#039;origine des produits de remplacement des CFC.<\/p>\n                                                                                                    <a href=\"http:\/\/messer-ca.com\/fr\/products\/refrigerant-gases\/fluorine-refrigerants\/hcfc-refrigerants\/\">\n                                        En savoir plus                                    <\/a>\n                                                            <\/div>\n                        <\/li>\n                                                                                <li>\n                                                        <div class=\"market-text-block\">\n                                                                    <h3>\n                                                                                    <a href=\"http:\/\/messer-ca.com\/fr\/products\/refrigerant-gases\/fluorine-refrigerants\/hfc-refrigerants\/\">R\u00e9frig\u00e9rants HFC <\/a>\n                                                                            <\/h3>\n                                                                                                    <p>Les frigorig\u00e8nes HFC (Hydrofluorocarbones) constituent la troisi\u00e8me g\u00e9n\u00e9ration de frigorig\u00e8nes \u00e0 base de fluor. <\/p>\n                                                                                                    <a href=\"http:\/\/messer-ca.com\/fr\/products\/refrigerant-gases\/fluorine-refrigerants\/hfc-refrigerants\/\">\n                                        En savoir plus                                    <\/a>\n                                                            <\/div>\n                        <\/li>\n                                                                                <li>\n                                                        <div class=\"market-text-block\">\n                                                                    <h3>\n                                                                                    <a href=\"http:\/\/messer-ca.com\/fr\/products\/refrigerant-gases\/fluorine-refrigerants\/hfo-refrigerants\/\">R\u00e9frig\u00e9rants HFO <\/a>\n                                                                            <\/h3>\n                                                                                                    <p>Les frigorig\u00e8nes HFO (hydrofluoro-ol\u00e9fines) constituent la quatri\u00e8me g\u00e9n\u00e9ration de frigorig\u00e8nes \u00e0 base de fluor.<\/p>\n                                                                                                    <a href=\"http:\/\/messer-ca.com\/fr\/products\/refrigerant-gases\/fluorine-refrigerants\/hfo-refrigerants\/\">\n                                        En savoir plus                                    <\/a>\n                                                            <\/div>\n                        <\/li>\n                                                <\/ul>\n            <\/div>\n\n\n\n<div style=\"height:20px\" aria-hidden=\"true\" class=\"wp-block-spacer custom-right-separator\"><\/div>\n\n\n\t<div class=\"text-and-button-block text-center full-width\">\n\t\t<div class=\"container\">\n\t\t\t\t\t\t\t<div class=\"text\"><p><strong>Des questions?<\/strong> Demandez \u00e0 notre \u00e9quipe. Nous sommes l\u00e0 pour vous aider.<\/p>\n<\/div>\n\t\t\t\t\t\t\t\t\t\t\t\t\t\t\t<a class=\"btn-3\" href=\"https:\/\/messer-ca.com\/fr\/contact-support\/\"  target=\"_blank\">Contactez-nous<\/a>\n\t\t\t\t\t\t\t\t\t<\/div>\n\t<\/div>","protected":false},"excerpt":{"rendered":"<p>Fluorine Refrigerants (also known as synthetic refrigerants, fluorocarbon refrigerants and halocarbon refrigerants) are a wide group of products most commonly known as CFCs, HCFCs, HFCs and HFOs CFCs were introduced in the early 20th century, and quickly became established as the leading refrigerant solution. CFCs were thermodynamically efficient, and effective across a wide range of [&hellip;]<\/p>\n","protected":false},"author":5,"featured_media":10,"parent":4527,"menu_order":0,"comment_status":"closed","ping_status":"closed","template":"pages\/template-solutions.php","meta":{"_acf_changed":false,"content-type":"","om_disable_all_campaigns":false,"_exactmetrics_skip_tracking":false,"_exactmetrics_sitenote_active":false,"_exactmetrics_sitenote_note":"","_exactmetrics_sitenote_category":0,"_monsterinsights_skip_tracking":false,"_monsterinsights_sitenote_active":false,"_monsterinsights_sitenote_note":"","_monsterinsights_sitenote_category":0,"footnotes":""},"class_list":["post-1330","page","type-page","status-publish","has-post-thumbnail","hentry"],"acf":[],"_links":{"self":[{"href":"https:\/\/messer-ca.com\/fr\/wp-json\/wp\/v2\/pages\/1330","targetHints":{"allow":["GET"]}}],"collection":[{"href":"https:\/\/messer-ca.com\/fr\/wp-json\/wp\/v2\/pages"}],"about":[{"href":"https:\/\/messer-ca.com\/fr\/wp-json\/wp\/v2\/types\/page"}],"author":[{"embeddable":true,"href":"https:\/\/messer-ca.com\/fr\/wp-json\/wp\/v2\/users\/5"}],"replies":[{"embeddable":true,"href":"https:\/\/messer-ca.com\/fr\/wp-json\/wp\/v2\/comments?post=1330"}],"version-history":[{"count":0,"href":"https:\/\/messer-ca.com\/fr\/wp-json\/wp\/v2\/pages\/1330\/revisions"}],"up":[{"embeddable":true,"href":"https:\/\/messer-ca.com\/fr\/wp-json\/wp\/v2\/pages\/4527"}],"wp:featuredmedia":[{"embeddable":true,"href":"https:\/\/messer-ca.com\/fr\/wp-json\/wp\/v2\/media\/10"}],"wp:attachment":[{"href":"https:\/\/messer-ca.com\/fr\/wp-json\/wp\/v2\/media?parent=1330"}],"curies":[{"name":"wp","href":"https:\/\/api.w.org\/{rel}","templated":true}]}}