{"id":1354,"date":"2019-08-29T17:50:56","date_gmt":"2019-08-29T17:50:56","guid":{"rendered":"http:\/\/messer-ca.com\/?page_id=1354"},"modified":"2022-08-24T21:27:06","modified_gmt":"2022-08-24T21:27:06","slug":"natural-refrigerants","status":"publish","type":"page","link":"https:\/\/messer-ca.com\/fr\/products\/refrigerant-gases\/natural-refrigerants\/","title":{"rendered":"R\u00e9frig\u00e9rants Naturels et Hydrocarbures"},"content":{"rendered":"<div style=\"height:55px\" aria-hidden=\"true\" class=\"wp-block-spacer\"><\/div>\n\n\n<p>Ils n&#039;appauvrissent pas la couche d&#039;ozone et apportent une contribution n\u00e9gligeable (ou nulle dans le cas de l&#039;ammoniac R717) au r\u00e9chauffement plan\u00e9taire.<\/p>\n<p>La haute efficacit\u00e9 des r\u00e9frig\u00e9rants naturels signifie qu&#039;ils peuvent \u00e9galement contribuer moins au r\u00e9chauffement de la plan\u00e8te.<\/p>\n<p>Ces produits \u00e9taient utilis\u00e9s avant les ann\u00e9es 1950 avant la production de fluorocarbure et sont maintenant utilis\u00e9s plus largement en raison de leur faible impact sur l&#039;environnement.<\/p>\n<p>Messer Canada poss\u00e8de une vaste exp\u00e9rience et une expertise dans le domaine des r\u00e9frig\u00e9rants \u00e9cologiques. Messer est en mesure d\u2019offrir une large gamme de r\u00e9frig\u00e9rants naturels au secteur de la r\u00e9frig\u00e9ration et de la climatisation, notamment le R717 (ammoniac), le R744 (dioxyde de carbone) et une large gamme de produits \u00e0 base d\u2019hydrocarbures, tels que le R-600, le R-170 et le R-170. E170, R-1150 et R-1270.<\/p>\n<p><\/p>\n\n\n<div style=\"height:20px\" aria-hidden=\"true\" class=\"wp-block-spacer custom-left-separator\"><\/div>\n\n\n\t<div class=\"text-and-button-block text-center full-width\">\n\t\t<div class=\"container\">\n\t\t\t\t\t\t\t<div class=\"text\"><p><strong>Des questions?<\/strong> Demandez \u00e0 notre \u00e9quipe. Nous sommes l\u00e0 pour vous aider.<\/p>\n<\/div>\n\t\t\t\t\t\t\t\t\t\t\t\t\t\t\t<a class=\"btn-3\" href=\"https:\/\/messer-ca.com\/fr\/contact-support\/\"  target=\"_blank\">Contactez-nous<\/a>\n\t\t\t\t\t\t\t\t\t<\/div>\n\t<\/div>","protected":false},"excerpt":{"rendered":"<p>They do not deplete the ozone layer and make a negligible (or zero in the case of R717 ammonia) contribution to global warming. The high efficiency of natural refrigerants means they can also provide lower indirect contribution to global warming. These products were used before the 1950s prior to fluorocarbon production and are now being [&hellip;]<\/p>\n","protected":false},"author":5,"featured_media":10,"parent":4527,"menu_order":0,"comment_status":"closed","ping_status":"closed","template":"pages\/template-solutions.php","meta":{"_acf_changed":false,"content-type":"","om_disable_all_campaigns":false,"_exactmetrics_skip_tracking":false,"_exactmetrics_sitenote_active":false,"_exactmetrics_sitenote_note":"","_exactmetrics_sitenote_category":0,"_monsterinsights_skip_tracking":false,"_monsterinsights_sitenote_active":false,"_monsterinsights_sitenote_note":"","_monsterinsights_sitenote_category":0,"footnotes":""},"class_list":["post-1354","page","type-page","status-publish","has-post-thumbnail","hentry"],"acf":[],"_links":{"self":[{"href":"https:\/\/messer-ca.com\/fr\/wp-json\/wp\/v2\/pages\/1354","targetHints":{"allow":["GET"]}}],"collection":[{"href":"https:\/\/messer-ca.com\/fr\/wp-json\/wp\/v2\/pages"}],"about":[{"href":"https:\/\/messer-ca.com\/fr\/wp-json\/wp\/v2\/types\/page"}],"author":[{"embeddable":true,"href":"https:\/\/messer-ca.com\/fr\/wp-json\/wp\/v2\/users\/5"}],"replies":[{"embeddable":true,"href":"https:\/\/messer-ca.com\/fr\/wp-json\/wp\/v2\/comments?post=1354"}],"version-history":[{"count":0,"href":"https:\/\/messer-ca.com\/fr\/wp-json\/wp\/v2\/pages\/1354\/revisions"}],"up":[{"embeddable":true,"href":"https:\/\/messer-ca.com\/fr\/wp-json\/wp\/v2\/pages\/4527"}],"wp:featuredmedia":[{"embeddable":true,"href":"https:\/\/messer-ca.com\/fr\/wp-json\/wp\/v2\/media\/10"}],"wp:attachment":[{"href":"https:\/\/messer-ca.com\/fr\/wp-json\/wp\/v2\/media?parent=1354"}],"curies":[{"name":"wp","href":"https:\/\/api.w.org\/{rel}","templated":true}]}}