{"id":1378,"date":"2019-08-29T18:19:46","date_gmt":"2019-08-29T18:19:46","guid":{"rendered":"http:\/\/messer-ca.com\/?page_id=1378"},"modified":"2019-08-29T19:43:59","modified_gmt":"2019-08-29T19:43:59","slug":"mri-cryogens-coldserve","status":"publish","type":"page","link":"https:\/\/messer-ca.com\/fr\/products\/medical-gases\/mri-cryogens-coldserve\/","title":{"rendered":"Cryog\u00e8nes et ColdServe pour IRM"},"content":{"rendered":"<div style=\"height:55px\" aria-hidden=\"true\" class=\"wp-block-spacer\"><\/div>\n\n\n<p>\u00c9tant donn\u00e9 l\u2019importance de maximiser la dur\u00e9e de fonctionnement des syst\u00e8mes IRM, vous avez besoin d\u2019un fournisseur capable de garantir l\u2019approvisionnement en cryog\u00e8ne requis pour le fonctionnement de vos syst\u00e8mes IRM. Messer est un partenaire reconnu des fabricants de syst\u00e8mes IRM, des fournisseurs de services tiers et des h\u00f4pitaux \/ cliniques.<\/p>\n<p>Messer exploite l&#039;une des plus grandes usines d&#039;h\u00e9lium au monde \u00e0 Otis, au Kansas, ainsi que plusieurs autres installations dans le monde, notamment en Alg\u00e9rie, au Qatar et en Australie. Notre r\u00e9seau de plus de 50 installations de transfert d&#039;h\u00e9lium, situ\u00e9es sur tous les principaux march\u00e9s de l&#039;IRM dans le monde, fournit le r\u00e9seau de distribution le plus fiable du secteur.<\/p>\n<p>Les technologies innovantes de Messer aident les clients \u00e0 am\u00e9liorer leur efficacit\u00e9 et \u00e0 r\u00e9duire leurs co\u00fbts gr\u00e2ce aux innovations. En utilisant les lignes de transfert \u00e0 haute efficacit\u00e9 de Messer et les technologies deww les plus r\u00e9centes, Messer peut afficher une des efficacit\u00e9s de transfert parmi les plus \u00e9lev\u00e9es du secteur de l&#039;IRM, conduisant souvent \u00e0 des \u00e9conomies d&#039;h\u00e9lium liquide de l&#039;ordre de 10% ou plus.<\/p>\n<p>Dans les centres de service client\u00e8le de Messer en IRM, des repr\u00e9sentants exp\u00e9riment\u00e9s du service client sont pr\u00eats \u00e0 vous aider dans tous les aspects de l&#039;approvisionnement en cryog\u00e8ne, de la planification des livraisons aux produits de manipulation et de s\u00e9curit\u00e9 du cryog\u00e8ne. En tant que client Messer, vous aurez l\u2019occasion de tirer parti des services Messer ColdServe \u2122, un programme de remplissage cryog\u00e9nique \u00e9conomique con\u00e7u pour optimiser les performances des aimants et minimiser le co\u00fbt total associ\u00e9 aux cryog\u00e8nes. Ce programme dote d\u2019experts innovants les experts Messer form\u00e9s. pour garantir le plus haut niveau de disponibilit\u00e9 sur les sites IRM, tout en soulageant votre installation du fardeau et du co\u00fbt associ\u00e9 \u00e0 la gestion des niveaux et de l&#039;efficacit\u00e9 du cryog\u00e8ne.<\/p>\n<p>Les techniciens professionnels de Messer surveillent les niveaux de cryog\u00e8ne et optimisent l\u2019efficacit\u00e9 des transferts, en utilisant un syst\u00e8me de gestion de base de donn\u00e9es qui planifie et suit les tendances d\u2019utilisation du cryog\u00e8ne. En cas de probl\u00e8me, les horaires de service flexibles de Messer \u00e9vitent des temps d&#039;arr\u00eat inutiles du syst\u00e8me IRM, \u00e0 toute heure du jour et de la nuit.<\/p>\n\n\n<div style=\"height:20px\" aria-hidden=\"true\" class=\"wp-block-spacer custom-left-separator\"><\/div>\n\n\n\t<div class=\"text-and-button-block text-center full-width\">\n\t\t<div class=\"container\">\n\t\t\t\t\t\t\t<div class=\"text\"><p><strong>Des questions?<\/strong> Demandez \u00e0 notre \u00e9quipe. Nous sommes l\u00e0 pour vous aider.<\/p>\n<\/div>\n\t\t\t\t\t\t\t\t\t\t\t\t\t\t\t<a class=\"btn-3\" href=\"https:\/\/messer-ca.com\/fr\/contact-support\/\"  target=\"_blank\">Contactez-nous<\/a>\n\t\t\t\t\t\t\t\t\t<\/div>\n\t<\/div>","protected":false},"excerpt":{"rendered":"<p>Given the importance of maximizing MRI system uptime, you need a supplier who can guarantee the cryogen supply required for operation of your MRI system(s). Messer is a proven partner serving MRI system manufacturers, third party service providers and individual hospitals\/clinics. Messer operates one of the world\u2019s largest helium plants in Otis, Kansas and several [&hellip;]<\/p>\n","protected":false},"author":5,"featured_media":13,"parent":724,"menu_order":0,"comment_status":"closed","ping_status":"closed","template":"pages\/template-solutions.php","meta":{"_acf_changed":false,"content-type":"","om_disable_all_campaigns":false,"_exactmetrics_skip_tracking":false,"_exactmetrics_sitenote_active":false,"_exactmetrics_sitenote_note":"","_exactmetrics_sitenote_category":0,"_monsterinsights_skip_tracking":false,"_monsterinsights_sitenote_active":false,"_monsterinsights_sitenote_note":"","_monsterinsights_sitenote_category":0,"footnotes":""},"class_list":["post-1378","page","type-page","status-publish","has-post-thumbnail","hentry"],"acf":[],"_links":{"self":[{"href":"https:\/\/messer-ca.com\/fr\/wp-json\/wp\/v2\/pages\/1378","targetHints":{"allow":["GET"]}}],"collection":[{"href":"https:\/\/messer-ca.com\/fr\/wp-json\/wp\/v2\/pages"}],"about":[{"href":"https:\/\/messer-ca.com\/fr\/wp-json\/wp\/v2\/types\/page"}],"author":[{"embeddable":true,"href":"https:\/\/messer-ca.com\/fr\/wp-json\/wp\/v2\/users\/5"}],"replies":[{"embeddable":true,"href":"https:\/\/messer-ca.com\/fr\/wp-json\/wp\/v2\/comments?post=1378"}],"version-history":[{"count":0,"href":"https:\/\/messer-ca.com\/fr\/wp-json\/wp\/v2\/pages\/1378\/revisions"}],"up":[{"embeddable":true,"href":"https:\/\/messer-ca.com\/fr\/wp-json\/wp\/v2\/pages\/724"}],"wp:featuredmedia":[{"embeddable":true,"href":"https:\/\/messer-ca.com\/fr\/wp-json\/wp\/v2\/media\/13"}],"wp:attachment":[{"href":"https:\/\/messer-ca.com\/fr\/wp-json\/wp\/v2\/media?parent=1378"}],"curies":[{"name":"wp","href":"https:\/\/api.w.org\/{rel}","templated":true}]}}