{"id":1395,"date":"2019-08-29T18:25:08","date_gmt":"2019-08-29T18:25:08","guid":{"rendered":"http:\/\/messer-ca.com\/?page_id=1395"},"modified":"2019-08-29T20:16:58","modified_gmt":"2019-08-29T20:16:58","slug":"metal-fabrication","status":"publish","type":"page","link":"https:\/\/messer-ca.com\/fr\/industries\/metals\/metal-fabrication\/","title":{"rendered":"Fabrication en m\u00e9tal"},"content":{"rendered":"<div style=\"height:55px\" aria-hidden=\"true\" class=\"wp-block-spacer\"><\/div>\n\n\n<p>Les entreprises de ce secteur ont besoin d\u2019un partenaire unique flexible, r\u00e9actif et capable de prendre en charge l\u2019ensemble du spectre des applications et des \u00e9quipements, en combinant des proc\u00e9d\u00e9s de d\u00e9coupe, de soudage et de rev\u00eatement traditionnels et nouveaux.<\/p>\n<h4>Guichet unique<\/h4>\n<p>Chez Messer, nous fournissons une source rapide et pratique pour tous vos besoins en soudage. Vous pouvez compter sur nous pour les \u00e9quipements, les consommables et les \u00e9quipements de s\u00e9curit\u00e9. Mais ce n&#039;est pas tout. Nous proposons \u00e9galement une formation \u00e0 la s\u00e9curit\u00e9 afin de nous assurer que tous les gaz dont vous avez besoin sont install\u00e9s et manipul\u00e9s correctement. Et nos ing\u00e9nieurs vous guideront \u00e0 travers la vaste gamme d&#039;options de soudage et de coupage et de m\u00e9langes de gaz disponibles pour vous aider \u00e0 choisir le processus le mieux adapt\u00e9 \u00e0 votre budget, \u00e0 votre productivit\u00e9 et \u00e0 vos exigences de qualit\u00e9. Et pour les processus plus sophistiqu\u00e9s, vous pouvez \u00eatre assur\u00e9 que nos solutions laser, par exemple, sont approuv\u00e9es par tous les principaux fabricants de lasers.\u00a0<\/p>\n\n\n<div style=\"height:20px\" aria-hidden=\"true\" class=\"wp-block-spacer custom-left-separator\"><\/div>\n\n\n\t<div class=\"text-and-button-block text-center full-width\">\n\t\t<div class=\"container\">\n\t\t\t\t\t\t\t<div class=\"text\"><p><strong>Des questions?<\/strong> Demandez \u00e0 notre \u00e9quipe. Nous sommes l\u00e0 pour vous aider.<\/p>\n<\/div>\n\t\t\t\t\t\t\t\t\t\t\t\t\t\t\t<a class=\"btn-3\" href=\"https:\/\/messer-ca.com\/fr\/contact-support\/\"  target=\"_blank\">Contactez-nous<\/a>\n\t\t\t\t\t\t\t\t\t<\/div>\n\t<\/div>","protected":false},"excerpt":{"rendered":"<p>Companies in this industry require a flexible, responsive, single-source partner that supports the full application and equipment spectrum, combining both traditional and new cutting, welding and coating processes. One-stop shop At Messer, we provide a fast, convenient source for all your welding needs. You can rely on us for equipment, consumables and safety gear. But [&hellip;]<\/p>\n","protected":false},"author":5,"featured_media":14,"parent":840,"menu_order":0,"comment_status":"closed","ping_status":"closed","template":"pages\/template-solutions.php","meta":{"_acf_changed":false,"content-type":"","om_disable_all_campaigns":false,"_exactmetrics_skip_tracking":false,"_exactmetrics_sitenote_active":false,"_exactmetrics_sitenote_note":"","_exactmetrics_sitenote_category":0,"_monsterinsights_skip_tracking":false,"_monsterinsights_sitenote_active":false,"_monsterinsights_sitenote_note":"","_monsterinsights_sitenote_category":0,"footnotes":""},"class_list":["post-1395","page","type-page","status-publish","has-post-thumbnail","hentry"],"acf":[],"_links":{"self":[{"href":"https:\/\/messer-ca.com\/fr\/wp-json\/wp\/v2\/pages\/1395","targetHints":{"allow":["GET"]}}],"collection":[{"href":"https:\/\/messer-ca.com\/fr\/wp-json\/wp\/v2\/pages"}],"about":[{"href":"https:\/\/messer-ca.com\/fr\/wp-json\/wp\/v2\/types\/page"}],"author":[{"embeddable":true,"href":"https:\/\/messer-ca.com\/fr\/wp-json\/wp\/v2\/users\/5"}],"replies":[{"embeddable":true,"href":"https:\/\/messer-ca.com\/fr\/wp-json\/wp\/v2\/comments?post=1395"}],"version-history":[{"count":0,"href":"https:\/\/messer-ca.com\/fr\/wp-json\/wp\/v2\/pages\/1395\/revisions"}],"up":[{"embeddable":true,"href":"https:\/\/messer-ca.com\/fr\/wp-json\/wp\/v2\/pages\/840"}],"wp:featuredmedia":[{"embeddable":true,"href":"https:\/\/messer-ca.com\/fr\/wp-json\/wp\/v2\/media\/14"}],"wp:attachment":[{"href":"https:\/\/messer-ca.com\/fr\/wp-json\/wp\/v2\/media?parent=1395"}],"curies":[{"name":"wp","href":"https:\/\/api.w.org\/{rel}","templated":true}]}}