{"id":846,"date":"2019-08-28T18:01:29","date_gmt":"2019-08-28T18:01:29","guid":{"rendered":"http:\/\/messer-ca.com\/?page_id=846"},"modified":"2022-11-10T23:06:02","modified_gmt":"2022-11-10T23:06:02","slug":"environmental","status":"publish","type":"page","link":"https:\/\/messer-ca.com\/fr\/industries\/environmental\/","title":{"rendered":"Environnement"},"content":{"rendered":"<div class=\"info-block-2 text-center full-width\">\n    \t<img decoding=\"async\" src=\"https:\/\/messer-ca.com\/wp-content\/themes\/messercanada\/images\/grey.png\" alt=\"\">\n    \t<div class=\"container min-container\">\n    \t\t<div class=\"info-block-2-text style-large\">Combinant une vari\u00e9t\u00e9 de technologies conventionnelles et alternatives pour alimenter notre avenir<\/div>\n    \t<\/div>\n    <\/div>\n\n\n<p>La demande mondiale en \u00e9nergie continue de cro\u00eetre, aliment\u00e9e par la croissance de la population mondiale et l\u2019expansion \u00e9conomique. Aujourd&#039;hui, la plupart de nos besoins en \u00e9nergie sont satisfaits par les combustibles fossiles. Cependant, ces r\u00e9serves sont limit\u00e9es et contribuent aux effets du r\u00e9chauffement climatique. Pour r\u00e9pondre \u00e0 nos besoins en \u00e9nergie \u00e0 l&#039;avenir, nous devrons combiner diverses technologies conventionnelles et alternatives, en les compl\u00e9tant par des mesures d&#039;efficacit\u00e9 permettant de maximiser le rendement des gisements de fossiles existants.<\/p>\n<h3>Ouvrir la voie \u00e0 un avenir plus vert<\/h3>\n<p>Nous fournissons diverses technologies pour augmenter les taux de r\u00e9cup\u00e9ration des r\u00e9serves de fossiles existantes. Nous aidons \u00e9galement \u00e0 r\u00e9duire l&#039;empreinte carbone des combustibles fossiles classiques en innovant en mati\u00e8re de technologies de captage et de stockage du carbone.<\/p>\n<p>La volont\u00e9 de r\u00e9duire les \u00e9missions de CO<sub>2<\/sub>&nbsp;les \u00e9missions cr\u00e9ent d\u00e9j\u00e0 un changement dans le mix \u00e9nerg\u00e9tique actuel. Les sources \u00e0 faible \u00e9mission de carbone telles que le gaz naturel gagnent rapidement en popularit\u00e9. Nous livrons ici des processus innovants tout au long de la cha\u00eene de liqu\u00e9faction - de la source au point d&#039;utilisation - pour accro\u00eetre la port\u00e9e de ce vecteur d&#039;\u00e9nergie prometteur.<\/p>\n<p>En ce qui concerne l&#039;avenir, notre bouquet \u00e9nerg\u00e9tique verra une part beaucoup plus grande d&#039;\u00e9nergies renouvelables provenant de sources \u00e9oliennes, solaires et de biomasse. L\u00e0 encore, nous proposons une gamme d&#039;innovations en mati\u00e8re d&#039;infrastructure et de processus permettant de capter plus efficacement les \u00e9nergies renouvelables.<\/p>\n<p>Alors que nous passons \u00e0 une \u00e9conomie plus verte, l&#039;hydrog\u00e8ne va jouer un r\u00f4le de plus en plus important. C&#039;est un moyen id\u00e9al de stocker de l&#039;\u00e9nergie produite \u00e0 partir de sources renouvelables et primaires. Et lorsqu&#039;il est g\u00e9n\u00e9r\u00e9 \u00e0 partir de sources r\u00e9g\u00e9n\u00e9ratives, il cr\u00e9e un cycle \u00e9nerg\u00e9tique \u00e0 z\u00e9ro \u00e9mission. Nous couvrons toute la cha\u00eene de valeur de l&#039;hydrog\u00e8ne - de la production \u00e0 la liqu\u00e9faction en passant par les solutions de transport et de stockage, en passant par le ravitaillement en carburant de v\u00e9hicules fonctionnant \u00e0 l&#039;hydrog\u00e8ne.<\/p>\n\n\n<div style=\"height:20px\" aria-hidden=\"true\" class=\"wp-block-spacer custom-left-separator\"><\/div>\n\n\n    <div class=\"markets\">\n        \n                   <ul class=\"listreset markets-list solutions-list\">\n                                                            <li>\n                                                                                                <div class=\"market-ic\"><a href=\"https:\/\/messer-ca.com\/fr\/industries\/environmental\/air-pollution-control\/\"><img decoding=\"async\" src=\"https:\/\/messer-ca.com\/wp-content\/uploads\/2019\/08\/capture.jpg\" alt=\"Environmental gas capture facility\"><\/a><\/div>\n                                                                                         <div class=\"market-text-block\">\n                                                                    <h3>\n                                                                                    <a href=\"https:\/\/messer-ca.com\/fr\/industries\/environmental\/air-pollution-control\/\">Contr\u00f4le de la pollution de l&#039;air<\/a>\n                                                                            <\/h3>\n                                                                                                    <p>La volont\u00e9 de r\u00e9duire les \u00e9missions de CO2 est d\u00e9j\u00e0 en train de modifier le bouquet \u00e9nerg\u00e9tique actuel. Les sources \u00e0 faible \u00e9mission de carbone telles que le gaz naturel gagnent rapidement en popularit\u00e9.<\/p>\n                                                                                                    <a href=\"https:\/\/messer-ca.com\/fr\/industries\/environmental\/air-pollution-control\/\">\n                                        En savoir plus                                    <\/a>\n                                                            <\/div>\n                        <\/li>\n                                                                                <li>\n                                                                                                <div class=\"market-ic\"><img decoding=\"async\" src=\"https:\/\/messer-ca.com\/wp-content\/uploads\/2019\/08\/water.jpg\" alt=\"Water treatment plant\"><\/div>\n                                                                                         <div class=\"market-text-block\">\n                                                                    <h3>\n                                                                                    Traitement de l&#039;eau et des eaux us\u00e9es                                                                            <\/h3>\n                                                                                                    <p>Les experts techniques de Messer poss\u00e8dent une connaissance et une exp\u00e9rience importantes du traitement des eaux us\u00e9es industrielles. Nous pouvons proposer des consultations, des essais et des solutions autour de nombreux probl\u00e8mes d\u2019eau.<\/p>\n                                                                                            <\/div>\n                        <\/li>\n                                                <\/ul>\n            <\/div>\n\n\n\n<div style=\"height:20px\" aria-hidden=\"true\" class=\"wp-block-spacer custom-right-separator\"><\/div>\n\n\n\t<div class=\"text-and-button-block text-center full-width\">\n\t\t<div class=\"container\">\n\t\t\t\t\t\t\t<div class=\"text\"><p><strong>Des questions?<\/strong> Demandez \u00e0 notre \u00e9quipe. Nous sommes l\u00e0 pour vous aider.<\/p>\n<\/div>\n\t\t\t\t\t\t\t\t\t\t\t\t\t\t\t<a class=\"btn-3\" href=\"https:\/\/messer-ca.com\/fr\/contact-support\/\"  target=\"_blank\">Contactez-nous<\/a>\n\t\t\t\t\t\t\t\t\t<\/div>\n\t<\/div>","protected":false},"excerpt":{"rendered":"<p>Global demand for energy continues to spiral, fuelled by growth in the world\u2019s population and economic expansion. Today, most of our energy needs are met through fossil fuels. However, these reserves are limited in supply and are contributing to the effects of global warming. To meet our energy needs as we move forward, we will [&hellip;]<\/p>\n","protected":false},"author":5,"featured_media":11,"parent":69,"menu_order":0,"comment_status":"closed","ping_status":"closed","template":"pages\/template-home.php","meta":{"_acf_changed":false,"content-type":"","om_disable_all_campaigns":false,"_exactmetrics_skip_tracking":false,"_exactmetrics_sitenote_active":false,"_exactmetrics_sitenote_note":"","_exactmetrics_sitenote_category":0,"_monsterinsights_skip_tracking":false,"_monsterinsights_sitenote_active":false,"_monsterinsights_sitenote_note":"","_monsterinsights_sitenote_category":0,"footnotes":""},"class_list":["post-846","page","type-page","status-publish","has-post-thumbnail","hentry"],"acf":[],"_links":{"self":[{"href":"https:\/\/messer-ca.com\/fr\/wp-json\/wp\/v2\/pages\/846","targetHints":{"allow":["GET"]}}],"collection":[{"href":"https:\/\/messer-ca.com\/fr\/wp-json\/wp\/v2\/pages"}],"about":[{"href":"https:\/\/messer-ca.com\/fr\/wp-json\/wp\/v2\/types\/page"}],"author":[{"embeddable":true,"href":"https:\/\/messer-ca.com\/fr\/wp-json\/wp\/v2\/users\/5"}],"replies":[{"embeddable":true,"href":"https:\/\/messer-ca.com\/fr\/wp-json\/wp\/v2\/comments?post=846"}],"version-history":[{"count":0,"href":"https:\/\/messer-ca.com\/fr\/wp-json\/wp\/v2\/pages\/846\/revisions"}],"up":[{"embeddable":true,"href":"https:\/\/messer-ca.com\/fr\/wp-json\/wp\/v2\/pages\/69"}],"wp:featuredmedia":[{"embeddable":true,"href":"https:\/\/messer-ca.com\/fr\/wp-json\/wp\/v2\/media\/11"}],"wp:attachment":[{"href":"https:\/\/messer-ca.com\/fr\/wp-json\/wp\/v2\/media?parent=846"}],"curies":[{"name":"wp","href":"https:\/\/api.w.org\/{rel}","templated":true}]}}