{"id":994,"date":"2019-08-28T20:37:50","date_gmt":"2019-08-28T20:37:50","guid":{"rendered":"http:\/\/messer-ca.com\/?page_id=994"},"modified":"2022-11-21T23:11:14","modified_gmt":"2022-11-21T23:11:14","slug":"environment","status":"publish","type":"page","link":"https:\/\/messer-ca.com\/fr\/safety-environment\/environment\/","title":{"rendered":"L\u2019environnement"},"content":{"rendered":"<div class=\"info-block-2 text-center full-width\">\n    \t<img decoding=\"async\" src=\"https:\/\/messer-ca.com\/wp-content\/themes\/messercanada\/images\/grey.png\" alt=\"\">\n    \t<div class=\"container min-container\">\n    \t\t<div class=\"info-block-2-text style-large\">Nous cherchons activement \u00e0 r\u00e9duire l&#039;empreinte carbone de nos propres op\u00e9rations dans le monde entier.<\/div>\n    \t<\/div>\n    <\/div>\n\n\n<p>Non seulement nous cherchons activement \u00e0 r\u00e9duire l&#039;empreinte carbone de nos propres op\u00e9rations dans le monde entier, mais nous fournissons \u00e9galement des technologies et des gaz qui vous aident, vous, nos clients, \u00e0 r\u00e9duire, voire m\u00eame \u00e0 \u00e9liminer, les \u00e9missions dangereuses.<\/p>\n<p>Chez Messer, nous nous engageons \u00e0 utiliser les ressources naturelles de mani\u00e8re responsable, \u00e0 mettre au point des technologies propres et \u00e0 remplacer les substances nocives par des alternatives respectueuses de l&#039;environnement.<\/p>\n<h4>Plan d&#039;action interne<\/h4>\n<p>Sur tous nos sites de production et d\u2019administration \u00e0 travers le monde, nous recherchons en permanence des moyens de minimiser l\u2019impact de nos activit\u00e9s sur l\u2019environnement. Au sein de la Division des gaz, nous suivons les progr\u00e8s dans ce domaine en rendant compte des principaux indicateurs environnementaux.<\/p>\n<p>Les activit\u00e9s sp\u00e9cifiques comprennent:<\/p>\n<ul>\n<li>Mesures visant \u00e0 r\u00e9duire la consommation d&#039;\u00e9nergie<\/li>\n<li>R\u00e9duction des \u00e9missions directes et indirectes de gaz \u00e0 effet de serre et d&#039;autres \u00e9missions atmosph\u00e9riques<\/li>\n<li>La gestion des d\u00e9chets<\/li>\n<li>Gestion \u00e9cologique de la consommation d&#039;eau et de l&#039;\u00e9vacuation des eaux us\u00e9es<\/li>\n<li>R\u00e9duction de la consommation de mat\u00e9riaux (m\u00e9tal, mat\u00e9riaux d&#039;emballage).<\/li>\n<\/ul>\n\n\n<div style=\"height:20px\" aria-hidden=\"true\" class=\"wp-block-spacer custom-left-separator\"><\/div>\n\n\n\n<div style=\"height:20px\" aria-hidden=\"true\" class=\"wp-block-spacer custom-right-separator\"><\/div>\n\n\n\t<div class=\"text-and-button-block text-center full-width\">\n\t\t<div class=\"container\">\n\t\t\t\t\t\t\t<div class=\"text\"><p><strong>Des questions?<\/strong> Demandez \u00e0 notre \u00e9quipe. Nous sommes l\u00e0 pour vous aider.<\/p>\n<\/div>\n\t\t\t\t\t\t\t\t\t\t\t\t\t\t\t<a class=\"btn-3\" href=\"https:\/\/messer-ca.com\/fr\/contact-support\/\"  target=\"_blank\">Contactez-nous<\/a>\n\t\t\t\t\t\t\t\t\t<\/div>\n\t<\/div>","protected":false},"excerpt":{"rendered":"<p>Not only do we actively seek to minimize the carbon footprint of our own operations worldwide, we also deliver technologies and gases that help you, our customers, minimize \u2013 or even eliminate \u2013 hazardous emissions. At Messer, we are committed to the responsible use of natural resources, the development of clean technologies and the replacement [&hellip;]<\/p>\n","protected":false},"author":5,"featured_media":11,"parent":73,"menu_order":0,"comment_status":"closed","ping_status":"closed","template":"pages\/template-solutions.php","meta":{"_acf_changed":false,"content-type":"","om_disable_all_campaigns":false,"_exactmetrics_skip_tracking":false,"_exactmetrics_sitenote_active":false,"_exactmetrics_sitenote_note":"","_exactmetrics_sitenote_category":0,"_monsterinsights_skip_tracking":false,"_monsterinsights_sitenote_active":false,"_monsterinsights_sitenote_note":"","_monsterinsights_sitenote_category":0,"footnotes":""},"class_list":["post-994","page","type-page","status-publish","has-post-thumbnail","hentry"],"acf":[],"_links":{"self":[{"href":"https:\/\/messer-ca.com\/fr\/wp-json\/wp\/v2\/pages\/994","targetHints":{"allow":["GET"]}}],"collection":[{"href":"https:\/\/messer-ca.com\/fr\/wp-json\/wp\/v2\/pages"}],"about":[{"href":"https:\/\/messer-ca.com\/fr\/wp-json\/wp\/v2\/types\/page"}],"author":[{"embeddable":true,"href":"https:\/\/messer-ca.com\/fr\/wp-json\/wp\/v2\/users\/5"}],"replies":[{"embeddable":true,"href":"https:\/\/messer-ca.com\/fr\/wp-json\/wp\/v2\/comments?post=994"}],"version-history":[{"count":0,"href":"https:\/\/messer-ca.com\/fr\/wp-json\/wp\/v2\/pages\/994\/revisions"}],"up":[{"embeddable":true,"href":"https:\/\/messer-ca.com\/fr\/wp-json\/wp\/v2\/pages\/73"}],"wp:featuredmedia":[{"embeddable":true,"href":"https:\/\/messer-ca.com\/fr\/wp-json\/wp\/v2\/media\/11"}],"wp:attachment":[{"href":"https:\/\/messer-ca.com\/fr\/wp-json\/wp\/v2\/media?parent=994"}],"curies":[{"name":"wp","href":"https:\/\/api.w.org\/{rel}","templated":true}]}}