{"id":1008,"date":"2019-08-28T20:41:23","date_gmt":"2019-08-28T20:41:23","guid":{"rendered":"http:\/\/messer-ca.com\/?page_id=1008"},"modified":"2022-11-21T23:13:14","modified_gmt":"2022-11-21T23:13:14","slug":"quality","status":"publish","type":"page","link":"https:\/\/messer-ca.com\/fr\/safety-environment\/quality\/","title":{"rendered":"Qualit\u00e9"},"content":{"rendered":"<div class=\"info-block-2 text-center full-width\">\n    \t<img decoding=\"async\" src=\"https:\/\/messer-ca.com\/wp-content\/themes\/messercanada\/images\/grey.png\" alt=\"\">\n    \t<div class=\"container min-container\">\n    \t\t<div class=\"info-block-2-text style-large\">Nos installations de gaz sp\u00e9ciaux ont re\u00e7u la certification de producteur selon les normes ISO 9001<\/div>\n    \t<\/div>\n    <\/div>\n\n\n<p>L&#039;accr\u00e9ditation est une \u00e9valuation ind\u00e9pendante de la comp\u00e9tence d&#039;un laboratoire pour produire et \/ ou certifier des \u00e9chantillons ou des produits. Les fabricants du monde entier veulent \u00eatre assur\u00e9s que les fournisseurs peuvent livrer leurs produits \u00e0 la qualit\u00e9 requise. C&#039;est pourquoi l&#039;accr\u00e9ditation est un aspect important de la production de gaz sp\u00e9ciaux.<\/p>\n<p>Nos installations de gaz sp\u00e9ciaux ont re\u00e7u la certification de producteur selon les normes ISO 9001. En outre, les installations d\u00e9di\u00e9es au gaz sp\u00e9cialis\u00e9 de Messer ont re\u00e7u une accr\u00e9ditation suppl\u00e9mentaire, notamment ISO 17025 et Guide 34.<\/p>\n\n\n<div style=\"height:20px\" aria-hidden=\"true\" class=\"wp-block-spacer custom-left-separator\"><\/div>\n\n\n\n<div style=\"height:20px\" aria-hidden=\"true\" class=\"wp-block-spacer custom-right-separator\"><\/div>\n\n\n\t<div class=\"text-and-button-block text-center full-width\">\n\t\t<div class=\"container\">\n\t\t\t\t\t\t\t<div class=\"text\"><p><strong>Des questions?<\/strong> Demandez \u00e0 notre \u00e9quipe. Nous sommes l\u00e0 pour vous aider.<\/p>\n<\/div>\n\t\t\t\t\t\t\t\t\t\t\t\t\t\t\t<a class=\"btn-3\" href=\"https:\/\/messer-ca.com\/fr\/contact-support\/\"  target=\"_blank\">Contactez-nous<\/a>\n\t\t\t\t\t\t\t\t\t<\/div>\n\t<\/div>","protected":false},"excerpt":{"rendered":"<p>Accreditation is an independent assessment of the competence of a laboratory to produce and\/or certify samples or products. Manufacturers all over the world want to be assured that suppliers can deliver their products to their required quality. That is why accreditation is an important aspect in the production of specialty gases. Our specialty gas facilities [&hellip;]<\/p>\n","protected":false},"author":5,"featured_media":10,"parent":73,"menu_order":0,"comment_status":"closed","ping_status":"closed","template":"pages\/template-solutions.php","meta":{"_acf_changed":false,"content-type":"","om_disable_all_campaigns":false,"_exactmetrics_skip_tracking":false,"_exactmetrics_sitenote_active":false,"_exactmetrics_sitenote_note":"","_exactmetrics_sitenote_category":0,"_monsterinsights_skip_tracking":false,"_monsterinsights_sitenote_active":false,"_monsterinsights_sitenote_note":"","_monsterinsights_sitenote_category":0,"footnotes":""},"class_list":["post-1008","page","type-page","status-publish","has-post-thumbnail","hentry"],"acf":[],"_links":{"self":[{"href":"https:\/\/messer-ca.com\/fr\/wp-json\/wp\/v2\/pages\/1008","targetHints":{"allow":["GET"]}}],"collection":[{"href":"https:\/\/messer-ca.com\/fr\/wp-json\/wp\/v2\/pages"}],"about":[{"href":"https:\/\/messer-ca.com\/fr\/wp-json\/wp\/v2\/types\/page"}],"author":[{"embeddable":true,"href":"https:\/\/messer-ca.com\/fr\/wp-json\/wp\/v2\/users\/5"}],"replies":[{"embeddable":true,"href":"https:\/\/messer-ca.com\/fr\/wp-json\/wp\/v2\/comments?post=1008"}],"version-history":[{"count":0,"href":"https:\/\/messer-ca.com\/fr\/wp-json\/wp\/v2\/pages\/1008\/revisions"}],"up":[{"embeddable":true,"href":"https:\/\/messer-ca.com\/fr\/wp-json\/wp\/v2\/pages\/73"}],"wp:featuredmedia":[{"embeddable":true,"href":"https:\/\/messer-ca.com\/fr\/wp-json\/wp\/v2\/media\/10"}],"wp:attachment":[{"href":"https:\/\/messer-ca.com\/fr\/wp-json\/wp\/v2\/media?parent=1008"}],"curies":[{"name":"wp","href":"https:\/\/api.w.org\/{rel}","templated":true}]}}