{"id":1017,"date":"2019-08-28T20:44:47","date_gmt":"2019-08-28T20:44:47","guid":{"rendered":"http:\/\/messer-ca.com\/?page_id=1017"},"modified":"2019-08-29T20:52:14","modified_gmt":"2019-08-29T20:52:14","slug":"security-and-emergency-response","status":"publish","type":"page","link":"https:\/\/messer-ca.com\/fr\/safety-environment\/security-and-emergency-response\/","title":{"rendered":"S\u00e9curit\u00e9 et intervention d&#039;urgence"},"content":{"rendered":"<div class=\"info-block-2 text-center full-width\">\n    \t<img decoding=\"async\" src=\"https:\/\/messer-ca.com\/wp-content\/themes\/messercanada\/images\/grey.png\" alt=\"\">\n    \t<div class=\"container min-container\">\n    \t\t<div class=\"info-block-2-text style-large\">Intervention d&#039;urgence disponible 24h \/ 24 et 7j \/ 7<\/div>\n    \t<\/div>\n    <\/div>\n\n\n<h3>En cas de fuite de gaz dans votre installation, appelez l\u2019\u00e9quipe d\u2019urgence au <span style=\"color: #ff0000;\"><strong>905-501-0802<\/strong>.<\/span><\/h3>\n<p>Pour toute urgence concernant un produit autre que Messer ou toute autre marchandise dangereuse, veuillez contacter <strong>CANUTEC<\/strong> \u00e0 <strong>613-996-6666<\/strong> ou sur votre t\u00e9l\u00e9phone portable <strong>composez * 666.<\/strong><\/p>\n<p>Ces num\u00e9ros sont destin\u00e9s \u00e0 \u00eatre utilis\u00e9s \u00e0 des fins d&#039;urgence uniquement. Il n&#039;est pas destin\u00e9 \u00e0 l&#039;assistance technique des applications concernant les produits gaz Messer ni \u00e0 la commande de produits.<\/p>\n<p>F<strong>ou des informations sur les produits et services, voir contact et support.<\/strong><\/p>\n<h4>Intervention d&#039;urgence disponible 24h \/ 24 et 7j \/ 7<\/h4>\n<p>Messer a mis en place une \u00e9quipe d\u2019intervention d\u2019urgence pour att\u00e9nuer les probl\u00e8mes sur le site de nos clients. Tous les membres de l&#039;\u00e9quipe ont \u00e9t\u00e9 form\u00e9s conform\u00e9ment aux r\u00e9glementations OSHA. Comprendre que les urgences ne se produisent pas toujours <strong>entre 8h et 17h<\/strong>, notre \u00e9quipe d&#039;intervention d&#039;urgence est <strong>disponible 24 heures<\/strong> via notre centre d&#039;intervention d&#039;urgence.<\/p>\n<p>Nous sommes en mesure de connecter un appelant au personnel d&#039;intervention d&#039;urgence form\u00e9 par Messer.<\/p>\n\n\n<div style=\"height:20px\" aria-hidden=\"true\" class=\"wp-block-spacer custom-left-separator\"><\/div>\n\n\n    <div class=\"markets\">\n        \n                   <ul class=\"listreset markets-list solutions-list\">\n                                                            <li>\n                                                        <div class=\"market-text-block\">\n                                                                    <h3>\n                                                                                    Responsible Care \/ Certificats RC                                                                             <\/h3>\n                                                                                                    <p>\u00c0 venir<\/p>\n                                                                                            <\/div>\n                        <\/li>\n                                                                                <li>\n                                                        <div class=\"market-text-block\">\n                                                                    <h3>\n                                                                                    Rapport de durabilit\u00e9                                                                            <\/h3>\n                                                                                                    <p>\u00c0 venir<\/p>\n                                                                                            <\/div>\n                        <\/li>\n                                                                                <li>\n                                                        <div class=\"market-text-block\">\n                                                                    <h3>\n                                                                                    Politiques HSE et Qualit\u00e9                                                                            <\/h3>\n                                                                                                    <p>\u00c0 venir<\/p>\n                                                                                            <\/div>\n                        <\/li>\n                                                <\/ul>\n            <\/div>\n\n\n\n<div style=\"height:20px\" aria-hidden=\"true\" class=\"wp-block-spacer custom-right-separator\"><\/div>\n\n\n\t<div class=\"text-and-button-block text-center full-width\">\n\t\t<div class=\"container\">\n\t\t\t\t\t\t\t<div class=\"text\"><p><strong>Des questions?<\/strong> Demandez \u00e0 notre \u00e9quipe. Nous sommes l\u00e0 pour vous aider.<\/p>\n<\/div>\n\t\t\t\t\t\t\t\t\t\t\t\t\t\t\t<a class=\"btn-3\" href=\"https:\/\/messer-ca.com\/fr\/contact-support\/\"  target=\"_blank\">Contactez-nous<\/a>\n\t\t\t\t\t\t\t\t\t<\/div>\n\t<\/div>","protected":false},"excerpt":{"rendered":"<p>If there is a gas leak at your facility, call the emergency team at 905-501-0802. For an emergency concerning a product that is not a Messer product or any other dangerous goods, please contact CANUTEC at 613-996-6666 or on your cell phone dial *666. These numbers are intended to be used for emergency purposes only. [&hellip;]<\/p>\n","protected":false},"author":5,"featured_media":10,"parent":73,"menu_order":0,"comment_status":"closed","ping_status":"closed","template":"pages\/template-solutions.php","meta":{"_acf_changed":false,"content-type":"","om_disable_all_campaigns":false,"_exactmetrics_skip_tracking":false,"_exactmetrics_sitenote_active":false,"_exactmetrics_sitenote_note":"","_exactmetrics_sitenote_category":0,"_monsterinsights_skip_tracking":false,"_monsterinsights_sitenote_active":false,"_monsterinsights_sitenote_note":"","_monsterinsights_sitenote_category":0,"footnotes":""},"class_list":["post-1017","page","type-page","status-publish","has-post-thumbnail","hentry"],"acf":[],"_links":{"self":[{"href":"https:\/\/messer-ca.com\/fr\/wp-json\/wp\/v2\/pages\/1017","targetHints":{"allow":["GET"]}}],"collection":[{"href":"https:\/\/messer-ca.com\/fr\/wp-json\/wp\/v2\/pages"}],"about":[{"href":"https:\/\/messer-ca.com\/fr\/wp-json\/wp\/v2\/types\/page"}],"author":[{"embeddable":true,"href":"https:\/\/messer-ca.com\/fr\/wp-json\/wp\/v2\/users\/5"}],"replies":[{"embeddable":true,"href":"https:\/\/messer-ca.com\/fr\/wp-json\/wp\/v2\/comments?post=1017"}],"version-history":[{"count":0,"href":"https:\/\/messer-ca.com\/fr\/wp-json\/wp\/v2\/pages\/1017\/revisions"}],"up":[{"embeddable":true,"href":"https:\/\/messer-ca.com\/fr\/wp-json\/wp\/v2\/pages\/73"}],"wp:featuredmedia":[{"embeddable":true,"href":"https:\/\/messer-ca.com\/fr\/wp-json\/wp\/v2\/media\/10"}],"wp:attachment":[{"href":"https:\/\/messer-ca.com\/fr\/wp-json\/wp\/v2\/media?parent=1017"}],"curies":[{"name":"wp","href":"https:\/\/api.w.org\/{rel}","templated":true}]}}