{"id":1149,"date":"2019-08-28T21:37:49","date_gmt":"2019-08-28T21:37:49","guid":{"rendered":"http:\/\/messer-ca.com\/?page_id=1149"},"modified":"2019-08-30T14:09:19","modified_gmt":"2019-08-30T14:09:19","slug":"products","status":"publish","type":"page","link":"https:\/\/messer-ca.com\/fr\/products\/","title":{"rendered":"Produits"},"content":{"rendered":"<div class=\"info-block-2 text-center full-width\">\n    \t<img decoding=\"async\" src=\"https:\/\/messer-ca.com\/wp-content\/themes\/messercanada\/images\/grey.png\" alt=\"\">\n    \t<div class=\"container min-container\">\n    \t\t<div class=\"info-block-2-text style-large\">Les gaz industriels dont vous avez besoin.<br \/>\r\nDe la mani\u00e8re dont vous en avez besoin.<\/div>\n    \t<\/div>\n    <\/div>\n\n\n    <div class=\"margin--15\">\n        <div class=\"min-container container text-and-image-block\">\n            <div class=\"image\">\n                                    <img decoding=\"async\" src=\"https:\/\/messer-ca.com\/wp-content\/uploads\/2019\/08\/messer-industrial-gases.jpg\" alt=\"Messer Engineer Inspecting Machinery\">\n                            <\/div>\n            <div class=\"text\">\n                                    <p>Messer propose une gamme compl\u00e8te de gaz industriels, livrables dans les formats, la puret\u00e9 et la pression requises par votre entreprise, des r\u00e9servoirs cryog\u00e9niques en location jusqu'aux syst\u00e8mes d'approvisionnement sur site personnalisables.<\/p>\n<p>En plus des gaz, nous proposons une s\u00e9lection compl\u00e8te d'\u00e9quipements et de mat\u00e9riaux pour soutenir des processus allant de la fabrication additive \u00e0 la r\u00e9frig\u00e9ration des aliments, ainsi qu'un vaste portefeuille de technologies d'application.<\/p>\n                            <\/div>\n        <\/div>\n    <\/div>\n\n\n    <div class=\"markets\">\n                    <div class=\"text-center\">\n                <h2 class=\"bordered-title\">Cat\u00e9gories de produits<\/h2>\n            <\/div>\n        \n                   <ul class=\"listreset markets-list solutions-list\">\n                                                            <li>\n                                                                                                <div class=\"market-ic\"><a href=\"http:\/\/messer-ca.com\/fr\/products\/industrial-gases\/\"><img decoding=\"async\" src=\"https:\/\/messer-ca.com\/wp-content\/uploads\/2019\/08\/messer-health-safety-environment-300x281.jpg\" alt=\"Messer staff reviewing security checklist\"><\/a><\/div>\n                                                                                         <div class=\"market-text-block\">\n                                                                    <h3>\n                                                                                    <a href=\"http:\/\/messer-ca.com\/fr\/products\/industrial-gases\/\">Gaz industriels<\/a>\n                                                                            <\/h3>\n                                                                                                    <p>Les gaz individuels sont g\u00e9n\u00e9ralement offerts en qualit\u00e9 industrielle. De nombreux m\u00e9langes de ces gaz sont \u00e9galement propos\u00e9s et des m\u00e9langes standard sont souvent fournis pour des r\u00e9sultats de traitement sp\u00e9cifiques. <\/p>\n                                                                                                    <a href=\"http:\/\/messer-ca.com\/fr\/products\/industrial-gases\/\">\n                                        En savoir plus                                    <\/a>\n                                                            <\/div>\n                        <\/li>\n                                                                                <li>\n                                                                                                <div class=\"market-ic\"><a href=\"http:\/\/messer-ca.com\/fr\/products\/welding-and-cutting-gases\/\"><img decoding=\"async\" src=\"https:\/\/messer-ca.com\/wp-content\/uploads\/2019\/08\/shielding-gas.jpg\" alt=\"Welder working on metal\"><\/a><\/div>\n                                                                                         <div class=\"market-text-block\">\n                                                                    <h3>\n                                                                                    <a href=\"http:\/\/messer-ca.com\/fr\/products\/welding-and-cutting-gases\/\">Gaz de soudage et de coupage<\/a>\n                                                                            <\/h3>\n                                                                                                    <p>Les techniques de soudage couvrent un vaste \u00e9ventail de proc\u00e9d\u00e9s. La gamme de gaz et d\u2019applications que Messer vous propose dans ce domaine est tout aussi vari\u00e9e.<\/p>\n                                                                                                    <a href=\"http:\/\/messer-ca.com\/fr\/products\/welding-and-cutting-gases\/\">\n                                        En savoir plus                                    <\/a>\n                                                            <\/div>\n                        <\/li>\n                                                                                <li>\n                                                                                                <div class=\"market-ic\"><a href=\"http:\/\/messer-ca.com\/fr\/products\/specialty-gases\/\"><img decoding=\"async\" src=\"https:\/\/messer-ca.com\/wp-content\/uploads\/2019\/08\/lighting-gas.jpg\" alt=\"illuminated gas in tube\"><\/a><\/div>\n                                                                                         <div class=\"market-text-block\">\n                                                                    <h3>\n                                                                                    <a href=\"http:\/\/messer-ca.com\/fr\/products\/specialty-gases\/\">Gaz sp\u00e9ciaux<\/a>\n                                                                            <\/h3>\n                                                                                                    <p>Notre r\u00f4le est de nous assurer que le gaz ou le m\u00e9lange gazeux que vous utilisez constitue la meilleure solution pour votre application.<\/p>\n                                                                                                    <a href=\"http:\/\/messer-ca.com\/fr\/products\/specialty-gases\/\">\n                                        En savoir plus                                    <\/a>\n                                                            <\/div>\n                        <\/li>\n                                                                                <li>\n                                                                                                <div class=\"market-ic\"><a href=\"http:\/\/messer-ca.com\/fr\/products\/medical-gases\/\"><img decoding=\"async\" src=\"https:\/\/messer-ca.com\/wp-content\/uploads\/2019\/08\/medical-cooling.jpg\" alt=\"Medical grade cooling\"><\/a><\/div>\n                                                                                         <div class=\"market-text-block\">\n                                                                    <h3>\n                                                                                    <a href=\"http:\/\/messer-ca.com\/fr\/products\/medical-gases\/\">Gaz m\u00e9dicaux <\/a>\n                                                                            <\/h3>\n                                                                                                    <p>Messer offre une gamme compl\u00e8te de gaz aux industries m\u00e9dicales et de soins \u00e0 domicile. Les h\u00f4pitaux, les services ambulanciers, les blocs op\u00e9ratoires, les salles d\u2019urgence et les maisons de soins infirmiers comptent sur Messer pour leur fournir des gaz m\u00e9dicaux et des solutions de bouteilles \u00e0 la pointe de la technologie.<\/p>\n                                                                                                    <a href=\"http:\/\/messer-ca.com\/fr\/products\/medical-gases\/\">\n                                        En savoir plus                                    <\/a>\n                                                            <\/div>\n                        <\/li>\n                                                                                <li>\n                                                                                                <div class=\"market-ic\"><a href=\"http:\/\/messer-ca.com\/fr\/products\/hospitality-gases\/\"><img decoding=\"async\" src=\"https:\/\/messer-ca.com\/wp-content\/uploads\/2019\/08\/balloon.jpg\" alt=\"Colorful Balloons\"><\/a><\/div>\n                                                                                         <div class=\"market-text-block\">\n                                                                    <h3>\n                                                                                    <a href=\"http:\/\/messer-ca.com\/fr\/products\/hospitality-gases\/\">Gaz \u2013 alimentation et divertissement <\/a>\n                                                                            <\/h3>\n                                                                                                    <p>L\u2019utilisation des gaz est tr\u00e8s diversifi\u00e9e dans le secteur de l\u2019alimentation et du divertissement. Que vous souhaitiez gaz\u00e9ifier des boissons ou emballer des aliments, gonfler des ballons ou chauffer votre terrasse, faites appel \u00e0 un service sans complications qui achemine les bons gaz, dans les bons formats, au bon endroit.<\/p>\n                                                                                                    <a href=\"http:\/\/messer-ca.com\/fr\/products\/hospitality-gases\/\">\n                                        En savoir plus                                    <\/a>\n                                                            <\/div>\n                        <\/li>\n                                                                                <li>\n                                                                                                <div class=\"market-ic\"><a href=\"http:\/\/messer-ca.com\/fr\/products\/refrigerant-gases\/\"><img decoding=\"async\" src=\"https:\/\/messer-ca.com\/wp-content\/uploads\/2019\/08\/fridge.jpg\" alt=\"Commercial refridgerator in grocery store\"><\/a><\/div>\n                                                                                         <div class=\"market-text-block\">\n                                                                    <h3>\n                                                                                    <a href=\"http:\/\/messer-ca.com\/fr\/products\/refrigerant-gases\/\">Gaz r\u00e9frig\u00e9rants<\/a>\n                                                                            <\/h3>\n                                                                                                    <p>Messer est l\u2019un des principaux fournisseurs de produits r\u00e9frig\u00e9rants pour le march\u00e9 de la r\u00e9frig\u00e9ration et de la climatisation au Canada.<\/p>\n                                                                                                    <a href=\"http:\/\/messer-ca.com\/fr\/products\/refrigerant-gases\/\">\n                                        En savoir plus                                    <\/a>\n                                                            <\/div>\n                        <\/li>\n                                                                                <li>\n                                                                                                <div class=\"market-ic\"><a href=\"http:\/\/messer-ca.com\/fr\/products\/hardgoods-equipment\/\"><img decoding=\"async\" src=\"https:\/\/messer-ca.com\/wp-content\/uploads\/2019\/08\/filler-metal.jpg\" alt=\"Wire on Spools\"><\/a><\/div>\n                                                                                         <div class=\"market-text-block\">\n                                                                    <h3>\n                                                                                    <a href=\"http:\/\/messer-ca.com\/fr\/products\/hardgoods-equipment\/\">Produits d'\u00e9quipement<\/a>\n                                                                            <\/h3>\n                                                                                                    <p>En tant que leader sur le march\u00e9 des gaz industriels et \u00e9quipements, nous avons une solide compr\u00e9hension des besoins de nos clients.<\/p>\n                                                                                                    <a href=\"http:\/\/messer-ca.com\/fr\/products\/hardgoods-equipment\/\">\n                                        En savoir plus                                    <\/a>\n                                                            <\/div>\n                        <\/li>\n                                                                                <li>\n                                                                                                <div class=\"market-ic\"><a href=\"http:\/\/messer-ca.com\/fr\/products\/safety-equipment\/\"><img decoding=\"async\" src=\"https:\/\/messer-ca.com\/wp-content\/uploads\/2019\/08\/s-gloves.jpg\" alt=\"Safety glove\"><\/a><\/div>\n                                                                                         <div class=\"market-text-block\">\n                                                                    <h3>\n                                                                                    <a href=\"http:\/\/messer-ca.com\/fr\/products\/safety-equipment\/\">\u00c9quipement de s\u00e9curit\u00e9<\/a>\n                                                                            <\/h3>\n                                                                                                    <p>Chez Messer, nous croyons que la s\u00e9curit\u00e9 des travailleurs est au c\u0153ur de tout et qu\u2019elle est une priorit\u00e9 absolue.<\/p>\n                                                                                                    <a href=\"http:\/\/messer-ca.com\/fr\/products\/safety-equipment\/\">\n                                        En savoir plus                                    <\/a>\n                                                            <\/div>\n                        <\/li>\n                                                <\/ul>\n            <\/div>\n\n\n    <div class=\"margin--15\">\n        <div class=\"min-container container text-and-image-block\">\n            <div class=\"image\">\n                                    <img decoding=\"async\" src=\"https:\/\/messer-ca.com\/wp-content\/uploads\/2019\/08\/messer-distribution-methods.jpg\" alt=\"Messer gas transport truck\">\n                            <\/div>\n            <div class=\"text\">\n                                    <h2>M\u00e9thodes de distribution<\/h2>\n<p>Nos gaz industriels en vrac peuvent vous \u00eatre livr\u00e9s selon la m\u00e9thode de distribution et de stockage la mieux adapt\u00e9e \u00e0 vos besoins, notamment :<\/p>\n<ul>\n<li><strong>Livraison en vrac par camion<\/strong><\/li>\n<li><strong>Location de r\u00e9servoirs cryog\u00e9niques<\/strong><\/li>\n<li><strong>Syst\u00e8mes sur site<\/strong><\/li>\n<li><strong>Dewars<\/strong><\/li>\n<li><strong>Pipelines<\/strong><\/li>\n<li><strong>Remorques porte-tubes<\/strong><\/li>\n<li><strong>Ramassage par les clients aux usines de Messer<\/strong><\/li>\n<li><strong>Livraison par conteneur-citerne ISO<\/strong><\/li>\n<li><strong>Livraison par wagon<\/strong><\/li>\n<\/ul>\n                            <\/div>\n        <\/div>\n    <\/div>\n\n\n\t<div class=\"text-and-button-block text-center full-width\">\n\t\t<div class=\"container\">\n\t\t\t\t\t\t\t<div class=\"text\"><p><strong>Des questions?<\/strong> Demandez \u00e0 notre \u00e9quipe. Nous sommes l\u00e0 pour vous aider.<\/p>\n<\/div>\n\t\t\t\t\t\t\t\t\t\t\t\t\t\t\t<a class=\"btn-3\" href=\"https:\/\/messer-ca.com\/fr\/contact-support\/\"  target=\"_blank\">Contactez-nous<\/a>\n\t\t\t\t\t\t\t\t\t<\/div>\n\t<\/div>","protected":false},"excerpt":{"rendered":"","protected":false},"author":5,"featured_media":0,"parent":0,"menu_order":0,"comment_status":"closed","ping_status":"closed","template":"pages\/template-home.php","meta":{"_acf_changed":false,"content-type":"","om_disable_all_campaigns":false,"_exactmetrics_skip_tracking":false,"_exactmetrics_sitenote_active":false,"_exactmetrics_sitenote_note":"","_exactmetrics_sitenote_category":0,"_monsterinsights_skip_tracking":false,"_monsterinsights_sitenote_active":false,"_monsterinsights_sitenote_note":"","_monsterinsights_sitenote_category":0,"footnotes":""},"class_list":["post-1149","page","type-page","status-publish","hentry"],"acf":[],"_links":{"self":[{"href":"https:\/\/messer-ca.com\/fr\/wp-json\/wp\/v2\/pages\/1149","targetHints":{"allow":["GET"]}}],"collection":[{"href":"https:\/\/messer-ca.com\/fr\/wp-json\/wp\/v2\/pages"}],"about":[{"href":"https:\/\/messer-ca.com\/fr\/wp-json\/wp\/v2\/types\/page"}],"author":[{"embeddable":true,"href":"https:\/\/messer-ca.com\/fr\/wp-json\/wp\/v2\/users\/5"}],"replies":[{"embeddable":true,"href":"https:\/\/messer-ca.com\/fr\/wp-json\/wp\/v2\/comments?post=1149"}],"version-history":[{"count":0,"href":"https:\/\/messer-ca.com\/fr\/wp-json\/wp\/v2\/pages\/1149\/revisions"}],"wp:attachment":[{"href":"https:\/\/messer-ca.com\/fr\/wp-json\/wp\/v2\/media?parent=1149"}],"curies":[{"name":"wp","href":"https:\/\/api.w.org\/{rel}","templated":true}]}}