{"id":1302,"date":"2019-08-29T17:25:06","date_gmt":"2019-08-29T17:25:06","guid":{"rendered":"http:\/\/messer-ca.com\/?page_id=1302"},"modified":"2019-08-29T20:10:25","modified_gmt":"2019-08-29T20:10:25","slug":"lighting-gases","status":"publish","type":"page","link":"https:\/\/messer-ca.com\/fr\/products\/specialty-gases\/lighting-gases\/","title":{"rendered":"Gaz d&#039;\u00e9clairage"},"content":{"rendered":"<div style=\"height:55px\" aria-hidden=\"true\" class=\"wp-block-spacer\"><\/div>\n\n\n<p>Messer fournit des m\u00e9langes d'halog\u00e8nes, d'hydrures, de gaz rares et des m\u00e9langes de gaz d'\u00e9clairage radioactifs Krypton-85 pour les lampes \u00e0 incandescence, fluorescentes et \u00e0 d\u00e9charge \u00e0 haute intensit\u00e9 (DHI) dans une gamme compl\u00e8te de formats de bouteilles et de volumes.<\/p>\n<p>La qualit\u00e9, la coh\u00e9rence et la puret\u00e9 sont toujours int\u00e9gr\u00e9es \u00e0 la production de Messer Gases et lors de la cr\u00e9ation de chaque m\u00e9lange de gaz \u00e0 plusieurs composants.<\/p>\n<p>Les composants de tout m\u00e9lange de gaz d'\u00e9clairage d\u00e9pendent de l'application d'\u00e9clairage sp\u00e9cifique. Les m\u00e9langes de gaz halog\u00e8nes et d'hydrures sont g\u00e9n\u00e9ralement des m\u00e9langes de gaz \u00e0 plusieurs composants, avec un gaz inerte et \/ ou rare en tant que deuxi\u00e8me ou troisi\u00e8me composant du m\u00e9lange de gaz ou en tant que gaz de base lui-m\u00eame.<\/p>\n<p>Vous trouverez ci-dessous une liste de m\u00e9langes de gaz d'\u00e9clairage typiques. Messer Gases peut fournir une gamme compl\u00e8te de m\u00e9langes de gaz d'\u00e9clairage comportant diverses combinaisons de composants de gaz et de niveaux de concentration.<\/p>\n<p>Vous trouverez ci-dessous les gaz purs que Messer fournit \u00e0 l'industrie de l'\u00e9clairage :<\/p>\n<p>\u00a0<\/p>\n\n\n<div style=\"height:20px\" aria-hidden=\"true\" class=\"wp-block-spacer custom-left-separator\"><\/div>\n\n\n    <div class=\"markets\">\n        \n                   <ul class=\"listreset markets-list solutions-list\">\n                                                            <li>\n                                                        <div class=\"market-text-block\">\n                                                                    <h3>\n                                                                                    Argon                                                                            <\/h3>\n                                                                                                                            <\/div>\n                        <\/li>\n                                                                                <li>\n                                                        <div class=\"market-text-block\">\n                                                                    <h3>\n                                                                                    Deut\u00e9rium                                                                            <\/h3>\n                                                                                                                            <\/div>\n                        <\/li>\n                                                                                <li>\n                                                        <div class=\"market-text-block\">\n                                                                    <h3>\n                                                                                    H\u00e9lium                                                                            <\/h3>\n                                                                                                                            <\/div>\n                        <\/li>\n                                                                                <li>\n                                                        <div class=\"market-text-block\">\n                                                                    <h3>\n                                                                                    Hydrog\u00e8ne                                                                            <\/h3>\n                                                                                                                            <\/div>\n                        <\/li>\n                                                                                <li>\n                                                        <div class=\"market-text-block\">\n                                                                    <h3>\n                                                                                    Krypton                                                                            <\/h3>\n                                                                                                                            <\/div>\n                        <\/li>\n                                                                                <li>\n                                                        <div class=\"market-text-block\">\n                                                                    <h3>\n                                                                                    N\u00e9on                                                                            <\/h3>\n                                                                                                                            <\/div>\n                        <\/li>\n                                                                                <li>\n                                                        <div class=\"market-text-block\">\n                                                                    <h3>\n                                                                                    Azote                                                                            <\/h3>\n                                                                                                                            <\/div>\n                        <\/li>\n                                                                                <li>\n                                                        <div class=\"market-text-block\">\n                                                                    <h3>\n                                                                                    X\u00e9non                                                                            <\/h3>\n                                                                                                                            <\/div>\n                        <\/li>\n                                                <\/ul>\n            <\/div>\n\n\n\n<div style=\"height:20px\" aria-hidden=\"true\" class=\"wp-block-spacer custom-right-separator\"><\/div>\n\n\n\t<div class=\"text-and-button-block text-center full-width\">\n\t\t<div class=\"container\">\n\t\t\t\t\t\t\t<div class=\"text\"><p><strong>Des questions?<\/strong> Demandez \u00e0 notre \u00e9quipe. Nous sommes l\u00e0 pour vous aider.<\/p>\n<\/div>\n\t\t\t\t\t\t\t\t\t\t\t\t\t\t\t<a class=\"btn-3\" href=\"https:\/\/messer-ca.com\/fr\/contact-support\/\"  target=\"_blank\">Contactez-nous<\/a>\n\t\t\t\t\t\t\t\t\t<\/div>\n\t<\/div>","protected":false},"excerpt":{"rendered":"<p>Messer supplies halogen, hydride, rare gas mixtures and radioactive Krypton-85 lighting gas mixtures for incandescent, fluorescent, and high intensity discharge (HID) lamps in a full range of cylinder sizes and volumes. Quality, consistency, and purity are always incorporated throughout Messer Gases&#8217; production and during the creation of each multi-component gas mixture. The components of any [&hellip;]<\/p>\n","protected":false},"author":5,"featured_media":10,"parent":703,"menu_order":0,"comment_status":"closed","ping_status":"closed","template":"pages\/template-solutions.php","meta":{"_acf_changed":false,"content-type":"","om_disable_all_campaigns":false,"_exactmetrics_skip_tracking":false,"_exactmetrics_sitenote_active":false,"_exactmetrics_sitenote_note":"","_exactmetrics_sitenote_category":0,"_monsterinsights_skip_tracking":false,"_monsterinsights_sitenote_active":false,"_monsterinsights_sitenote_note":"","_monsterinsights_sitenote_category":0,"footnotes":""},"class_list":["post-1302","page","type-page","status-publish","has-post-thumbnail","hentry"],"acf":[],"_links":{"self":[{"href":"https:\/\/messer-ca.com\/fr\/wp-json\/wp\/v2\/pages\/1302","targetHints":{"allow":["GET"]}}],"collection":[{"href":"https:\/\/messer-ca.com\/fr\/wp-json\/wp\/v2\/pages"}],"about":[{"href":"https:\/\/messer-ca.com\/fr\/wp-json\/wp\/v2\/types\/page"}],"author":[{"embeddable":true,"href":"https:\/\/messer-ca.com\/fr\/wp-json\/wp\/v2\/users\/5"}],"replies":[{"embeddable":true,"href":"https:\/\/messer-ca.com\/fr\/wp-json\/wp\/v2\/comments?post=1302"}],"version-history":[{"count":0,"href":"https:\/\/messer-ca.com\/fr\/wp-json\/wp\/v2\/pages\/1302\/revisions"}],"up":[{"embeddable":true,"href":"https:\/\/messer-ca.com\/fr\/wp-json\/wp\/v2\/pages\/703"}],"wp:featuredmedia":[{"embeddable":true,"href":"https:\/\/messer-ca.com\/fr\/wp-json\/wp\/v2\/media\/10"}],"wp:attachment":[{"href":"https:\/\/messer-ca.com\/fr\/wp-json\/wp\/v2\/media?parent=1302"}],"curies":[{"name":"wp","href":"https:\/\/api.w.org\/{rel}","templated":true}]}}