{"id":1313,"date":"2019-08-29T17:28:36","date_gmt":"2019-08-29T17:28:36","guid":{"rendered":"http:\/\/messer-ca.com\/?page_id=1313"},"modified":"2019-08-29T19:43:01","modified_gmt":"2019-08-29T19:43:01","slug":"window-gases","status":"publish","type":"page","link":"https:\/\/messer-ca.com\/fr\/products\/specialty-gases\/window-gases\/","title":{"rendered":"Gaz de fen\u00eatre"},"content":{"rendered":"<div style=\"height:55px\" aria-hidden=\"true\" class=\"wp-block-spacer\"><\/div>\n\n\n<p>Augmentez la valeur \u00ab R \u00bb ou diminuez le facteur \u00ab U \u00bb pour l'isolation de portes et fen\u00eatres avec des m\u00e9langes de krypton, de x\u00e9non et de gaz rares.<\/p>\n<p>Messer fournit des gaz rares et des m\u00e9langes \u00e0 l\u2019industrie canadienne de la fenestration, qui les incorpore aux fen\u00eatres et aux portes afin d'augmenter la valeur d'isolation et l'efficacit\u00e9 \u00e9nerg\u00e9tique.<\/p>\n<p><\/p>\n\n\n<div style=\"height:20px\" aria-hidden=\"true\" class=\"wp-block-spacer custom-left-separator\"><\/div>\n\n\n\t<div class=\"text-and-button-block text-center full-width\">\n\t\t<div class=\"container\">\n\t\t\t\t\t\t\t<div class=\"text\"><p><strong>Des questions?<\/strong> Demandez \u00e0 notre \u00e9quipe. Nous sommes l\u00e0 pour vous aider.<\/p>\n<\/div>\n\t\t\t\t\t\t\t\t\t\t\t\t\t\t\t<a class=\"btn-3\" href=\"https:\/\/messer-ca.com\/fr\/contact-support\/\"  target=\"_blank\">Contactez-nous<\/a>\n\t\t\t\t\t\t\t\t\t<\/div>\n\t<\/div>","protected":false},"excerpt":{"rendered":"<p>Augmentez la valeur R ou diminuez le facteur U pour l&#039;isolation de portes et fen\u00eatres avec des m\u00e9langes de krypton, de x\u00e9non et de gaz rares. Messer fournit des gaz rares et des m\u00e9langes au secteur canadien de la fenestration, qui les incorpore aux fen\u00eatres et aux portes afin d&#039;accro\u00eetre la valeur d&#039;isolation et d&#039;accro\u00eetre l&#039;efficacit\u00e9 \u00e9nerg\u00e9tique.<\/p>","protected":false},"author":5,"featured_media":10,"parent":703,"menu_order":0,"comment_status":"closed","ping_status":"closed","template":"pages\/template-solutions.php","meta":{"_acf_changed":false,"content-type":"","om_disable_all_campaigns":false,"_exactmetrics_skip_tracking":false,"_exactmetrics_sitenote_active":false,"_exactmetrics_sitenote_note":"","_exactmetrics_sitenote_category":0,"_monsterinsights_skip_tracking":false,"_monsterinsights_sitenote_active":false,"_monsterinsights_sitenote_note":"","_monsterinsights_sitenote_category":0,"footnotes":""},"class_list":["post-1313","page","type-page","status-publish","has-post-thumbnail","hentry"],"acf":[],"_links":{"self":[{"href":"https:\/\/messer-ca.com\/fr\/wp-json\/wp\/v2\/pages\/1313","targetHints":{"allow":["GET"]}}],"collection":[{"href":"https:\/\/messer-ca.com\/fr\/wp-json\/wp\/v2\/pages"}],"about":[{"href":"https:\/\/messer-ca.com\/fr\/wp-json\/wp\/v2\/types\/page"}],"author":[{"embeddable":true,"href":"https:\/\/messer-ca.com\/fr\/wp-json\/wp\/v2\/users\/5"}],"replies":[{"embeddable":true,"href":"https:\/\/messer-ca.com\/fr\/wp-json\/wp\/v2\/comments?post=1313"}],"version-history":[{"count":0,"href":"https:\/\/messer-ca.com\/fr\/wp-json\/wp\/v2\/pages\/1313\/revisions"}],"up":[{"embeddable":true,"href":"https:\/\/messer-ca.com\/fr\/wp-json\/wp\/v2\/pages\/703"}],"wp:featuredmedia":[{"embeddable":true,"href":"https:\/\/messer-ca.com\/fr\/wp-json\/wp\/v2\/media\/10"}],"wp:attachment":[{"href":"https:\/\/messer-ca.com\/fr\/wp-json\/wp\/v2\/media?parent=1313"}],"curies":[{"name":"wp","href":"https:\/\/api.w.org\/{rel}","templated":true}]}}