{"id":1316,"date":"2019-08-29T17:30:24","date_gmt":"2019-08-29T17:30:24","guid":{"rendered":"http:\/\/messer-ca.com\/?page_id=1316"},"modified":"2019-08-29T20:10:06","modified_gmt":"2019-08-29T20:10:06","slug":"electronic-special-gases","status":"publish","type":"page","link":"https:\/\/messer-ca.com\/fr\/products\/specialty-gases\/electronic-special-gases\/","title":{"rendered":"Gaz sp\u00e9ciaux de qualit\u00e9 \u00e9lectronique"},"content":{"rendered":"<div style=\"height:55px\" aria-hidden=\"true\" class=\"wp-block-spacer\"><\/div>\n\n\n<p>Notre connaissance approfondie des proc\u00e9d\u00e9s garantit que nos gaz \u00e9lectroniques d\u00e9passent vos exigences les plus strictes en mati\u00e8re de puret\u00e9. Chez Messer, vous pouvez compter sur une qualit\u00e9 irr\u00e9prochable, des livraisons dans les d\u00e9lais et une s\u00e9curit\u00e9 d'approvisionnement.<\/p>\n<p>Les gaz sp\u00e9ciaux de qualit\u00e9 \u00e9lectronique, y compris le silane, le trifluorure d'azote, l'ammoniac et les m\u00e9langes de gaz dopants, sont exp\u00e9di\u00e9s dans une vari\u00e9t\u00e9 de formats de conteneurs pour r\u00e9pondre aux besoins de chaque application.<\/p>\n<p>Ceux-ci comprennent les bouteilles, les r\u00e9servoirs de tonnes, les remorques porte-tubes et les conteneurs-citernes ISO.<\/p>\n<p>Bien que les besoins varient d\u2019une r\u00e9gion \u00e0 l\u2019autre, le tableau suivant pr\u00e9sente les principaux gaz sp\u00e9ciaux de qualit\u00e9 \u00e9lectronique que nous pouvons fournir :<\/p>\n<p>\u00a0<\/p>\n\n\n<div style=\"height:20px\" aria-hidden=\"true\" class=\"wp-block-spacer custom-left-separator\"><\/div>\n\n\n    <div class=\"markets\">\n        \n                   <ul class=\"listreset markets-list solutions-list\">\n                                                            <li>\n                                                        <div class=\"market-text-block\">\n                                                                    <h3>\n                                                                                    \u00c0 venir                                                                            <\/h3>\n                                                                                                                            <\/div>\n                        <\/li>\n                                                <\/ul>\n            <\/div>\n\n\n\n<div style=\"height:20px\" aria-hidden=\"true\" class=\"wp-block-spacer custom-right-separator\"><\/div>\n\n\n\t<div class=\"text-and-button-block text-center full-width\">\n\t\t<div class=\"container\">\n\t\t\t\t\t\t\t<div class=\"text\"><p><strong>Des questions?<\/strong> Demandez \u00e0 notre \u00e9quipe. Nous sommes l\u00e0 pour vous aider.<\/p>\n<\/div>\n\t\t\t\t\t\t\t\t\t\t\t\t\t\t\t<a class=\"btn-3\" href=\"https:\/\/messer-ca.com\/fr\/contact-support\/\"  target=\"_blank\">Contactez-nous<\/a>\n\t\t\t\t\t\t\t\t\t<\/div>\n\t<\/div>","protected":false},"excerpt":{"rendered":"<p>Our extensive process knowledge ensures that our electronic gases exceed your most stringent purity requirements. At Messer, you can expect premium quality, timely deliveries and security of supply. Electronic special gases, including silane, nitrogen trifluoride, ammonia and dopant mixtures are shipped in a variety of container sizes to fit your individual application needs. These include [&hellip;]<\/p>\n","protected":false},"author":5,"featured_media":10,"parent":703,"menu_order":0,"comment_status":"closed","ping_status":"closed","template":"pages\/template-solutions.php","meta":{"_acf_changed":false,"content-type":"","om_disable_all_campaigns":false,"_exactmetrics_skip_tracking":false,"_exactmetrics_sitenote_active":false,"_exactmetrics_sitenote_note":"","_exactmetrics_sitenote_category":0,"_monsterinsights_skip_tracking":false,"_monsterinsights_sitenote_active":false,"_monsterinsights_sitenote_note":"","_monsterinsights_sitenote_category":0,"footnotes":""},"class_list":["post-1316","page","type-page","status-publish","has-post-thumbnail","hentry"],"acf":[],"_links":{"self":[{"href":"https:\/\/messer-ca.com\/fr\/wp-json\/wp\/v2\/pages\/1316","targetHints":{"allow":["GET"]}}],"collection":[{"href":"https:\/\/messer-ca.com\/fr\/wp-json\/wp\/v2\/pages"}],"about":[{"href":"https:\/\/messer-ca.com\/fr\/wp-json\/wp\/v2\/types\/page"}],"author":[{"embeddable":true,"href":"https:\/\/messer-ca.com\/fr\/wp-json\/wp\/v2\/users\/5"}],"replies":[{"embeddable":true,"href":"https:\/\/messer-ca.com\/fr\/wp-json\/wp\/v2\/comments?post=1316"}],"version-history":[{"count":0,"href":"https:\/\/messer-ca.com\/fr\/wp-json\/wp\/v2\/pages\/1316\/revisions"}],"up":[{"embeddable":true,"href":"https:\/\/messer-ca.com\/fr\/wp-json\/wp\/v2\/pages\/703"}],"wp:featuredmedia":[{"embeddable":true,"href":"https:\/\/messer-ca.com\/fr\/wp-json\/wp\/v2\/media\/10"}],"wp:attachment":[{"href":"https:\/\/messer-ca.com\/fr\/wp-json\/wp\/v2\/media?parent=1316"}],"curies":[{"name":"wp","href":"https:\/\/api.w.org\/{rel}","templated":true}]}}