{"id":1340,"date":"2019-08-29T17:48:12","date_gmt":"2019-08-29T17:48:12","guid":{"rendered":"http:\/\/messer-ca.com\/?page_id=1340"},"modified":"2019-08-29T20:14:35","modified_gmt":"2019-08-29T20:14:35","slug":"hfo-refrigerants","status":"publish","type":"page","link":"https:\/\/messer-ca.com\/fr\/products\/refrigerant-gases\/fluorine-refrigerants\/hfo-refrigerants\/","title":{"rendered":"R\u00e9frig\u00e9rants HFO"},"content":{"rendered":"<div style=\"height:55px\" aria-hidden=\"true\" class=\"wp-block-spacer\"><\/div>\n\n\n<p>Les r\u00e9frig\u00e9rants HFC sont compos\u00e9s d&#039;atomes d&#039;hydrog\u00e8ne, de fluor et de carbone reli\u00e9s par des liaisons simples entre les atomes. Les r\u00e9frig\u00e9rants HFO sont compos\u00e9s d&#039;atomes d&#039;hydrog\u00e8ne, de fluor et de carbone, mais contiennent au moins une double liaison entre les atomes de carbone.<\/p>\n<p>Le premier HFO, d\u00e9velopp\u00e9 conjointement par DuPont et Honeywell, est le HFO 1234yf. Il s\u2019agit d\u2019un remplacement du R134a \u00e0 faible potentiel de r\u00e9chauffement de la plan\u00e8te (potentiel de r\u00e9chauffement plan\u00e9taire) pour une utilisation potentielle dans les syst\u00e8mes de climatisation mobile (MAC) du secteur automobile.<\/p>\n<p>Ces produits sont class\u00e9s comme pr\u00e9sentant un potentiel d&#039;appauvrissement de la couche d&#039;ozone nul et un potentiel de r\u00e9chauffement de la plan\u00e8te inf\u00e9rieur \u00e0 celui des HFC tels que le R134a. Par cons\u00e9quent, ces produits offrent une alternative plus \u00e9cologique que les CFC, les HCFC et les HFC.<br>Ce r\u00e9frig\u00e9rant est maintenant disponible \u00e0 la vente chez Messer au Canada. Si vous avez des questions ou souhaitez acheter le R1234yf, veuillez contacter votre \u00e9quipe de r\u00e9frig\u00e9rants Messer.<\/p>\n<p><\/p>\n\n\n<div style=\"height:20px\" aria-hidden=\"true\" class=\"wp-block-spacer custom-left-separator\"><\/div>\n\n\n\t<div class=\"text-and-button-block text-center full-width\">\n\t\t<div class=\"container\">\n\t\t\t\t\t\t\t<div class=\"text\"><p><strong>Des questions?<\/strong> Demandez \u00e0 notre \u00e9quipe. Nous sommes l\u00e0 pour vous aider.<\/p>\n<\/div>\n\t\t\t\t\t\t\t\t\t\t\t\t\t\t\t<a class=\"btn-3\" href=\"https:\/\/messer-ca.com\/fr\/contact-support\/\"  target=\"_blank\">Contactez-nous<\/a>\n\t\t\t\t\t\t\t\t\t<\/div>\n\t<\/div>","protected":false},"excerpt":{"rendered":"<p>HFC refrigerants are composed of hydrogen, fluorine and carbon atoms connected by single bonds between the atoms. HFO refrigerants are composed of hydrogen, fluorine and carbon atoms, but contain at least one double bond between the carbon atoms. The first HFO, jointly being developed by DuPont and Honeywell, is HFO 1234yf. This is a low [&hellip;]<\/p>\n","protected":false},"author":5,"featured_media":10,"parent":1330,"menu_order":0,"comment_status":"closed","ping_status":"closed","template":"pages\/template-solutions.php","meta":{"_acf_changed":false,"content-type":"","om_disable_all_campaigns":false,"_exactmetrics_skip_tracking":false,"_exactmetrics_sitenote_active":false,"_exactmetrics_sitenote_note":"","_exactmetrics_sitenote_category":0,"_monsterinsights_skip_tracking":false,"_monsterinsights_sitenote_active":false,"_monsterinsights_sitenote_note":"","_monsterinsights_sitenote_category":0,"footnotes":""},"class_list":["post-1340","page","type-page","status-publish","has-post-thumbnail","hentry"],"acf":[],"_links":{"self":[{"href":"https:\/\/messer-ca.com\/fr\/wp-json\/wp\/v2\/pages\/1340","targetHints":{"allow":["GET"]}}],"collection":[{"href":"https:\/\/messer-ca.com\/fr\/wp-json\/wp\/v2\/pages"}],"about":[{"href":"https:\/\/messer-ca.com\/fr\/wp-json\/wp\/v2\/types\/page"}],"author":[{"embeddable":true,"href":"https:\/\/messer-ca.com\/fr\/wp-json\/wp\/v2\/users\/5"}],"replies":[{"embeddable":true,"href":"https:\/\/messer-ca.com\/fr\/wp-json\/wp\/v2\/comments?post=1340"}],"version-history":[{"count":0,"href":"https:\/\/messer-ca.com\/fr\/wp-json\/wp\/v2\/pages\/1340\/revisions"}],"up":[{"embeddable":true,"href":"https:\/\/messer-ca.com\/fr\/wp-json\/wp\/v2\/pages\/1330"}],"wp:featuredmedia":[{"embeddable":true,"href":"https:\/\/messer-ca.com\/fr\/wp-json\/wp\/v2\/media\/10"}],"wp:attachment":[{"href":"https:\/\/messer-ca.com\/fr\/wp-json\/wp\/v2\/media?parent=1340"}],"curies":[{"name":"wp","href":"https:\/\/api.w.org\/{rel}","templated":true}]}}