{"id":1342,"date":"2019-08-29T17:47:24","date_gmt":"2019-08-29T17:47:24","guid":{"rendered":"http:\/\/messer-ca.com\/?page_id=1342"},"modified":"2019-11-11T15:51:51","modified_gmt":"2019-11-11T15:51:51","slug":"hfc-refrigerants","status":"publish","type":"page","link":"https:\/\/messer-ca.com\/fr\/products\/refrigerant-gases\/fluorine-refrigerants\/hfc-refrigerants\/","title":{"rendered":"R\u00e9frig\u00e9rants HFC"},"content":{"rendered":"<div style=\"height:55px\" aria-hidden=\"true\" class=\"wp-block-spacer\"><\/div>\n\n\n<p>Il existe une large gamme de produits parmi lesquels le R-134a, le R-404A, le R-407A, le R-407C, le 407F, le R-410A et le R-507A.<\/p>\n<p>Ces produits sont class\u00e9s dans les cat\u00e9gories suivantes: potentiel d&#039;appauvrissement de la couche d&#039;ozone nul et potentiel de r\u00e9chauffement de la plan\u00e8te \u00e9lev\u00e9 (GWP). Par cons\u00e9quent, ces produits offrent une alternative plus \u00e9cologique que les CFC et les HCFC, tout en offrant souvent aux clients une \u00abmise \u00e0 niveau\u00bb rapide et simple des \u00e9quipements de r\u00e9frig\u00e9ration existants.<\/p>\n<p>Les fabricants de HFC ont beaucoup travaill\u00e9 pour tester et prouver que les produits de remplacement \u00e0 base de HFC sont aussi bons (sinon souvent meilleurs que) les produits r\u00e9frig\u00e9rants \u00e0 base de HCFC qu&#039;ils remplacent.<\/p>\n<p>Messer peut proposer une large gamme de produits HFC, en petites, moyennes et grandes cylindres.<\/p>\n<p>\u00a0<\/p>\n\n\n<div style=\"height:20px\" aria-hidden=\"true\" class=\"wp-block-spacer custom-left-separator\"><\/div>\n\n\n\t<div class=\"text-and-button-block text-center full-width\">\n\t\t<div class=\"container\">\n\t\t\t\t\t\t\t<div class=\"text\"><p><strong>Des questions?<\/strong> Demandez \u00e0 notre \u00e9quipe. Nous sommes l\u00e0 pour vous aider.<\/p>\n<\/div>\n\t\t\t\t\t\t\t\t\t\t\t\t\t\t\t<a class=\"btn-3\" href=\"https:\/\/messer-ca.com\/fr\/contact-support\/\"  target=\"_blank\">Contactez-nous<\/a>\n\t\t\t\t\t\t\t\t\t<\/div>\n\t<\/div>","protected":false},"excerpt":{"rendered":"<p>There are a wide range of products to choose from including R-134a, R-404A, R-407A, R-407C, 407F, R-410A, and R-507A. These products are categorized to have zero ODP (Ozone Depletion Potential) and high GWP (Global Warming Potential). Therefore these products offer a more environmentally friendly alternative than CFCs and HCFCs, whilst also often providing customers with [&hellip;]<\/p>\n","protected":false},"author":5,"featured_media":10,"parent":1330,"menu_order":0,"comment_status":"closed","ping_status":"closed","template":"pages\/template-solutions.php","meta":{"_acf_changed":false,"content-type":"","om_disable_all_campaigns":false,"_exactmetrics_skip_tracking":false,"_exactmetrics_sitenote_active":false,"_exactmetrics_sitenote_note":"","_exactmetrics_sitenote_category":0,"_monsterinsights_skip_tracking":false,"_monsterinsights_sitenote_active":false,"_monsterinsights_sitenote_note":"","_monsterinsights_sitenote_category":0,"footnotes":""},"class_list":["post-1342","page","type-page","status-publish","has-post-thumbnail","hentry"],"acf":[],"_links":{"self":[{"href":"https:\/\/messer-ca.com\/fr\/wp-json\/wp\/v2\/pages\/1342","targetHints":{"allow":["GET"]}}],"collection":[{"href":"https:\/\/messer-ca.com\/fr\/wp-json\/wp\/v2\/pages"}],"about":[{"href":"https:\/\/messer-ca.com\/fr\/wp-json\/wp\/v2\/types\/page"}],"author":[{"embeddable":true,"href":"https:\/\/messer-ca.com\/fr\/wp-json\/wp\/v2\/users\/5"}],"replies":[{"embeddable":true,"href":"https:\/\/messer-ca.com\/fr\/wp-json\/wp\/v2\/comments?post=1342"}],"version-history":[{"count":0,"href":"https:\/\/messer-ca.com\/fr\/wp-json\/wp\/v2\/pages\/1342\/revisions"}],"up":[{"embeddable":true,"href":"https:\/\/messer-ca.com\/fr\/wp-json\/wp\/v2\/pages\/1330"}],"wp:featuredmedia":[{"embeddable":true,"href":"https:\/\/messer-ca.com\/fr\/wp-json\/wp\/v2\/media\/10"}],"wp:attachment":[{"href":"https:\/\/messer-ca.com\/fr\/wp-json\/wp\/v2\/media?parent=1342"}],"curies":[{"name":"wp","href":"https:\/\/api.w.org\/{rel}","templated":true}]}}