{"id":1344,"date":"2019-08-29T17:46:53","date_gmt":"2019-08-29T17:46:53","guid":{"rendered":"http:\/\/messer-ca.com\/?page_id=1344"},"modified":"2019-08-29T20:14:09","modified_gmt":"2019-08-29T20:14:09","slug":"hcfc-refrigerants","status":"publish","type":"page","link":"https:\/\/messer-ca.com\/fr\/products\/refrigerant-gases\/fluorine-refrigerants\/hcfc-refrigerants\/","title":{"rendered":"R\u00e9frig\u00e9rants HCFC"},"content":{"rendered":"<div style=\"height:55px\" aria-hidden=\"true\" class=\"wp-block-spacer\"><\/div>\n\n\n<p>Ces produits comprennent R22, R-123, R-401A, R-401B, R-402A, R-402B, R-409A et R-416A. Ils sont class\u00e9s comme ayant un faible potentiel d&#039;appauvrissement de la couche d&#039;ozone (ODP) et un potentiel de r\u00e9chauffement de la plan\u00e8te (PRG) \u00e9lev\u00e9.<\/p>\n<p>Par cons\u00e9quent, ces produits offrent une alternative l\u00e9g\u00e8rement plus \u00e9cologique que les CFC, tout en offrant souvent aux clients une \u00abmise \u00e0 niveau\u00bb rapide et simple des \u00e9quipements de r\u00e9frig\u00e9ration existants.<\/p>\n<p>Le groupe Messer vend une large gamme de ces produits au Canada dans une vaste gamme de conditionnements comprenant des cylindres de petite, moyenne et grande taille.<\/p>\n<p>Les HCFC contribuent \u00e0 la fois \u00e0 l&#039;appauvrissement de la couche d&#039;ozone et au r\u00e9chauffement de la plan\u00e8te. Ils sont donc progressivement \u00e9limin\u00e9s dans le cadre de la l\u00e9gislation mondiale, notamment du Protocole de Montr\u00e9al et du Protocole de Kyoto. Certains pays et r\u00e9gions op\u00e8rent une \u00e9limination acc\u00e9l\u00e9r\u00e9e. Dans l&#039;UE, l&#039;utilisation de HCFC vierges a \u00e9t\u00e9 supprim\u00e9e en janvier 2010. Les HCFC recycl\u00e9s peuvent \u00eatre utilis\u00e9s apr\u00e8s 2010 jusqu&#039;en janvier 2015. Au Canada, il a \u00e9t\u00e9 l\u00e9gif\u00e9r\u00e9 qu&#039;en 2020, aucune importation de R22 ne sera autoris\u00e9e.<\/p>\n<p>Messer est favorable \u00e0 la transition de l\u2019utilisation de produits qui appauvrissent la couche d\u2019ozone et peut donner des conseils sur des produits alternatifs tels que les HFC, les mazouts lourds et les r\u00e9frig\u00e9rants naturels ayant un impact moindre sur l\u2019environnement.<\/p>\n<p><\/p>\n\n\n<div style=\"height:20px\" aria-hidden=\"true\" class=\"wp-block-spacer custom-left-separator\"><\/div>\n\n\n\t<div class=\"text-and-button-block text-center full-width\">\n\t\t<div class=\"container\">\n\t\t\t\t\t\t\t<div class=\"text\"><p><strong>Des questions?<\/strong> Demandez \u00e0 notre \u00e9quipe. Nous sommes l\u00e0 pour vous aider.<\/p>\n<\/div>\n\t\t\t\t\t\t\t\t\t\t\t\t\t\t\t<a class=\"btn-3\" href=\"https:\/\/messer-ca.com\/fr\/contact-support\/\"  target=\"_blank\">Contactez-nous<\/a>\n\t\t\t\t\t\t\t\t\t<\/div>\n\t<\/div>","protected":false},"excerpt":{"rendered":"<p>These products include R22, R-123, R-401A, R-401B, R-402A, R-402B, R-409A and R-416A. They are categorized to have low ODP (Ozone Depletion Potential) and high GWP (Global Warming Potential). Therefore, these products offer slightly more environmentally friendly alternative than CFCs whilst also often providing customers with a quick and simple &#8216;retrofit&#8217; of existing refrigeration equipment. The [&hellip;]<\/p>\n","protected":false},"author":5,"featured_media":10,"parent":1330,"menu_order":0,"comment_status":"closed","ping_status":"closed","template":"pages\/template-solutions.php","meta":{"_acf_changed":false,"content-type":"","om_disable_all_campaigns":false,"_exactmetrics_skip_tracking":false,"_exactmetrics_sitenote_active":false,"_exactmetrics_sitenote_note":"","_exactmetrics_sitenote_category":0,"_monsterinsights_skip_tracking":false,"_monsterinsights_sitenote_active":false,"_monsterinsights_sitenote_note":"","_monsterinsights_sitenote_category":0,"footnotes":""},"class_list":["post-1344","page","type-page","status-publish","has-post-thumbnail","hentry"],"acf":[],"_links":{"self":[{"href":"https:\/\/messer-ca.com\/fr\/wp-json\/wp\/v2\/pages\/1344","targetHints":{"allow":["GET"]}}],"collection":[{"href":"https:\/\/messer-ca.com\/fr\/wp-json\/wp\/v2\/pages"}],"about":[{"href":"https:\/\/messer-ca.com\/fr\/wp-json\/wp\/v2\/types\/page"}],"author":[{"embeddable":true,"href":"https:\/\/messer-ca.com\/fr\/wp-json\/wp\/v2\/users\/5"}],"replies":[{"embeddable":true,"href":"https:\/\/messer-ca.com\/fr\/wp-json\/wp\/v2\/comments?post=1344"}],"version-history":[{"count":0,"href":"https:\/\/messer-ca.com\/fr\/wp-json\/wp\/v2\/pages\/1344\/revisions"}],"up":[{"embeddable":true,"href":"https:\/\/messer-ca.com\/fr\/wp-json\/wp\/v2\/pages\/1330"}],"wp:featuredmedia":[{"embeddable":true,"href":"https:\/\/messer-ca.com\/fr\/wp-json\/wp\/v2\/media\/10"}],"wp:attachment":[{"href":"https:\/\/messer-ca.com\/fr\/wp-json\/wp\/v2\/media?parent=1344"}],"curies":[{"name":"wp","href":"https:\/\/api.w.org\/{rel}","templated":true}]}}