{"id":1356,"date":"2019-08-29T17:52:23","date_gmt":"2019-08-29T17:52:23","guid":{"rendered":"http:\/\/messer-ca.com\/?page_id=1356"},"modified":"2022-08-24T21:27:59","modified_gmt":"2022-08-24T21:27:59","slug":"reclaim-recovery","status":"publish","type":"page","link":"https:\/\/messer-ca.com\/fr\/products\/refrigerant-gases\/reclaim-recovery\/","title":{"rendered":"R\u00e9cup\u00e9ration et r\u00e9cup\u00e9ration"},"content":{"rendered":"<div style=\"height:55px\" aria-hidden=\"true\" class=\"wp-block-spacer\"><\/div>\n\n\n<p>Les services de r\u00e9cup\u00e9ration \u00e9vitent le rejet de frigorig\u00e8ne dans l&#039;atmosph\u00e8re. Les services de r\u00e9cup\u00e9ration permettent la r\u00e9utilisation des r\u00e9frig\u00e9rants existants, \u00e9vitant ainsi la n\u00e9cessit\u00e9 de fabriquer de nouvelles mol\u00e9cules de r\u00e9frig\u00e9rant. Messer a toujours encourag\u00e9 la r\u00e9cup\u00e9ration et, dans la mesure du possible, la r\u00e9cup\u00e9ration et la r\u00e9utilisation des frigorig\u00e8nes.<\/p>\n<p>La plupart des pays ont maintenant une l\u00e9gislation sur la protection de l&#039;environnement pour r\u00e9glementer les \u00e9missions, et beaucoup ont des exigences sp\u00e9cifiques en mati\u00e8re de r\u00e9cup\u00e9ration des r\u00e9frig\u00e9rants.<\/p>\n<p>Messer propose une gamme de cylindres de r\u00e9cup\u00e9ration pour permettre la collecte en toute s\u00e9curit\u00e9 des r\u00e9frig\u00e9rants us\u00e9s, en \u00e9vitant leur rejet dans l&#039;atmosph\u00e8re. Une fois r\u00e9cup\u00e9r\u00e9, Messer peut aider nos clients \u00e0 faire en sorte que le fluide frigorig\u00e8ne soit d\u00e9truit de mani\u00e8re \u00e9cologique.<\/p>\n<p><span style=\"font-size: inherit;\">La meilleure solution pour r\u00e9pondre aux besoins de votre client et respecter la l\u00e9gislation locale et les pr\u00e9occupations environnementales.<\/span><\/p>\n<p><\/p>\n\n\n<div style=\"height:20px\" aria-hidden=\"true\" class=\"wp-block-spacer custom-left-separator\"><\/div>\n\n\n\t<div class=\"text-and-button-block text-center full-width\">\n\t\t<div class=\"container\">\n\t\t\t\t\t\t\t<div class=\"text\"><p><strong>Des questions?<\/strong> Demandez \u00e0 notre \u00e9quipe. Nous sommes l\u00e0 pour vous aider.<\/p>\n<\/div>\n\t\t\t\t\t\t\t\t\t\t\t\t\t\t\t<a class=\"btn-3\" href=\"https:\/\/messer-ca.com\/fr\/contact-support\/\"  target=\"_blank\">Contactez-nous<\/a>\n\t\t\t\t\t\t\t\t\t<\/div>\n\t<\/div>","protected":false},"excerpt":{"rendered":"<p>Recovery services avoid the release of the used refrigerant into the atmosphere. Reclaim services allow the re-use of existing refrigerants avoiding the need to manufacture new refrigerant molecules. Messer has always promoted the recovery and where possible, reclamation and reuse of refrigerants. Most countries now have some form of environmental protection legislation to regulate emissions, [&hellip;]<\/p>\n","protected":false},"author":5,"featured_media":10,"parent":4527,"menu_order":0,"comment_status":"closed","ping_status":"closed","template":"pages\/template-solutions.php","meta":{"_acf_changed":false,"content-type":"","om_disable_all_campaigns":false,"_exactmetrics_skip_tracking":false,"_exactmetrics_sitenote_active":false,"_exactmetrics_sitenote_note":"","_exactmetrics_sitenote_category":0,"_monsterinsights_skip_tracking":false,"_monsterinsights_sitenote_active":false,"_monsterinsights_sitenote_note":"","_monsterinsights_sitenote_category":0,"footnotes":""},"class_list":["post-1356","page","type-page","status-publish","has-post-thumbnail","hentry"],"acf":[],"_links":{"self":[{"href":"https:\/\/messer-ca.com\/fr\/wp-json\/wp\/v2\/pages\/1356","targetHints":{"allow":["GET"]}}],"collection":[{"href":"https:\/\/messer-ca.com\/fr\/wp-json\/wp\/v2\/pages"}],"about":[{"href":"https:\/\/messer-ca.com\/fr\/wp-json\/wp\/v2\/types\/page"}],"author":[{"embeddable":true,"href":"https:\/\/messer-ca.com\/fr\/wp-json\/wp\/v2\/users\/5"}],"replies":[{"embeddable":true,"href":"https:\/\/messer-ca.com\/fr\/wp-json\/wp\/v2\/comments?post=1356"}],"version-history":[{"count":0,"href":"https:\/\/messer-ca.com\/fr\/wp-json\/wp\/v2\/pages\/1356\/revisions"}],"up":[{"embeddable":true,"href":"https:\/\/messer-ca.com\/fr\/wp-json\/wp\/v2\/pages\/4527"}],"wp:featuredmedia":[{"embeddable":true,"href":"https:\/\/messer-ca.com\/fr\/wp-json\/wp\/v2\/media\/10"}],"wp:attachment":[{"href":"https:\/\/messer-ca.com\/fr\/wp-json\/wp\/v2\/media?parent=1356"}],"curies":[{"name":"wp","href":"https:\/\/api.w.org\/{rel}","templated":true}]}}