{"id":1369,"date":"2019-08-29T18:05:13","date_gmt":"2019-08-29T18:05:13","guid":{"rendered":"http:\/\/messer-ca.com\/?page_id=1369"},"modified":"2019-08-29T19:44:06","modified_gmt":"2019-08-29T19:44:06","slug":"magnetic-resonance-imaging","status":"publish","type":"page","link":"https:\/\/messer-ca.com\/fr\/products\/medical-gases\/magnetic-resonance-imaging\/","title":{"rendered":"Imagerie par r\u00e9sonance magn\u00e9tique"},"content":{"rendered":"<div style=\"height:55px\" aria-hidden=\"true\" class=\"wp-block-spacer\"><\/div>\n\n\n<p>Pour diagnostiquer avec succ\u00e8s des maladies telles que le cancer, la communaut\u00e9 m\u00e9dicale a besoin de technologies d\u2019imagerie offrant une vision tr\u00e8s contrast\u00e9e et riche en d\u00e9tails du fonctionnement interne du corps humain. L&#039;imagerie par r\u00e9sonance magn\u00e9tique (IRM) est une technique d&#039;imagerie m\u00e9dicale r\u00e9volutionnaire qui donne des niveaux de clart\u00e9 sans pr\u00e9c\u00e9dent, en particulier lors de la num\u00e9risation de tissus mous tels que le cerveau ou les muscles. Et contrairement aux rayons X traditionnels, les IRM n&#039;exposent pas le patient aux radiations.<\/p>\n<p>Cependant, pour fonctionner de mani\u00e8re fiable, les IRM n\u00e9cessitent un approvisionnement continu en produit cryog\u00e9nique afin de refroidir les bobines magn\u00e9tiques des scanners. Cela conf\u00e8re aux bobines des propri\u00e9t\u00e9s supraconductrices. De ce fait, un courant \u00e9lectrique peut traverser les bobines sans r\u00e9sistance, permettant ainsi la cr\u00e9ation de champs magn\u00e9tiques de haute intensit\u00e9. L&#039;h\u00e9lium liquide est le seul moyen suffisamment froid pour favoriser la supraconductivit\u00e9 dans les m\u00e9taux.<\/p>\n<p>Messer propose \u00e9galement une gamme compl\u00e8te de gaz d&#039;imagerie m\u00e9dicale cGMP, notamment 3He ou 129Xe pour les gaz de recherche IRM hyperpolaris\u00e9s,<\/p>\n<p>Un autre d\u00e9fi pour le secteur de l\u2019imagerie est la disponibilit\u00e9. Compte tenu des investissements initiaux \u00e9lev\u00e9s et des co\u00fbts op\u00e9rationnels des \u00e9quipements IRM, les h\u00f4pitaux tiennent \u00e0 minimiser les fen\u00eatres de recharge et \u00e0 r\u00e9duire au minimum les temps d&#039;immobilisation.<\/p>\n\n\n<div style=\"height:20px\" aria-hidden=\"true\" class=\"wp-block-spacer custom-left-separator\"><\/div>\n\n\n\t<div class=\"text-and-button-block text-center full-width\">\n\t\t<div class=\"container\">\n\t\t\t\t\t\t\t<div class=\"text\"><p><strong>Des questions?<\/strong> Demandez \u00e0 notre \u00e9quipe. Nous sommes l\u00e0 pour vous aider.<\/p>\n<\/div>\n\t\t\t\t\t\t\t\t\t\t\t\t\t\t\t<a class=\"btn-3\" href=\"https:\/\/messer-ca.com\/fr\/contact-support\/\"  target=\"_blank\">Contactez-nous<\/a>\n\t\t\t\t\t\t\t\t\t<\/div>\n\t<\/div>","protected":false},"excerpt":{"rendered":"<p>To successfully diagnose diseases such as cancer, the medical community needs imaging technologies that give high-contrast, detail-rich views of the inner workings of the human body. Magnetic resonance imaging (MRI) is a game-changing medical imaging technique that gives unprecedented levels of clarity, especially when scanning soft tissue such as the brain or muscles. And unlike [&hellip;]<\/p>\n","protected":false},"author":5,"featured_media":13,"parent":724,"menu_order":0,"comment_status":"closed","ping_status":"closed","template":"pages\/template-solutions.php","meta":{"_acf_changed":false,"content-type":"","om_disable_all_campaigns":false,"_exactmetrics_skip_tracking":false,"_exactmetrics_sitenote_active":false,"_exactmetrics_sitenote_note":"","_exactmetrics_sitenote_category":0,"_monsterinsights_skip_tracking":false,"_monsterinsights_sitenote_active":false,"_monsterinsights_sitenote_note":"","_monsterinsights_sitenote_category":0,"footnotes":""},"class_list":["post-1369","page","type-page","status-publish","has-post-thumbnail","hentry"],"acf":[],"_links":{"self":[{"href":"https:\/\/messer-ca.com\/fr\/wp-json\/wp\/v2\/pages\/1369","targetHints":{"allow":["GET"]}}],"collection":[{"href":"https:\/\/messer-ca.com\/fr\/wp-json\/wp\/v2\/pages"}],"about":[{"href":"https:\/\/messer-ca.com\/fr\/wp-json\/wp\/v2\/types\/page"}],"author":[{"embeddable":true,"href":"https:\/\/messer-ca.com\/fr\/wp-json\/wp\/v2\/users\/5"}],"replies":[{"embeddable":true,"href":"https:\/\/messer-ca.com\/fr\/wp-json\/wp\/v2\/comments?post=1369"}],"version-history":[{"count":0,"href":"https:\/\/messer-ca.com\/fr\/wp-json\/wp\/v2\/pages\/1369\/revisions"}],"up":[{"embeddable":true,"href":"https:\/\/messer-ca.com\/fr\/wp-json\/wp\/v2\/pages\/724"}],"wp:featuredmedia":[{"embeddable":true,"href":"https:\/\/messer-ca.com\/fr\/wp-json\/wp\/v2\/media\/13"}],"wp:attachment":[{"href":"https:\/\/messer-ca.com\/fr\/wp-json\/wp\/v2\/media?parent=1369"}],"curies":[{"name":"wp","href":"https:\/\/api.w.org\/{rel}","templated":true}]}}