{"id":1375,"date":"2019-08-29T18:17:11","date_gmt":"2019-08-29T18:17:11","guid":{"rendered":"http:\/\/messer-ca.com\/?page_id=1375"},"modified":"2019-11-12T19:31:05","modified_gmt":"2019-11-12T19:31:05","slug":"pharmaceutical-biotech","status":"publish","type":"page","link":"https:\/\/messer-ca.com\/fr\/industries\/healthcare\/pharmaceutical-biotech\/","title":{"rendered":"Pharmaceutique &amp; Biotech"},"content":{"rendered":"<div style=\"height:55px\" aria-hidden=\"true\" class=\"wp-block-spacer\"><\/div>\n\n\n<p>L&#039;industrie pharmaceutique est l&#039;une des industries \u00e0 la croissance la plus rapide. Une part importante de son chiffre d&#039;affaires est r\u00e9investie dans la recherche et le d\u00e9veloppement de nouveaux produits, un domaine qui n\u00e9cessite une grande vari\u00e9t\u00e9 de gaz et d&#039;\u00e9quipements sp\u00e9cialis\u00e9s. La recherche et le d\u00e9veloppement ont lieu dans des laboratoires pharmaceutiques utilisant des instruments d&#039;analyse tels que les chromatographes en phase gazeuse \u00e0 d\u00e9tecteurs multiples, les chromatographes en phase liquide, les spectrom\u00e8tres UV \/ VIS et les spectrom\u00e8tres de RMN. Le fonctionnement efficace de ces instruments d\u00e9pend de l&#039;utilisation du gaz ou du m\u00e9lange appropri\u00e9.<\/p>\n<p>Dans le monde complexe d&#039;aujourd&#039;hui, l&#039;industrie pharmaceutique continue de r\u00e9clamer des produits de plus en plus avanc\u00e9s destin\u00e9s \u00e0 am\u00e9liorer la vie moderne. C&#039;est pourquoi Messer Gas a une connaissance approfondie des nombreuses r\u00e9glementations qui r\u00e9gissent l&#039;industrie. Les gaz sont utilis\u00e9s comme auxiliaires de fabrication ou excipients dans la plupart des secteurs industriels. Ces domaines incluent, par exemple, de nombreux processus de fabrication d\u2019API et de produits pharmaceutiques.<\/p>\n<p>Cela inclut \u00e9galement la R &amp; D ainsi que le contr\u00f4le de la production et de la qualit\u00e9. Messer Gas n&#039;est pas simplement un fournisseur de gaz et de mat\u00e9riel connexe. Gr\u00e2ce \u00e0 notre expertise et \u00e0 nos comp\u00e9tences sp\u00e9ciales, Messer Gas est en mesure de faire beaucoup plus pour vous en ce qui concerne la s\u00e9curit\u00e9, la qualit\u00e9 et la productivit\u00e9 de vos processus.<\/p>\n\n\n<div style=\"height:20px\" aria-hidden=\"true\" class=\"wp-block-spacer custom-left-separator\"><\/div>\n\n\n\t<div class=\"text-and-button-block text-center full-width\">\n\t\t<div class=\"container\">\n\t\t\t\t\t\t\t<div class=\"text\"><p><strong>Des questions?<\/strong> Demandez \u00e0 notre \u00e9quipe. Nous sommes l\u00e0 pour vous aider.<\/p>\n<\/div>\n\t\t\t\t\t\t\t\t\t\t\t\t\t\t\t<a class=\"btn-3\" href=\"https:\/\/messer-ca.com\/fr\/contact-support\/\"  target=\"_blank\">Contactez-nous<\/a>\n\t\t\t\t\t\t\t\t\t<\/div>\n\t<\/div>","protected":false},"excerpt":{"rendered":"<p>The pharmaceutical industry is one of the fastest growing industries. A significant part of its sales revenue is reinvested into research and development of new products, an area that requires a wide variety of specialty gases and equipment. Research and development take place in pharmaceutical laboratories using analytical instruments such as gas chromatographs with multiple [&hellip;]<\/p>\n","protected":false},"author":5,"featured_media":13,"parent":824,"menu_order":0,"comment_status":"closed","ping_status":"closed","template":"pages\/template-solutions.php","meta":{"_acf_changed":false,"content-type":"","om_disable_all_campaigns":false,"_exactmetrics_skip_tracking":false,"_exactmetrics_sitenote_active":false,"_exactmetrics_sitenote_note":"","_exactmetrics_sitenote_category":0,"_monsterinsights_skip_tracking":false,"_monsterinsights_sitenote_active":false,"_monsterinsights_sitenote_note":"","_monsterinsights_sitenote_category":0,"footnotes":""},"class_list":["post-1375","page","type-page","status-publish","has-post-thumbnail","hentry"],"acf":[],"_links":{"self":[{"href":"https:\/\/messer-ca.com\/fr\/wp-json\/wp\/v2\/pages\/1375","targetHints":{"allow":["GET"]}}],"collection":[{"href":"https:\/\/messer-ca.com\/fr\/wp-json\/wp\/v2\/pages"}],"about":[{"href":"https:\/\/messer-ca.com\/fr\/wp-json\/wp\/v2\/types\/page"}],"author":[{"embeddable":true,"href":"https:\/\/messer-ca.com\/fr\/wp-json\/wp\/v2\/users\/5"}],"replies":[{"embeddable":true,"href":"https:\/\/messer-ca.com\/fr\/wp-json\/wp\/v2\/comments?post=1375"}],"version-history":[{"count":0,"href":"https:\/\/messer-ca.com\/fr\/wp-json\/wp\/v2\/pages\/1375\/revisions"}],"up":[{"embeddable":true,"href":"https:\/\/messer-ca.com\/fr\/wp-json\/wp\/v2\/pages\/824"}],"wp:featuredmedia":[{"embeddable":true,"href":"https:\/\/messer-ca.com\/fr\/wp-json\/wp\/v2\/media\/13"}],"wp:attachment":[{"href":"https:\/\/messer-ca.com\/fr\/wp-json\/wp\/v2\/media?parent=1375"}],"curies":[{"name":"wp","href":"https:\/\/api.w.org\/{rel}","templated":true}]}}