{"id":1413,"date":"2019-08-29T18:55:01","date_gmt":"2019-08-29T18:55:01","guid":{"rendered":"http:\/\/messer-ca.com\/?page_id=1413"},"modified":"2019-08-29T20:02:48","modified_gmt":"2019-08-29T20:02:48","slug":"beverage-gases","status":"publish","type":"page","link":"https:\/\/messer-ca.com\/fr\/products\/hospitality-gases\/beverage-gases\/","title":{"rendered":"Gaz pour boissons"},"content":{"rendered":"<div style=\"height:55px\" aria-hidden=\"true\" class=\"wp-block-spacer\"><\/div>\n\n\n<p>Messer propose des produits \u00e0 base de CO2, d'azote et de gazobi\u00e8re qui pr\u00e9sentent de nombreux avantages concurrentiels.<br>Produits innovants<\/p>\n<p>Messer propose des produits et des services qui r\u00e9pondent aux exigences des activit\u00e9s bouillonnantes du secteur de l\u2019alimentation et du divertissement!<\/p>\n<ul>\n<li>Options de bouteilles standard \u2013 pour la distribution de dioxyde de carbone gazeux et des m\u00e9langes de gaz<\/li>\n<li>M\u00e9langeurs de gaz \u2013 production de tous les m\u00e9langes de gaz \u00e0 partir de types de gaz moindres, \u00e9liminant la confusion relative aux bouteilles et les d\u00e9chets<\/li>\n<li>G\u00e9n\u00e9rateurs de gaz \u2013 extraction de l'azote de l'air et m\u00e9lange avec du dioxyde de carbone pour obtenir une gamme compl\u00e8te de gaz de distribution sur site<\/li>\n<li>Mini-vrac \u2013 Les r\u00e9servoirs de dioxyde de carbone permettent un stockage sur place pour un approvisionnement continu<\/li>\n<\/ul>\n<h3>Soucieux de votre s\u00e9curit\u00e9<\/h3>\n<p>Messer vous fournit une assistance, des conseils et une formation pour vous aider \u00e0 assurer la s\u00e9curit\u00e9 de votre personnel, de vos clients et de vos installations. Con\u00e7us pour vous apporter une tranquillit\u00e9 d'esprit et vous aider \u00e0 vous conformer aux lois.<\/p>\n<ul>\n<li>Les cours en ligne sur la s\u00e9curit\u00e9 des gaz facilitent la formation<\/li>\n<li>La trousse d\u2019\u00e9valuation des risques pour les espaces clos aide \u00e0 pr\u00e9venir une asphyxie potentielle<\/li>\n<li>Enqu\u00eates men\u00e9es aupr\u00e8s d'experts \u2013 parce que vous ne pouvez pas prendre de raccourcis en mati\u00e8re de s\u00e9curit\u00e9<\/li>\n<li>Un \u00e9quipement s\u00fbr et fiable \u2013 comme le moniteur de dioxyde de carbone Cellaguard\u2122 indispensable<\/li>\n<\/ul>\n\n\n<div style=\"height:20px\" aria-hidden=\"true\" class=\"wp-block-spacer custom-left-separator\"><\/div>\n\n\n\t<div class=\"text-and-button-block text-center full-width\">\n\t\t<div class=\"container\">\n\t\t\t\t\t\t\t<div class=\"text\"><p><strong>Des questions?<\/strong> Demandez \u00e0 notre \u00e9quipe. Nous sommes l\u00e0 pour vous aider.<\/p>\n<\/div>\n\t\t\t\t\t\t\t\t\t\t\t\t\t\t\t<a class=\"btn-3\" href=\"https:\/\/messer-ca.com\/fr\/contact-support\/\"  target=\"_blank\">Contactez-nous<\/a>\n\t\t\t\t\t\t\t\t\t<\/div>\n\t<\/div>","protected":false},"excerpt":{"rendered":"<p>Messer offers CO2, Nitrogen and beer gas products with many competitive advantagesInnovative Products Messer offers products and services that meet demands of today\u2019s busy hospitality operations! Standard cylinder options \u2013 providing Carbon Dioxide gas and gas mixtures for dispensing Gas Blenders &nbsp;&#8211; producing all gas mixtures from lesser gas types, cutting out cylinder confusion and [&hellip;]<\/p>\n","protected":false},"author":5,"featured_media":12,"parent":746,"menu_order":0,"comment_status":"closed","ping_status":"closed","template":"pages\/template-solutions.php","meta":{"_acf_changed":false,"content-type":"","om_disable_all_campaigns":false,"_exactmetrics_skip_tracking":false,"_exactmetrics_sitenote_active":false,"_exactmetrics_sitenote_note":"","_exactmetrics_sitenote_category":0,"_monsterinsights_skip_tracking":false,"_monsterinsights_sitenote_active":false,"_monsterinsights_sitenote_note":"","_monsterinsights_sitenote_category":0,"footnotes":""},"class_list":["post-1413","page","type-page","status-publish","has-post-thumbnail","hentry"],"acf":[],"_links":{"self":[{"href":"https:\/\/messer-ca.com\/fr\/wp-json\/wp\/v2\/pages\/1413","targetHints":{"allow":["GET"]}}],"collection":[{"href":"https:\/\/messer-ca.com\/fr\/wp-json\/wp\/v2\/pages"}],"about":[{"href":"https:\/\/messer-ca.com\/fr\/wp-json\/wp\/v2\/types\/page"}],"author":[{"embeddable":true,"href":"https:\/\/messer-ca.com\/fr\/wp-json\/wp\/v2\/users\/5"}],"replies":[{"embeddable":true,"href":"https:\/\/messer-ca.com\/fr\/wp-json\/wp\/v2\/comments?post=1413"}],"version-history":[{"count":0,"href":"https:\/\/messer-ca.com\/fr\/wp-json\/wp\/v2\/pages\/1413\/revisions"}],"up":[{"embeddable":true,"href":"https:\/\/messer-ca.com\/fr\/wp-json\/wp\/v2\/pages\/746"}],"wp:featuredmedia":[{"embeddable":true,"href":"https:\/\/messer-ca.com\/fr\/wp-json\/wp\/v2\/media\/12"}],"wp:attachment":[{"href":"https:\/\/messer-ca.com\/fr\/wp-json\/wp\/v2\/media?parent=1413"}],"curies":[{"name":"wp","href":"https:\/\/api.w.org\/{rel}","templated":true}]}}