{"id":1423,"date":"2019-08-29T18:59:49","date_gmt":"2019-08-29T18:59:49","guid":{"rendered":"http:\/\/messer-ca.com\/?page_id=1423"},"modified":"2019-08-29T20:03:19","modified_gmt":"2019-08-29T20:03:19","slug":"food-packaging-gas","status":"publish","type":"page","link":"https:\/\/messer-ca.com\/fr\/products\/hospitality-gases\/food-packaging-gas\/","title":{"rendered":"Gaz d&#039;emballage alimentaire"},"content":{"rendered":"<div style=\"height:55px\" aria-hidden=\"true\" class=\"wp-block-spacer\"><\/div>\n\n\n<h3>Pour prolonger la dur\u00e9e de conservation des produits<\/h3>\n<p>Les gaz d\u2019emballage sous atmosph\u00e8re modifi\u00e9e (MAP) prolongent la dur\u00e9e de conservation des produits en pr\u00e9servant leur saveur, leur couleur, leurs vitamines et leur attrait organoleptique. Vos clients sont ainsi assur\u00e9s de la fra\u00eecheur longtemps apr\u00e8s le traitement. Les gaz alimentaires de Messer vous permettent de r\u00e9aliser de plus grandes \u00e9conomies de production gr\u00e2ce \u00e0 :<\/p>\n<ul>\n<li>Une am\u00e9lioration de la pr\u00e9sentation des produits pour augmenter la valeur per\u00e7ue.<\/li>\n<li>Des cycles de production plus longs et continus permettant une utilisation plus efficace et plus \u00e9tendue de la main-d'\u0153uvre et de l\u2019\u00e9quipement.<\/li>\n<li>Une dur\u00e9e de conservation prolong\u00e9e et une rotation plus efficace des stocks, ce qui se traduit par des livraisons moins fr\u00e9quentes et des co\u00fbts connexes moindres.<\/li>\n<li>Une barri\u00e8re contre l'humidit\u00e9 et les odeurs pour pr\u00e9server les jus et les ar\u00f4mes.<\/li>\n<\/ul>\n<p>Les gaz d'emballage alimentaire prolongent la dur\u00e9e de conservation des produits afin que vos clients soient assur\u00e9s de leur fra\u00eecheur longtemps apr\u00e8s le traitement. Pour plus d'informations, communiquez avec votre repr\u00e9sentant Messer.<\/p>\n\n\n<div style=\"height:20px\" aria-hidden=\"true\" class=\"wp-block-spacer custom-left-separator\"><\/div>\n\n\n\t<div class=\"text-and-button-block text-center full-width\">\n\t\t<div class=\"container\">\n\t\t\t\t\t\t\t<div class=\"text\"><p><strong>Des questions?<\/strong> Demandez \u00e0 notre \u00e9quipe. Nous sommes l\u00e0 pour vous aider.<\/p>\n<\/div>\n\t\t\t\t\t\t\t\t\t\t\t\t\t\t\t<a class=\"btn-3\" href=\"https:\/\/messer-ca.com\/fr\/contact-support\/\"  target=\"_blank\">Contactez-nous<\/a>\n\t\t\t\t\t\t\t\t\t<\/div>\n\t<\/div>","protected":false},"excerpt":{"rendered":"<p>Extend product shelf-life MAP gases extend product shelf-life by preserving flavour, colour, vitamins and sensory appeal so your customers are assured of freshness long after processing. Messer Food gases offer you greater production economies by: Improving product presentation to enhance perceived value. Longer, continuous production runs that enable more efficient, extended utilization of labor and [&hellip;]<\/p>\n","protected":false},"author":5,"featured_media":12,"parent":746,"menu_order":0,"comment_status":"closed","ping_status":"closed","template":"pages\/template-solutions.php","meta":{"_acf_changed":false,"content-type":"","om_disable_all_campaigns":false,"_exactmetrics_skip_tracking":false,"_exactmetrics_sitenote_active":false,"_exactmetrics_sitenote_note":"","_exactmetrics_sitenote_category":0,"_monsterinsights_skip_tracking":false,"_monsterinsights_sitenote_active":false,"_monsterinsights_sitenote_note":"","_monsterinsights_sitenote_category":0,"footnotes":""},"class_list":["post-1423","page","type-page","status-publish","has-post-thumbnail","hentry"],"acf":[],"_links":{"self":[{"href":"https:\/\/messer-ca.com\/fr\/wp-json\/wp\/v2\/pages\/1423","targetHints":{"allow":["GET"]}}],"collection":[{"href":"https:\/\/messer-ca.com\/fr\/wp-json\/wp\/v2\/pages"}],"about":[{"href":"https:\/\/messer-ca.com\/fr\/wp-json\/wp\/v2\/types\/page"}],"author":[{"embeddable":true,"href":"https:\/\/messer-ca.com\/fr\/wp-json\/wp\/v2\/users\/5"}],"replies":[{"embeddable":true,"href":"https:\/\/messer-ca.com\/fr\/wp-json\/wp\/v2\/comments?post=1423"}],"version-history":[{"count":0,"href":"https:\/\/messer-ca.com\/fr\/wp-json\/wp\/v2\/pages\/1423\/revisions"}],"up":[{"embeddable":true,"href":"https:\/\/messer-ca.com\/fr\/wp-json\/wp\/v2\/pages\/746"}],"wp:featuredmedia":[{"embeddable":true,"href":"https:\/\/messer-ca.com\/fr\/wp-json\/wp\/v2\/media\/12"}],"wp:attachment":[{"href":"https:\/\/messer-ca.com\/fr\/wp-json\/wp\/v2\/media?parent=1423"}],"curies":[{"name":"wp","href":"https:\/\/api.w.org\/{rel}","templated":true}]}}