{"id":1429,"date":"2019-08-29T19:02:29","date_gmt":"2019-08-29T19:02:29","guid":{"rendered":"http:\/\/messer-ca.com\/?page_id=1429"},"modified":"2019-08-29T20:03:13","modified_gmt":"2019-08-29T20:03:13","slug":"balloon-gas","status":"publish","type":"page","link":"https:\/\/messer-ca.com\/fr\/products\/hospitality-gases\/balloon-gas\/","title":{"rendered":"Gaz pour ballons"},"content":{"rendered":"<div style=\"height:55px\" aria-hidden=\"true\" class=\"wp-block-spacer\"><\/div>\n\n\n<p>L\u2019h\u00e9lium pour ballons de Messer donne \u00e0 chaque \u00e9v\u00e9nement une ambiance festive. Nous sommes l\u2019un des premiers fournisseurs de gaz pour ballons au Canada.<\/p>\n<p>Des programmes de s\u00e9curit\u00e9, des approvisionnements fiables et des livraisons flexibles ajoutent de la valeur \u00e0 nos\nservices. Et comme nous produisons notre propre gaz pour ballons, nous disposons de l\u2019approvisionnement dont vous avez besoin pour chaque occasion.<\/p>\n<p>Les ballons remplis de gaz pour ballons de Messer rehausseront tous vos \u00e9v\u00e9nements. C'est une fa\u00e7on de :<\/p>\n<ul>\n<li>Donner de la couleur \u00e0 vos f\u00eates<\/li>\n<li>D\u00e9corer vos lieux de r\u00e9union<\/li>\n<li>Faire la publicit\u00e9 et la promotion d'\u00e9v\u00e9nements sp\u00e9ciaux<\/li>\n<\/ul>\n<p>Une gamme compl\u00e8te de formats de bouteilles est offerte chez Messer pour r\u00e9pondre \u00e0 vos besoins, grands ou petits\u2026 et les bouteilles sont faciles \u00e0 obtenir aupr\u00e8s de notre r\u00e9seau partout au Canada.<\/p>\n\n\n<div style=\"height:20px\" aria-hidden=\"true\" class=\"wp-block-spacer custom-left-separator\"><\/div>\n\n\n\t<div class=\"text-and-button-block text-center full-width\">\n\t\t<div class=\"container\">\n\t\t\t\t\t\t\t<div class=\"text\"><p><strong>Des questions?<\/strong> Demandez \u00e0 notre \u00e9quipe. Nous sommes l\u00e0 pour vous aider.<\/p>\n<\/div>\n\t\t\t\t\t\t\t\t\t\t\t\t\t\t\t<a class=\"btn-3\" href=\"https:\/\/messer-ca.com\/fr\/contact-support\/\"  target=\"_blank\">Contactez-nous<\/a>\n\t\t\t\t\t\t\t\t\t<\/div>\n\t<\/div>","protected":false},"excerpt":{"rendered":"<p>Messer helium balloon gas makes every event more fun and festive, and we are one of the premier suppliers of balloon gas in Canada. Safety programs, dependable supplies and flexible delivery add value to our service. And because we produce our own balloon gas, we will have the supply you need for every occasion. Balloons [&hellip;]<\/p>\n","protected":false},"author":5,"featured_media":12,"parent":746,"menu_order":0,"comment_status":"closed","ping_status":"closed","template":"pages\/template-solutions.php","meta":{"_acf_changed":false,"content-type":"","om_disable_all_campaigns":false,"_exactmetrics_skip_tracking":false,"_exactmetrics_sitenote_active":false,"_exactmetrics_sitenote_note":"","_exactmetrics_sitenote_category":0,"_monsterinsights_skip_tracking":false,"_monsterinsights_sitenote_active":false,"_monsterinsights_sitenote_note":"","_monsterinsights_sitenote_category":0,"footnotes":""},"class_list":["post-1429","page","type-page","status-publish","has-post-thumbnail","hentry"],"acf":[],"_links":{"self":[{"href":"https:\/\/messer-ca.com\/fr\/wp-json\/wp\/v2\/pages\/1429","targetHints":{"allow":["GET"]}}],"collection":[{"href":"https:\/\/messer-ca.com\/fr\/wp-json\/wp\/v2\/pages"}],"about":[{"href":"https:\/\/messer-ca.com\/fr\/wp-json\/wp\/v2\/types\/page"}],"author":[{"embeddable":true,"href":"https:\/\/messer-ca.com\/fr\/wp-json\/wp\/v2\/users\/5"}],"replies":[{"embeddable":true,"href":"https:\/\/messer-ca.com\/fr\/wp-json\/wp\/v2\/comments?post=1429"}],"version-history":[{"count":0,"href":"https:\/\/messer-ca.com\/fr\/wp-json\/wp\/v2\/pages\/1429\/revisions"}],"up":[{"embeddable":true,"href":"https:\/\/messer-ca.com\/fr\/wp-json\/wp\/v2\/pages\/746"}],"wp:featuredmedia":[{"embeddable":true,"href":"https:\/\/messer-ca.com\/fr\/wp-json\/wp\/v2\/media\/12"}],"wp:attachment":[{"href":"https:\/\/messer-ca.com\/fr\/wp-json\/wp\/v2\/media?parent=1429"}],"curies":[{"name":"wp","href":"https:\/\/api.w.org\/{rel}","templated":true}]}}