{"id":1738,"date":"2019-09-09T16:02:15","date_gmt":"2019-09-09T16:02:15","guid":{"rendered":"https:\/\/messer-ca.com\/?page_id=1738"},"modified":"2019-10-31T14:59:31","modified_gmt":"2019-10-31T14:59:31","slug":"trademarks-transition","status":"publish","type":"page","link":"https:\/\/messer-ca.com\/fr\/trademarks-transition\/","title":{"rendered":"Transition des marques"},"content":{"rendered":"<div class=\"info-block-2 text-center full-width\">\n    \t<img decoding=\"async\" src=\"https:\/\/messer-ca.com\/wp-content\/themes\/messercanada\/images\/grey.png\" alt=\"\">\n    \t<div class=\"container min-container\">\n    \t\t<div class=\"info-block-2-text style-large\">Vous ne reconnaissez pas les noms des produits? Utilisez le tableau ci-dessous pour rechercher le produit d\u00e9sir\u00e9 sous nos nouveaux noms commerciaux.<\/div>\n    \t<\/div>\n    <\/div>\n\n\n\n<div class=\"wp-block-columns has-2-columns is-layout-flex wp-container-core-columns-is-layout-9d6595d7 wp-block-columns-is-layout-flex\">\n<div class=\"wp-block-column is-layout-flow wp-block-column-is-layout-flow\">\n<figure class=\"wp-block-image\"><img loading=\"lazy\" decoding=\"async\" width=\"949\" height=\"446\" src=\"https:\/\/messer-ca.com\/wp-content\/uploads\/2019\/09\/old-label.png\" alt=\"\" class=\"wp-image-1757\" srcset=\"https:\/\/messer-ca.com\/wp-content\/uploads\/2019\/09\/old-label.png 949w, https:\/\/messer-ca.com\/wp-content\/uploads\/2019\/09\/old-label-300x141.png 300w, https:\/\/messer-ca.com\/wp-content\/uploads\/2019\/09\/old-label-768x361.png 768w\" sizes=\"auto, (max-width: 949px) 100vw, 949px\" \/><figcaption>Anciennes Marques<\/figcaption><\/figure>\n<\/div>\n\n\n\n<div class=\"wp-block-column is-layout-flow wp-block-column-is-layout-flow\">\n<figure class=\"wp-block-image\"><img loading=\"lazy\" decoding=\"async\" width=\"949\" height=\"446\" src=\"https:\/\/messer-ca.com\/wp-content\/uploads\/2019\/09\/new-label.png\" alt=\"\" class=\"wp-image-1758\" srcset=\"https:\/\/messer-ca.com\/wp-content\/uploads\/2019\/09\/new-label.png 949w, https:\/\/messer-ca.com\/wp-content\/uploads\/2019\/09\/new-label-300x141.png 300w, https:\/\/messer-ca.com\/wp-content\/uploads\/2019\/09\/new-label-768x361.png 768w\" sizes=\"auto, (max-width: 949px) 100vw, 949px\" \/><figcaption>Nouvelle marque de commerce de Messer Canada Inc.<\/figcaption><\/figure>\n<\/div>\n<\/div>\n\n\n\n<p><code><div id=\"footable_parent_1737\"\n         class=\"footable_parent ninja_table_wrapper loading_ninja_table wp_table_data_press_parent semantic_ui\">\n                <table data-ninja_table_instance=\"ninja_table_instance_0\" data-footable_id=\"1737\" data-filter-delay=\"1000\" aria-label=\"transition1.csv\"            id=\"footable_1737\"\n           data-unique_identifier=\"ninja_table_unique_id_2869834426_1737\"\n           class=\"foo-table ninja_footable foo_table_1737 ninja_table_unique_id_2869834426_1737 ui table  nt_type_ajax_table selectable striped vertical_centered  footable-paging-center\">\n                <colgroup>\n                            <col class=\"ninja_column_0\">\n                            <col class=\"ninja_column_1\">\n                    <\/colgroup>\n            <\/table>\n    \n    \n    \n<\/div>\n\n<\/code><\/p>\n\n\n\n<p style=\"text-align:center\">Pour plus d&#039;informations, veuillez contacter notre service client\u00e8le au 1 (888) 256-7359.<\/p>\n\n\n\n<p style=\"text-align:center\"><strong>* Les marques mentionn\u00e9es sont des marques commerciales et \/ ou des marques d\u00e9pos\u00e9es de Linde plc et de ses filiales.<\/strong> <br><strong>Il n&#039;y a aucune affiliation entre Linde PLC et ses soci\u00e9t\u00e9s affili\u00e9es et Messer Canada Inc.<\/strong><\/p>\n\n\n    <div class=\"resources-banner full-width\">\n        <div class=\"container min-container\">\n            <div class=\"resources-banner-img\">\n                                    <img decoding=\"async\" src=\"https:\/\/messer-ca.com\/wp-content\/uploads\/2019\/09\/lookup-preview.png\" alt=\"Transition Brochure Mockup\">\n                            <\/div>\n            <div class=\"resources-banner-text\">\n                                    <div class=\"sub-title\">Guide de transition des marques<\/div>\n                                                                    <p>T\u00e9l\u00e9chargez le guide de transition au format pdf pour impression et r\u00e9f\u00e9rence rapide.<\/p>\n                                                    <a class=\"btn btn-2\" href=\"https:\/\/messer-ca.com\/wp-content\/uploads\/2019\/10\/Messer_TriFold_Brochure_Eng-LR.pdf\">\n                        T\u00e9l\u00e9charger maintenant                    <\/a>\n                            <\/div>\n            \n        <\/div>\n    <\/div>\n\n\n\t<div class=\"text-and-button-block text-center full-width\">\n\t\t<div class=\"container\">\n\t\t\t\t\t\t\t<div class=\"text\"><p><strong>Des questions?<\/strong> Demandez \u00e0 notre \u00e9quipe. Nous sommes l\u00e0 pour vous aider.<\/p>\n<\/div>\n\t\t\t\t\t\t\t\t\t\t\t\t\t\t\t<a class=\"btn-3\" href=\"https:\/\/messer-ca.com\/fr\/contact-support\/\"  target=\"_blank\">Contactez-nous<\/a>\n\t\t\t\t\t\t\t\t\t<\/div>\n\t<\/div>","protected":false},"excerpt":{"rendered":"<p>Pour plus d&#039;informations, veuillez contacter notre service client\u00e8le au 1 (888) 256-7359 *. Les marques cit\u00e9es sont des marques commerciales et \/ ou des marques d\u00e9pos\u00e9es de Linde plc et de ses filiales. Il n&#039;existe aucune affiliation entre Linde PLC et ses filiales, et Messer. Canada inc.<\/p>","protected":false},"author":5,"featured_media":1740,"parent":0,"menu_order":0,"comment_status":"closed","ping_status":"closed","template":"pages\/template-home.php","meta":{"_acf_changed":false,"content-type":"","om_disable_all_campaigns":false,"_exactmetrics_skip_tracking":false,"_exactmetrics_sitenote_active":false,"_exactmetrics_sitenote_note":"","_exactmetrics_sitenote_category":0,"_monsterinsights_skip_tracking":false,"_monsterinsights_sitenote_active":false,"_monsterinsights_sitenote_note":"","_monsterinsights_sitenote_category":0,"footnotes":""},"class_list":["post-1738","page","type-page","status-publish","has-post-thumbnail","hentry"],"acf":[],"_links":{"self":[{"href":"https:\/\/messer-ca.com\/fr\/wp-json\/wp\/v2\/pages\/1738","targetHints":{"allow":["GET"]}}],"collection":[{"href":"https:\/\/messer-ca.com\/fr\/wp-json\/wp\/v2\/pages"}],"about":[{"href":"https:\/\/messer-ca.com\/fr\/wp-json\/wp\/v2\/types\/page"}],"author":[{"embeddable":true,"href":"https:\/\/messer-ca.com\/fr\/wp-json\/wp\/v2\/users\/5"}],"replies":[{"embeddable":true,"href":"https:\/\/messer-ca.com\/fr\/wp-json\/wp\/v2\/comments?post=1738"}],"version-history":[{"count":0,"href":"https:\/\/messer-ca.com\/fr\/wp-json\/wp\/v2\/pages\/1738\/revisions"}],"wp:featuredmedia":[{"embeddable":true,"href":"https:\/\/messer-ca.com\/fr\/wp-json\/wp\/v2\/media\/1740"}],"wp:attachment":[{"href":"https:\/\/messer-ca.com\/fr\/wp-json\/wp\/v2\/media?parent=1738"}],"curies":[{"name":"wp","href":"https:\/\/api.w.org\/{rel}","templated":true}]}}