{"id":2011,"date":"2019-11-12T19:10:46","date_gmt":"2019-11-12T19:10:46","guid":{"rendered":"https:\/\/messer-ca.com\/?page_id=2011"},"modified":"2022-11-10T23:05:55","modified_gmt":"2022-11-10T23:05:55","slug":"air-pollution-control","status":"publish","type":"page","link":"https:\/\/messer-ca.com\/fr\/industries\/environmental\/air-pollution-control\/","title":{"rendered":"Contr\u00f4le de la pollution de l&#039;air"},"content":{"rendered":"<div style=\"height:55px\" aria-hidden=\"true\" class=\"wp-block-spacer\"><\/div>\n\n\n<p>Les accords internationaux tels que les protocoles de Montr\u00e9al ou de Kyoto appellent partout l&#039;industrie \u00e0 surveiller, contr\u00f4ler et r\u00e9duire leurs \u00e9missions avant de les rejeter dans l&#039;environnement. Les moniteurs d&#039;\u00e9missions de fum\u00e9e et d&#039;\u00e9missions continues utilisent une vari\u00e9t\u00e9 d&#039;analyseurs et de capteurs de d\u00e9tection sp\u00e9cifiques aux gaz pour v\u00e9rifier la conformit\u00e9 des niveaux d&#039;\u00e9mission quotidiens aux exigences l\u00e9gislatives, ainsi que la participation potentielle aux syst\u00e8mes d&#039;\u00e9change de droits d&#039;\u00e9mission.<\/p>\n<p>Messer propose une gamme compl\u00e8te de m\u00e9langes certifi\u00e9s EPA et de gaz purs pour r\u00e9pondre \u00e0 vos besoins. La plupart des m\u00e9langes sont fabriqu\u00e9s ici au Canada dans notre usine de Whitby (ON) ou d&#039;Edmonton (AB). Vous pouvez alors b\u00e9n\u00e9ficier de la flexibilit\u00e9 et de la r\u00e9activit\u00e9 de notre approvisionnement national.<\/p>\n<p>Les tests en laboratoire du sol et de l&#039;eau mesurent la contamination r\u00e9sultant des \u00e9missions atmosph\u00e9riques, des d\u00e9charges, des d\u00e9versements chimiques et des eaux us\u00e9es. Veuillez vous r\u00e9f\u00e9rer au <a href=\"https:\/\/messer-ca.com\/fr\/technology-solutions\/analytical\/laboratories\/\">Laboratoires<\/a> section pour plus d&#039;informations.<\/p>\n<p>L&#039;instrumentation de l&#039;environnement, de la sant\u00e9 et de la s\u00e9curit\u00e9 n\u00e9cessite un \u00e9talonnage pour garantir que l&#039;\u00e9quipement de d\u00e9tection personnel fonctionne \u00e0 son efficacit\u00e9 maximale, tandis que des tests r\u00e9gionaux d&#039;\u00e9missions automobiles ont lieu pour garantir que les niveaux de pollution sont minimis\u00e9s.<\/p>\n\n\n<div style=\"height:20px\" aria-hidden=\"true\" class=\"wp-block-spacer custom-left-separator\"><\/div>\n\n\n\t<div class=\"text-and-button-block text-center full-width\">\n\t\t<div class=\"container\">\n\t\t\t\t\t\t\t<div class=\"text\"><p><strong>Des questions?<\/strong> Demandez \u00e0 notre \u00e9quipe. Nous sommes l\u00e0 pour vous aider.<\/p>\n<\/div>\n\t\t\t\t\t\t\t\t\t\t\t\t\t\t\t<a class=\"btn-3\" href=\"https:\/\/messer-ca.com\/fr\/contact-support\/\"  target=\"_blank\">Contactez-nous<\/a>\n\t\t\t\t\t\t\t\t\t<\/div>\n\t<\/div>","protected":false},"excerpt":{"rendered":"<p>International accords such as the Montreal or Kyoto protocols call on industry everywhere to monitor, control and reduce their emissions before discharging them into the environment. Smoke Stack Emission and Continuous Emission Monitors use a variety of analyzers and gas specific detection sensors to verify daily emission levels conformance to legislative requirements, as well as [&hellip;]<\/p>\n","protected":false},"author":5,"featured_media":10,"parent":846,"menu_order":0,"comment_status":"closed","ping_status":"closed","template":"pages\/template-solutions.php","meta":{"_acf_changed":false,"content-type":"","om_disable_all_campaigns":false,"_exactmetrics_skip_tracking":false,"_exactmetrics_sitenote_active":false,"_exactmetrics_sitenote_note":"","_exactmetrics_sitenote_category":0,"_monsterinsights_skip_tracking":false,"_monsterinsights_sitenote_active":false,"_monsterinsights_sitenote_note":"","_monsterinsights_sitenote_category":0,"footnotes":""},"class_list":["post-2011","page","type-page","status-publish","has-post-thumbnail","hentry"],"acf":[],"_links":{"self":[{"href":"https:\/\/messer-ca.com\/fr\/wp-json\/wp\/v2\/pages\/2011","targetHints":{"allow":["GET"]}}],"collection":[{"href":"https:\/\/messer-ca.com\/fr\/wp-json\/wp\/v2\/pages"}],"about":[{"href":"https:\/\/messer-ca.com\/fr\/wp-json\/wp\/v2\/types\/page"}],"author":[{"embeddable":true,"href":"https:\/\/messer-ca.com\/fr\/wp-json\/wp\/v2\/users\/5"}],"replies":[{"embeddable":true,"href":"https:\/\/messer-ca.com\/fr\/wp-json\/wp\/v2\/comments?post=2011"}],"version-history":[{"count":0,"href":"https:\/\/messer-ca.com\/fr\/wp-json\/wp\/v2\/pages\/2011\/revisions"}],"up":[{"embeddable":true,"href":"https:\/\/messer-ca.com\/fr\/wp-json\/wp\/v2\/pages\/846"}],"wp:featuredmedia":[{"embeddable":true,"href":"https:\/\/messer-ca.com\/fr\/wp-json\/wp\/v2\/media\/10"}],"wp:attachment":[{"href":"https:\/\/messer-ca.com\/fr\/wp-json\/wp\/v2\/media?parent=2011"}],"curies":[{"name":"wp","href":"https:\/\/api.w.org\/{rel}","templated":true}]}}