{"id":2017,"date":"2019-11-12T19:17:03","date_gmt":"2019-11-12T19:17:03","guid":{"rendered":"https:\/\/messer-ca.com\/?page_id=2017"},"modified":"2019-11-12T19:29:45","modified_gmt":"2019-11-12T19:29:45","slug":"analytical","status":"publish","type":"page","link":"https:\/\/messer-ca.com\/fr\/technology-solutions\/analytical\/","title":{"rendered":"Analytique"},"content":{"rendered":"<div class=\"info-block-2 text-center full-width\">\n    \t<img decoding=\"async\" src=\"https:\/\/messer-ca.com\/wp-content\/themes\/messercanada\/images\/grey.png\" alt=\"\">\n    \t<div class=\"container min-container\">\n    \t\t<div class=\"info-block-2-text style-large\">Si vous ne pouvez pas le mesurer, vous ne pouvez pas le comprendre.<br \/>\r\nSi vous ne pouvez pas le comprendre, vous ne pouvez pas le contr\u00f4ler.<br \/>\r\nSi vous ne pouvez pas le contr\u00f4ler, vous ne pouvez pas l&#039;am\u00e9liorer. \u201d- James Harrington<\/div>\n    \t<\/div>\n    <\/div>\n\n\n<p>Les laboratoires de recherche, de test et de mesure sont une caract\u00e9ristique d\u00e9terminante de la plus large gamme d\u2019industries - de l\u2019automobile \u00e0 la protection de l\u2019environnement en passant par la p\u00e9trochimie, l\u2019industrie pharmaceutique et la pharmacie. En fait, \u00e0 peu pr\u00e8s tout ce que nous mangeons, buvons et utilisons a \u00e9t\u00e9 analys\u00e9 \u00e0 un moment donn\u00e9 de son cycle de vie. Ind\u00e9pendamment de ce qu\u2019ils analysent ou testent, tous les laboratoires ont une chose en commun. Ils recherchent la pr\u00e9cision et font souvent appel \u00e0 des m\u00e9langes de gaz de processus et de gaz d&#039;\u00e9talonnage de haute puret\u00e9.<\/p>\n<p><\/p>\n<p>Que vous exploitiez un laboratoire interne, contractuel ou commercial sp\u00e9cialis\u00e9, vous \u00eates probablement soumis \u00e0 une pression croissante pour rester au courant des m\u00e9thodes d&#039;analyse les plus r\u00e9centes, mais \u00e9galement pour g\u00e9rer les co\u00fbts gr\u00e2ce \u00e0 des gains d&#039;efficacit\u00e9. Le d\u00e9fi consiste \u00e0 optimiser le retour sur investissement co\u00fbteux en assurant les plus hauts niveaux de pr\u00e9cision et d\u2019exactitude dans tous les flux de travail de mesure et d\u2019\u00e9talonnage. En d&#039;autres termes, vous devez r\u00e9ussir du premier coup, \u00e0 chaque fois.<\/p>\n\n\n<div style=\"height:20px\" aria-hidden=\"true\" class=\"wp-block-spacer custom-left-separator\"><\/div>\n\n\n    <div class=\"markets\">\n        \n                   <ul class=\"listreset markets-list solutions-list\">\n                                                            <li>\n                                                        <div class=\"market-text-block\">\n                                                                    <h3>\n                                                                                    <a href=\"https:\/\/messer-ca.com\/fr\/technology-solutions\/analytical\/laboratories\/\">Laboratoires<\/a>\n                                                                            <\/h3>\n                                                                                                    <p>De nombreuses techniques utilis\u00e9es dans un laboratoire d&#039;analyse ou de contr\u00f4le de la qualit\u00e9 utilisent des gaz. Il est important d&#039;utiliser la bonne qualit\u00e9 afin d&#039;\u00e9viter toute interf\u00e9rence avec l&#039;analyse. <\/p>\n                                                                                                    <a href=\"https:\/\/messer-ca.com\/fr\/technology-solutions\/analytical\/laboratories\/\">\n                                        En savoir plus                                    <\/a>\n                                                            <\/div>\n                        <\/li>\n                                                                                <li>\n                                                        <div class=\"market-text-block\">\n                                                                    <h3>\n                                                                                    <a href=\"https:\/\/messer-ca.com\/fr\/technology-solutions\/analytical\/gas-detection\/\">D\u00e9tection de gaz<\/a>\n                                                                            <\/h3>\n                                                                                                    <p>L&#039;utilisation de gaz repr\u00e9sente toujours un certain niveau de danger pouvant varier selon les quantit\u00e9s stock\u00e9es, la nature des gaz, la conception du local de stockage, la ventilation, etc.<\/p>\n                                                                                                    <a href=\"https:\/\/messer-ca.com\/fr\/technology-solutions\/analytical\/gas-detection\/\">\n                                        En savoir plus                                    <\/a>\n                                                            <\/div>\n                        <\/li>\n                                                <\/ul>\n            <\/div>\n\n\n\n<div style=\"height:20px\" aria-hidden=\"true\" class=\"wp-block-spacer custom-right-separator\"><\/div>\n\n\n\t<div class=\"text-and-button-block text-center full-width\">\n\t\t<div class=\"container\">\n\t\t\t\t\t\t\t<div class=\"text\"><p><strong>Des questions?<\/strong> Demandez \u00e0 notre \u00e9quipe. Nous sommes l\u00e0 pour vous aider.<\/p>\n<\/div>\n\t\t\t\t\t\t\t\t\t\t\t\t\t\t\t<a class=\"btn-3\" href=\"https:\/\/messer-ca.com\/fr\/contact-support\/\"  target=\"_blank\">Contactez-nous<\/a>\n\t\t\t\t\t\t\t\t\t<\/div>\n\t<\/div>","protected":false},"excerpt":{"rendered":"<p>Research, testing and measurement laboratories are a defining feature across the broadest range of industries \u2013 from automotive and power through petrochemicals and pharmaceuticals to environmental protection. In fact, just about everything we eat, drink and use has been analyzed at some point in its lifecycle. Regardless of what they are analyzing or testing, all [&hellip;]<\/p>\n","protected":false},"author":5,"featured_media":45,"parent":71,"menu_order":0,"comment_status":"closed","ping_status":"closed","template":"pages\/template-home.php","meta":{"_acf_changed":false,"content-type":"","om_disable_all_campaigns":false,"_exactmetrics_skip_tracking":false,"_exactmetrics_sitenote_active":false,"_exactmetrics_sitenote_note":"","_exactmetrics_sitenote_category":0,"_monsterinsights_skip_tracking":false,"_monsterinsights_sitenote_active":false,"_monsterinsights_sitenote_note":"","_monsterinsights_sitenote_category":0,"footnotes":""},"class_list":["post-2017","page","type-page","status-publish","has-post-thumbnail","hentry"],"acf":[],"_links":{"self":[{"href":"https:\/\/messer-ca.com\/fr\/wp-json\/wp\/v2\/pages\/2017","targetHints":{"allow":["GET"]}}],"collection":[{"href":"https:\/\/messer-ca.com\/fr\/wp-json\/wp\/v2\/pages"}],"about":[{"href":"https:\/\/messer-ca.com\/fr\/wp-json\/wp\/v2\/types\/page"}],"author":[{"embeddable":true,"href":"https:\/\/messer-ca.com\/fr\/wp-json\/wp\/v2\/users\/5"}],"replies":[{"embeddable":true,"href":"https:\/\/messer-ca.com\/fr\/wp-json\/wp\/v2\/comments?post=2017"}],"version-history":[{"count":0,"href":"https:\/\/messer-ca.com\/fr\/wp-json\/wp\/v2\/pages\/2017\/revisions"}],"up":[{"embeddable":true,"href":"https:\/\/messer-ca.com\/fr\/wp-json\/wp\/v2\/pages\/71"}],"wp:featuredmedia":[{"embeddable":true,"href":"https:\/\/messer-ca.com\/fr\/wp-json\/wp\/v2\/media\/45"}],"wp:attachment":[{"href":"https:\/\/messer-ca.com\/fr\/wp-json\/wp\/v2\/media?parent=2017"}],"curies":[{"name":"wp","href":"https:\/\/api.w.org\/{rel}","templated":true}]}}