{"id":2021,"date":"2019-11-12T19:22:08","date_gmt":"2019-11-12T19:22:08","guid":{"rendered":"https:\/\/messer-ca.com\/?page_id=2021"},"modified":"2019-11-12T19:23:40","modified_gmt":"2019-11-12T19:23:40","slug":"laboratories","status":"publish","type":"page","link":"https:\/\/messer-ca.com\/fr\/technology-solutions\/analytical\/laboratories\/","title":{"rendered":"Laboratoires"},"content":{"rendered":"<div style=\"height:55px\" aria-hidden=\"true\" class=\"wp-block-spacer\"><\/div>\n\n\n<p>De nombreuses techniques utilis\u00e9es dans un laboratoire d&#039;analyse ou de contr\u00f4le de la qualit\u00e9 utilisent des gaz. Il est important d\u2019utiliser la bonne qualit\u00e9 afin d\u2019emp\u00eacher toute interf\u00e9rence avec l\u2019analyse. Il est \u00e9galement important d\u2019utiliser un syst\u00e8me de distribution de gaz qui corresponde \u00e0 la puret\u00e9 du gaz. Cela garantira que la qualit\u00e9 du gaz dans la bouteille reste la m\u00eame pendant son trajet vers son point d&#039;utilisation.<\/p>\n<p>Pour des exigences sp\u00e9cifiques en mati\u00e8re de qualit\u00e9 du gaz, veuillez vous reporter au manuel d&#039;utilisation de votre instrument ou de votre d\u00e9tecteur.<\/p>\n<p>Vous pouvez \u00e9galement vous r\u00e9f\u00e9rer aux informations ci-dessous en tant que directives g\u00e9n\u00e9rales.<\/p>\n\n\n<div id=\"footable_parent_2025\"\n         class=\"footable_parent ninja_table_wrapper loading_ninja_table wp_table_data_press_parent semantic_ui\">\n                <table data-ninja_table_instance=\"ninja_table_instance_0\" data-footable_id=\"2025\" data-filter-delay=\"1000\" aria-label=\"Laboratoires.csv\"            id=\"footable_2025\"\n           data-unique_identifier=\"ninja_table_unique_id_618054896_2025\"\n           class=\"foo-table ninja_footable foo_table_2025 ninja_table_unique_id_618054896_2025 ui table  nt_type_ajax_table selectable striped vertical_centered  footable-paging-right\">\n                <colgroup>\n                            <col class=\"ninja_column_0\">\n                            <col class=\"ninja_column_1\">\n                            <col class=\"ninja_column_2\">\n                            <col class=\"ninja_column_3\">\n                            <col class=\"ninja_column_4\">\n                            <col class=\"ninja_column_5\">\n                            <col class=\"ninja_column_6\">\n                    <\/colgroup>\n            <\/table>\n    \n    \n    \n<\/div>\n\n\n\n\n<div style=\"height:20px\" aria-hidden=\"true\" class=\"wp-block-spacer custom-left-separator\"><\/div>\n\n\n\t<div class=\"text-and-button-block text-center full-width\">\n\t\t<div class=\"container\">\n\t\t\t\t\t\t\t<div class=\"text\"><p><strong>Des questions?<\/strong> Demandez \u00e0 notre \u00e9quipe. Nous sommes l\u00e0 pour vous aider.<\/p>\n<\/div>\n\t\t\t\t\t\t\t\t\t\t\t\t\t\t\t<a class=\"btn-3\" href=\"https:\/\/messer-ca.com\/fr\/contact-support\/\"  target=\"_blank\">Contactez-nous<\/a>\n\t\t\t\t\t\t\t\t\t<\/div>\n\t<\/div>","protected":false},"excerpt":{"rendered":"<p>Many techniques used in an analytical or quality control laboratory use gases. It is important to use the right quality that will prevent possible interferences with the analysis. It is equally important to use a gas distribution system that will match the purity of the gas. This will ensure the quality of the gas in [&hellip;]<\/p>\n","protected":false},"author":5,"featured_media":10,"parent":2017,"menu_order":0,"comment_status":"closed","ping_status":"closed","template":"pages\/template-solutions.php","meta":{"_acf_changed":false,"content-type":"","om_disable_all_campaigns":false,"_exactmetrics_skip_tracking":false,"_exactmetrics_sitenote_active":false,"_exactmetrics_sitenote_note":"","_exactmetrics_sitenote_category":0,"_monsterinsights_skip_tracking":false,"_monsterinsights_sitenote_active":false,"_monsterinsights_sitenote_note":"","_monsterinsights_sitenote_category":0,"footnotes":""},"class_list":["post-2021","page","type-page","status-publish","has-post-thumbnail","hentry"],"acf":[],"_links":{"self":[{"href":"https:\/\/messer-ca.com\/fr\/wp-json\/wp\/v2\/pages\/2021","targetHints":{"allow":["GET"]}}],"collection":[{"href":"https:\/\/messer-ca.com\/fr\/wp-json\/wp\/v2\/pages"}],"about":[{"href":"https:\/\/messer-ca.com\/fr\/wp-json\/wp\/v2\/types\/page"}],"author":[{"embeddable":true,"href":"https:\/\/messer-ca.com\/fr\/wp-json\/wp\/v2\/users\/5"}],"replies":[{"embeddable":true,"href":"https:\/\/messer-ca.com\/fr\/wp-json\/wp\/v2\/comments?post=2021"}],"version-history":[{"count":0,"href":"https:\/\/messer-ca.com\/fr\/wp-json\/wp\/v2\/pages\/2021\/revisions"}],"up":[{"embeddable":true,"href":"https:\/\/messer-ca.com\/fr\/wp-json\/wp\/v2\/pages\/2017"}],"wp:featuredmedia":[{"embeddable":true,"href":"https:\/\/messer-ca.com\/fr\/wp-json\/wp\/v2\/media\/10"}],"wp:attachment":[{"href":"https:\/\/messer-ca.com\/fr\/wp-json\/wp\/v2\/media?parent=2021"}],"curies":[{"name":"wp","href":"https:\/\/api.w.org\/{rel}","templated":true}]}}