{"id":2023,"date":"2019-11-12T19:29:18","date_gmt":"2019-11-12T19:29:18","guid":{"rendered":"https:\/\/messer-ca.com\/?page_id=2023"},"modified":"2019-11-12T19:29:18","modified_gmt":"2019-11-12T19:29:18","slug":"gas-detection","status":"publish","type":"page","link":"https:\/\/messer-ca.com\/fr\/technology-solutions\/analytical\/gas-detection\/","title":{"rendered":"D\u00e9tection de gaz"},"content":{"rendered":"<div style=\"height:55px\" aria-hidden=\"true\" class=\"wp-block-spacer\"><\/div>\n\n\n<p>L&#039;utilisation de gaz repr\u00e9sente toujours un certain niveau de danger pouvant varier en fonction des quantit\u00e9s stock\u00e9es, de la nature des gaz, de la conception du local de stockage, de la ventilation, etc. Un d\u00e9gagement accidentel de gaz peut \u00eatre caus\u00e9 par une petite fuite du raccord du d\u00e9tendeur au cylindre. ou une panne d&#039;\u00e9quipement; Les cons\u00e9quences sur chacun de ces sc\u00e9narios extr\u00eames pourraient \u00eatre tout aussi dramatiques si les conditions \u00e9taient r\u00e9unies. Aucune situation ne devrait donc \u00eatre trait\u00e9e \u00e0 la l\u00e9g\u00e8re. Les gaz tels que l&#039;h\u00e9lium, l&#039;azote ou l&#039;argon sont chimiquement neutres, mais le danger r\u00e9side dans le fait qu&#039;ils d\u00e9placent l&#039;oxyg\u00e8ne et peuvent repr\u00e9senter un risque d&#039;anoxie s&#039;ils sont autoris\u00e9s \u00e0 descendre sous 19,5%. L&#039;oxyg\u00e8ne est \u00e9galement une menace souvent sous-estim\u00e9e, car une atmosph\u00e8re enrichie en oxyg\u00e8ne peut causer des objets normalement ininflammables \u00e0 prendre feu en pr\u00e9sence d&#039;une \u00e9tincelle.<\/p>\n<p>Messer propose une large gamme de d\u00e9tecteurs de gaz fixes, de moniteurs de gaz personnels, de tous les gaz et du mat\u00e9riel de manutention associ\u00e9, pour effectuer les contr\u00f4les quotidiens et les \u00e9talonnages semestriels recommand\u00e9s.<\/p>\n\n\n<div style=\"height:20px\" aria-hidden=\"true\" class=\"wp-block-spacer custom-left-separator\"><\/div>\n\n\n\t<div class=\"text-and-button-block text-center full-width\">\n\t\t<div class=\"container\">\n\t\t\t\t\t\t\t<div class=\"text\"><p><strong>Des questions?<\/strong> Demandez \u00e0 notre \u00e9quipe. Nous sommes l\u00e0 pour vous aider.<\/p>\n<\/div>\n\t\t\t\t\t\t\t\t\t\t\t\t\t\t\t<a class=\"btn-3\" href=\"https:\/\/messer-ca.com\/fr\/contact-support\/\"  target=\"_blank\">Contactez-nous<\/a>\n\t\t\t\t\t\t\t\t\t<\/div>\n\t<\/div>","protected":false},"excerpt":{"rendered":"<p>The use of gases always represents a certain level of danger which may varies with quantities stocked, nature of the gases, design of the storing room, ventilation, etc. Accidental gas release could be caused by a small leak on the regulator-cylinder valve connection or an equipment failure; consequences on each of these extreme scenarios could [&hellip;]<\/p>\n","protected":false},"author":5,"featured_media":10,"parent":2017,"menu_order":0,"comment_status":"closed","ping_status":"closed","template":"pages\/template-solutions.php","meta":{"_acf_changed":false,"content-type":"","om_disable_all_campaigns":false,"_exactmetrics_skip_tracking":false,"_exactmetrics_sitenote_active":false,"_exactmetrics_sitenote_note":"","_exactmetrics_sitenote_category":0,"_monsterinsights_skip_tracking":false,"_monsterinsights_sitenote_active":false,"_monsterinsights_sitenote_note":"","_monsterinsights_sitenote_category":0,"footnotes":""},"class_list":["post-2023","page","type-page","status-publish","has-post-thumbnail","hentry"],"acf":[],"_links":{"self":[{"href":"https:\/\/messer-ca.com\/fr\/wp-json\/wp\/v2\/pages\/2023","targetHints":{"allow":["GET"]}}],"collection":[{"href":"https:\/\/messer-ca.com\/fr\/wp-json\/wp\/v2\/pages"}],"about":[{"href":"https:\/\/messer-ca.com\/fr\/wp-json\/wp\/v2\/types\/page"}],"author":[{"embeddable":true,"href":"https:\/\/messer-ca.com\/fr\/wp-json\/wp\/v2\/users\/5"}],"replies":[{"embeddable":true,"href":"https:\/\/messer-ca.com\/fr\/wp-json\/wp\/v2\/comments?post=2023"}],"version-history":[{"count":0,"href":"https:\/\/messer-ca.com\/fr\/wp-json\/wp\/v2\/pages\/2023\/revisions"}],"up":[{"embeddable":true,"href":"https:\/\/messer-ca.com\/fr\/wp-json\/wp\/v2\/pages\/2017"}],"wp:featuredmedia":[{"embeddable":true,"href":"https:\/\/messer-ca.com\/fr\/wp-json\/wp\/v2\/media\/10"}],"wp:attachment":[{"href":"https:\/\/messer-ca.com\/fr\/wp-json\/wp\/v2\/media?parent=2023"}],"curies":[{"name":"wp","href":"https:\/\/api.w.org\/{rel}","templated":true}]}}