{"id":2039,"date":"2019-12-05T20:36:36","date_gmt":"2019-12-05T20:36:36","guid":{"rendered":"https:\/\/messer-ca.com\/?page_id=2039"},"modified":"2019-12-05T20:37:30","modified_gmt":"2019-12-05T20:37:30","slug":"maintenance","status":"publish","type":"page","link":"https:\/\/messer-ca.com\/fr\/maintenance\/","title":{"rendered":""},"content":{"rendered":"<div style=\"height:100px\" aria-hidden=\"true\" class=\"wp-block-spacer\"><\/div>\n\n\n\n<p style=\"text-align:center; font-size:48px; font-weight:600; color:#004fa3;\">Toutes nos excuses!  Le <i>WebShop<\/i> de Messer est pr\u00e9sentement en maintenance et n\u2019est pas disponible.<\/p>\n\n\n\n<div style=\"height:100px\" aria-hidden=\"true\" class=\"wp-block-spacer\"><\/div>\n\n\n\n<p style=\"text-align:center; font-size:20px;\" class=\"translation-block\">Pour passer une commande, veuillez contacter notre Centre de service \u00e0 la client\u00e8le du lundi au vendredi, de 8 h \u00e0 17 h (heure locale).<\/p>\n\n\n\n<div style=\"height:51px\" aria-hidden=\"true\" class=\"wp-block-spacer\"><\/div>\n\n\n\n<hr class=\"wp-block-separator\"\/>\n\n\n\n<div style=\"height:51px\" aria-hidden=\"true\" class=\"wp-block-spacer\"><\/div>\n\n\n\n<p style=\"text-align:center; font-size:28px;\">Ligne d'intervention d'urgence \u00ab On-Alert \u00bb :&nbsp;<a rel=\"noreferrer noopener\" href=\"tel:+19055010802\" target=\"_blank\">+1-905-501-0802<\/a><br> (24 heures sur 24, 7 jours sur 7) <\/p>","protected":false},"excerpt":{"rendered":"<p>Nous nous excusons! Le Messer WebShop est en cours de maintenance et n&#039;est actuellement pas disponible. Pour passer votre commande, veuillez communiquer avec notre Centre de service \u00e0 la client\u00e8le du lundi au vendredi, de 8 h \u00e0 17 h (heure locale) au 1-888-256-7359. Ligne d&#039;intervention en cas d&#039;urgence: + 1-905-501-0802 (24 heures par jour, 7 jours par semaine)<\/p>","protected":false},"author":5,"featured_media":0,"parent":0,"menu_order":0,"comment_status":"closed","ping_status":"closed","template":"pages\/template-home.php","meta":{"_acf_changed":false,"content-type":"","om_disable_all_campaigns":false,"_exactmetrics_skip_tracking":false,"_exactmetrics_sitenote_active":false,"_exactmetrics_sitenote_note":"","_exactmetrics_sitenote_category":0,"_monsterinsights_skip_tracking":false,"_monsterinsights_sitenote_active":false,"_monsterinsights_sitenote_note":"","_monsterinsights_sitenote_category":0,"footnotes":""},"class_list":["post-2039","page","type-page","status-publish","hentry"],"acf":[],"_links":{"self":[{"href":"https:\/\/messer-ca.com\/fr\/wp-json\/wp\/v2\/pages\/2039","targetHints":{"allow":["GET"]}}],"collection":[{"href":"https:\/\/messer-ca.com\/fr\/wp-json\/wp\/v2\/pages"}],"about":[{"href":"https:\/\/messer-ca.com\/fr\/wp-json\/wp\/v2\/types\/page"}],"author":[{"embeddable":true,"href":"https:\/\/messer-ca.com\/fr\/wp-json\/wp\/v2\/users\/5"}],"replies":[{"embeddable":true,"href":"https:\/\/messer-ca.com\/fr\/wp-json\/wp\/v2\/comments?post=2039"}],"version-history":[{"count":0,"href":"https:\/\/messer-ca.com\/fr\/wp-json\/wp\/v2\/pages\/2039\/revisions"}],"wp:attachment":[{"href":"https:\/\/messer-ca.com\/fr\/wp-json\/wp\/v2\/media?parent=2039"}],"curies":[{"name":"wp","href":"https:\/\/api.w.org\/{rel}","templated":true}]}}