{"id":2073,"date":"2020-01-29T17:26:42","date_gmt":"2020-01-29T17:26:42","guid":{"rendered":"https:\/\/messer-ca.com\/?page_id=2073"},"modified":"2023-08-11T15:22:51","modified_gmt":"2023-08-11T15:22:51","slug":"airstorm","status":"publish","type":"page","link":"https:\/\/messer-ca.com\/fr\/products\/airstorm-products\/airstorm\/","title":{"rendered":"Extracteur de fum\u00e9e portable AirSTORM"},"content":{"rendered":"<div class=\"info-block-2 text-center full-width\">\n    \t<img decoding=\"async\" src=\"https:\/\/messer-ca.com\/wp-content\/themes\/messercanada\/images\/grey.png\" alt=\"\">\n    \t<div class=\"container min-container\">\n    \t\t<div class=\"info-block-2-text style-large\">Extracteur de fum\u00e9e AirSTORM<\/div>\n    \t<\/div>\n    <\/div>\n\n\n\n<div class=\"wp-block-media-text alignwide is-stacked-on-mobile\"><figure class=\"wp-block-media-text__media\"><img loading=\"lazy\" decoding=\"async\" width=\"1024\" height=\"870\" src=\"https:\/\/messer-ca.com\/wp-content\/uploads\/2020\/01\/AirStorm-in-use-4-1024x870.jpg\" alt=\"\" class=\"wp-image-2075 size-full\" srcset=\"https:\/\/messer-ca.com\/wp-content\/uploads\/2020\/01\/AirStorm-in-use-4-1024x870.jpg 1024w, https:\/\/messer-ca.com\/wp-content\/uploads\/2020\/01\/AirStorm-in-use-4-300x255.jpg 300w, https:\/\/messer-ca.com\/wp-content\/uploads\/2020\/01\/AirStorm-in-use-4-768x653.jpg 768w\" sizes=\"auto, (max-width: 1024px) 100vw, 1024px\" \/><\/figure><div class=\"wp-block-media-text__content\">\n<p>Con\u00e7u pour un transport et un positionnement faciles, l&#039;AirSTORM \u00e9limine les fum\u00e9es de soudure, la poussi\u00e8re et autres toxines \u00e0 la source. Capturant les contaminants en suspension dans l&#039;air aussi petits que 0,5 microns, l&#039;AirSTORM est \u00e9quip\u00e9 d&#039;un filtre en nanofibres class\u00e9 Merv 15. Son bras de capture articul\u00e9 de 10 pieds permet un positionnement facile afin que les travailleurs puissent effectuer des t\u00e2ches en toute s\u00e9curit\u00e9 et confortablement.<\/p>\n\n\n\n<p>Surpassant la concurrence, la vitesse de capture \u00e0 haute aspiration d&#039;AirSTORM extrait et filtre les poussi\u00e8res et les fum\u00e9es plus loin du capot. Une installation d&#039;air plus propre est garantie.<\/p>\n<\/div><\/div>\n\n\n\n<div style=\"height:65px\" aria-hidden=\"true\" class=\"wp-block-spacer\"><\/div>\n\n\n\n<div class=\"wp-block-columns has-2-columns is-layout-flex wp-container-core-columns-is-layout-9d6595d7 wp-block-columns-is-layout-flex\">\n<div class=\"wp-block-column is-layout-flow wp-block-column-is-layout-flow\">\n<p><\/p>\n\n\n\n<iframe loading=\"lazy\" width=\"560\" height=\"315\" src=\"https:\/\/www.youtube-nocookie.com\/embed\/dpvw1CPFJlI\" title=\"lecteur vid\u00e9o YouTube\" frameborder=\"0\" allow=\"accelerometer; autoplay; clipboard-write; encrypted-media; gyroscope; picture-in-picture\" allowfullscreen=\"\"><\/iframe>\n<\/div>\n\n\n\n<div class=\"wp-block-column is-layout-flow wp-block-column-is-layout-flow\">\n<h2 class=\"wp-block-heading\">Charact\u00e9ristiques<\/h2>\n\n\n\n<ul class=\"wp-block-list\"><li>Bras de capture flexible de 10 pieds, avec articulation interne.<\/li><li>Moteur de 1.5HP, 1750 RPM (TEFC), produisant 800 CFM<\/li><li>Filtre Nanofibre 14 \u201dfacile \u00e0 entretenir (MERV 15)<\/li><li> D\u00e9marreur rotatif avec cordon d\u2019alimentation de 15 po et roulettes<\/li><\/ul>\n\n\n\n<h2 class=\"wp-block-heading\">Avantages<\/h2>\n\n\n\n<ul class=\"wp-block-list\"><li>Compact, portable et facile \u00e0 man\u0153uvrer 120 volts, monophas\u00e9<\/li><li>Capture \u00e0 la source<\/li><li>Conforme aux normes d\u2019OSHA concernant le contr\u00f4le des fum\u00e9es de soudage.<\/li><\/ul>\n<\/div>\n<\/div>\n\n\n\n<div class=\"wp-block-columns has-2-columns is-layout-flex wp-container-core-columns-is-layout-9d6595d7 wp-block-columns-is-layout-flex\">\n<div class=\"wp-block-column is-layout-flow wp-block-column-is-layout-flow\">\n<p><\/p>\n<\/div>\n\n\n\n<div class=\"wp-block-column is-layout-flow wp-block-column-is-layout-flow\">\n<p><\/p>\n<\/div>\n<\/div>\n\n\n\t<div class=\"text-and-button-block text-center full-width\">\n\t\t<div class=\"container\">\n\t\t\t\t\t\t\t<div class=\"text\"><p><strong>Pour plus d&#039;informations ou pour passer une commande, veuillez appeler<\/strong> 1 (866) 256-7359<\/p>\n<\/div>\n\t\t\t\t\t\t\t\t<\/div>\n\t<\/div>\n\n\n    <div class=\"resources-banner full-width\">\n        <div class=\"container min-container\">\n            <div class=\"resources-banner-img\">\n                                    <img decoding=\"async\" src=\"https:\/\/messer-ca.com\/wp-content\/uploads\/2020\/01\/AirStormDataSheetImage.png\" alt=\"Air Storm Data Sheet\">\n                            <\/div>\n            <div class=\"resources-banner-text\">\n                                                    <h3>Fiche technique AirSTORM<\/h3>\n                                                    <p>Vous voulez en savoir plus sur l&#039;extracteur de fum\u00e9e portable AirSTORM, t\u00e9l\u00e9chargez la fiche technique ici.<\/p>\n                                                    <a class=\"btn btn-2\" href=\"https:\/\/messer-ca.com\/wp-content\/uploads\/2020\/01\/3941F_AirSTORM_DataSheet.pdf\" target=\"_blank\">\n                        T\u00e9l\u00e9chargez                    <\/a>\n                            <\/div>\n            \n        <\/div>\n    <\/div>\n\n\n\n<div style=\"height:60px\" aria-hidden=\"true\" class=\"wp-block-spacer\"><\/div>\n\n\n\n<div class=\"wp-block-columns has-3-columns is-layout-flex wp-container-core-columns-is-layout-9d6595d7 wp-block-columns-is-layout-flex\">\n<div class=\"wp-block-column is-layout-flow wp-block-column-is-layout-flow\">\n<div class=\"wp-block-image\"><figure class=\"aligncenter is-resized\"><img loading=\"lazy\" decoding=\"async\" src=\"https:\/\/messer-ca.com\/wp-content\/uploads\/2020\/01\/AirSTORM-5-322x1024.png\" alt=\"\" class=\"wp-image-2078\" width=\"121\" height=\"385\" srcset=\"https:\/\/messer-ca.com\/wp-content\/uploads\/2020\/01\/AirSTORM-5-322x1024.png 322w, https:\/\/messer-ca.com\/wp-content\/uploads\/2020\/01\/AirSTORM-5-94x300.png 94w, https:\/\/messer-ca.com\/wp-content\/uploads\/2020\/01\/AirSTORM-5.png 601w\" sizes=\"auto, (max-width: 121px) 100vw, 121px\" \/><\/figure><\/div>\n<\/div>\n\n\n\n<div class=\"wp-block-column is-layout-flow wp-block-column-is-layout-flow\">\n<div class=\"wp-block-image\"><figure class=\"aligncenter is-resized\"><img loading=\"lazy\" decoding=\"async\" src=\"https:\/\/messer-ca.com\/wp-content\/uploads\/2020\/01\/AirSTORM-3-959x1024.png\" alt=\"\" class=\"wp-image-2076\" width=\"365\" height=\"389\" srcset=\"https:\/\/messer-ca.com\/wp-content\/uploads\/2020\/01\/AirSTORM-3-959x1024.png 959w, https:\/\/messer-ca.com\/wp-content\/uploads\/2020\/01\/AirSTORM-3-281x300.png 281w, https:\/\/messer-ca.com\/wp-content\/uploads\/2020\/01\/AirSTORM-3-768x820.png 768w, https:\/\/messer-ca.com\/wp-content\/uploads\/2020\/01\/AirSTORM-3.png 1729w\" sizes=\"auto, (max-width: 365px) 100vw, 365px\" \/><\/figure><\/div>\n<\/div>\n\n\n\n<div class=\"wp-block-column is-layout-flow wp-block-column-is-layout-flow\">\n<div class=\"wp-block-image\"><figure class=\"aligncenter is-resized\"><img loading=\"lazy\" decoding=\"async\" src=\"https:\/\/messer-ca.com\/wp-content\/uploads\/2020\/01\/AirSTORM-6-314x1024.png\" alt=\"\" class=\"wp-image-2079\" width=\"120\" height=\"393\"\/><\/figure><\/div>\n<\/div>\n<\/div>\n\n\n\n<div style=\"height:60px\" aria-hidden=\"true\" class=\"wp-block-spacer\"><\/div>\n\n\n\n<h3 class=\"wp-block-heading\">Sp\u00e9cifications du produit<\/h3>\n\n\n\n<div id=\"footable_parent_2223\"\n         class=\"footable_parent ninja_table_wrapper loading_ninja_table wp_table_data_press_parent semantic_ui\">\n                <table data-ninja_table_instance=\"ninja_table_instance_0\" data-footable_id=\"2223\" data-filter-delay=\"1000\" aria-label=\"ProductSpecs.csv\"            id=\"footable_2223\"\n           data-unique_identifier=\"ninja_table_unique_id_1185610044_2223\"\n           class=\"foo-table ninja_footable foo_table_2223 ninja_table_unique_id_1185610044_2223 ui table  nt_type_ajax_table selectable hide_horizonal_borders hide_vertical_borders striped vertical_centered  footable-paging-right ninja_table_search_disabled\">\n                <colgroup>\n                            <col class=\"ninja_column_0\">\n                            <col class=\"ninja_column_1\">\n                            <col class=\"ninja_column_2\">\n                            <col class=\"ninja_column_3\">\n                            <col class=\"ninja_column_4\">\n                            <col class=\"ninja_column_5\">\n                            <col class=\"ninja_column_6\">\n                            <col class=\"ninja_column_7\">\n                            <col class=\"ninja_column_8\">\n                            <col class=\"ninja_column_9\">\n                            <col class=\"ninja_column_10\">\n                    <\/colgroup>\n            <\/table>\n    \n    \n    \n<\/div>\n\n\n\n\n<div style=\"height:60px\" aria-hidden=\"true\" class=\"wp-block-spacer\"><\/div>\n\n\n\n<h3 class=\"wp-block-heading\">Sp\u00e9cifications des bras<\/h3>\n\n\n\n<div id=\"footable_parent_2226\"\n         class=\"footable_parent ninja_table_wrapper loading_ninja_table wp_table_data_press_parent semantic_ui\">\n                <table data-ninja_table_instance=\"ninja_table_instance_1\" data-footable_id=\"2226\" data-filter-delay=\"1000\" aria-label=\"ArmSpecs.csv\"            id=\"footable_2226\"\n           data-unique_identifier=\"ninja_table_unique_id_3801651768_2226\"\n           class=\"foo-table ninja_footable foo_table_2226 ninja_table_unique_id_3801651768_2226 ui table  nt_type_ajax_table selectable hide_horizonal_borders hide_vertical_borders striped vertical_centered  footable-paging-right ninja_table_search_disabled\">\n                <colgroup>\n                            <col class=\"ninja_column_0\">\n                            <col class=\"ninja_column_1\">\n                            <col class=\"ninja_column_2\">\n                    <\/colgroup>\n            <\/table>\n    \n    \n    \n<\/div>\n\n\n\n\n<div style=\"height:61px\" aria-hidden=\"true\" class=\"wp-block-spacer\"><\/div>\n\n\n\n<div class=\"wp-block-columns has-2-columns is-layout-flex wp-container-core-columns-is-layout-9d6595d7 wp-block-columns-is-layout-flex\">\n<div class=\"wp-block-column is-layout-flow wp-block-column-is-layout-flow\">\n<h3 class=\"wp-block-heading\">Filtre primaire<\/h3>\n\n\n\n<p>Comprend : un filtre \u00e0 cartouche MERV 15\nen nanofibres qui capture des particules de\nau niveau submicronique, et une technologie\nde charge superficielle qui permet de\nd\u00e9loger facilement la poussi\u00e8re lors du\nnettoyage \u00e0 l\u2019air comprim\u00e9.<\/p>\n<\/div>\n\n\n\n<div class=\"wp-block-column is-layout-flow wp-block-column-is-layout-flow\">\n<div class=\"wp-block-image\"><figure class=\"aligncenter\"><img loading=\"lazy\" decoding=\"async\" width=\"127\" height=\"193\" src=\"https:\/\/messer-ca.com\/wp-content\/uploads\/2020\/01\/Airstormfilter.jpg\" alt=\"Airstorm Filter\" class=\"wp-image-2119\"\/><\/figure><\/div>\n\n\n\n<h4 style=\"text-align:center;\"><a href=\"#\">S-AS-14NF<\/a><\/h4>\n<\/div>\n<\/div>\n\n\n\n<div id=\"footable_parent_2233\"\n         class=\"footable_parent ninja_table_wrapper loading_ninja_table wp_table_data_press_parent semantic_ui\">\n                <table data-ninja_table_instance=\"ninja_table_instance_2\" data-footable_id=\"2233\" data-filter-delay=\"1000\" aria-label=\"FilterSpecs.csv\"            id=\"footable_2233\"\n           data-unique_identifier=\"ninja_table_unique_id_1113412311_2233\"\n           class=\"foo-table ninja_footable foo_table_2233 ninja_table_unique_id_1113412311_2233 ui table  nt_type_ajax_table selectable hide_horizonal_borders hide_vertical_borders striped vertical_centered  footable-paging-right ninja_table_search_disabled\">\n                <colgroup>\n                            <col class=\"ninja_column_0\">\n                            <col class=\"ninja_column_1\">\n                            <col class=\"ninja_column_2\">\n                            <col class=\"ninja_column_3\">\n                            <col class=\"ninja_column_4\">\n                            <col class=\"ninja_column_5\">\n                            <col class=\"ninja_column_6\">\n                            <col class=\"ninja_column_7\">\n                            <col class=\"ninja_column_8\">\n                    <\/colgroup>\n            <\/table>\n    \n    \n    \n<\/div>\n\n\n\n    <div class=\"resources-banner full-width\">\n        <div class=\"container min-container\">\n            <div class=\"resources-banner-img\">\n                                    <img decoding=\"async\" src=\"https:\/\/messer-ca.com\/wp-content\/uploads\/2020\/02\/ManualCover.jpg\" alt=\"\">\n                            <\/div>\n            <div class=\"resources-banner-text\">\n                                                    <h3>Manuel d&#039;utilisation et de maintenance d&#039;AirSTORM<\/h3>\n                                                    <p>Pour des informations d\u00e9taill\u00e9es sur l&#039;extracteur de fum\u00e9e portable AirSTORM, t\u00e9l\u00e9chargez le manuel d&#039;utilisation et de maintenance ici.<\/p>\n                                                    <a class=\"btn btn-2\" href=\"https:\/\/messer-ca.com\/wp-content\/uploads\/2020\/02\/3941EF_Airstorm-User-Manual_final.pdf\" target=\"_blank\">\n                        T\u00e9l\u00e9chargez                    <\/a>\n                            <\/div>\n            \n        <\/div>\n    <\/div>\n\n\n\n<div style=\"height:61px\" aria-hidden=\"true\" class=\"wp-block-spacer\"><\/div>\n\n\n\t<div class=\"text-and-button-block text-center full-width\">\n\t\t<div class=\"container\">\n\t\t\t\t\t\t\t<div class=\"text\"><p><strong>Des questions?<\/strong> Demandez \u00e0 notre \u00e9quipe. Nous sommes l\u00e0 pour vous aider.<\/p>\n<\/div>\n\t\t\t\t\t\t\t\t\t\t\t\t\t\t\t<a class=\"btn-3\" href=\"https:\/\/messer-ca.com\/fr\/contact-support\/\"  target=\"_blank\">Contactez-nous<\/a>\n\t\t\t\t\t\t\t\t\t<\/div>\n\t<\/div>","protected":false},"excerpt":{"rendered":"<p>Designed for easy transport and positioning, the AirSTORM removes weld fumes, dust and other toxins at the source. Capturing airborne contaminants as small as 0.5 microns, the AirSTORM comes equipped with a Merv 15 rated Nanofiber filter. It&#8217;s 10\u2019 internally articulated capture arm allows for easy positioning so workers can perform tasks safely and comfortably. [&hellip;]<\/p>\n","protected":false},"author":5,"featured_media":2147,"parent":4902,"menu_order":0,"comment_status":"closed","ping_status":"closed","template":"pages\/template-home.php","meta":{"_acf_changed":false,"content-type":"","om_disable_all_campaigns":false,"_exactmetrics_skip_tracking":false,"_exactmetrics_sitenote_active":false,"_exactmetrics_sitenote_note":"","_exactmetrics_sitenote_category":0,"_monsterinsights_skip_tracking":false,"_monsterinsights_sitenote_active":false,"_monsterinsights_sitenote_note":"","_monsterinsights_sitenote_category":0,"footnotes":""},"class_list":["post-2073","page","type-page","status-publish","has-post-thumbnail","hentry"],"acf":[],"_links":{"self":[{"href":"https:\/\/messer-ca.com\/fr\/wp-json\/wp\/v2\/pages\/2073","targetHints":{"allow":["GET"]}}],"collection":[{"href":"https:\/\/messer-ca.com\/fr\/wp-json\/wp\/v2\/pages"}],"about":[{"href":"https:\/\/messer-ca.com\/fr\/wp-json\/wp\/v2\/types\/page"}],"author":[{"embeddable":true,"href":"https:\/\/messer-ca.com\/fr\/wp-json\/wp\/v2\/users\/5"}],"replies":[{"embeddable":true,"href":"https:\/\/messer-ca.com\/fr\/wp-json\/wp\/v2\/comments?post=2073"}],"version-history":[{"count":0,"href":"https:\/\/messer-ca.com\/fr\/wp-json\/wp\/v2\/pages\/2073\/revisions"}],"up":[{"embeddable":true,"href":"https:\/\/messer-ca.com\/fr\/wp-json\/wp\/v2\/pages\/4902"}],"wp:featuredmedia":[{"embeddable":true,"href":"https:\/\/messer-ca.com\/fr\/wp-json\/wp\/v2\/media\/2147"}],"wp:attachment":[{"href":"https:\/\/messer-ca.com\/fr\/wp-json\/wp\/v2\/media?parent=2073"}],"curies":[{"name":"wp","href":"https:\/\/api.w.org\/{rel}","templated":true}]}}