{"id":230,"date":"2019-08-22T14:02:33","date_gmt":"2019-08-22T14:02:33","guid":{"rendered":"http:\/\/messer-ca.com\/?page_id=230"},"modified":"2019-08-28T17:51:06","modified_gmt":"2019-08-28T17:51:06","slug":"healthcare-draft","status":"publish","type":"page","link":"https:\/\/messer-ca.com\/fr\/industries\/healthcare-draft\/","title":{"rendered":"Projet de sant\u00e9"},"content":{"rendered":"<p>Le secteur m\u00e9dical est dynamique et continue de cro\u00eetre et d&#039;\u00e9voluer \u00e0 un rythme rapide. En cons\u00e9quence, le besoin de gaz et de fournitures m\u00e9dicaux de classe mondiale est plus intense que jamais, tout comme la pression exerc\u00e9e sur les h\u00f4pitaux et autres centres de soins aux patients pour garantir un approvisionnement fiable et la conformit\u00e9 au code des syst\u00e8mes vitaux critiques. <\/p>\n\n\n\n<p>Pour aider \u00e0 r\u00e9pondre \u00e0 ces besoins importants, Messer Healthcare a d\u00e9velopp\u00e9 une plate-forme de conception, de construction et de fourniture qui englobe des services d&#039;ing\u00e9nierie, de construction et de gestion de projet afin de garantir une conception conforme au code et une installation professionnelle de l&#039;infrastructure de gaz m\u00e9dicaux indispensable d&#039;un \u00e9tablissement de sant\u00e9. <\/p>\n\n\n\n<p>Gr\u00e2ce \u00e0 la gestion du projet par Messer de la conception \u00e0 l&#039;installation, vous recevez un syst\u00e8me de gaz m\u00e9dical qui est termin\u00e9 en toute s\u00e9curit\u00e9 et conform\u00e9ment \u00e0 la National Fire Protection Association (NFPA) et aux codes pertinents. L&#039;installation peut \u00e9galement \u00eatre plus rapide et \u00e0 moindre co\u00fbt que les alternatives concurrentes. De plus, vous pouvez b\u00e9n\u00e9ficier d&#039;un approvisionnement fiable en gaz m\u00e9dical, d&#039;une maintenance pr\u00e9ventive et d&#039;un service rapide. <\/p>\n\n\n\n<p><strong>Vous prenez soin de vos patients - nous nous occupons de tout le reste. <\/strong><\/p>\n\n\n\n<div style=\"height:35px\" aria-hidden=\"true\" class=\"wp-block-spacer\"><\/div>\n\n\n\n<div style=\"height:20px\" aria-hidden=\"true\" class=\"wp-block-spacer custom-left-separator\"><\/div>\n\n\n\n<h3 class=\"wp-block-heading\">Solutions compl\u00e8tes de gaz m\u00e9dicaux pour les h\u00f4pitaux<\/h3>\n\n\n\n<p>Nous offrons un approvisionnement fiable en oxyg\u00e8ne en vrac USP pour les h\u00f4pitaux via plus de 30 points d&#039;approvisionnement, des services hospitaliers pour la conception, la construction et la fourniture d&#039;ing\u00e9nierie \/ installation, et les \u00e9quipements connexes, ainsi qu&#039;une gestion compl\u00e8te du projet, de la conception \u00e0 l&#039;ach\u00e8vement.<\/p>\n\n\n\n<div style=\"height:35px\" aria-hidden=\"true\" class=\"wp-block-spacer\"><\/div>\n\n\n\n<h3 class=\"wp-block-heading\">H\u00e9lium liquide pour les IRM<\/h3>\n\n\n\n<p>L&#039;imagerie par r\u00e9sonance magn\u00e9tique (IRM) sauve des vies tous les jours, et nos services d&#039;alimentation en h\u00e9lium liquide et de remplissage d&#039;aimants sont un moyen fiable de garantir le bon fonctionnement de vos unit\u00e9s d&#039;IRM.<\/p>\n\n\n\n<div style=\"height:35px\" aria-hidden=\"true\" class=\"wp-block-spacer\"><\/div>\n\n\n\n<div style=\"height:20px\" aria-hidden=\"true\" class=\"wp-block-spacer custom-right-separator\"><\/div>\n\n\n\n<p><\/p>\n\n\n\n<h3 class=\"wp-block-heading\">Gaz laser Excimer pour la correction de la vue au laser<\/h3>\n\n\n\n<p>Nous sommes l&#039;un des principaux fournisseurs mondiaux de gaz et de m\u00e9langes pour laser excim\u00e8re depuis le d\u00e9veloppement de la technique. <\/p>\n\n\n\n<div style=\"height:35px\" aria-hidden=\"true\" class=\"wp-block-spacer\"><\/div>\n\n\n    <div class=\"resources-banner full-width\">\n        <div class=\"container min-container\">\n            <div class=\"resources-banner-img\">\n                                    <img decoding=\"async\" src=\"https:\/\/messer-ca.com\/wp-content\/uploads\/2019\/08\/MESS-3015-Hospital-Services_DataSheet_V2-07122019-791x1024.jpg\" alt=\"\">\n                            <\/div>\n            <div class=\"resources-banner-text\">\n                                    <div class=\"sub-title\">Ressource<\/div>\n                                                    <h3>Services hospitaliers<\/h3>\n                                                    <p>En tant que fournisseur de premier plan d&#039;approvisionnement et de syst\u00e8mes de gaz m\u00e9dicaux en vrac, Messer a d\u00e9velopp\u00e9 des services hospitaliers pour concevoir et mettre en \u0153uvre ces syst\u00e8mes vitaux essentiels.<\/p>\n                                                    <a class=\"btn btn-2\" href=\"#\">\n                        T\u00e9l\u00e9charger la fiche technique                    <\/a>\n                            <\/div>\n            \n        <\/div>\n    <\/div>\n\n\n\t<div class=\"text-and-button-block text-center full-width\">\n\t\t<div class=\"container\">\n\t\t\t\t\t\t\t<div class=\"text\"><p><strong>Des questions?<\/strong> Demandez \u00e0 notre \u00e9quipe. Nous sommes l\u00e0 pour vous aider.<\/p>\n<\/div>\n\t\t\t\t\t\t\t\t\t\t\t\t\t\t\t<a class=\"btn-3\" href=\"http:\/\/messer-ca.com\/fr\/contact-support\/\"  target=\"_self\">Contactez-nous<\/a>\n\t\t\t\t\t\t\t\t\t<\/div>\n\t<\/div>","protected":false},"excerpt":{"rendered":"<p>The medical sector is dynamic and continues to grow and evolve at a rapid pace. As a result, the need for world-class medical gases and supplies is more intense than ever\u2014as is the pressure on hospitals and other patient care centers to ensure reliable supply and code compliance of critical life support systems. To help [&hellip;]<\/p>\n","protected":false},"author":5,"featured_media":13,"parent":69,"menu_order":0,"comment_status":"closed","ping_status":"closed","template":"pages\/template-markets.php","meta":{"_acf_changed":false,"content-type":"","om_disable_all_campaigns":false,"_exactmetrics_skip_tracking":false,"_exactmetrics_sitenote_active":false,"_exactmetrics_sitenote_note":"","_exactmetrics_sitenote_category":0,"_monsterinsights_skip_tracking":false,"_monsterinsights_sitenote_active":false,"_monsterinsights_sitenote_note":"","_monsterinsights_sitenote_category":0,"footnotes":""},"class_list":["post-230","page","type-page","status-publish","has-post-thumbnail","hentry"],"acf":[],"_links":{"self":[{"href":"https:\/\/messer-ca.com\/fr\/wp-json\/wp\/v2\/pages\/230","targetHints":{"allow":["GET"]}}],"collection":[{"href":"https:\/\/messer-ca.com\/fr\/wp-json\/wp\/v2\/pages"}],"about":[{"href":"https:\/\/messer-ca.com\/fr\/wp-json\/wp\/v2\/types\/page"}],"author":[{"embeddable":true,"href":"https:\/\/messer-ca.com\/fr\/wp-json\/wp\/v2\/users\/5"}],"replies":[{"embeddable":true,"href":"https:\/\/messer-ca.com\/fr\/wp-json\/wp\/v2\/comments?post=230"}],"version-history":[{"count":0,"href":"https:\/\/messer-ca.com\/fr\/wp-json\/wp\/v2\/pages\/230\/revisions"}],"up":[{"embeddable":true,"href":"https:\/\/messer-ca.com\/fr\/wp-json\/wp\/v2\/pages\/69"}],"wp:featuredmedia":[{"embeddable":true,"href":"https:\/\/messer-ca.com\/fr\/wp-json\/wp\/v2\/media\/13"}],"wp:attachment":[{"href":"https:\/\/messer-ca.com\/fr\/wp-json\/wp\/v2\/media?parent=230"}],"curies":[{"name":"wp","href":"https:\/\/api.w.org\/{rel}","templated":true}]}}