{"id":234,"date":"2019-08-22T14:03:15","date_gmt":"2019-08-22T14:03:15","guid":{"rendered":"http:\/\/messer-ca.com\/?page_id=234"},"modified":"2019-08-28T17:53:05","modified_gmt":"2019-08-28T17:53:05","slug":"metals-draft","status":"publish","type":"page","link":"https:\/\/messer-ca.com\/fr\/industries\/metals-draft\/","title":{"rendered":"M\u00e9taux \u00c9bauche"},"content":{"rendered":"<p>L&#039;industrie de la m\u00e9tallurgie a peut-\u00eatre commenc\u00e9 il y a des milliers d&#039;ann\u00e9es, mais elle continue de cro\u00eetre et d&#039;\u00e9voluer \u00e0 un rythme passionnant. Des technologies telles que les lances \u00e0 oxyg\u00e8ne conf\u00e8rent aux anciens fours une efficacit\u00e9 de pointe, et de nouveaux processus r\u00e9volutionnaires tels que la fabrication additive transforment la production, permettant l&#039;impression 3D de pi\u00e8ces m\u00e9talliques qui aurait \u00e9t\u00e9 impossible il y a \u00e0 peine dix ans.<\/p>\n\n\n\n<p>Messer est fier de servir l&#039;industrie m\u00e9tallurgique et d\u00e9sireux de vous aider dans le projet que vous envisagez, qu&#039;il s&#039;agisse de tirer le meilleur parti de votre atelier de fusion existant, de minimiser votre impact environnemental ou de cr\u00e9er des lignes de production enti\u00e8rement nouvelles. Nous connaissons le secteur de fond en comble et nous prenons le temps de d\u00e9velopper une compr\u00e9hension approfondie de vos besoins et exigences sp\u00e9cifiques. Ajoutez cette expertise et cette attention \u00e9prouv\u00e9es \u00e0 nos capacit\u00e9s de d\u00e9veloppement technologique in\u00e9gal\u00e9es, et vous obtenez des solutions cl\u00e9s en main qui optimisent vos syst\u00e8mes et vous donnent un avantage concurrentiel tangible.<\/p>\n\n\n\n<div style=\"height:20px\" aria-hidden=\"true\" class=\"wp-block-spacer custom-left-separator\"><\/div>\n\n\n\n<h3 class=\"wp-block-heading\">Production de fer et d&#039;acier<\/h3>\n\n\n\n<p>Am\u00e9liorez l&#039;efficacit\u00e9 \u00e9nerg\u00e9tique, la productivit\u00e9 et la qualit\u00e9 des produits tout en r\u00e9duisant les \u00e9missions et la consommation de carburant avec nos gaz et produits, y compris les lances \u00e0 oxyg\u00e8ne Messer High Level Lancing, les solutions et technologies de br\u00fbleurs oxycombustibles et air-oxy-combustibles sans flamme et nos solutions de pr\u00e9chauffage de poche Fusion EAF, pratiques AOD, optimisation des tuy\u00e8res, op\u00e9rations de moulage et de forgeage. <\/p>\n\n\n\n<div style=\"height:35px\" aria-hidden=\"true\" class=\"wp-block-spacer\"><\/div>\n\n\n\n<h3 class=\"wp-block-heading\">Production de m\u00e9taux non ferreux<\/h3>\n\n\n\n<p>Solutions compl\u00e8tes pour la fusion et la coul\u00e9e de m\u00e9taux non ferreux tels que l&#039;aluminium, le cuivre, le bronze, le plomb et les alliages mixtes, y compris les technologies air-oxy et oxyfuel \u00e0 basse temp\u00e9rature, les applications de combustion et l&#039;argon, l&#039;oxyg\u00e8ne, l&#039;h\u00e9lium et d&#039;autres gaz industriels solutions de Messer.<\/p>\n\n\n\n<div style=\"height:35px\" aria-hidden=\"true\" class=\"wp-block-spacer\"><\/div>\n\n\n\n<div style=\"height:20px\" aria-hidden=\"true\" class=\"wp-block-spacer custom-right-separator\"><\/div>\n\n\n\n<h3 class=\"wp-block-heading\">Traitement des m\u00e9taux et traitement thermique<\/h3>\n\n\n\n<p>Gaz et \u00e9quipements pour toutes sortes de traitements des m\u00e9taux, y compris le durcissement, les processus d&#039;assemblage, les processus r\u00e9actifs, le traitement \u00e0 froid et le cryotraitement, y compris les br\u00fbleurs de pr\u00e9chauffage de Messer pour le recuit.<\/p>\n\n\n\n<div style=\"height:35px\" aria-hidden=\"true\" class=\"wp-block-spacer\"><\/div>\n\n\n\n<h3 class=\"wp-block-heading\">Fabrication de m\u00e9taux<\/h3>\n\n\n\n<p>Tout ce dont vous avez besoin pour la fabrication additive, l&#039;impression 3D, le pr\u00e9-et-post-traitement des poudres m\u00e9talliques utilis\u00e9es, ainsi que le traitement thermique post-impression tel que HIP. Il s&#039;agit notamment de notre contr\u00f4le de l&#039;atmosph\u00e8re ASURE3D \u2122 pour la qualit\u00e9 des processus 3D, du contr\u00f4le de l&#039;atmosph\u00e8re ASURE3D \u2122 pour la qualit\u00e9 du stockage des poudres m\u00e9talliques et des gaz parfaits pour votre application.<\/p>\n\n\n\n<div style=\"height:35px\" aria-hidden=\"true\" class=\"wp-block-spacer\"><\/div>\n\n\n\t<div class=\"text-and-button-block text-center full-width\">\n\t\t<div class=\"container\">\n\t\t\t\t\t\t\t<div class=\"text\"><p><strong>Des questions?<\/strong> Demandez \u00e0 notre \u00e9quipe. Nous sommes l\u00e0 pour vous aider.<\/p>\n<\/div>\n\t\t\t\t\t\t\t\t\t\t\t\t\t\t\t<a class=\"btn-3\" href=\"http:\/\/messer-ca.com\/fr\/contact-support\/\"  target=\"_self\">Contactez-nous<\/a>\n\t\t\t\t\t\t\t\t\t<\/div>\n\t<\/div>","protected":false},"excerpt":{"rendered":"<p>The metalworking industry may have begun thousands of years ago, but it continues to grow and evolve at an exciting pace. Technologies such as oxygen lances are imbuing older furnaces with cutting-edge efficiency, and revolutionary new processes such as additive manufacturing are transforming production, enabling the 3D printing of metal parts that would have been [&hellip;]<\/p>\n","protected":false},"author":5,"featured_media":14,"parent":69,"menu_order":0,"comment_status":"closed","ping_status":"closed","template":"pages\/template-markets.php","meta":{"_acf_changed":false,"content-type":"","om_disable_all_campaigns":false,"_exactmetrics_skip_tracking":false,"_exactmetrics_sitenote_active":false,"_exactmetrics_sitenote_note":"","_exactmetrics_sitenote_category":0,"_monsterinsights_skip_tracking":false,"_monsterinsights_sitenote_active":false,"_monsterinsights_sitenote_note":"","_monsterinsights_sitenote_category":0,"footnotes":""},"class_list":["post-234","page","type-page","status-publish","has-post-thumbnail","hentry"],"acf":[],"_links":{"self":[{"href":"https:\/\/messer-ca.com\/fr\/wp-json\/wp\/v2\/pages\/234","targetHints":{"allow":["GET"]}}],"collection":[{"href":"https:\/\/messer-ca.com\/fr\/wp-json\/wp\/v2\/pages"}],"about":[{"href":"https:\/\/messer-ca.com\/fr\/wp-json\/wp\/v2\/types\/page"}],"author":[{"embeddable":true,"href":"https:\/\/messer-ca.com\/fr\/wp-json\/wp\/v2\/users\/5"}],"replies":[{"embeddable":true,"href":"https:\/\/messer-ca.com\/fr\/wp-json\/wp\/v2\/comments?post=234"}],"version-history":[{"count":0,"href":"https:\/\/messer-ca.com\/fr\/wp-json\/wp\/v2\/pages\/234\/revisions"}],"up":[{"embeddable":true,"href":"https:\/\/messer-ca.com\/fr\/wp-json\/wp\/v2\/pages\/69"}],"wp:featuredmedia":[{"embeddable":true,"href":"https:\/\/messer-ca.com\/fr\/wp-json\/wp\/v2\/media\/14"}],"wp:attachment":[{"href":"https:\/\/messer-ca.com\/fr\/wp-json\/wp\/v2\/media?parent=234"}],"curies":[{"name":"wp","href":"https:\/\/api.w.org\/{rel}","templated":true}]}}