{"id":245,"date":"2019-08-22T14:05:38","date_gmt":"2019-08-22T14:05:38","guid":{"rendered":"http:\/\/messer-ca.com\/?page_id=245"},"modified":"2019-08-28T19:31:41","modified_gmt":"2019-08-28T19:31:41","slug":"additive-manufacturing-draft","status":"publish","type":"page","link":"https:\/\/messer-ca.com\/fr\/technology-solutions\/additive-manufacturing-draft\/","title":{"rendered":"Projet de fabrication additive"},"content":{"rendered":"<p>Les processus de fabrication additive continuent de red\u00e9finir le concept de ce qui est possible sur les lignes de fabrication, permettant une flexibilit\u00e9 et une personnalisation \u00e0 la demande et \u00e0 faible co\u00fbt in\u00e9gal\u00e9es il n&#039;y a que quelques ann\u00e9es. Toutefois, si vous voulez obtenir les meilleurs r\u00e9sultats, vous devez commencer par utiliser les meilleurs mat\u00e9riaux de base, ce qui signifie que les gaz de process de classe mondiale de Messer sont indispensables. <\/p>\n\n\n\n<p>Messer est le partenaire privil\u00e9gi\u00e9 des applications de fabrication additive depuis la premi\u00e8re conception de la technique. Nous offrons non seulement une expertise historique et une s\u00e9lection de gaz et d&#039;options d&#039;approvisionnement parmi les meilleures du march\u00e9, mais nous mettons \u00e9galement \u00e0 votre disposition le support client le plus exp\u00e9riment\u00e9 et le plus engag\u00e9 du secteur. M\u00eame si votre id\u00e9e est ambitieuse, nous sommes l\u00e0 pour vous aider \u00e0 passer du concept de r\u00eave \u00e0 la r\u00e9alit\u00e9 concr\u00e8te. <\/p>\n\n\n\n<p>Que vous produisiez pour le secteur automobile, le secteur a\u00e9rospatial, le secteur m\u00e9dical ou un autre march\u00e9, Messer vous accompagnera \u00e0 chaque \u00e9tape du processus, en recherchant et en d\u00e9veloppant de nouvelles techniques et en cr\u00e9ant des solutions de pointe adapt\u00e9es \u00e0 vos besoins pr\u00e9cis.<\/p>\n\n\n\n<h2 class=\"min-h2 wp-block-heading\">Le moniteur ASURE3D \u2122 O2, innovation de fabrication additive (AM) de Messer, rend l&#039;impossible possible<\/h2>\n\n\n\n<p>Les fuites et autres impuret\u00e9s peuvent conduire \u00e0 une atmosph\u00e8re sous-optimale dans votre chambre AM, ce qui peut modifier la composition chimique - et par cons\u00e9quent la qualit\u00e9 et la durabilit\u00e9 - de votre produit final. Mais l&#039;innovation Messer AM ASURE3D \u2122 vous permet de d\u00e9signer et de maintenir l&#039;atmosph\u00e8re souhait\u00e9e. <\/p>\n\n\n\n<div style=\"height:20px\" aria-hidden=\"true\" class=\"wp-block-spacer custom-left-separator\"><\/div>\n\n\n\n<h3 class=\"wp-block-heading\">La m\u00e9tallurgie des poudres<\/h3>\n\n\n\n<p>Le meilleur mat\u00e9riau de base possible est la premi\u00e8re \u00e9tape pour imprimer le meilleur produit possible. Nos connaissances et notre exp\u00e9rience dans le domaine des gaz peuvent vous aider \u00e0 vous assurer que la composition de votre gaz est pr\u00e9cise et que votre m\u00e9tal se transforme parfaitement en poudre de m\u00e9tal et conserve ses propri\u00e9t\u00e9s pendant son transport et son stockage.<\/p>\n\n\n\n<h3 class=\"wp-block-heading\">Fusion sur lit de poudre<\/h3>\n\n\n\n<p>Vous ne pouvez pas avoir un processus d&#039;impression pr\u00e9cis et coh\u00e9rent \u00e0 moins de maintenir une comp\u00e9tition de gaz pr\u00e9cise et coh\u00e9rente dans le lit de poudre. Les gaz, l&#039;\u00e9quipement et la technologie de pointe de Messer, y compris notre moniteur ASURE3D \u2122 O2, une innovation AM, peuvent vous aider \u00e0 obtenir une impression parfaite. <\/p>\n\n\n\n<div style=\"height:35px\" aria-hidden=\"true\" class=\"wp-block-spacer\"><\/div>\n\n\n\n<div style=\"height:20px\" aria-hidden=\"true\" class=\"wp-block-spacer custom-right-separator\"><\/div>\n\n\n\n<h3 class=\"wp-block-heading\">Nettoyage<\/h3>\n\n\n\n<p>Votre finition parfaite n\u00e9cessite un nettoyage de surface haut de gamme. Le processus de nettoyage de Messer utilise de la glace carbonique pour \u00e9liminer les r\u00e9sidus de poudre et autres substances ind\u00e9sirables de vos pi\u00e8ces - de mani\u00e8re douce, efficace, respectueuse de l&#039;environnement et sans temps d&#039;immobilisation co\u00fbteux. <\/p>\n\n\n\n<div style=\"height:100px\" aria-hidden=\"true\" class=\"wp-block-spacer\"><\/div>\n\n\n\t<div class=\"text-and-button-block text-center full-width\">\n\t\t<div class=\"container\">\n\t\t\t\t\t\t\t<div class=\"text\"><p><strong>Une question sur Messer Solutions?<\/strong> Nous sommes l\u00e0 pour vous aider.<\/p>\n<\/div>\n\t\t\t\t\t\t\t\t\t\t\t\t\t\t\t<a class=\"btn-3\" href=\"http:\/\/messer-ca.com\/fr\/contact-support\/\"  target=\"_self\">Demandez \u00e0 notre \u00e9quipe<\/a>\n\t\t\t\t\t\t\t\t\t<\/div>\n\t<\/div>","protected":false},"excerpt":{"rendered":"<p>Additive manufacturing processes continue to redefine the concept of what\u2019s possible on fabrication lines, enabling low-cost, on-demand flexibility and customization unheard of just a few years ago. However, if you want the best results, you need to need to start with the best source materials\u2014which means world-class process gases from Messer are a must-have. Messer [&hellip;]<\/p>\n","protected":false},"author":5,"featured_media":45,"parent":71,"menu_order":0,"comment_status":"closed","ping_status":"closed","template":"pages\/template-solutions.php","meta":{"_acf_changed":false,"content-type":"","om_disable_all_campaigns":false,"_exactmetrics_skip_tracking":false,"_exactmetrics_sitenote_active":false,"_exactmetrics_sitenote_note":"","_exactmetrics_sitenote_category":0,"_monsterinsights_skip_tracking":false,"_monsterinsights_sitenote_active":false,"_monsterinsights_sitenote_note":"","_monsterinsights_sitenote_category":0,"footnotes":""},"class_list":["post-245","page","type-page","status-publish","has-post-thumbnail","hentry"],"acf":[],"_links":{"self":[{"href":"https:\/\/messer-ca.com\/fr\/wp-json\/wp\/v2\/pages\/245","targetHints":{"allow":["GET"]}}],"collection":[{"href":"https:\/\/messer-ca.com\/fr\/wp-json\/wp\/v2\/pages"}],"about":[{"href":"https:\/\/messer-ca.com\/fr\/wp-json\/wp\/v2\/types\/page"}],"author":[{"embeddable":true,"href":"https:\/\/messer-ca.com\/fr\/wp-json\/wp\/v2\/users\/5"}],"replies":[{"embeddable":true,"href":"https:\/\/messer-ca.com\/fr\/wp-json\/wp\/v2\/comments?post=245"}],"version-history":[{"count":0,"href":"https:\/\/messer-ca.com\/fr\/wp-json\/wp\/v2\/pages\/245\/revisions"}],"up":[{"embeddable":true,"href":"https:\/\/messer-ca.com\/fr\/wp-json\/wp\/v2\/pages\/71"}],"wp:featuredmedia":[{"embeddable":true,"href":"https:\/\/messer-ca.com\/fr\/wp-json\/wp\/v2\/media\/45"}],"wp:attachment":[{"href":"https:\/\/messer-ca.com\/fr\/wp-json\/wp\/v2\/media?parent=245"}],"curies":[{"name":"wp","href":"https:\/\/api.w.org\/{rel}","templated":true}]}}