{"id":253,"date":"2019-08-22T14:07:29","date_gmt":"2019-08-22T14:07:29","guid":{"rendered":"http:\/\/messer-ca.com\/?page_id=253"},"modified":"2019-08-28T19:32:14","modified_gmt":"2019-08-28T19:32:14","slug":"heat-treatment-draft","status":"publish","type":"page","link":"https:\/\/messer-ca.com\/fr\/technology-solutions\/heat-treatment-draft\/","title":{"rendered":"Projet de traitement thermique"},"content":{"rendered":"<p> Quel que soit le proc\u00e9d\u00e9 de traitement thermique que vous utilisez, Messer est l\u00e0 pour vous. Nous offrons une technologie de pointe, des gaz sup\u00e9rieurs pour les atmosph\u00e8res de four et des connaissances approfondies tir\u00e9es d&#039;une vaste exp\u00e9rience. Nous vous fournirons les solutions dont vous avez besoin pour vos besoins de traitement thermique.  <\/p>\n\n\n\n<div style=\"height:20px\" aria-hidden=\"true\" class=\"wp-block-spacer custom-left-separator\"><\/div>\n\n\n\n<h3 class=\"wp-block-heading\">Recuit<\/h3>\n\n\n\n<p>Vous voulez que votre produit ait une finition de surface brillante? Ensuite, vous avez probablement examin\u00e9 le recuit \u00e0 base d&#039;azote ou d&#039;hydrog\u00e8ne. Nos technologies peuvent vous aider \u00e0 contr\u00f4ler la composition et l&#039;uniformit\u00e9 de l&#039;atmosph\u00e8re, ce qui maximise la qualit\u00e9 de vos produits finis, le tout \u00e0 des co\u00fbts optimis\u00e9s. <\/p>\n\n\n\n<h3 class=\"wp-block-heading\">Brasage au four<\/h3>\n\n\n\n<p>Nous pouvons vous aider \u00e0 optimiser les conditions \u00e0 l&#039;int\u00e9rieur de votre four, ce qui r\u00e9duit les co\u00fbts totaux, augmente la productivit\u00e9 et am\u00e9liore la qualit\u00e9 de vos produits finis. <\/p>\n\n\n\n<div style=\"height:35px\" aria-hidden=\"true\" class=\"wp-block-spacer\"><\/div>\n\n\n\n<div style=\"height:20px\" aria-hidden=\"true\" class=\"wp-block-spacer custom-right-separator\"><\/div>\n\n\n\n<h3 class=\"wp-block-heading\">Carburage et carbonitruration<\/h3>\n\n\n\n<p>Nos syst\u00e8mes \u00e0 la pointe du march\u00e9 vous offrent un contr\u00f4le rigoureux du carbone atmosph\u00e9rique, vous permettant de respecter les sp\u00e9cifications de produit les plus exigeantes.<\/p>\n\n\n\n<h3 class=\"wp-block-heading\">Durcissement neutre<\/h3>\n\n\n\n<p>Vous recherchez le moyen le plus \u00e9conomique d&#039;\u00e9viter l&#039;oxydation et la d\u00e9carburation au cours de ce processus couramment utilis\u00e9 mais toujours exigeant? Nos gaz et technologies sont exactement ce dont vous avez besoin.    <\/p>\n\n\n\n<h3 class=\"wp-block-heading\">Traitement sous z\u00e9ro<\/h3>\n\n\n\n<p>Tous les traitements li\u00e9s \u00e0 la temp\u00e9rature n&#039;utilisent pas la chaleur, comme le montre cette technique glaciale. Messer a tout ce dont vous avez besoin, des syst\u00e8mes de refroidissement cryog\u00e9niques con\u00e7us et optimis\u00e9s sp\u00e9cialement pour vous \u00e0 l&#039;approvisionnement en azote liquide le plus fiable du continent. <\/p>\n\n\n\n<h3 class=\"wp-block-heading\">Nitruration et nitrocarburation<\/h3>\n\n\n\n<p>Deux des meilleurs proc\u00e9d\u00e9s pour impr\u00e9gner un produit de la r\u00e9sistance \u00e0 l&#039;usure, en particulier avec Messer qui fournit \u00e0 la fois de l&#039;ammoniac de qualit\u00e9 sup\u00e9rieure et des conseils d&#039;experts. <\/p>\n\n\n\n<div style=\"height:35px\" aria-hidden=\"true\" class=\"wp-block-spacer\"><\/div>\n\n\n\n<div style=\"height:20px\" aria-hidden=\"true\" class=\"wp-block-spacer custom-right-separator\"><\/div>\n\n\n\n<h3 class=\"wp-block-heading\">Frittage de m\u00e9tal en poudre<\/h3>\n\n\n\n<p>Messer est votre fournisseur de r\u00e9f\u00e9rence pour tout l&#039;azote, l&#039;hydrog\u00e8ne, le monoxyde de carbone et les autres gaz dont vous avez besoin pour que ce processus se d\u00e9roule correctement. Nous fournissons \u00e9galement une technologie qui permet un contr\u00f4le pr\u00e9cis des niveaux de carbone et garantit que chaque pi\u00e8ce fritt\u00e9e r\u00e9pond \u00e0 vos normes de qualit\u00e9.<\/p>\n\n\n\n<div style=\"height:35px\" aria-hidden=\"true\" class=\"wp-block-spacer\"><\/div>\n\n\n\t<div class=\"text-and-button-block text-center full-width\">\n\t\t<div class=\"container\">\n\t\t\t\t\t\t\t<div class=\"text\"><p><strong>Une question sur Messer Solutions?<\/strong> Nous sommes l\u00e0 pour vous aider.<\/p>\n<\/div>\n\t\t\t\t\t\t\t\t\t\t\t\t\t\t\t<a class=\"btn-3\" href=\"http:\/\/messer-ca.com\/fr\/contact-support\/\"  target=\"_self\">Demandez \u00e0 notre \u00e9quipe<\/a>\n\t\t\t\t\t\t\t\t\t<\/div>\n\t<\/div>","protected":false},"excerpt":{"rendered":"<p>Whatever heat treatment process you employ, Messer has you covered. We offer cutting-edge technology, superior gases for furnace atmospheres, and in-depth knowledge culled from extensive experience. We\u2019ll provide the solutions you need for your heat treatment needs. Annealing Want your product to have a bright surface finish? Then you\u2019ve probably looked into nitrogen- or hydrogen-based [&hellip;]<\/p>\n","protected":false},"author":5,"featured_media":48,"parent":71,"menu_order":0,"comment_status":"closed","ping_status":"closed","template":"pages\/template-solutions.php","meta":{"_acf_changed":false,"content-type":"","om_disable_all_campaigns":false,"_exactmetrics_skip_tracking":false,"_exactmetrics_sitenote_active":false,"_exactmetrics_sitenote_note":"","_exactmetrics_sitenote_category":0,"_monsterinsights_skip_tracking":false,"_monsterinsights_sitenote_active":false,"_monsterinsights_sitenote_note":"","_monsterinsights_sitenote_category":0,"footnotes":""},"class_list":["post-253","page","type-page","status-publish","has-post-thumbnail","hentry"],"acf":[],"_links":{"self":[{"href":"https:\/\/messer-ca.com\/fr\/wp-json\/wp\/v2\/pages\/253","targetHints":{"allow":["GET"]}}],"collection":[{"href":"https:\/\/messer-ca.com\/fr\/wp-json\/wp\/v2\/pages"}],"about":[{"href":"https:\/\/messer-ca.com\/fr\/wp-json\/wp\/v2\/types\/page"}],"author":[{"embeddable":true,"href":"https:\/\/messer-ca.com\/fr\/wp-json\/wp\/v2\/users\/5"}],"replies":[{"embeddable":true,"href":"https:\/\/messer-ca.com\/fr\/wp-json\/wp\/v2\/comments?post=253"}],"version-history":[{"count":0,"href":"https:\/\/messer-ca.com\/fr\/wp-json\/wp\/v2\/pages\/253\/revisions"}],"up":[{"embeddable":true,"href":"https:\/\/messer-ca.com\/fr\/wp-json\/wp\/v2\/pages\/71"}],"wp:featuredmedia":[{"embeddable":true,"href":"https:\/\/messer-ca.com\/fr\/wp-json\/wp\/v2\/media\/48"}],"wp:attachment":[{"href":"https:\/\/messer-ca.com\/fr\/wp-json\/wp\/v2\/media?parent=253"}],"curies":[{"name":"wp","href":"https:\/\/api.w.org\/{rel}","templated":true}]}}