{"id":257,"date":"2019-08-22T14:07:56","date_gmt":"2019-08-22T14:07:56","guid":{"rendered":"http:\/\/messer-ca.com\/?page_id=257"},"modified":"2022-11-21T23:27:47","modified_gmt":"2022-11-21T23:27:47","slug":"oxygen-recycling-for-ozone-production-draft","status":"publish","type":"page","link":"https:\/\/messer-ca.com\/fr\/technology-solutions\/oxygen-recycling-for-ozone-production-draft\/","title":{"rendered":"Recyclage de l&#039;oxyg\u00e8ne pour la production d&#039;ozone"},"content":{"rendered":"<div class=\"info-block-2 text-center full-width\">\n    \t<img decoding=\"async\" src=\"https:\/\/messer-ca.com\/wp-content\/themes\/messercanada\/images\/grey.png\" alt=\"\">\n    \t<div class=\"container min-container\">\n    \t\t<div class=\"info-block-2-text style-default\">Que vous travailliez dans le traitement chimique, le traitement de l&#039;eau ou une autre industrie, l&#039;ozone est l&#039;un des oxydants les plus puissants \u00e0 votre disposition. <\/div>\n    \t<\/div>\n    <\/div>\n\n\n<p><\/p>\n<p>L&#039;utilisation de l&#039;ozone pour le traitement de l&#039;eau potable et des eaux us\u00e9es, le blanchiment des min\u00e9raux et de la p\u00e2te \u00e0 papier et l&#039;\u00e9limination des NOx continue de progresser. Cependant, le processus de conversion de l&#039;oxyg\u00e8ne en ozone est inefficace et seul un faible pourcentage de l&#039;oxyg\u00e8ne introduit dans le syst\u00e8me est converti en ozone. Le reste reste inutilis\u00e9 et est finalement \u00e9vacu\u00e9 du syst\u00e8me.<\/p>\n<p> <\/p>\n<p>Oxycycle \u2122 de Messer offre une meilleure solution.<\/p>\n<p> <\/p>\n<p>Oxycycle \u2122 est une solution brevet\u00e9e qui r\u00e9cup\u00e8re l&#039;oxyg\u00e8ne non utilis\u00e9 et le r\u00e9injecte dans votre g\u00e9n\u00e9rateur d&#039;ozone, r\u00e9duisant ainsi la consommation globale d&#039;oxyg\u00e8ne du syst\u00e8me jusqu&#039;\u00e0 60%. Ce faisant, il r\u00e9duit consid\u00e9rablement vos co\u00fbts d&#039;exploitation et augmente l&#039;efficacit\u00e9 de votre production d&#039;ozone \u00e0 un niveau sup\u00e9rieur.<\/p>\n<p> <\/p>\n<p>Pour en savoir plus sur la fa\u00e7on dont Oxycycle \u2122 peut r\u00e9duire vos d\u00e9penses d\u2019exploitation pour la production d\u2019ozone, <a href=\"http:\/\/messer-ca.com\/fr\/contact-support\/\">contacter Messer<\/a>.<\/p>\n<p><\/p>\n\n\n<div style=\"height:100px\" aria-hidden=\"true\" class=\"wp-block-spacer\"><\/div>\n\n\n\t<div class=\"text-and-button-block text-center full-width\">\n\t\t<div class=\"container\">\n\t\t\t\t\t\t\t<div class=\"text\"><p><strong>Une question sur Messer Solutions?<\/strong> Nous sommes l\u00e0 pour vous aider.<\/p>\n<\/div>\n\t\t\t\t\t\t\t\t\t\t\t\t\t\t\t<a class=\"btn-3\" href=\"http:\/\/messer-ca.com\/fr\/contact-support\/\"  target=\"_self\">Demandez \u00e0 notre \u00e9quipe<\/a>\n\t\t\t\t\t\t\t\t\t<\/div>\n\t<\/div>","protected":false},"excerpt":{"rendered":"<p>The use of ozone for drinking water and wastewater treatment, mineral and pulp bleaching, and NOx removal continues to rise. But the process of converting oxygen into ozone is inefficient, and only a small percentage of the oxygen put into the system actually converts to ozone. The rest goes unused and is ultimately vented out [&hellip;]<\/p>\n","protected":false},"author":5,"featured_media":44,"parent":71,"menu_order":0,"comment_status":"closed","ping_status":"closed","template":"pages\/template-home.php","meta":{"_acf_changed":false,"content-type":"","om_disable_all_campaigns":false,"_exactmetrics_skip_tracking":false,"_exactmetrics_sitenote_active":false,"_exactmetrics_sitenote_note":"","_exactmetrics_sitenote_category":0,"_monsterinsights_skip_tracking":false,"_monsterinsights_sitenote_active":false,"_monsterinsights_sitenote_note":"","_monsterinsights_sitenote_category":0,"footnotes":""},"class_list":["post-257","page","type-page","status-publish","has-post-thumbnail","hentry"],"acf":[],"_links":{"self":[{"href":"https:\/\/messer-ca.com\/fr\/wp-json\/wp\/v2\/pages\/257","targetHints":{"allow":["GET"]}}],"collection":[{"href":"https:\/\/messer-ca.com\/fr\/wp-json\/wp\/v2\/pages"}],"about":[{"href":"https:\/\/messer-ca.com\/fr\/wp-json\/wp\/v2\/types\/page"}],"author":[{"embeddable":true,"href":"https:\/\/messer-ca.com\/fr\/wp-json\/wp\/v2\/users\/5"}],"replies":[{"embeddable":true,"href":"https:\/\/messer-ca.com\/fr\/wp-json\/wp\/v2\/comments?post=257"}],"version-history":[{"count":0,"href":"https:\/\/messer-ca.com\/fr\/wp-json\/wp\/v2\/pages\/257\/revisions"}],"up":[{"embeddable":true,"href":"https:\/\/messer-ca.com\/fr\/wp-json\/wp\/v2\/pages\/71"}],"wp:featuredmedia":[{"embeddable":true,"href":"https:\/\/messer-ca.com\/fr\/wp-json\/wp\/v2\/media\/44"}],"wp:attachment":[{"href":"https:\/\/messer-ca.com\/fr\/wp-json\/wp\/v2\/media?parent=257"}],"curies":[{"name":"wp","href":"https:\/\/api.w.org\/{rel}","templated":true}]}}