{"id":2655,"date":"2020-06-18T15:02:52","date_gmt":"2020-06-18T15:02:52","guid":{"rendered":"https:\/\/messer-ca.com\/?page_id=2655"},"modified":"2020-06-18T15:37:25","modified_gmt":"2020-06-18T15:37:25","slug":"360-resp","status":"publish","type":"page","link":"https:\/\/messer-ca.com\/fr\/products\/360-resp\/","title":{"rendered":"Casque respiratoire ClearView"},"content":{"rendered":"<div class=\"info-block-2 text-center full-width\">\n    \t<img decoding=\"async\" src=\"https:\/\/messer-ca.com\/wp-content\/themes\/messercanada\/images\/grey.png\" alt=\"\">\n    \t<div class=\"container min-container\">\n    \t\t<div class=\"info-block-2-text style-large\">Solutions de s\u00e9curit\u00e9 compl\u00e8tes pour l&#039;industrie<\/div>\n    \t<\/div>\n    <\/div>\n\n\n\n<div class=\"wp-block-image\"><figure class=\"aligncenter\"><img loading=\"lazy\" decoding=\"async\" width=\"1024\" height=\"492\" src=\"https:\/\/messer-ca.com\/wp-content\/uploads\/2020\/06\/respirator-1024x492.jpg\" alt=\"\" class=\"wp-image-2667\" srcset=\"https:\/\/messer-ca.com\/wp-content\/uploads\/2020\/06\/respirator-1024x492.jpg 1024w, https:\/\/messer-ca.com\/wp-content\/uploads\/2020\/06\/respirator-300x144.jpg 300w, https:\/\/messer-ca.com\/wp-content\/uploads\/2020\/06\/respirator-768x369.jpg 768w, https:\/\/messer-ca.com\/wp-content\/uploads\/2020\/06\/respirator.jpg 1268w\" sizes=\"auto, (max-width: 1024px) 100vw, 1024px\" \/><\/figure><\/div>\n\n\n\n<h2 class=\"wp-block-heading\" style=\"text-align:center\">Vues interactives<\/h2>\n\n\n\n<center>\n<iframe src=\"\/\/messer-ca.com\/360\/RESP\/\" class=\"embed_360\" scrolling=\"no\"><\/iframe>\n<iframe src=\"\/\/messer-ca.com\/360\/RESP-2\/\" class=\"embed_360\" scrolling=\"no\"><\/iframe>\n<\/center>\n\n\n<p>Chez Messer, nous pensons que la s\u00e9curit\u00e9 des travailleurs est au c\u0153ur de tout et est une priorit\u00e9 absolue. Avec nos deux divisions sp\u00e9cialis\u00e9es dans les produits de s\u00e9curit\u00e9, ESQ et Gantec Polysafe, nous sommes dans une position unique pour offrir une assistance et une expertise adapt\u00e9es \u00e0 vos besoins.<\/p>\n<p>L&#039;offre de produits de la division Gantec Polysafe est principalement ax\u00e9e sur l&#039;importation de gants, ce qui vous permettra de r\u00e9duire les co\u00fbts op\u00e9rationnels sans sacrifier la qualit\u00e9.<\/p>\n<p>La division ESQ distribue les produits des leaders du march\u00e9 de la s\u00e9curit\u00e9 tels que 3M, Honeywell, Dupont, Ansell, Surewerx, Superior Gloves et bien d\u2019autres.<\/p>\n\n\n<div style=\"height:20px\" aria-hidden=\"true\" class=\"wp-block-spacer custom-right-separator\"><\/div>\n\n\n\n<div style=\"height:20px\" aria-hidden=\"true\" class=\"wp-block-spacer custom-left-separator\"><\/div>\n\n\n\t<div class=\"text-and-button-block text-center full-width\">\n\t\t<div class=\"container\">\n\t\t\t\t\t\t\t<div class=\"text\"><p><strong>Des questions?<\/strong> Demandez \u00e0 notre \u00e9quipe. Nous sommes l\u00e0 pour vous aider.<\/p>\n<\/div>\n\t\t\t\t\t\t\t\t\t\t\t\t\t\t\t<a class=\"btn-3\" href=\"https:\/\/messer-ca.com\/fr\/contact-support\/\"  target=\"_blank\">Contactez-nous<\/a>\n\t\t\t\t\t\t\t\t\t<\/div>\n\t<\/div>","protected":false},"excerpt":{"rendered":"<p>Interactive Views At Messer, we believe that worker safety is at the heart of everything and an absolute priority. With our two specialized divisions in safety products, ESQ and Gantec Polysafe, we are in a unique position to offer support and expertise that is tailored to your needs. The Gantec Polysafe division product offering is [&hellip;]<\/p>\n","protected":false},"author":5,"featured_media":11,"parent":1149,"menu_order":0,"comment_status":"closed","ping_status":"closed","template":"pages\/template-home.php","meta":{"_acf_changed":false,"content-type":"","om_disable_all_campaigns":false,"_exactmetrics_skip_tracking":false,"_exactmetrics_sitenote_active":false,"_exactmetrics_sitenote_note":"","_exactmetrics_sitenote_category":0,"_monsterinsights_skip_tracking":false,"_monsterinsights_sitenote_active":false,"_monsterinsights_sitenote_note":"","_monsterinsights_sitenote_category":0,"footnotes":""},"class_list":["post-2655","page","type-page","status-publish","has-post-thumbnail","hentry"],"acf":[],"_links":{"self":[{"href":"https:\/\/messer-ca.com\/fr\/wp-json\/wp\/v2\/pages\/2655","targetHints":{"allow":["GET"]}}],"collection":[{"href":"https:\/\/messer-ca.com\/fr\/wp-json\/wp\/v2\/pages"}],"about":[{"href":"https:\/\/messer-ca.com\/fr\/wp-json\/wp\/v2\/types\/page"}],"author":[{"embeddable":true,"href":"https:\/\/messer-ca.com\/fr\/wp-json\/wp\/v2\/users\/5"}],"replies":[{"embeddable":true,"href":"https:\/\/messer-ca.com\/fr\/wp-json\/wp\/v2\/comments?post=2655"}],"version-history":[{"count":0,"href":"https:\/\/messer-ca.com\/fr\/wp-json\/wp\/v2\/pages\/2655\/revisions"}],"up":[{"embeddable":true,"href":"https:\/\/messer-ca.com\/fr\/wp-json\/wp\/v2\/pages\/1149"}],"wp:featuredmedia":[{"embeddable":true,"href":"https:\/\/messer-ca.com\/fr\/wp-json\/wp\/v2\/media\/11"}],"wp:attachment":[{"href":"https:\/\/messer-ca.com\/fr\/wp-json\/wp\/v2\/media?parent=2655"}],"curies":[{"name":"wp","href":"https:\/\/api.w.org\/{rel}","templated":true}]}}