{"id":2706,"date":"2020-07-13T14:08:42","date_gmt":"2020-07-13T14:08:42","guid":{"rendered":"https:\/\/messer-ca.com\/?page_id=2706"},"modified":"2020-07-14T14:29:19","modified_gmt":"2020-07-14T14:29:19","slug":"papr","status":"publish","type":"page","link":"https:\/\/messer-ca.com\/fr\/products\/safety-equipment\/welding-helmets\/papr\/","title":{"rendered":"Syst\u00e8me complet ClearVIEW PAPR"},"content":{"rendered":"<div style=\"height:50px\" aria-hidden=\"true\" class=\"wp-block-spacer\"><\/div>\n\n\n\n<h1 style=\"text-align:center;color:#004fa3;\">ClearVIEW PAPR<\/h1>\n<h2 style=\"text-align:center;\">Syst\u00e8me de protection respiratoire \u00e0 ventilation assist\u00e9e complet<\/h2>\n\n\n\n<hr style=\"height:2px; border-width:0; color: #ef3e33; background-color: #ef3e33; width:75%; text-align:center:\">\n\n\n\n<div style=\"height:25px\" aria-hidden=\"true\" class=\"wp-block-spacer\"><\/div>\n\n\n\n<div style=\"height:25px\" aria-hidden=\"true\" class=\"wp-block-spacer\"><\/div>\n\n\n\n<div class=\"wp-block-image\"><figure class=\"aligncenter\"><img loading=\"lazy\" decoding=\"async\" width=\"1024\" height=\"492\" src=\"https:\/\/messer-ca.com\/wp-content\/uploads\/2020\/06\/respirator-1024x492.jpg\" alt=\"\" class=\"wp-image-2667\" srcset=\"https:\/\/messer-ca.com\/wp-content\/uploads\/2020\/06\/respirator-1024x492.jpg 1024w, https:\/\/messer-ca.com\/wp-content\/uploads\/2020\/06\/respirator-300x144.jpg 300w, https:\/\/messer-ca.com\/wp-content\/uploads\/2020\/06\/respirator-768x369.jpg 768w, https:\/\/messer-ca.com\/wp-content\/uploads\/2020\/06\/respirator.jpg 1268w\" sizes=\"auto, (max-width: 1024px) 100vw, 1024px\" \/><\/figure><\/div>\n\n\n\n<h2 class=\"wp-block-heading\" style=\"text-align:center\">Vues interactives<\/h2>\n\n\n\n<h5 class=\"wp-block-heading\" style=\"text-align:center\"> Interagissez avec l&#039;image ci-dessous pour une exp\u00e9rience \u00e0 360 \u00b0 <\/h5>\n\n\n\n<center>\n<iframe src=\"\/\/messer-ca.com\/360\/RESP\/\" class=\"embed_360\" scrolling=\"no\"><\/iframe>\n<iframe src=\"\/\/messer-ca.com\/360\/RESP-2\/\" class=\"embed_360\" scrolling=\"no\"><\/iframe>\n<\/center>\n\n\n<p><span style=\"font-weight: 400;\">Le PA700 de ClearVIEW est un appareil de protection respiratoire a ventilation assistee de conception sophistiquee base sur le principe de la circulation d'air filtre dans la cagoule. L'unite de ventilation legere portee a la ceinture tournie de l'air filtre par le biais d'un tuyau d'arrivee situee dans le masque (cagoule de soudage). L'approvisionnement en air filtre cree une pression positive a l'interieur du masque, ce qui empeche l'air contamine d'entrer dans la zone de respiration de l'utilisateur.&nbsp;<\/span><\/p>\n<p><span style=\"font-weight: 400;\">Chaque aspect de l'environnement de soudage a ete pris en consideration lors de la conception. A titre d'exemple, le tuyau est accompagne d'une protection en coton ignifuge afin de reduire les risques de dommages causes par les projections.&nbsp;<\/span><\/p>\n<p><span style=\"font-weight: 400;\">Le PA700 de ClearVIEW procure un debit d'air constant de 180 I\/min assurant ainsi qu'une pression positive est maintenue en permanence. L'appareil comporte un double systeme d'alarme, sonore et visuelle, avertissant l'utilisateur si le taux de debit chute sous 170 I\/min, si le niveau de batterie est faible ou si un filtre est obstrue.&nbsp;<\/span><\/p>\n<p><span style=\"font-weight: 400;\">Le masque OHE410 de ClearVIEW est equipe d'un filtre auto-obscurcissant electronique (ADF) 4\/9-13 de qualite elevee avec lentilles pour meulage. L'ADF procure une protection complete contre la lumiere UV et IR autant en teinte toncee que claire et est aliment<\/span><\/p>\n\n\n<div style=\"height:50px\" aria-hidden=\"true\" class=\"wp-block-spacer\"><\/div>\n\n\n\t<div class=\"text-and-button-block text-center full-width\">\n\t\t<div class=\"container\">\n\t\t\t\t\t\t\t<div class=\"text\"><p>Int\u00e9ress\u00e9 par le <strong>ClearVIEW PAPR Syst\u00e8me complet?<\/strong><\/p>\n<\/div>\n\t\t\t\t\t\t\t\t\t\t\t\t\t\t\t<a class=\"btn-3\" href=\"https:\/\/shop.messer-ca.com\/shop\/ccrz__ProductDetails?sku=11320066&amp;cclcl=fr_CA\"  target=\"_blank\">Acheter maintenant<\/a>\n\t\t\t\t\t\t\t\t\t<\/div>\n\t<\/div>\n\n\n    <div class=\"resources-banner full-width\">\n        <div class=\"container min-container\">\n            <div class=\"resources-banner-img\">\n                                    <img decoding=\"async\" src=\"https:\/\/messer-ca.com\/wp-content\/uploads\/2020\/07\/PAPRDataSheetCover.png\" alt=\"\">\n                            <\/div>\n            <div class=\"resources-banner-text\">\n                                                    <h3>Fiche technique ClearVIEW PAPR<\/h3>\n                                                    <p>Vous voulez en savoir plus sur le ClearVIEW PAPR, t\u00e9l\u00e9chargez la fiche technique ici.<\/p>\n                                                    <a class=\"btn btn-2\" href=\"https:\/\/messer-ca.com\/wp-content\/uploads\/2020\/07\/3872F_PAPR-proof.pdf\" target=\"_blank\">\n                        En savoir plus                    <\/a>\n                            <\/div>\n            \n        <\/div>\n    <\/div>\n\n\n\t<div class=\"text-and-button-block text-center full-width\">\n\t\t<div class=\"container\">\n\t\t\t\t\t\t\t<div class=\"text\"><p><strong>Des questions?<\/strong> Demandez \u00e0 notre \u00e9quipe. Nous sommes l\u00e0 pour vous aider.<\/p>\n<\/div>\n\t\t\t\t\t\t\t\t\t\t\t\t\t\t\t<a class=\"btn-3\" href=\"https:\/\/messer-ca.com\/fr\/contact-support\/\"  target=\"_blank\">Contactez-nous<\/a>\n\t\t\t\t\t\t\t\t\t<\/div>\n\t<\/div>","protected":false},"excerpt":{"rendered":"<p>ClearVIEW PAPR Welding PAPR Complete System Interactive Views Interact with the image below for a 360 experience The ClearVIEW PA700 is a stylish powered air purifying respirator based on the principle of circulating filtered air into the hood. The lightweight belt-mounted blower unit delivers filtered air via an air hose into a headtop (welding hood) [&hellip;]<\/p>\n","protected":false},"author":5,"featured_media":11,"parent":2717,"menu_order":0,"comment_status":"closed","ping_status":"closed","template":"pages\/template-home.php","meta":{"_acf_changed":false,"content-type":"","om_disable_all_campaigns":false,"_exactmetrics_skip_tracking":false,"_exactmetrics_sitenote_active":false,"_exactmetrics_sitenote_note":"","_exactmetrics_sitenote_category":0,"_monsterinsights_skip_tracking":false,"_monsterinsights_sitenote_active":false,"_monsterinsights_sitenote_note":"","_monsterinsights_sitenote_category":0,"footnotes":""},"class_list":["post-2706","page","type-page","status-publish","has-post-thumbnail","hentry"],"acf":[],"_links":{"self":[{"href":"https:\/\/messer-ca.com\/fr\/wp-json\/wp\/v2\/pages\/2706","targetHints":{"allow":["GET"]}}],"collection":[{"href":"https:\/\/messer-ca.com\/fr\/wp-json\/wp\/v2\/pages"}],"about":[{"href":"https:\/\/messer-ca.com\/fr\/wp-json\/wp\/v2\/types\/page"}],"author":[{"embeddable":true,"href":"https:\/\/messer-ca.com\/fr\/wp-json\/wp\/v2\/users\/5"}],"replies":[{"embeddable":true,"href":"https:\/\/messer-ca.com\/fr\/wp-json\/wp\/v2\/comments?post=2706"}],"version-history":[{"count":0,"href":"https:\/\/messer-ca.com\/fr\/wp-json\/wp\/v2\/pages\/2706\/revisions"}],"up":[{"embeddable":true,"href":"https:\/\/messer-ca.com\/fr\/wp-json\/wp\/v2\/pages\/2717"}],"wp:featuredmedia":[{"embeddable":true,"href":"https:\/\/messer-ca.com\/fr\/wp-json\/wp\/v2\/media\/11"}],"wp:attachment":[{"href":"https:\/\/messer-ca.com\/fr\/wp-json\/wp\/v2\/media?parent=2706"}],"curies":[{"name":"wp","href":"https:\/\/api.w.org\/{rel}","templated":true}]}}