{"id":2717,"date":"2020-07-13T14:09:54","date_gmt":"2020-07-13T14:09:54","guid":{"rendered":"https:\/\/messer-ca.com\/?page_id=2717"},"modified":"2025-04-14T15:33:18","modified_gmt":"2025-04-14T15:33:18","slug":"welding-helmets","status":"publish","type":"page","link":"https:\/\/messer-ca.com\/fr\/products\/safety-equipment\/welding-helmets\/","title":{"rendered":"Casques de soudage"},"content":{"rendered":"<div style=\"height:20px\" aria-hidden=\"true\" class=\"wp-block-spacer custom-left-separator\"><\/div>\n\n\n    <div class=\"markets\">\n        \n                   <ul class=\"listreset markets-list solutions-list\">\n                                                            <li>\n                                                                                                <div class=\"market-ic\"><a href=\"https:\/\/messer-ca.com\/fr\/products\/safety-equipment\/welding-helmets\/pa800\/\"><img decoding=\"async\" src=\"https:\/\/messer-ca.com\/wp-content\/uploads\/2022\/01\/pa800-300x144.jpg\" alt=\"PAPR PA800 Mask &amp; Filter\"><\/a><\/div>\n                                                                                         <div class=\"market-text-block\">\n                                                                    <h3>\n                                                                                    <a href=\"https:\/\/messer-ca.com\/fr\/products\/safety-equipment\/welding-helmets\/pa800\/\">PAPR num\u00e9rique ClearVIEW 800<\/a>\n                                                                            <\/h3>\n                                                                                                    <h4>PAPR num\u00e9rique ClearVIEW 800<\/h4>\n<p>Le PA800 de ClearVIEW est un syst\u00e8me de protection respiratoire qui repose sur le principe de la circulation d\u2019air \u00e0 pression positive dans la cagoule. L\u2019unit\u00e9 de soufflage, mont\u00e9e sur une ceinture, envoie l\u2019air \u00e0 travers un filtre et par le biais d\u2019un tuyau \u00e0 air dans l\u2019ensemble de t\u00eate (la cagoule et le masque). L\u2019approvisionnement en air filtr\u00e9 cr\u00e9e une pression positive \u00e0 l\u2019int\u00e9rieur de l\u2019ensemble du masque, ce qui emp\u00eache l\u2019air contamin\u00e9 de p\u00e9n\u00e9trer dans la zone de respiration de l\u2019utilisateur.\nLe PA800 est vendu dans un sac ClearVIEW avec 3 lentilles externes, 2 lentilles internes et un ensemble de 5 pr\u00e9filtres.<\/p>\n                                                                                                    <a href=\"https:\/\/messer-ca.com\/fr\/products\/safety-equipment\/welding-helmets\/pa800\/\">\n                                        En savoir plus                                    <\/a>\n                                                            <\/div>\n                        <\/li>\n                                                                                <li>\n                                                                                                <div class=\"market-ic\"><a href=\"https:\/\/messer-ca.com\/fr\/products\/safety-equipment\/welding-helmets\/papr\/\"><img decoding=\"async\" src=\"https:\/\/messer-ca.com\/wp-content\/uploads\/2020\/06\/respirator-300x144.jpg\" alt=\"\"><\/a><\/div>\n                                                                                         <div class=\"market-text-block\">\n                                                                    <h3>\n                                                                                    <a href=\"https:\/\/messer-ca.com\/fr\/products\/safety-equipment\/welding-helmets\/papr\/\">ClearVIEW PAPR 700<\/a>\n                                                                            <\/h3>\n                                                                                                    <h4>Syst\u00e8me de protection respiratoire \u00e0 ventilation assist\u00e9e complet<\/h4>\n<p>Le ClearVIEW PA700 est un respirateur purificateur d&#039;air \u00e9l\u00e9gant bas\u00e9 sur le principe de la circulation d&#039;air filtr\u00e9 dans la hotte. L&#039;unit\u00e9 de soufflage l\u00e9g\u00e8re mont\u00e9e sur ceinture d\u00e9livre de l&#039;air filtr\u00e9 via un tuyau \u00e0 air dans un casque (hotte de soudage) .L&#039;alimentation en air filtr\u00e9 cr\u00e9e une pression positive \u00e0 l&#039;int\u00e9rieur du casque, ce qui emp\u00eache l&#039;air contamin\u00e9 ext\u00e9rieur de p\u00e9n\u00e9trer dans la zone respiratoire de l&#039;utilisateur. <\/p>\n                                                                                                    <a href=\"https:\/\/messer-ca.com\/fr\/products\/safety-equipment\/welding-helmets\/papr\/\">\n                                        En savoir plus                                    <\/a>\n                                                            <\/div>\n                        <\/li>\n                                                                                <li>\n                                                                                                <div class=\"market-ic\"><a href=\"https:\/\/messer-ca.com\/fr\/products\/safety-equipment\/welding-helmets\/ohe410\/\"><img decoding=\"async\" src=\"https:\/\/messer-ca.com\/wp-content\/uploads\/2020\/07\/hero-410-300x248.jpg\" alt=\"\"><\/a><\/div>\n                                                                                         <div class=\"market-text-block\">\n                                                                    <h3>\n                                                                                    <a href=\"https:\/\/messer-ca.com\/fr\/products\/safety-equipment\/welding-helmets\/ohe410\/\">ClearVIEW OHE410<\/a>\n                                                                            <\/h3>\n                                                                                                    <h4>Masque de soudage a assombrissement automatique<\/h4>\n<p>Le masque OHE410 de ClearVIEW est un masque electronique haut de gamme, vendu a prix concurrentiel, servant au soudage a l'arc. Le OHE410 est con\u00e7u selon les normes professionnelles pour les soudeurs industriels qui y ont recours peu souvent. II offre une protection complete et fiable; il est leger et tres confortable. <\/p>\n                                                                                                    <a href=\"https:\/\/messer-ca.com\/fr\/products\/safety-equipment\/welding-helmets\/ohe410\/\">\n                                        En savoir plus                                    <\/a>\n                                                            <\/div>\n                        <\/li>\n                                                                                <li>\n                                                                                                <div class=\"market-ic\"><a href=\"https:\/\/messer-ca.com\/fr\/products\/safety-equipment\/welding-helmets\/ohe450\/\"><img decoding=\"async\" src=\"https:\/\/messer-ca.com\/wp-content\/uploads\/2020\/07\/hero-450-300x248.jpg\" alt=\"\"><\/a><\/div>\n                                                                                         <div class=\"market-text-block\">\n                                                                    <h3>\n                                                                                    <a href=\"https:\/\/messer-ca.com\/fr\/products\/safety-equipment\/welding-helmets\/ohe450\/\">ClearVIEW OHE450<\/a>\n                                                                            <\/h3>\n                                                                                                    <h4>Masque de soudage a assombrissement automatique<\/h4>\n<p>Un casque de soudage \u00e9l\u00e9gant \u00e9quip\u00e9 d&#039;un ADF avec une grande classification optique adapt\u00e9e \u00e0 la plupart des applications de soudage, est livr\u00e9 avec un casque confortable avec un cliquet lisse. Les casques de soudage OHE450 permettent au soudeur de voir plus pr\u00e9cis\u00e9ment le point de l&#039;arc. Cela permet un gain de temps r\u00e9el.<\/p>\n                                                                                                    <a href=\"https:\/\/messer-ca.com\/fr\/products\/safety-equipment\/welding-helmets\/ohe450\/\">\n                                        En savoir plus                                    <\/a>\n                                                            <\/div>\n                        <\/li>\n                                                                                <li>\n                                                                                                <div class=\"market-ic\"><a href=\"https:\/\/messer-ca.com\/fr\/products\/safety-equipment\/welding-helmets\/ohp450\/\"><img decoding=\"async\" src=\"https:\/\/messer-ca.com\/wp-content\/uploads\/2020\/07\/hero-ohp450-300x248.jpg\" alt=\"\"><\/a><\/div>\n                                                                                         <div class=\"market-text-block\">\n                                                                    <h3>\n                                                                                    <a href=\"https:\/\/messer-ca.com\/fr\/products\/safety-equipment\/welding-helmets\/ohp450\/\">ClearVIEW OHP450<\/a>\n                                                                            <\/h3>\n                                                                                                    <h4>Masque de soudage passif<\/h4>\n<p>Un casque de soudage \u00e9l\u00e9gant \u00e9quip\u00e9 d&#039;un filtre en verre de soudage DIN 10, adapt\u00e9 \u00e0 la plupart des applications de soudage, est livr\u00e9 avec un casque confortable \u00e0 cliquet lisse. Les casques de soudage OHP450 offrent une protection fiable pour les yeux lors du soudage \u00e0 l&#039;arc \u00e9lectrique. Ils offrent une protection permanente contre les rayons UV \/ IR, la chaleur et les \u00e9tincelles.<\/p>\n                                                                                                    <a href=\"https:\/\/messer-ca.com\/fr\/products\/safety-equipment\/welding-helmets\/ohp450\/\">\n                                        En savoir plus                                    <\/a>\n                                                            <\/div>\n                        <\/li>\n                                                                                <li>\n                                                                                                <div class=\"market-ic\"><a href=\"https:\/\/messer-ca.com\/fr\/products\/safety-equipment\/welding-helmets\/ohe510\/\"><img decoding=\"async\" src=\"https:\/\/messer-ca.com\/wp-content\/uploads\/2020\/07\/hero-510-300x248.jpg\" alt=\"\"><\/a><\/div>\n                                                                                         <div class=\"market-text-block\">\n                                                                    <h3>\n                                                                                    <a href=\"https:\/\/messer-ca.com\/fr\/products\/safety-equipment\/welding-helmets\/ohe510\/\">ClearVIEW OHE510<\/a>\n                                                                            <\/h3>\n                                                                                                    <h4>Masque de soudage a assombrissement automatique<\/h4>\n<p>Un casque de soudage \u00e9l\u00e9gant \u00e9quip\u00e9 d&#039;un ADF avec une grande classification optique adapt\u00e9e \u00e0 la plupart des applications de soudage, est livr\u00e9 avec un casque confortable avec un cliquet lisse. Les casques de soudage OHE510 offrent une protection fiable pour les yeux lors du soudage \u00e0 l&#039;arc \u00e9lectrique. Ils offrent une protection permanente contre les rayons UV \/ IR, la chaleur et les \u00e9tincelles dans tous les \u00e9tats, du clair au fonc\u00e9. <\/p>\n                                                                                                    <a href=\"https:\/\/messer-ca.com\/fr\/products\/safety-equipment\/welding-helmets\/ohe510\/\">\n                                        En savoir plus                                    <\/a>\n                                                            <\/div>\n                        <\/li>\n                                                                                <li>\n                                                                                                <div class=\"market-ic\"><a href=\"https:\/\/messer-ca.com\/fr\/products\/safety-equipment\/welding-helmets\/ohe550d\/\"><img decoding=\"async\" src=\"https:\/\/messer-ca.com\/wp-content\/uploads\/2020\/07\/hero-ohe550d-300x248.jpg\" alt=\"\"><\/a><\/div>\n                                                                                         <div class=\"market-text-block\">\n                                                                    <h3>\n                                                                                    <a href=\"https:\/\/messer-ca.com\/fr\/products\/safety-equipment\/welding-helmets\/ohe550d\/\">ClearVIEW OHE550D<\/a>\n                                                                            <\/h3>\n                                                                                                    <h4>Masque de soudage numerique auto\u00adassombrissant<\/h4>\n<p>Un nouveau casque de soudage au design moderne \u00e9quip\u00e9 d&#039;un nouvel ADF num\u00e9rique am\u00e9lior\u00e9, adapt\u00e9 \u00e0 la plupart des applications de soudage, fourni avec un nouveau casque \u00e0 double sangle. Les casques de soudage OHE510 offrent une protection fiable pour les yeux lors du soudage \u00e0 l&#039;arc \u00e9lectrique. Ils offrent une protection permanente contre les rayons UV \/ IR, la chaleur et les \u00e9tincelles dans tous les \u00e9tats, du clair au fonc\u00e9. <\/p>\n                                                                                                    <a href=\"https:\/\/messer-ca.com\/fr\/products\/safety-equipment\/welding-helmets\/ohe550d\/\">\n                                        En savoir plus                                    <\/a>\n                                                            <\/div>\n                        <\/li>\n                                                <\/ul>\n            <\/div>\n\n\n\n<div style=\"height:20px\" aria-hidden=\"true\" class=\"wp-block-spacer custom-right-separator\"><\/div>\n\n\n\t<div class=\"text-and-button-block text-center full-width\">\n\t\t<div class=\"container\">\n\t\t\t\t\t\t\t<div class=\"text\"><p><strong>Des questions?<\/strong> Demandez \u00e0 notre \u00e9quipe. Nous sommes l\u00e0 pour vous aider.<\/p>\n<\/div>\n\t\t\t\t\t\t\t\t\t\t\t\t\t\t\t<a class=\"btn-3\" href=\"https:\/\/messer-ca.com\/fr\/contact-support\/\"  target=\"_blank\">Contactez-nous<\/a>\n\t\t\t\t\t\t\t\t\t<\/div>\n\t<\/div>","protected":false},"excerpt":{"rendered":"","protected":false},"author":5,"featured_media":2147,"parent":796,"menu_order":0,"comment_status":"closed","ping_status":"closed","template":"pages\/template-home.php","meta":{"_acf_changed":true,"content-type":"","om_disable_all_campaigns":false,"_exactmetrics_skip_tracking":false,"_exactmetrics_sitenote_active":false,"_exactmetrics_sitenote_note":"","_exactmetrics_sitenote_category":0,"_monsterinsights_skip_tracking":false,"_monsterinsights_sitenote_active":false,"_monsterinsights_sitenote_note":"","_monsterinsights_sitenote_category":0,"footnotes":""},"class_list":["post-2717","page","type-page","status-publish","has-post-thumbnail","hentry"],"acf":[],"_links":{"self":[{"href":"https:\/\/messer-ca.com\/fr\/wp-json\/wp\/v2\/pages\/2717","targetHints":{"allow":["GET"]}}],"collection":[{"href":"https:\/\/messer-ca.com\/fr\/wp-json\/wp\/v2\/pages"}],"about":[{"href":"https:\/\/messer-ca.com\/fr\/wp-json\/wp\/v2\/types\/page"}],"author":[{"embeddable":true,"href":"https:\/\/messer-ca.com\/fr\/wp-json\/wp\/v2\/users\/5"}],"replies":[{"embeddable":true,"href":"https:\/\/messer-ca.com\/fr\/wp-json\/wp\/v2\/comments?post=2717"}],"version-history":[{"count":0,"href":"https:\/\/messer-ca.com\/fr\/wp-json\/wp\/v2\/pages\/2717\/revisions"}],"up":[{"embeddable":true,"href":"https:\/\/messer-ca.com\/fr\/wp-json\/wp\/v2\/pages\/796"}],"wp:featuredmedia":[{"embeddable":true,"href":"https:\/\/messer-ca.com\/fr\/wp-json\/wp\/v2\/media\/2147"}],"wp:attachment":[{"href":"https:\/\/messer-ca.com\/fr\/wp-json\/wp\/v2\/media?parent=2717"}],"curies":[{"name":"wp","href":"https:\/\/api.w.org\/{rel}","templated":true}]}}