{"id":2750,"date":"2020-07-13T14:25:44","date_gmt":"2020-07-13T14:25:44","guid":{"rendered":"https:\/\/messer-ca.com\/?page_id=2750"},"modified":"2020-07-14T14:30:07","modified_gmt":"2020-07-14T14:30:07","slug":"ohe410","status":"publish","type":"page","link":"https:\/\/messer-ca.com\/fr\/products\/safety-equipment\/welding-helmets\/ohe410\/","title":{"rendered":"ClearVIEW OHE410"},"content":{"rendered":"<div style=\"height:50px\" aria-hidden=\"true\" class=\"wp-block-spacer\"><\/div>\n\n\n\n<h1 style=\"text-align:center;color:#004fa3;\">ClearVIEW OHE410<\/h1>\n<h2 style=\"text-align:center;\">Masque de soudage a assombrissement automatique<\/h2>\n\n\n\n<hr style=\"height:2px; border-width:0; color: #ef3e33; background-color: #ef3e33; width:75%; text-align:center:\">\n\n\n\n<div style=\"height:25px\" aria-hidden=\"true\" class=\"wp-block-spacer\"><\/div>\n\n\n\n<div style=\"height:25px\" aria-hidden=\"true\" class=\"wp-block-spacer\"><\/div>\n\n\n\n<div class=\"wp-block-image\"><figure class=\"aligncenter is-resized\"><img loading=\"lazy\" decoding=\"async\" src=\"https:\/\/messer-ca.com\/wp-content\/uploads\/2020\/07\/hero-410-1024x847.jpg\" alt=\"\" class=\"wp-image-2734\" width=\"605\" height=\"501\" srcset=\"https:\/\/messer-ca.com\/wp-content\/uploads\/2020\/07\/hero-410.jpg 1024w, https:\/\/messer-ca.com\/wp-content\/uploads\/2020\/07\/hero-410-300x248.jpg 300w, https:\/\/messer-ca.com\/wp-content\/uploads\/2020\/07\/hero-410-768x635.jpg 768w\" sizes=\"auto, (max-width: 605px) 100vw, 605px\" \/><\/figure><\/div>\n\n\n\n<h2 class=\"wp-block-heading\" style=\"text-align:center\">Vues interactives<\/h2>\n\n\n\n<h5 class=\"wp-block-heading\" style=\"text-align:center\"> Interagissez avec l&#039;image ci-dessous pour une exp\u00e9rience \u00e0 360 \u00b0 <\/h5>\n\n\n\n<center>\n<iframe src=\"\/\/messer-ca.com\/360\/OHE410\/\" class=\"embed_360\" scrolling=\"no\"><\/iframe>\n<\/center>\n\n\n<p><span style=\"font-weight: 400;\">Le masque OHE410 de ClearVIEW est un masque electronique haut de gamme, vendu a prix concurrentiel, servant au soudage a l'arc. Le OHE410 est con\u00e7u selon les normes professionnelles pour les soudeurs industriels qui y ont recours peu souvent. II offre une protection complete et fiable; il est leger et tres confortable.&nbsp;<\/span><\/p>\n<p><span style=\"font-weight: 400;\">La coquille est con\u00e7ue de fa\u00e7on a reduire la quantite de fumee dans la zone de respiration du soudeur et le nouveau harnais de tete unique a ete con\u00e7u pour permettre a l'utilisateur de l'ajuster pour un meilleur confort. L'inclinaison du harnais, la hauteur de la tete et la tension peuvent etre ajustes rapidement et facilement et la dimension de la tete peut etre ajustee en poussant et en tournant le rochet.&nbsp;<\/span><\/p>\n<p><span style=\"font-weight: 400;\">Le masque OHE410 est muni d'un filtre electronique auto-assombrissant (ADF) 4\/9-13 de haute qua lite avec fonction de meulage. Le delai de commutation de clair a fonce est d'environ 0,003 secondes (0,3ms) assurant une protection rapide et efficace. Le temps de retour a l'etat clair de la lentille ADF varie entre 0, 1 et 0,8 secondes dependant du parametre de la lentille. La lentille offre une protection permanente contre les dangers lies aux rayonnements UV et IR, que le masque soit en reglage clair ou fonce. L'alimentation electrique est assuree par cellules solaires et une batterie de secours au lithium. Le filtre de soudage fonctionne tout aussi bien lorsque la lumiere est faible qu'a la lumiere du soleil en ajustant simplement la sensibilite de la lentille. <\/span><\/p>\n\n\n<div style=\"height:50px\" aria-hidden=\"true\" class=\"wp-block-spacer\"><\/div>\n\n\n\t<div class=\"text-and-button-block text-center full-width\">\n\t\t<div class=\"container\">\n\t\t\t\t\t\t\t<div class=\"text\"><p>Int\u00e9ress\u00e9 par le <strong>Vue d\u00e9gag\u00e9e<\/strong> <strong>OHE410 Masque de soudage a assombrissement automatique?<\/strong><\/p>\n<\/div>\n\t\t\t\t\t\t\t\t\t\t\t\t\t\t\t<a class=\"btn-3\" href=\"https:\/\/shop.messer-ca.com\/shop\/ccrz__ProductDetails?sku=11303635&amp;cclcl=fr_CA\"  target=\"_blank\">Acheter maintenant<\/a>\n\t\t\t\t\t\t\t\t\t<\/div>\n\t<\/div>\n\n\n    <div class=\"resources-banner full-width\">\n        <div class=\"container min-container\">\n            <div class=\"resources-banner-img\">\n                                    <img decoding=\"async\" src=\"https:\/\/messer-ca.com\/wp-content\/uploads\/2020\/07\/OHE410DataSheetCover.png\" alt=\"\">\n                            <\/div>\n            <div class=\"resources-banner-text\">\n                                                    <h3>Fiche technique ClearVIEW OHE410<\/h3>\n                                                    <p>Vous souhaitez en savoir plus sur le ClearVIEW OHE410, t\u00e9l\u00e9chargez la fiche technique ici.<\/p>\n                                                    <a class=\"btn btn-2\" href=\"https:\/\/messer-ca.com\/wp-content\/uploads\/2020\/07\/3869F_OHE410-proof.pdf\" target=\"_blank\">\n                        En savoir plus                    <\/a>\n                            <\/div>\n            \n        <\/div>\n    <\/div>\n\n\n\t<div class=\"text-and-button-block text-center full-width\">\n\t\t<div class=\"container\">\n\t\t\t\t\t\t\t<div class=\"text\"><p><strong>Des questions?<\/strong> Demandez \u00e0 notre \u00e9quipe. Nous sommes l\u00e0 pour vous aider.<\/p>\n<\/div>\n\t\t\t\t\t\t\t\t\t\t\t\t\t\t\t<a class=\"btn-3\" href=\"https:\/\/messer-ca.com\/fr\/contact-support\/\"  target=\"_blank\">Contactez-nous<\/a>\n\t\t\t\t\t\t\t\t\t<\/div>\n\t<\/div>","protected":false},"excerpt":{"rendered":"<p>ClearVIEW OHE410 Auto-Darkening Welding Helmet Interactive Views Interact with the image below for a 360 experience The ClearVIEW OHE410 is a high quality, competitively priced electronic welding helmet for use in arc welding. The OHE410 is built to exacting professional standards and is designed for industrial welders who weld infrequently. It provides complete, reliable protection [&hellip;]<\/p>\n","protected":false},"author":5,"featured_media":11,"parent":2717,"menu_order":0,"comment_status":"closed","ping_status":"closed","template":"pages\/template-home.php","meta":{"_acf_changed":false,"content-type":"","om_disable_all_campaigns":false,"_exactmetrics_skip_tracking":false,"_exactmetrics_sitenote_active":false,"_exactmetrics_sitenote_note":"","_exactmetrics_sitenote_category":0,"_monsterinsights_skip_tracking":false,"_monsterinsights_sitenote_active":false,"_monsterinsights_sitenote_note":"","_monsterinsights_sitenote_category":0,"footnotes":""},"class_list":["post-2750","page","type-page","status-publish","has-post-thumbnail","hentry"],"acf":[],"_links":{"self":[{"href":"https:\/\/messer-ca.com\/fr\/wp-json\/wp\/v2\/pages\/2750","targetHints":{"allow":["GET"]}}],"collection":[{"href":"https:\/\/messer-ca.com\/fr\/wp-json\/wp\/v2\/pages"}],"about":[{"href":"https:\/\/messer-ca.com\/fr\/wp-json\/wp\/v2\/types\/page"}],"author":[{"embeddable":true,"href":"https:\/\/messer-ca.com\/fr\/wp-json\/wp\/v2\/users\/5"}],"replies":[{"embeddable":true,"href":"https:\/\/messer-ca.com\/fr\/wp-json\/wp\/v2\/comments?post=2750"}],"version-history":[{"count":0,"href":"https:\/\/messer-ca.com\/fr\/wp-json\/wp\/v2\/pages\/2750\/revisions"}],"up":[{"embeddable":true,"href":"https:\/\/messer-ca.com\/fr\/wp-json\/wp\/v2\/pages\/2717"}],"wp:featuredmedia":[{"embeddable":true,"href":"https:\/\/messer-ca.com\/fr\/wp-json\/wp\/v2\/media\/11"}],"wp:attachment":[{"href":"https:\/\/messer-ca.com\/fr\/wp-json\/wp\/v2\/media?parent=2750"}],"curies":[{"name":"wp","href":"https:\/\/api.w.org\/{rel}","templated":true}]}}