{"id":2759,"date":"2020-07-13T15:06:46","date_gmt":"2020-07-13T15:06:46","guid":{"rendered":"https:\/\/messer-ca.com\/?page_id=2759"},"modified":"2020-07-14T14:30:24","modified_gmt":"2020-07-14T14:30:24","slug":"ohe450","status":"publish","type":"page","link":"https:\/\/messer-ca.com\/fr\/products\/safety-equipment\/welding-helmets\/ohe450\/","title":{"rendered":"ClearVIEW OHE450"},"content":{"rendered":"<div style=\"height:50px\" aria-hidden=\"true\" class=\"wp-block-spacer\"><\/div>\n\n\n\n<h1 style=\"text-align:center;color:#004fa3;\">ClearVIEW OHE450<\/h1>\n<h2 style=\"text-align:center;\">Masque de soudage a assombrissement automatique<\/h2>\n\n\n\n<hr style=\"height:2px; border-width:0; color: #ef3e33; background-color: #ef3e33; width:75%; text-align:center:\">\n\n\n\n<div style=\"height:25px\" aria-hidden=\"true\" class=\"wp-block-spacer\"><\/div>\n\n\n\n<div style=\"height:25px\" aria-hidden=\"true\" class=\"wp-block-spacer\"><\/div>\n\n\n\n<div class=\"wp-block-image\"><figure class=\"aligncenter is-resized\"><img loading=\"lazy\" decoding=\"async\" src=\"https:\/\/messer-ca.com\/wp-content\/uploads\/2020\/07\/hero-450-1024x847.jpg\" alt=\"\" class=\"wp-image-2735\" width=\"602\" height=\"497\" srcset=\"https:\/\/messer-ca.com\/wp-content\/uploads\/2020\/07\/hero-450.jpg 1024w, https:\/\/messer-ca.com\/wp-content\/uploads\/2020\/07\/hero-450-300x248.jpg 300w, https:\/\/messer-ca.com\/wp-content\/uploads\/2020\/07\/hero-450-768x635.jpg 768w\" sizes=\"auto, (max-width: 602px) 100vw, 602px\" \/><\/figure><\/div>\n\n\n\n<h2 class=\"wp-block-heading\" style=\"text-align:center\">Vues interactives<\/h2>\n\n\n\n<h5 class=\"wp-block-heading\" style=\"text-align:center\"> Interagissez avec l&#039;image ci-dessous pour une exp\u00e9rience \u00e0 360 \u00b0 <\/h5>\n\n\n\n<center>\n<iframe src=\"\/\/messer-ca.com\/360\/OHE450\/\" class=\"embed_360\" scrolling=\"no\"><\/iframe>\n<\/center>\n\n\n<p><span style=\"font-weight: 400;\">Masque de soudage elegant muni d'un filtre autoassombrissant (ADF) avec une excellente classification optique convenant a la plupart des applications de soudage. Le masque est aussi muni d'un harnais confortable a rochet regulier.&nbsp;<\/span><\/p>\n<p><span style=\"font-weight: 400;\">Le plus recent modele de masque de soudage sous la marque ClearVIEW est vendu avec une coque EN175 classe Bet un nouveau filtre autoassombrissant (ADF) 4\/9-13 haut de gamme avec mode meulage. Ceci permet a l'operateur d'utiliser ce masque pour une multitude d'applications de soudage, dont la preparation de surfaces et l'enlevement d'eclaboussures. Le support pour filtre permet une installation facile de la lentille grossissante. Le masque est fabrique a partir de nylon hautement resistant aux chocs (PA).&nbsp;<\/span><\/p>\n<p><span style=\"font-weight: 400;\">Les masques de soudage OHE450 offrent une protection fiable pour les yeux pendant le soudage a l'arc. lls offrent une protection permanente contre les rayons UV\/IR, la chaleur et les etincelles, quel qu'en soit l'etat, clair ou fonce. Les niveaux de protection des masques de soudage OHE450 ont ete choisis pour ecarter tout risque de blessure oculaire lors d'un soudage a l'arc.&nbsp;<\/span><\/p>\n<p><span style=\"font-weight: 400;\">Les masques de soudage OHE450 permettent au soudeur de voir le point d'impact de l'arc de fai;:on plus precise. Ceci permet de gagner un temps considerable, dans la mesure ou ii est inutile de relever et abaisser le masque pendant le soudage, ce qui libere les deux mains. En outre, ce masque est leger, ce qui reduit egalement la fatigue liee au port.<\/span><\/p>\n\n\n<div style=\"height:50px\" aria-hidden=\"true\" class=\"wp-block-spacer\"><\/div>\n\n\n\t<div class=\"text-and-button-block text-center full-width\">\n\t\t<div class=\"container\">\n\t\t\t\t\t\t\t<div class=\"text\"><p>Int\u00e9ress\u00e9 par le <strong>ClearVIEW OHE450 Masque de soudage a assombrissement automatique?<\/strong><\/p>\n<\/div>\n\t\t\t\t\t\t\t\t\t\t\t\t\t\t\t<a class=\"btn-3\" href=\"https:\/\/shop.messer-ca.com\/shop\/ccrz__ProductDetails?sku=11312178&amp;cclcl=fr_CA\"  target=\"_blank\">Acheter maintenant<\/a>\n\t\t\t\t\t\t\t\t\t<\/div>\n\t<\/div>\n\n\n    <div class=\"resources-banner full-width\">\n        <div class=\"container min-container\">\n            <div class=\"resources-banner-img\">\n                                    <img decoding=\"async\" src=\"https:\/\/messer-ca.com\/wp-content\/uploads\/2020\/07\/OHE450DataSheetCover.png\" alt=\"\">\n                            <\/div>\n            <div class=\"resources-banner-text\">\n                                                    <h3>Fiche technique ClearVIEW OHE450<\/h3>\n                                                    <p>Vous souhaitez en savoir plus sur le ClearVIEW OHE450, t\u00e9l\u00e9chargez la fiche technique ici.<\/p>\n                                                    <a class=\"btn btn-2\" href=\"https:\/\/messer-ca.com\/wp-content\/uploads\/2020\/07\/3874F_OHE450-proof.pdf\" target=\"_blank\">\n                        En savoir plus                    <\/a>\n                            <\/div>\n            \n        <\/div>\n    <\/div>\n\n\n\t<div class=\"text-and-button-block text-center full-width\">\n\t\t<div class=\"container\">\n\t\t\t\t\t\t\t<div class=\"text\"><p><strong>Des questions?<\/strong> Demandez \u00e0 notre \u00e9quipe. Nous sommes l\u00e0 pour vous aider.<\/p>\n<\/div>\n\t\t\t\t\t\t\t\t\t\t\t\t\t\t\t<a class=\"btn-3\" href=\"https:\/\/messer-ca.com\/fr\/contact-support\/\"  target=\"_blank\">Contactez-nous<\/a>\n\t\t\t\t\t\t\t\t\t<\/div>\n\t<\/div>","protected":false},"excerpt":{"rendered":"<p>ClearVIEW OHE450 Auto-Darkening Welding Helmet Interactive Views Interact with the image below for a 360 experience A stylish welding helmet fitted with an ADF with great optical classification suitable for most welding applications, comes with a comfortable headgear with smooth ratchet.&nbsp; The welding helmet is the latest and under the ClearVI EW brand and comes [&hellip;]<\/p>\n","protected":false},"author":5,"featured_media":11,"parent":2717,"menu_order":0,"comment_status":"closed","ping_status":"closed","template":"pages\/template-home.php","meta":{"_acf_changed":false,"content-type":"","om_disable_all_campaigns":false,"_exactmetrics_skip_tracking":false,"_exactmetrics_sitenote_active":false,"_exactmetrics_sitenote_note":"","_exactmetrics_sitenote_category":0,"_monsterinsights_skip_tracking":false,"_monsterinsights_sitenote_active":false,"_monsterinsights_sitenote_note":"","_monsterinsights_sitenote_category":0,"footnotes":""},"class_list":["post-2759","page","type-page","status-publish","has-post-thumbnail","hentry"],"acf":[],"_links":{"self":[{"href":"https:\/\/messer-ca.com\/fr\/wp-json\/wp\/v2\/pages\/2759","targetHints":{"allow":["GET"]}}],"collection":[{"href":"https:\/\/messer-ca.com\/fr\/wp-json\/wp\/v2\/pages"}],"about":[{"href":"https:\/\/messer-ca.com\/fr\/wp-json\/wp\/v2\/types\/page"}],"author":[{"embeddable":true,"href":"https:\/\/messer-ca.com\/fr\/wp-json\/wp\/v2\/users\/5"}],"replies":[{"embeddable":true,"href":"https:\/\/messer-ca.com\/fr\/wp-json\/wp\/v2\/comments?post=2759"}],"version-history":[{"count":0,"href":"https:\/\/messer-ca.com\/fr\/wp-json\/wp\/v2\/pages\/2759\/revisions"}],"up":[{"embeddable":true,"href":"https:\/\/messer-ca.com\/fr\/wp-json\/wp\/v2\/pages\/2717"}],"wp:featuredmedia":[{"embeddable":true,"href":"https:\/\/messer-ca.com\/fr\/wp-json\/wp\/v2\/media\/11"}],"wp:attachment":[{"href":"https:\/\/messer-ca.com\/fr\/wp-json\/wp\/v2\/media?parent=2759"}],"curies":[{"name":"wp","href":"https:\/\/api.w.org\/{rel}","templated":true}]}}