{"id":2778,"date":"2020-07-13T18:03:10","date_gmt":"2020-07-13T18:03:10","guid":{"rendered":"https:\/\/messer-ca.com\/?page_id=2778"},"modified":"2021-11-22T21:45:34","modified_gmt":"2021-11-22T21:45:34","slug":"ohe510","status":"publish","type":"page","link":"https:\/\/messer-ca.com\/fr\/products\/safety-equipment\/welding-helmets\/ohe510\/","title":{"rendered":"ClearVIEW OHE510"},"content":{"rendered":"<div style=\"height:50px\" aria-hidden=\"true\" class=\"wp-block-spacer\"><\/div>\n\n\n\n<h1 style=\"text-align:center;color:#004fa3;\">ClearVIEW OHE510<\/h1>\n<h2 style=\"text-align:center;\">Masque de soudage a assombrissement automatique<\/h2>\n\n\n\n<hr style=\"height:2px; border-width:0; color: #ef3e33; background-color: #ef3e33; width:75%; text-align:center:\">\n\n\n\n<div style=\"height:25px\" aria-hidden=\"true\" class=\"wp-block-spacer\"><\/div>\n\n\n\n<div style=\"height:25px\" aria-hidden=\"true\" class=\"wp-block-spacer\"><\/div>\n\n\n\n<div class=\"wp-block-image\"><figure class=\"aligncenter is-resized\"><img loading=\"lazy\" decoding=\"async\" src=\"https:\/\/messer-ca.com\/wp-content\/uploads\/2020\/07\/hero-510-1024x847.jpg\" alt=\"\" class=\"wp-image-2736\" width=\"605\" height=\"499\" srcset=\"https:\/\/messer-ca.com\/wp-content\/uploads\/2020\/07\/hero-510.jpg 1024w, https:\/\/messer-ca.com\/wp-content\/uploads\/2020\/07\/hero-510-300x248.jpg 300w, https:\/\/messer-ca.com\/wp-content\/uploads\/2020\/07\/hero-510-768x635.jpg 768w\" sizes=\"auto, (max-width: 605px) 100vw, 605px\" \/><\/figure><\/div>\n\n\n\n<h2 class=\"wp-block-heading\" style=\"text-align:center\">Vues interactives<\/h2>\n\n\n\n<h5 class=\"wp-block-heading\" style=\"text-align:center\"> Interagissez avec l&#039;image ci-dessous pour une exp\u00e9rience \u00e0 360 \u00b0 <\/h5>\n\n\n\n<center>\n<iframe src=\"\/\/messer-ca.com\/360\/OHE510\/\" class=\"embed_360\" scrolling=\"no\"><\/iframe>\n<\/center>\n\n\n\n<iframe loading=\"lazy\" width=\"560\" height=\"315\" src=\"https:\/\/www.youtube-nocookie.com\/embed\/OPbv9NvHEvU\" title=\"lecteur vid\u00e9o YouTube\" frameborder=\"0\" allow=\"accelerometer; autoplay; clipboard-write; encrypted-media; gyroscope; picture-in-picture\" allowfullscreen align=\"right\" style=\"padding-left:15px;padding-bottom:15px;\"><\/iframe>\n\n\n<p>Masque de soudage elegant muni d'un filtre autoassombrissant (ADF) avec une excellente classification optique convenant a la plupart des applications de soudage. Le masque est aussi muni d'un harnais confortable a rochet regulier.<\/p>\n<p>Le casque de soudage est le dernier ajout de la marque ClearVIEW et est livr\u00e9 avec une coque de classe EN175 B et un nouveau filtre d&#039;obscurcissement automatique (ADF) 4 \/ 5-8 \/ 9-13 avec fonction de meulage. Cela permet \u00e0 l&#039;op\u00e9rateur d&#039;utiliser ce casque pour diverses applications de soudage, y compris les op\u00e9rations de pr\u00e9 et post soudage. Le dispositif de retenue ADF permet un montage facile de la lentille d&#039;agrandissement. Le casque est fabriqu\u00e9 \u00e0 partir d&#039;un nylon r\u00e9sistant aux chocs (PA).<\/p>\n<p>Les casques de soudage OHE510 offrent une protection fiable pour les yeux lors du soudage \u00e0 l&#039;arc \u00e9lectrique. Ils offrent une protection permanente contre les rayons UV \/ IR, la chaleur et les \u00e9tincelles dans tous les \u00e9tats, du clair au fonc\u00e9. Les teintes de protection des casques de soudage OHE510 ont \u00e9t\u00e9 choisies pour \u00e9viter les l\u00e9sions oculaires caus\u00e9es par l&#039;arc de soudage.<\/p>\n<p>Les casques de soudage OHE510 permettent au soudeur de voir plus pr\u00e9cis\u00e9ment le point de l&#039;arc. Cela permet un gain de temps r\u00e9el. Le casque ne doit pas \u00eatre rabattu de haut en bas pendant le soudage, les deux mains sont maintenues libres et \u00e0 cause des casques, la fatigue l\u00e9g\u00e8re est r\u00e9duite.<\/p>\n\n\n<div style=\"height:50px\" aria-hidden=\"true\" class=\"wp-block-spacer\"><\/div>\n\n\n\t<div class=\"text-and-button-block text-center full-width\">\n\t\t<div class=\"container\">\n\t\t\t\t\t\t\t<div class=\"text\"><p>Int\u00e9ress\u00e9 par le <strong>ClearVIEW OHE510 Masque de soudage a assombrissement automatique?<\/strong><\/p>\n<\/div>\n\t\t\t\t\t\t\t\t\t\t\t\t\t\t\t<a class=\"btn-3\" href=\"https:\/\/shop.messer-ca.com\/shop\/ccrz__ProductDetails?sku=11324543&#038;cclcl=en_CA\"  target=\"_blank\">Acheter maintenant<\/a>\n\t\t\t\t\t\t\t\t\t<\/div>\n\t<\/div>\n\n\n    <div class=\"resources-banner full-width\">\n        <div class=\"container min-container\">\n            <div class=\"resources-banner-img\">\n                                    <img decoding=\"async\" src=\"https:\/\/messer-ca.com\/wp-content\/uploads\/2020\/07\/OHE510DataSheetCover.png\" alt=\"\">\n                            <\/div>\n            <div class=\"resources-banner-text\">\n                                                    <h3>Fiche technique ClearVIEW OHE510<\/h3>\n                                                    <p>Vous souhaitez en savoir plus sur le ClearVIEW OHE510, t\u00e9l\u00e9chargez la fiche technique ici.<\/p>\n                                                    <a class=\"btn btn-2\" href=\"https:\/\/messer-ca.com\/wp-content\/uploads\/2020\/07\/3879E_OHE510_DataSheet.pdf\" target=\"_blank\">\n                        En savoir plus                    <\/a>\n                            <\/div>\n            \n        <\/div>\n    <\/div>\n\n\n\t<div class=\"text-and-button-block text-center full-width\">\n\t\t<div class=\"container\">\n\t\t\t\t\t\t\t<div class=\"text\"><p><strong>Des questions?<\/strong> Demandez \u00e0 notre \u00e9quipe. Nous sommes l\u00e0 pour vous aider.<\/p>\n<\/div>\n\t\t\t\t\t\t\t\t\t\t\t\t\t\t\t<a class=\"btn-3\" href=\"https:\/\/messer-ca.com\/fr\/contact-support\/\"  target=\"_blank\">Contactez-nous<\/a>\n\t\t\t\t\t\t\t\t\t<\/div>\n\t<\/div>","protected":false},"excerpt":{"rendered":"<p>ClearVIEW OHE510 Auto-Darkening Welding Helmet Interactive Views Interact with the image below for a 360 experience A stylish welding helmet fitted with an ADF with great optical classification suitable for most welding applications, comes with a comfortable headgear with smooth ratchet. The welding helmet is the latest addition under the ClearVIEW brand and comes with [&hellip;]<\/p>\n","protected":false},"author":5,"featured_media":11,"parent":2717,"menu_order":0,"comment_status":"closed","ping_status":"closed","template":"pages\/template-home.php","meta":{"_acf_changed":false,"content-type":"","om_disable_all_campaigns":false,"_exactmetrics_skip_tracking":false,"_exactmetrics_sitenote_active":false,"_exactmetrics_sitenote_note":"","_exactmetrics_sitenote_category":0,"_monsterinsights_skip_tracking":false,"_monsterinsights_sitenote_active":false,"_monsterinsights_sitenote_note":"","_monsterinsights_sitenote_category":0,"footnotes":""},"class_list":["post-2778","page","type-page","status-publish","has-post-thumbnail","hentry"],"acf":[],"_links":{"self":[{"href":"https:\/\/messer-ca.com\/fr\/wp-json\/wp\/v2\/pages\/2778","targetHints":{"allow":["GET"]}}],"collection":[{"href":"https:\/\/messer-ca.com\/fr\/wp-json\/wp\/v2\/pages"}],"about":[{"href":"https:\/\/messer-ca.com\/fr\/wp-json\/wp\/v2\/types\/page"}],"author":[{"embeddable":true,"href":"https:\/\/messer-ca.com\/fr\/wp-json\/wp\/v2\/users\/5"}],"replies":[{"embeddable":true,"href":"https:\/\/messer-ca.com\/fr\/wp-json\/wp\/v2\/comments?post=2778"}],"version-history":[{"count":0,"href":"https:\/\/messer-ca.com\/fr\/wp-json\/wp\/v2\/pages\/2778\/revisions"}],"up":[{"embeddable":true,"href":"https:\/\/messer-ca.com\/fr\/wp-json\/wp\/v2\/pages\/2717"}],"wp:featuredmedia":[{"embeddable":true,"href":"https:\/\/messer-ca.com\/fr\/wp-json\/wp\/v2\/media\/11"}],"wp:attachment":[{"href":"https:\/\/messer-ca.com\/fr\/wp-json\/wp\/v2\/media?parent=2778"}],"curies":[{"name":"wp","href":"https:\/\/api.w.org\/{rel}","templated":true}]}}