{"id":2782,"date":"2020-07-13T18:07:55","date_gmt":"2020-07-13T18:07:55","guid":{"rendered":"https:\/\/messer-ca.com\/?page_id=2782"},"modified":"2021-11-22T21:43:30","modified_gmt":"2021-11-22T21:43:30","slug":"ohe550d","status":"publish","type":"page","link":"https:\/\/messer-ca.com\/fr\/products\/safety-equipment\/welding-helmets\/ohe550d\/","title":{"rendered":"ClearVIEW OHE550D"},"content":{"rendered":"<div style=\"height:50px\" aria-hidden=\"true\" class=\"wp-block-spacer\"><\/div>\n\n\n\n<h1 style=\"text-align:center;color:#004fa3;\">ClearVIEW OHE550D<\/h1>\n<h2 style=\"text-align:center;\">Masque de soudage numerique auto\u00adassombrissant<\/h2>\n\n\n\n<hr style=\"height:2px; border-width:0; color: #ef3e33; background-color: #ef3e33; width:75%; text-align:center:\">\n\n\n\n<div style=\"height:25px\" aria-hidden=\"true\" class=\"wp-block-spacer\"><\/div>\n\n\n\n<div style=\"height:25px\" aria-hidden=\"true\" class=\"wp-block-spacer\"><\/div>\n\n\n\n<div class=\"wp-block-image\"><figure class=\"aligncenter is-resized\"><img loading=\"lazy\" decoding=\"async\" src=\"https:\/\/messer-ca.com\/wp-content\/uploads\/2020\/07\/hero-ohe550d-1024x847.jpg\" alt=\"\" class=\"wp-image-2737\" width=\"599\" height=\"494\" srcset=\"https:\/\/messer-ca.com\/wp-content\/uploads\/2020\/07\/hero-ohe550d.jpg 1024w, https:\/\/messer-ca.com\/wp-content\/uploads\/2020\/07\/hero-ohe550d-300x248.jpg 300w, https:\/\/messer-ca.com\/wp-content\/uploads\/2020\/07\/hero-ohe550d-768x635.jpg 768w\" sizes=\"auto, (max-width: 599px) 100vw, 599px\" \/><\/figure><\/div>\n\n\n\n<h2 class=\"wp-block-heading\" style=\"text-align:center\">Vues interactives<\/h2>\n\n\n\n<h5 class=\"wp-block-heading\" style=\"text-align:center\"> Interagissez avec l&#039;image ci-dessous pour une exp\u00e9rience \u00e0 360 \u00b0 <\/h5>\n\n\n\n<center>\n<iframe src=\"\/\/messer-ca.com\/360\/OHE550D\/\" class=\"embed_360\" scrolling=\"no\"><\/iframe>\n<\/center>\n\n\n\n<iframe loading=\"lazy\" width=\"560\" height=\"315\" src=\"https:\/\/www.youtube-nocookie.com\/embed\/VZOHDkw4R0I\" title=\"lecteur vid\u00e9o YouTube\" frameborder=\"0\" allow=\"accelerometer; autoplay; clipboard-write; encrypted-media; gyroscope; picture-in-picture\" allowfullscreen align=\"right\" style=\"padding-left:15px;padding-bottom:15px;\"><\/iframe>\n\n\n\n<p>Un nouveau masque de soudage d'allure moderne, equipe d'un nouveau filtre auto-assombrissant numerique ameliore, adapte a la plupart des applications de soudage et fourni avec un nouveau harnais a sangle double.&nbsp;<\/p>\n<p>Le masque de soudage est le dernier ajout de la marque ClearView, entierement teste et certifie selon EN 175B, ANSI\/IS EA Z87 .1-2015, CSA Z94.3 -15 coquille et filtre auto-assombrissant (ADF) testes selon EN379:2009-07, ANSI Z87 .1-2010 et CSA Z94.3-2007 - avec fonction meulage externe. Cela permet a l'operateur d'utiliser ce masque pour diverses applications de soudage, y compris les applications pre et post soudage. En appuyant simplement sur le bouton externe de mode meulage (Grind), le filtre permettra a l'utilisateur d'utiliser ce masque pour des operations d'ebavurage et de meulage. Le dispositive de retenue du filtre permet de monter facilement une lentille de grossissement. Le masque est fabrique en nylon a haute resistance aux chocs (PA).<\/p>\n<p>Les masques de soudage OHE550O offrent une protection fiable pour les yeux lors du soudage a l'arc electrique. lls offrent une protection permanente contre les rayons UV\/IR (Teinte 13), la chaleur et les etincelles dans taus les etats, du clair au sombre. Les teintes de protection des masques de soudage OHE550O ant ete selectionnees pour eviter les lesions oculaires causees par l'arc de soudage.&nbsp;<\/p>\n<p>Les masques de soudage OHE550O permettent au soudeur de voir plus precisement le point de l'amorgage de l'arc. II en resulte un reel gain de temps. II n'est pas necessaire de lever et de baisser le masque pendant le soudage, les deux mains restent libres et la legerete du masque reduit la fatigue.<\/p>\n\n\n<div style=\"height:50px\" aria-hidden=\"true\" class=\"wp-block-spacer\"><\/div>\n\n\n\t<div class=\"text-and-button-block text-center full-width\">\n\t\t<div class=\"container\">\n\t\t\t\t\t\t\t<div class=\"text\"><p>Int\u00e9ress\u00e9 par le<strong> ClearVIEW OHE550D Masque de soudage numerique auto\u00adassombrissant?<\/strong><\/p>\n<\/div>\n\t\t\t\t\t\t\t\t\t\t\t\t\t\t\t<a class=\"btn-3\" href=\"https:\/\/shop.messer-ca.com\/shop\/ccrz__ProductDetails?sku=11346280&amp;cclcl=fr_CA\"  target=\"_blank\">Acheter maintenant<\/a>\n\t\t\t\t\t\t\t\t\t<\/div>\n\t<\/div>\n\n\n    <div class=\"resources-banner full-width\">\n        <div class=\"container min-container\">\n            <div class=\"resources-banner-img\">\n                                    <img decoding=\"async\" src=\"https:\/\/messer-ca.com\/wp-content\/uploads\/2020\/07\/OHP550DataSheetCover-1024x685.jpg\" alt=\"\">\n                            <\/div>\n            <div class=\"resources-banner-text\">\n                                                    <h3>Fiche technique ClearVIEW OHE550D<\/h3>\n                                                    <p>Vous souhaitez en savoir plus sur le ClearVIEW OHE550D, t\u00e9l\u00e9chargez la fiche technique ici.<\/p>\n                                                    <a class=\"btn btn-2\" href=\"https:\/\/messer-ca.com\/wp-content\/uploads\/2020\/07\/3663F_OHE550D-proof.pdf\" target=\"_blank\">\n                        En savoir plus                    <\/a>\n                            <\/div>\n            \n        <\/div>\n    <\/div>\n\n\n\t<div class=\"text-and-button-block text-center full-width\">\n\t\t<div class=\"container\">\n\t\t\t\t\t\t\t<div class=\"text\"><p><strong>Des questions?<\/strong> Demandez \u00e0 notre \u00e9quipe. Nous sommes l\u00e0 pour vous aider.<\/p>\n<\/div>\n\t\t\t\t\t\t\t\t\t\t\t\t\t\t\t<a class=\"btn-3\" href=\"https:\/\/messer-ca.com\/fr\/contact-support\/\"  target=\"_blank\">Contactez-nous<\/a>\n\t\t\t\t\t\t\t\t\t<\/div>\n\t<\/div>","protected":false},"excerpt":{"rendered":"<p>ClearVIEW OHE550D Auto-Darkening Digital Welding Helmet Interactive Views Interact with the image below for a 360 experience A new designed modern looking welding helmet equipped with an improved new digital ADF, suitable for most welding applications supplied with a new dual strap headgear.&nbsp; The welding helmet is the latest addition under the ClearView brand, fully [&hellip;]<\/p>\n","protected":false},"author":5,"featured_media":11,"parent":2717,"menu_order":0,"comment_status":"closed","ping_status":"closed","template":"pages\/template-home.php","meta":{"_acf_changed":false,"content-type":"","om_disable_all_campaigns":false,"_exactmetrics_skip_tracking":false,"_exactmetrics_sitenote_active":false,"_exactmetrics_sitenote_note":"","_exactmetrics_sitenote_category":0,"_monsterinsights_skip_tracking":false,"_monsterinsights_sitenote_active":false,"_monsterinsights_sitenote_note":"","_monsterinsights_sitenote_category":0,"footnotes":""},"class_list":["post-2782","page","type-page","status-publish","has-post-thumbnail","hentry"],"acf":[],"_links":{"self":[{"href":"https:\/\/messer-ca.com\/fr\/wp-json\/wp\/v2\/pages\/2782","targetHints":{"allow":["GET"]}}],"collection":[{"href":"https:\/\/messer-ca.com\/fr\/wp-json\/wp\/v2\/pages"}],"about":[{"href":"https:\/\/messer-ca.com\/fr\/wp-json\/wp\/v2\/types\/page"}],"author":[{"embeddable":true,"href":"https:\/\/messer-ca.com\/fr\/wp-json\/wp\/v2\/users\/5"}],"replies":[{"embeddable":true,"href":"https:\/\/messer-ca.com\/fr\/wp-json\/wp\/v2\/comments?post=2782"}],"version-history":[{"count":0,"href":"https:\/\/messer-ca.com\/fr\/wp-json\/wp\/v2\/pages\/2782\/revisions"}],"up":[{"embeddable":true,"href":"https:\/\/messer-ca.com\/fr\/wp-json\/wp\/v2\/pages\/2717"}],"wp:featuredmedia":[{"embeddable":true,"href":"https:\/\/messer-ca.com\/fr\/wp-json\/wp\/v2\/media\/11"}],"wp:attachment":[{"href":"https:\/\/messer-ca.com\/fr\/wp-json\/wp\/v2\/media?parent=2782"}],"curies":[{"name":"wp","href":"https:\/\/api.w.org\/{rel}","templated":true}]}}