{"id":2844,"date":"2020-08-05T19:18:21","date_gmt":"2020-08-05T19:18:21","guid":{"rendered":"https:\/\/messer-ca.com\/?page_id=2844"},"modified":"2026-01-27T21:35:34","modified_gmt":"2026-01-27T21:35:34","slug":"welding-equipment","status":"publish","type":"page","link":"https:\/\/messer-ca.com\/fr\/products\/hardgoods-equipment\/welding-equipment\/","title":{"rendered":"Poste \u00e0 souder"},"content":{"rendered":"<div style=\"height:20px\" aria-hidden=\"true\" class=\"wp-block-spacer custom-left-separator\"><\/div>\n\n\n    <div class=\"markets\">\n        \n                   <ul class=\"listreset markets-list solutions-list\">\n                                                            <li>\n                                                                                                <div class=\"market-ic\"><a href=\"https:\/\/messer-ca.com\/fr\/products\/hardgoods-equipment\/welding-equipment\/multipro-200-sp\/\"><img decoding=\"async\" src=\"https:\/\/messer-ca.com\/wp-content\/uploads\/2020\/08\/thumb-180a.png\" alt=\"\"><\/a><\/div>\n                                                                                         <div class=\"market-text-block\">\n                                                                    <h3>\n                                                                                    <a href=\"https:\/\/messer-ca.com\/fr\/products\/hardgoods-equipment\/welding-equipment\/multipro-200-sp\/\">Multipro 200 SP<\/a>\n                                                                            <\/h3>\n                                                                                                    <p>Le soudeur monophas\u00e9 \u00e0 double tension SolidWELD Multipro 200SP est un excellent investissement pour le soudeur polyvalent. Cet appareil abordable est livr\u00e9 avec des torches pr\u00eates \u00e0 souder pour tous les processus.<\/p>\n                                                                                                    <a href=\"https:\/\/messer-ca.com\/fr\/products\/hardgoods-equipment\/welding-equipment\/multipro-200-sp\/\">\n                                        En savoir plus                                    <\/a>\n                                                            <\/div>\n                        <\/li>\n                                                                                <li>\n                                                                                                <div class=\"market-ic\"><a href=\"https:\/\/messer-ca.com\/fr\/products\/hardgoods-equipment\/welding-equipment\/tig-acdc-fp-185a\/\"><img decoding=\"async\" src=\"https:\/\/messer-ca.com\/wp-content\/uploads\/2020\/08\/thumb-tig.png\" alt=\"\"><\/a><\/div>\n                                                                                         <div class=\"market-text-block\">\n                                                                    <h3>\n                                                                                    <a href=\"https:\/\/messer-ca.com\/fr\/products\/hardgoods-equipment\/welding-equipment\/tig-acdc-fp-185a\/\">Soudeuse TIG AC \/ DC FP 185A<\/a>\n                                                                            <\/h3>\n                                                                                                    <p>La machine Messer SolidWELD TIG 185 AC \/ DC avec p\u00e9dale est une machine \u00e0 onduleur avec une capacit\u00e9 de soudage SMAW suppl\u00e9mentaire. Il offre des caract\u00e9ristiques d&#039;arc lisse qui vous aideront \u00e0 r\u00e9aliser des soudures de haute qualit\u00e9. Id\u00e9al pour tous les mat\u00e9riaux, sa commande d&#039;\u00e9quilibrage variable vous permet de s\u00e9lectionner la quantit\u00e9 de nettoyage ou de p\u00e9n\u00e9tration requise pour les soudures d&#039;aluminium.<\/p>\n                                                                                                    <a href=\"https:\/\/messer-ca.com\/fr\/products\/hardgoods-equipment\/welding-equipment\/tig-acdc-fp-185a\/\">\n                                        En savoir plus                                    <\/a>\n                                                            <\/div>\n                        <\/li>\n                                                                                <li>\n                                                                                                <div class=\"market-ic\"><a href=\"https:\/\/messer-ca.com\/fr\/products\/hardgoods-equipment\/welding-equipment\/strike-200\/\"><img decoding=\"async\" src=\"https:\/\/messer-ca.com\/wp-content\/uploads\/2026\/01\/Strike200_MainImage-300x276.jpeg\" alt=\"\"><\/a><\/div>\n                                                                                         <div class=\"market-text-block\">\n                                                                    <h3>\n                                                                                    <a href=\"https:\/\/messer-ca.com\/fr\/products\/hardgoods-equipment\/welding-equipment\/strike-200\/\">Strike 200<\/a>\n                                                                            <\/h3>\n                                                                                                    <p>The SolidWELD Strike 200 is a state-of-the-art stick welding machine, incorporating advanced IGBT technology and an intelligent MCU control system. This dual voltage equipment operates at both 110V and 220V, featuring an easy-to-adjust parameter screen for precise control.<\/p>\n                                                                                                    <a href=\"https:\/\/messer-ca.com\/fr\/products\/hardgoods-equipment\/welding-equipment\/strike-200\/\">\n                                        En savoir plus                                    <\/a>\n                                                            <\/div>\n                        <\/li>\n                                                                                <li>\n                                                                                                <div class=\"market-ic\"><a href=\"https:\/\/messer-ca.com\/fr\/products\/hardgoods-equipment\/welding-equipment\/mig-250gs\/\"><img decoding=\"async\" src=\"https:\/\/messer-ca.com\/wp-content\/uploads\/2020\/10\/MIG250GSII-hero-Crop-e1603130318555-300x200.jpg\" alt=\"\"><\/a><\/div>\n                                                                                         <div class=\"market-text-block\">\n                                                                    <h3>\n                                                                                    <a href=\"https:\/\/messer-ca.com\/fr\/products\/hardgoods-equipment\/welding-equipment\/mig-250gs\/\">MIG250 GS II<\/a>\n                                                                            <\/h3>\n                                                                                                    <p>La machine SolidWELD MIG 250GS II est un poste de soudage MIG et \u00e0 l\u2019\u00e9lectrode \u00e0 base d\u2019onduleurs avec fonction de pistolet-d\u00e9vidoir Elle offre un arc r\u00e9gulier qui permet d\u2019obtenir\ndes soudures de qualit\u00e9. Cette machine comporte trois types de d\u00e9vidoirs.<\/p>\n                                                                                                    <a href=\"https:\/\/messer-ca.com\/fr\/products\/hardgoods-equipment\/welding-equipment\/mig-250gs\/\">\n                                        En savoir plus                                    <\/a>\n                                                            <\/div>\n                        <\/li>\n                                                <\/ul>\n            <\/div>\n\n\n\n<div style=\"height:20px\" aria-hidden=\"true\" class=\"wp-block-spacer custom-right-separator\"><\/div>\n\n\n\t<div class=\"text-and-button-block text-center full-width\">\n\t\t<div class=\"container\">\n\t\t\t\t\t\t\t<div class=\"text\"><p><strong>Des questions?<\/strong> Demandez \u00e0 notre \u00e9quipe. Nous sommes l\u00e0 pour vous aider.<\/p>\n<\/div>\n\t\t\t\t\t\t\t\t\t\t\t\t\t\t\t<a class=\"btn-3\" href=\"https:\/\/messer-ca.com\/fr\/contact-support\/\"  target=\"_blank\">Contactez-nous<\/a>\n\t\t\t\t\t\t\t\t\t<\/div>\n\t<\/div>","protected":false},"excerpt":{"rendered":"","protected":false},"author":5,"featured_media":2147,"parent":680,"menu_order":0,"comment_status":"closed","ping_status":"closed","template":"pages\/template-home.php","meta":{"_acf_changed":true,"content-type":"","om_disable_all_campaigns":false,"_exactmetrics_skip_tracking":false,"_exactmetrics_sitenote_active":false,"_exactmetrics_sitenote_note":"","_exactmetrics_sitenote_category":0,"_monsterinsights_skip_tracking":false,"_monsterinsights_sitenote_active":false,"_monsterinsights_sitenote_note":"","_monsterinsights_sitenote_category":0,"footnotes":""},"class_list":["post-2844","page","type-page","status-publish","has-post-thumbnail","hentry"],"acf":[],"_links":{"self":[{"href":"https:\/\/messer-ca.com\/fr\/wp-json\/wp\/v2\/pages\/2844","targetHints":{"allow":["GET"]}}],"collection":[{"href":"https:\/\/messer-ca.com\/fr\/wp-json\/wp\/v2\/pages"}],"about":[{"href":"https:\/\/messer-ca.com\/fr\/wp-json\/wp\/v2\/types\/page"}],"author":[{"embeddable":true,"href":"https:\/\/messer-ca.com\/fr\/wp-json\/wp\/v2\/users\/5"}],"replies":[{"embeddable":true,"href":"https:\/\/messer-ca.com\/fr\/wp-json\/wp\/v2\/comments?post=2844"}],"version-history":[{"count":0,"href":"https:\/\/messer-ca.com\/fr\/wp-json\/wp\/v2\/pages\/2844\/revisions"}],"up":[{"embeddable":true,"href":"https:\/\/messer-ca.com\/fr\/wp-json\/wp\/v2\/pages\/680"}],"wp:featuredmedia":[{"embeddable":true,"href":"https:\/\/messer-ca.com\/fr\/wp-json\/wp\/v2\/media\/2147"}],"wp:attachment":[{"href":"https:\/\/messer-ca.com\/fr\/wp-json\/wp\/v2\/media?parent=2844"}],"curies":[{"name":"wp","href":"https:\/\/api.w.org\/{rel}","templated":true}]}}