{"id":2858,"date":"2020-08-05T20:07:55","date_gmt":"2020-08-05T20:07:55","guid":{"rendered":"https:\/\/messer-ca.com\/?page_id=2858"},"modified":"2021-11-22T21:52:04","modified_gmt":"2021-11-22T21:52:04","slug":"tig-acdc-fp-185a","status":"publish","type":"page","link":"https:\/\/messer-ca.com\/fr\/products\/hardgoods-equipment\/welding-equipment\/tig-acdc-fp-185a\/","title":{"rendered":"Soudeuse TIG AC \/ DC FP 185A"},"content":{"rendered":"<div style=\"height:50px\" aria-hidden=\"true\" class=\"wp-block-spacer\"><\/div>\n\n\n\n<h1 style=\"text-align:center;color:#004fa3;\">Soudeuse TIG AC \/ DC FP 185A<\/h1>\n<h2 style=\"text-align:center;\">Machine SolidWELD<\/h2>\n\n\n\n<hr style=\"height:2px; border-width:0; color: #ef3e33; background-color: #ef3e33; width:75%; text-align:center:\">\n\n\n\n<div style=\"height:25px\" aria-hidden=\"true\" class=\"wp-block-spacer\"><\/div>\n\n\n\n<div style=\"height:25px\" aria-hidden=\"true\" class=\"wp-block-spacer\"><\/div>\n\n\n\n<div class=\"wp-block-image\"><figure class=\"aligncenter\"><img loading=\"lazy\" decoding=\"async\" width=\"1024\" height=\"463\" src=\"https:\/\/messer-ca.com\/wp-content\/uploads\/2020\/08\/TIG185-hero-1024x463.jpg\" alt=\"\" class=\"wp-image-2864\" srcset=\"https:\/\/messer-ca.com\/wp-content\/uploads\/2020\/08\/TIG185-hero.jpg 1024w, https:\/\/messer-ca.com\/wp-content\/uploads\/2020\/08\/TIG185-hero-300x136.jpg 300w, https:\/\/messer-ca.com\/wp-content\/uploads\/2020\/08\/TIG185-hero-768x347.jpg 768w\" sizes=\"auto, (max-width: 1024px) 100vw, 1024px\" \/><\/figure><\/div>\n\n\n\n<h2 class=\"wp-block-heading\" style=\"text-align:center\">Vues interactives<\/h2>\n\n\n\n<h5 class=\"wp-block-heading\" style=\"text-align:center\"> Interagissez avec l&#039;image ci-dessous pour une exp\u00e9rience \u00e0 360 \u00b0 <\/h5>\n\n\n\n<center>\n<iframe src=\"\/\/messer-ca.com\/360\/TIG185DC\/\" class=\"embed_360\" scrolling=\"no\"><\/iframe>\n<\/center>\n\n\n\n<div class=\"wp-block-columns has-2-columns is-layout-flex wp-container-core-columns-is-layout-9d6595d7 wp-block-columns-is-layout-flex\">\n<div class=\"wp-block-column is-layout-flow wp-block-column-is-layout-flow\"><p>La machine Messer SolidWELD TIG 185 AC \/ DC avec p\u00e9dale est une machine \u00e0 onduleur avec une capacit\u00e9 de soudage SMAW suppl\u00e9mentaire. Il offre des caract\u00e9ristiques d&#039;arc lisse qui vous aideront \u00e0 r\u00e9aliser des soudures de haute qualit\u00e9. Id\u00e9al pour tous les mat\u00e9riaux, sa commande d&#039;\u00e9quilibrage variable vous permet de s\u00e9lectionner la quantit\u00e9 de nettoyage ou de p\u00e9n\u00e9tration requise pour les soudures d&#039;aluminium. Sa capacit\u00e9 d&#039;impulsion vous permet de contr\u00f4ler l&#039;apport de chaleur lorsque vous travaillez sur des mat\u00e9riaux minces et son panneau de commande simple le rend facile \u00e0 utiliser. Id\u00e9al pour la fabrication de t\u00f4les, d&#039;acier inoxydable et d&#039;aluminium. Convient aux travaux industriels l\u00e9gers, de maintenance et de bricolage.<\/p>\n\n\n<p><\/p>\n<\/div>\n\n\n\n<div class=\"wp-block-column is-layout-flow wp-block-column-is-layout-flow\">\n<iframe loading=\"lazy\" width=\"560\" height=\"315\" src=\"https:\/\/www.youtube-nocookie.com\/embed\/a8vDBLbgt5E\" title=\"lecteur vid\u00e9o YouTube\" frameborder=\"0\" allow=\"accelerometer; autoplay; clipboard-write; encrypted-media; gyroscope; picture-in-picture\" allowfullscreen><\/iframe>\n<\/div>\n<\/div>\n\n\n\n<div style=\"height:50px\" aria-hidden=\"true\" class=\"wp-block-spacer\"><\/div>\n\n\n\t<div class=\"text-and-button-block text-center full-width\">\n\t\t<div class=\"container\">\n\t\t\t\t\t\t\t<div class=\"text\"><p>Int\u00e9ress\u00e9 par le <strong>Soudeuse TIG SolidWELD AC \/ DC FP 185A?<\/strong><\/p>\n<\/div>\n\t\t\t\t\t\t\t\t\t\t\t\t\t\t\t<a class=\"btn-3\" href=\"https:\/\/shop.messer-ca.com\/shop\/ccrz__ProductDetails?sku=11309032&#038;cclcl=en_CA\"  target=\"_blank\">Acheter maintenant<\/a>\n\t\t\t\t\t\t\t\t\t<\/div>\n\t<\/div>\n\n\n\n<div style=\"height:50px\" aria-hidden=\"true\" class=\"wp-block-spacer\"><\/div>\n\n\n\n<h4 style=\"text-align:center;\">Information produit<\/h4>\n\n\n<div id=\"footable_parent_2857\"\n         class=\"footable_parent ninja_table_wrapper loading_ninja_table wp_table_data_press_parent bootstrap4\">\n                <table data-ninja_table_instance=\"ninja_table_instance_0\" data-footable_id=\"2857\" data-filter-delay=\"1000\" aria-label=\"TIG185AC\/DCFP1\"            id=\"footable_2857\"\n           data-unique_identifier=\"ninja_table_unique_id_2852640781_2857\"\n           class=\"foo-table ninja_footable foo_table_2857 ninja_table_unique_id_2852640781_2857 table  nt_type_ajax_table table-striped hide_horizonal_borders table-sm vertical_centered  footable-paging-right hide_all_borders ninja_table_search_disabled\">\n                <colgroup>\n                            <col class=\"ninja_column_0\">\n                            <col class=\"ninja_column_1\">\n                            <col class=\"ninja_column_2\">\n                    <\/colgroup>\n            <\/table>\n    \n    \n    \n<\/div>\n\n\n\n\n<div style=\"height:50px\" aria-hidden=\"true\" class=\"wp-block-spacer\"><\/div>\n\n\n\t<div class=\"text-and-button-block text-center full-width\">\n\t\t<div class=\"container\">\n\t\t\t\t\t\t\t<div class=\"text\"><p><strong>Des questions?<\/strong> Demandez \u00e0 notre \u00e9quipe. Nous sommes l\u00e0 pour vous aider.<\/p>\n<\/div>\n\t\t\t\t\t\t\t\t\t\t\t\t\t\t\t<a class=\"btn-3\" href=\"https:\/\/messer-ca.com\/fr\/contact-support\/\"  target=\"_blank\">Contactez-nous<\/a>\n\t\t\t\t\t\t\t\t\t<\/div>\n\t<\/div>","protected":false},"excerpt":{"rendered":"<p>Soudeuse TIG AC\/DC FP 185A Vues interactives de la machine SolidWELD Interagissez avec l&#039;image ci-dessous pour une exp\u00e9rience 360<\/p>","protected":false},"author":5,"featured_media":11,"parent":2844,"menu_order":0,"comment_status":"closed","ping_status":"closed","template":"pages\/template-home.php","meta":{"_acf_changed":false,"content-type":"","om_disable_all_campaigns":false,"_exactmetrics_skip_tracking":false,"_exactmetrics_sitenote_active":false,"_exactmetrics_sitenote_note":"","_exactmetrics_sitenote_category":0,"_monsterinsights_skip_tracking":false,"_monsterinsights_sitenote_active":false,"_monsterinsights_sitenote_note":"","_monsterinsights_sitenote_category":0,"footnotes":""},"class_list":["post-2858","page","type-page","status-publish","has-post-thumbnail","hentry"],"acf":[],"_links":{"self":[{"href":"https:\/\/messer-ca.com\/fr\/wp-json\/wp\/v2\/pages\/2858","targetHints":{"allow":["GET"]}}],"collection":[{"href":"https:\/\/messer-ca.com\/fr\/wp-json\/wp\/v2\/pages"}],"about":[{"href":"https:\/\/messer-ca.com\/fr\/wp-json\/wp\/v2\/types\/page"}],"author":[{"embeddable":true,"href":"https:\/\/messer-ca.com\/fr\/wp-json\/wp\/v2\/users\/5"}],"replies":[{"embeddable":true,"href":"https:\/\/messer-ca.com\/fr\/wp-json\/wp\/v2\/comments?post=2858"}],"version-history":[{"count":0,"href":"https:\/\/messer-ca.com\/fr\/wp-json\/wp\/v2\/pages\/2858\/revisions"}],"up":[{"embeddable":true,"href":"https:\/\/messer-ca.com\/fr\/wp-json\/wp\/v2\/pages\/2844"}],"wp:featuredmedia":[{"embeddable":true,"href":"https:\/\/messer-ca.com\/fr\/wp-json\/wp\/v2\/media\/11"}],"wp:attachment":[{"href":"https:\/\/messer-ca.com\/fr\/wp-json\/wp\/v2\/media?parent=2858"}],"curies":[{"name":"wp","href":"https:\/\/api.w.org\/{rel}","templated":true}]}}