{"id":2907,"date":"2020-10-19T17:56:44","date_gmt":"2020-10-19T17:56:44","guid":{"rendered":"https:\/\/messer-ca.com\/?page_id=2907"},"modified":"2025-04-16T19:45:44","modified_gmt":"2025-04-16T19:45:44","slug":"mig-250gs","status":"publish","type":"page","link":"https:\/\/messer-ca.com\/fr\/products\/hardgoods-equipment\/welding-equipment\/mig-250gs\/","title":{"rendered":"MIG 250GS II"},"content":{"rendered":"<div style=\"height:50px\" aria-hidden=\"true\" class=\"wp-block-spacer\"><\/div>\n\n\n\n<h1 style=\"text-align:center;color:#004fa3;\">MIG 250GS II<\/h1>\n<h2 style=\"text-align:center;\">\u00c9quipement de soudage \u00e0 l\u2018arc<\/h2>\n\n\n\n<hr style=\"height:2px; border-width:0; color: #ef3e33; background-color: #ef3e33; width:75%; text-align:center:\">\n\n\n\n<div style=\"height:25px\" aria-hidden=\"true\" class=\"wp-block-spacer\"><\/div>\n\n\n\n<div style=\"height:25px\" aria-hidden=\"true\" class=\"wp-block-spacer\"><\/div>\n\n\n<div class=\"wp-block-image\">\n<figure class=\"aligncenter\"><img loading=\"lazy\" decoding=\"async\" width=\"1024\" height=\"463\" src=\"https:\/\/messer-ca.com\/wp-content\/uploads\/2020\/10\/MIG250GSII-hero-1024x463.jpg\" alt=\"\" class=\"wp-image-2909\" srcset=\"https:\/\/messer-ca.com\/wp-content\/uploads\/2020\/10\/MIG250GSII-hero.jpg 1024w, https:\/\/messer-ca.com\/wp-content\/uploads\/2020\/10\/MIG250GSII-hero-300x136.jpg 300w, https:\/\/messer-ca.com\/wp-content\/uploads\/2020\/10\/MIG250GSII-hero-768x347.jpg 768w\" sizes=\"auto, (max-width: 1024px) 100vw, 1024px\" \/><\/figure><\/div>\n\n\n<h2 class=\"wp-block-heading has-text-align-center\">Vues interactives<\/h2>\n\n\n\n<h5 class=\"wp-block-heading has-text-align-center\"> Interagissez avec l&#039;image ci-dessous pour une exp\u00e9rience \u00e0 360 \u00b0 <\/h5>\n\n\n\n<center>\n<iframe src=\"messer-ca.com\/360\/MIG250GSII\/\" class=\"embed_360\" scrolling=\"no\"><\/iframe>\n<\/center>\n\n\n\n<div class=\"wp-block-columns has-2-columns is-layout-flex wp-container-core-columns-is-layout-9d6595d7 wp-block-columns-is-layout-flex\">\n<div class=\"wp-block-column is-layout-flow wp-block-column-is-layout-flow\">\n<p>La machine SolidWELD MIG 250GS II est un poste de soudage MIG et \u00e0 l\u2019\u00e9lectrode \u00e0 base d\u2019onduleurs avec fonction de pistolet-d\u00e9vidoir Elle offre un arc r\u00e9gulier qui permet d\u2019obtenir\ndes soudures de qualit\u00e9. Cette machine comporte trois types de d\u00e9vidoirs; Cannelures en V pour une utilisation avec du carbonemangan\u00e8se solide et des aciers inoxydables, Cannelures en U pour une utilisation avec des fils mous tels que l\u2019aluminium et Rouleaux molet\u00e9s pour le fil fourr\u00e9. Id\u00e9ale pour travailler la t\u00f4le, l\u2019acier inoxydable et l\u2019aluminium. Convient aux travaux industriels l\u00e9gers, d\u2019entretien et de bricolage.<\/p>\n<\/div>\n\n\n\n<div class=\"wp-block-column is-layout-flow wp-block-column-is-layout-flow\">\n<iframe loading=\"lazy\" width=\"560\" height=\"315\" src=\"https:\/\/www.youtube-nocookie.com\/embed\/1aTcvCafhx0\" title=\"lecteur vid\u00e9o YouTube\" frameborder=\"0\" allow=\"accelerometer; autoplay; clipboard-write; encrypted-media; gyroscope; picture-in-picture\" allowfullscreen=\"\"><\/iframe>\n<\/div>\n<\/div>\n\n\n\n<div style=\"height:33px\" aria-hidden=\"true\" class=\"wp-block-spacer\"><\/div>\n\n\n\n<div class=\"wp-block-columns has-2-columns is-layout-flex wp-container-core-columns-is-layout-9d6595d7 wp-block-columns-is-layout-flex\">\n<div class=\"wp-block-column is-layout-flow wp-block-column-is-layout-flow\">\n<h4 class=\"wp-block-heading\">Contenu<\/h4>\n\n\n\n<ul class=\"wp-block-list\">\n<li>Machine de soudage \u00e0 l\u2019arc MIG 250GS II<\/li>\n\n\n\n<li>C\u00e2ble d\u2019alimentation<\/li>\n\n\n\n<li>Pince de mise \u00e0 la masse 300A et c\u00e2ble<\/li>\n\n\n\n<li>Pistolet MIG 4 m\u00e8tres<\/li>\n\n\n\n<li>Bo\u00eete \u00e0 outils et support pour chalumeau<\/li>\n\n\n\n<li>Tuyau \u00e0 gaz 3 m\u00e8tres (raccord rapide)<\/li>\n\n\n\n<li>Galets d\u2019entra\u00eenement de rechange (molet\u00e9 0.8-0.9\/1.0-1.2, avec rainures en V 0.8-0.9\/1.0-1.2 et U groove 0.6-0.8\/0.9-1.0\/1.0-1.2)<\/li>\n\n\n\n<li>Porte-\u00e9lectrode 300A<\/li>\n\n\n\n<li>Cha\u00eene d\u2019acier<\/li>\n\n\n\n<li>Manuel d\u2019utilisation<\/li>\n<\/ul>\n<\/div>\n\n\n\n<div class=\"wp-block-column is-layout-flow wp-block-column-is-layout-flow\">\n<h4 class=\"wp-block-heading\">Service et garantie<\/h4>\n\n\n\n<p>\n\nLes pi\u00e8ces et la main d\u2019oeuvre sont couvertes par une garantie limit\u00e9e de 3 ans. Celle-ci exclut les torches et les articles consommables. La garantie ne s\u2019applique pas si les instructions d\u2019utilisation et d\u2019entretien n\u2019ont pas \u00e9t\u00e9 respect\u00e9es.\n\n<\/p>\n<\/div>\n<\/div>\n\n\n\n<div style=\"height:50px\" aria-hidden=\"true\" class=\"wp-block-spacer\"><\/div>\n\n\n\t<div class=\"text-and-button-block text-center full-width\">\n\t\t<div class=\"container\">\n\t\t\t\t\t\t\t<div class=\"text\"><p>Int\u00e9ress\u00e9 par le <strong>Machine de soudage \u00e0 l&#039;arc MIG 250GS II?<\/strong><\/p>\n<\/div>\n\t\t\t\t\t\t\t\t\t\t\t\t\t\t\t<a class=\"btn-3\" href=\"https:\/\/shop.messer-ca.com\/shop\/ccrz__ProductDetails?sku=11299757&amp;cclcl=fr_CA\"  target=\"_blank\">Acheter maintenant<\/a>\n\t\t\t\t\t\t\t\t\t<\/div>\n\t<\/div>\n\n\n\n<div style=\"height:50px\" aria-hidden=\"true\" class=\"wp-block-spacer\"><\/div>\n\n\n\n<h4 style=\"text-align:center;\">Information produit<\/h4>\n\n\n<div id=\"footable_parent_2924\"\n         class=\"footable_parent ninja_table_wrapper loading_ninja_table wp_table_data_press_parent semantic_ui\">\n                <table data-ninja_table_instance=\"ninja_table_instance_0\" data-footable_id=\"2924\" data-filter-delay=\"1000\" aria-label=\"MIG250SII_English.csv\"            id=\"footable_2924\"\n           data-unique_identifier=\"ninja_table_unique_id_1929905087_2924\"\n           class=\"foo-table ninja_footable foo_table_2924 ninja_table_unique_id_1929905087_2924 ui table  nt_type_ajax_table fixed selectable hide_horizonal_borders striped compact vertical_centered  footable-paging-right hide_all_borders ninja_table_search_disabled\">\n                <colgroup>\n                            <col class=\"ninja_column_0\">\n                            <col class=\"ninja_column_1\">\n                            <col class=\"ninja_column_2\">\n                    <\/colgroup>\n            <\/table>\n    \n    \n    \n<\/div>\n\n\n\n\n<div style=\"height:50px\" aria-hidden=\"true\" class=\"wp-block-spacer\"><\/div>\n\n\n\t<div class=\"text-and-button-block text-center full-width\">\n\t\t<div class=\"container\">\n\t\t\t\t\t\t\t<div class=\"text\"><p><strong>Des questions?<\/strong> Demandez \u00e0 notre \u00e9quipe. Nous sommes l\u00e0 pour vous aider.<\/p>\n<\/div>\n\t\t\t\t\t\t\t\t\t\t\t\t\t\t\t<a class=\"btn-3\" href=\"https:\/\/messer-ca.com\/fr\/contact-support\/\"  target=\"_blank\">Contactez-nous<\/a>\n\t\t\t\t\t\t\t\t\t<\/div>\n\t<\/div>","protected":false},"excerpt":{"rendered":"<p>MIG 250GS II Arc Welding Machine Interactive Views Interact with the image below for a 360 experience The SolidWELD MIG 250GS II machine is an inverter-based MIG &amp; Stick machine with spool gun function. It delivers smooth arc characteristics that will help you complete high quality welds. This machine comes complete with three types of [&hellip;]<\/p>\n","protected":false},"author":5,"featured_media":11,"parent":2844,"menu_order":0,"comment_status":"closed","ping_status":"closed","template":"pages\/template-home.php","meta":{"_acf_changed":false,"content-type":"","om_disable_all_campaigns":false,"_exactmetrics_skip_tracking":false,"_exactmetrics_sitenote_active":false,"_exactmetrics_sitenote_note":"","_exactmetrics_sitenote_category":0,"_monsterinsights_skip_tracking":false,"_monsterinsights_sitenote_active":false,"_monsterinsights_sitenote_note":"","_monsterinsights_sitenote_category":0,"footnotes":""},"class_list":["post-2907","page","type-page","status-publish","has-post-thumbnail","hentry"],"acf":[],"_links":{"self":[{"href":"https:\/\/messer-ca.com\/fr\/wp-json\/wp\/v2\/pages\/2907","targetHints":{"allow":["GET"]}}],"collection":[{"href":"https:\/\/messer-ca.com\/fr\/wp-json\/wp\/v2\/pages"}],"about":[{"href":"https:\/\/messer-ca.com\/fr\/wp-json\/wp\/v2\/types\/page"}],"author":[{"embeddable":true,"href":"https:\/\/messer-ca.com\/fr\/wp-json\/wp\/v2\/users\/5"}],"replies":[{"embeddable":true,"href":"https:\/\/messer-ca.com\/fr\/wp-json\/wp\/v2\/comments?post=2907"}],"version-history":[{"count":0,"href":"https:\/\/messer-ca.com\/fr\/wp-json\/wp\/v2\/pages\/2907\/revisions"}],"up":[{"embeddable":true,"href":"https:\/\/messer-ca.com\/fr\/wp-json\/wp\/v2\/pages\/2844"}],"wp:featuredmedia":[{"embeddable":true,"href":"https:\/\/messer-ca.com\/fr\/wp-json\/wp\/v2\/media\/11"}],"wp:attachment":[{"href":"https:\/\/messer-ca.com\/fr\/wp-json\/wp\/v2\/media?parent=2907"}],"curies":[{"name":"wp","href":"https:\/\/api.w.org\/{rel}","templated":true}]}}