{"id":308,"date":"2019-08-23T12:03:03","date_gmt":"2019-08-23T12:03:03","guid":{"rendered":"http:\/\/messer-ca.com\/?page_id=308"},"modified":"2019-08-28T19:31:33","modified_gmt":"2019-08-28T19:31:33","slug":"enhanced-oil-recovery-draft","status":"publish","type":"page","link":"https:\/\/messer-ca.com\/fr\/technology-solutions\/enhanced-oil-recovery-draft\/","title":{"rendered":"R\u00e9cup\u00e9ration am\u00e9lior\u00e9e du p\u00e9trole"},"content":{"rendered":"<p>Le CO\u2082 et le N\u2082 sont des gaz tr\u00e8s efficaces pour am\u00e9liorer la production p\u00e9troli\u00e8re et gazi\u00e8re, et Messer - en tant que leader des solutions p\u00e9troli\u00e8res et gazi\u00e8res de pointe - peut faire progresser vos efforts d&#039;exploration et de production (E&amp;P) et de r\u00e9cup\u00e9ration assist\u00e9e du p\u00e9trole (RRE), et vous aider maximisez votre r\u00e9cup\u00e9ration ultime attendue (EUR). <\/p>\n\n\n\n<p>Nous sommes le principal fournisseur de CO\u2082 en Am\u00e9rique du Nord, ayant livr\u00e9 du CO\u2082 aux champs p\u00e9trolif\u00e8res depuis 1979, et desservons presque tous les grands bassins du continent. De plus, nous concevons, construisons, poss\u00e9dons et exploitons des installations de s\u00e9paration d&#039;air sur site pour l&#039;azote. <\/p>\n\n\n\n<p>Laissez-nous vous accompagner pour vous proposer une meilleure fa\u00e7on de stimuler \u00e9conomiquement vos puits. <\/p>\n\n\n\n<div style=\"height:35px\" aria-hidden=\"true\" class=\"wp-block-spacer\"><\/div>\n\n\n\n<h3 class=\"wp-block-heading\">Nous livrons:<\/h3>\n\n\n\n<ul class=\"wp-block-list\"><li>Solutions de nouvelle g\u00e9n\u00e9ration combinant gaz et nanoparticules<\/li><li>Unit\u00e9s de pompage \u00abHuff-n-Puff\u00bb (HNP) pour les applications d&#039;injection \u00e0 un seul puits<\/li><li>Unit\u00e9 mobile d&#039;\u00e9puration des gaz (MGCU)<\/li><li>Personnel d&#039;assistance sur site exp\u00e9riment\u00e9 et professionnel avec des normes et des dossiers de s\u00e9curit\u00e9 irr\u00e9prochables<\/li><li>Un personnel de vente, d&#039;applications et d&#039;ing\u00e9nierie comp\u00e9tent, local et comp\u00e9tent qui garantit votre enti\u00e8re satisfaction<\/li><li>Une flotte compl\u00e8te de transports de CO\u2082, m\u00eame vers des sites \u00e9loign\u00e9s<\/li><li>Un solide r\u00e9seau d&#039;usines N\u2082 et CO\u2082 <\/li><li>Unit\u00e9s de stockage portatives pour le CO2 et l&#039;azote queen<\/li><li>Pompes de surpression CO\u2082<\/li><li>\u00c9quipement de pompage d&#039;azote haute pression <\/li><\/ul>\n\n\n\t<div class=\"text-and-button-block text-center full-width\">\n\t\t<div class=\"container\">\n\t\t\t\t\t\t\t<div class=\"text\"><p><strong>Une question sur Messer Solutions?<\/strong> Nous sommes l\u00e0 pour vous aider.<\/p>\n<\/div>\n\t\t\t\t\t\t\t\t\t\t\t\t\t\t\t<a class=\"btn-3\" href=\"http:\/\/messer-ca.com\/fr\/contact-support\/\"  target=\"_self\">Demandez \u00e0 notre \u00e9quipe<\/a>\n\t\t\t\t\t\t\t\t\t<\/div>\n\t<\/div>","protected":false},"excerpt":{"rendered":"<p>CO\u2082 and N\u2082 are highly effective gases for enhancing oil &amp; gas production, and Messer \u2013 as a leader in cutting-edge oil &amp; gas solutions \u2013 can advance your exploration and production (E&amp;P), and enhanced oil recovery (EOR) efforts, and help maximize your expected ultimate recovery (EUR). We are the leading supplier of CO\u2082 in [&hellip;]<\/p>\n","protected":false},"author":5,"featured_media":49,"parent":71,"menu_order":0,"comment_status":"closed","ping_status":"closed","template":"pages\/template-solutions.php","meta":{"_acf_changed":false,"content-type":"","om_disable_all_campaigns":false,"_exactmetrics_skip_tracking":false,"_exactmetrics_sitenote_active":false,"_exactmetrics_sitenote_note":"","_exactmetrics_sitenote_category":0,"_monsterinsights_skip_tracking":false,"_monsterinsights_sitenote_active":false,"_monsterinsights_sitenote_note":"","_monsterinsights_sitenote_category":0,"footnotes":""},"class_list":["post-308","page","type-page","status-publish","has-post-thumbnail","hentry"],"acf":[],"_links":{"self":[{"href":"https:\/\/messer-ca.com\/fr\/wp-json\/wp\/v2\/pages\/308","targetHints":{"allow":["GET"]}}],"collection":[{"href":"https:\/\/messer-ca.com\/fr\/wp-json\/wp\/v2\/pages"}],"about":[{"href":"https:\/\/messer-ca.com\/fr\/wp-json\/wp\/v2\/types\/page"}],"author":[{"embeddable":true,"href":"https:\/\/messer-ca.com\/fr\/wp-json\/wp\/v2\/users\/5"}],"replies":[{"embeddable":true,"href":"https:\/\/messer-ca.com\/fr\/wp-json\/wp\/v2\/comments?post=308"}],"version-history":[{"count":0,"href":"https:\/\/messer-ca.com\/fr\/wp-json\/wp\/v2\/pages\/308\/revisions"}],"up":[{"embeddable":true,"href":"https:\/\/messer-ca.com\/fr\/wp-json\/wp\/v2\/pages\/71"}],"wp:featuredmedia":[{"embeddable":true,"href":"https:\/\/messer-ca.com\/fr\/wp-json\/wp\/v2\/media\/49"}],"wp:attachment":[{"href":"https:\/\/messer-ca.com\/fr\/wp-json\/wp\/v2\/media?parent=308"}],"curies":[{"name":"wp","href":"https:\/\/api.w.org\/{rel}","templated":true}]}}