{"id":3714,"date":"2021-02-10T15:49:42","date_gmt":"2021-02-10T15:49:42","guid":{"rendered":"https:\/\/messer-ca.com\/?page_id=3714"},"modified":"2024-07-31T17:45:53","modified_gmt":"2024-07-31T17:45:53","slug":"equipment-safety-data-sheets","status":"publish","type":"page","link":"https:\/\/messer-ca.com\/fr\/safety-data-sheets\/equipment-safety-data-sheets\/","title":{"rendered":"FDS d&#039;\u00e9quipement"},"content":{"rendered":"<div style=\"height:55px\" aria-hidden=\"true\" class=\"wp-block-spacer\"><\/div>\n\n\n    <div class=\"markets\">\n                    <div class=\"text-center\">\n                <h2 class=\"bordered-title\">Fiches de donn\u00e9es de s\u00e9curit\u00e9 des \u00e9quipements<\/h2>\n            <\/div>\n        \n                   <ul class=\"listreset markets-list solutions-list\">\n                                                            <li>\n                                                        <div class=\"market-text-block\">\n                                                                    <h3>\n                                                                                    <a href=\"https:\/\/messer-ca.com\/wp-content\/uploads\/2021\/02\/FDS-SolidARC-ALM-ALT-.pdf\">SolidARC - Aluminium<\/a>\n                                                                            <\/h3>\n                                                                                                    <p>\u00c9lectrodes et tiges en fil d&#039;aluminium<\/p>\n                                                                                                    <a href=\"https:\/\/messer-ca.com\/wp-content\/uploads\/2021\/02\/FDS-SolidARC-ALM-ALT-.pdf\">\n                                        Voir la fiche de s\u00e9curit\u00e9 (BW006)                                    <\/a>\n                                                            <\/div>\n                        <\/li>\n                                                                                <li>\n                                                        <div class=\"market-text-block\">\n                                                                    <h3>\n                                                                                    <a href=\"https:\/\/messer-ca.com\/wp-content\/uploads\/2024\/03\/FDS-TE001-Tungsten-electrodes-Non-Thoriated-2014_FR-FINAL_-REV_FR.pdf\">SolidWeld<\/a>\n                                                                            <\/h3>\n                                                                                                    <p>\u00c9lectrodes en tungst\u00e8ne (non thori\u00e9es)<\/p>\n                                                                                                    <a href=\"https:\/\/messer-ca.com\/wp-content\/uploads\/2024\/03\/FDS-TE001-Tungsten-electrodes-Non-Thoriated-2014_FR-FINAL_-REV_FR.pdf\">\n                                        Voir la fiche de s\u00e9curit\u00e9 (TE001)                                    <\/a>\n                                                            <\/div>\n                        <\/li>\n                                                                                <li>\n                                                        <div class=\"market-text-block\">\n                                                                    <h3>\n                                                                                    <a href=\"https:\/\/messer-ca.com\/wp-content\/uploads\/2024\/07\/SolidWELD-Solvent-Based-Anti-Spatter-Spray-EN.pdf\" target=\"_blank\">Spray anti-\u00e9claboussures \u00e0 base de solvant SolidWELD<\/a>\n                                                                            <\/h3>\n                                                                                                                                    <a href=\"https:\/\/messer-ca.com\/wp-content\/uploads\/2024\/07\/SolidWELD-Solvent-Based-Anti-Spatter-Spray-EN.pdf\" target=\"_blank\">\n                                        Voir la fiche de s\u00e9curit\u00e9 (SDS 538)                                    <\/a>\n                                                            <\/div>\n                        <\/li>\n                                                                                <li>\n                                                        <div class=\"market-text-block\">\n                                                                    <h3>\n                                                                                    <a href=\"https:\/\/messer-ca.com\/wp-content\/uploads\/2021\/11\/SolidWELD-Zinc-Galv-Spray-FR.pdf\">SolidWELD Zinc Galv Spray<\/a>\n                                                                            <\/h3>\n                                                                                                                                    <a href=\"https:\/\/messer-ca.com\/wp-content\/uploads\/2021\/11\/SolidWELD-Zinc-Galv-Spray-FR.pdf\">\n                                        Voir la fiche de s\u00e9curit\u00e9 (FDS 539)                                    <\/a>\n                                                            <\/div>\n                        <\/li>\n                                                                                <li>\n                                                        <div class=\"market-text-block\">\n                                                                    <h3>\n                                                                                    <a href=\"https:\/\/messer-ca.com\/wp-content\/uploads\/2021\/11\/SolidWELD-Penetrant-FR.pdf\">P\u00e9n\u00e9trant SolidWELD<\/a>\n                                                                            <\/h3>\n                                                                                                                                    <a href=\"https:\/\/messer-ca.com\/wp-content\/uploads\/2021\/11\/SolidWELD-Penetrant-FR.pdf\">\n                                        Voir la fiche de s\u00e9curit\u00e9 (FDS 540)                                    <\/a>\n                                                            <\/div>\n                        <\/li>\n                                                                                <li>\n                                                        <div class=\"market-text-block\">\n                                                                    <h3>\n                                                                                    <a href=\"https:\/\/messer-ca.com\/wp-content\/uploads\/2021\/11\/SolidWELD-Cleaner-FR.pdf\">Nettoyant SolidWELD<\/a>\n                                                                            <\/h3>\n                                                                                                                                    <a href=\"https:\/\/messer-ca.com\/wp-content\/uploads\/2021\/11\/SolidWELD-Cleaner-FR.pdf\">\n                                        Voir la fiche de s\u00e9curit\u00e9 (FDS 541)                                    <\/a>\n                                                            <\/div>\n                        <\/li>\n                                                                                <li>\n                                                        <div class=\"market-text-block\">\n                                                                    <h3>\n                                                                                    <a href=\"https:\/\/messer-ca.com\/wp-content\/uploads\/2021\/11\/SolidWELD-Developer-FR.pdf\">D\u00e9veloppeur SolidWELD<\/a>\n                                                                            <\/h3>\n                                                                                                                                    <a href=\"https:\/\/messer-ca.com\/wp-content\/uploads\/2021\/11\/SolidWELD-Developer-FR.pdf\">\n                                        Voir la fiche de s\u00e9curit\u00e9 (FDS 542)                                    <\/a>\n                                                            <\/div>\n                        <\/li>\n                                                                                <li>\n                                                        <div class=\"market-text-block\">\n                                                                    <h3>\n                                                                                    <a href=\"https:\/\/messer-ca.com\/wp-content\/uploads\/2024\/07\/SolidWELD-Solvent-Based-Anti-Spatter-Spray-FR.pdf\">Spray anti-\u00e9claboussures \u00e0 base d&#039;eau SolidWELD Premium<\/a>\n                                                                            <\/h3>\n                                                                                                                                    <a href=\"https:\/\/messer-ca.com\/wp-content\/uploads\/2024\/07\/SolidWELD-Solvent-Based-Anti-Spatter-Spray-FR.pdf\">\n                                        Voir la fiche de s\u00e9curit\u00e9 (FDS 543)                                    <\/a>\n                                                            <\/div>\n                        <\/li>\n                                                                                <li>\n                                                        <div class=\"market-text-block\">\n                                                                    <h3>\n                                                                                    <a href=\"https:\/\/messer-ca.com\/wp-content\/uploads\/2021\/11\/SolidWELD-Nozzle-Gel-FR.pdf\">Buse SolidWELD<\/a>\n                                                                            <\/h3>\n                                                                                                                                    <a href=\"https:\/\/messer-ca.com\/wp-content\/uploads\/2021\/11\/SolidWELD-Nozzle-Gel-FR.pdf\">\n                                        Voir la fiche de s\u00e9curit\u00e9 (FDS 544)                                    <\/a>\n                                                            <\/div>\n                        <\/li>\n                                                                                <li>\n                                                        <div class=\"market-text-block\">\n                                                                    <h3>\n                                                                                    <a href=\"https:\/\/messer-ca.com\/wp-content\/uploads\/2021\/02\/FDS-Messer-Gouging-Carbon-electrode.pdf\">\u00c9lectrodes de carbone<\/a>\n                                                                            <\/h3>\n                                                                                                    <p>Gougeage des \u00e9lectrodes de carbone<\/p>\n                                                                                                    <a href=\"https:\/\/messer-ca.com\/wp-content\/uploads\/2021\/02\/FDS-Messer-Gouging-Carbon-electrode.pdf\">\n                                        Voir la fiche de s\u00e9curit\u00e9 (GC001)                                    <\/a>\n                                                            <\/div>\n                        <\/li>\n                                                                                <li>\n                                                        <div class=\"market-text-block\">\n                                                                    <h3>\n                                                                                    <a href=\"https:\/\/messer-ca.com\/wp-content\/uploads\/2021\/02\/FDS-SolidSTRIKE-110-115-MSS.pdf\">SolidSTRIKE<\/a>\n                                                                            <\/h3>\n                                                                                                    <p>\u00c9lectrodes recouvertes d&#039;acier au carbone<\/p>\n                                                                                                    <a href=\"https:\/\/messer-ca.com\/wp-content\/uploads\/2021\/02\/FDS-SolidSTRIKE-110-115-MSS.pdf\">\n                                        Voir la fiche de s\u00e9curit\u00e9 (CE001)                                    <\/a>\n                                                            <\/div>\n                        <\/li>\n                                                                                <li>\n                                                        <div class=\"market-text-block\">\n                                                                    <h3>\n                                                                                    <a href=\"https:\/\/messer-ca.com\/wp-content\/uploads\/2021\/02\/FDS-BW002-SolidARC-110-SSM-SST_FR.pdf\">SolidARC - Acier inoxydable<\/a>\n                                                                            <\/h3>\n                                                                                                    <p>\u00c9lectrodes et tiges en acier inoxydable solide<\/p>\n                                                                                                    <a href=\"https:\/\/messer-ca.com\/wp-content\/uploads\/2021\/02\/FDS-BW002-SolidARC-110-SSM-SST_FR.pdf\">\n                                        Voir la fiche de s\u00e9curit\u00e9 (BW002)                                    <\/a>\n                                                            <\/div>\n                        <\/li>\n                                                                                <li>\n                                                        <div class=\"market-text-block\">\n                                                                    <h3>\n                                                                                    <a href=\"https:\/\/messer-ca.com\/wp-content\/uploads\/2021\/02\/FDS-SolidARC-MSM-S6.pdf\">SolidARC - Acier au carbone<\/a>\n                                                                            <\/h3>\n                                                                                                    <p>\u00c9lectrodes et tiges en fil d&#039;acier au carbone solide<\/p>\n                                                                                                    <a href=\"https:\/\/messer-ca.com\/wp-content\/uploads\/2021\/02\/FDS-SolidARC-MSM-S6.pdf\">\n                                        Voir la fiche de s\u00e9curit\u00e9 (BW001)                                    <\/a>\n                                                            <\/div>\n                        <\/li>\n                                                                                <li>\n                                                        <div class=\"market-text-block\">\n                                                                    <h3>\n                                                                                    <a href=\"https:\/\/messer-ca.com\/wp-content\/uploads\/2022\/11\/Soudotec-PATE-PICK_SDS_Francais.pdf\">Soudotec P\u00e2te Pique<\/a>\n                                                                            <\/h3>\n                                                                                                    <p>Produit de traitement pour surfaces m\u00e9talliques<\/p>\n                                                                                                    <a href=\"https:\/\/messer-ca.com\/wp-content\/uploads\/2022\/11\/Soudotec-PATE-PICK_SDS_Francais.pdf\">\n                                        Afficher la fiche de s\u00e9curit\u00e9 (COLLER)                                    <\/a>\n                                                            <\/div>\n                        <\/li>\n                                                                                <li>\n                                                        <div class=\"market-text-block\">\n                                                                    <h3>\n                                                                                    <a href=\"https:\/\/messer-ca.com\/wp-content\/uploads\/2022\/11\/Soudotec-GEL-PICK_SDS_Francais.pdf\">Soudotec Gel Pick<\/a>\n                                                                            <\/h3>\n                                                                                                    <p>Produit de traitement pour surfaces m\u00e9talliques<\/p>\n                                                                                                    <a href=\"https:\/\/messer-ca.com\/wp-content\/uploads\/2022\/11\/Soudotec-GEL-PICK_SDS_Francais.pdf\">\n                                        Voir la fiche de s\u00e9curit\u00e9 (GEL)                                    <\/a>\n                                                            <\/div>\n                        <\/li>\n                                                <\/ul>\n            <\/div>\n\n\n\n<div style=\"height:100px\" aria-hidden=\"true\" class=\"wp-block-spacer\"><\/div>\n\n\n\t<div class=\"text-and-button-block text-center full-width\">\n\t\t<div class=\"container\">\n\t\t\t\t\t\t\t<div class=\"text\"><p><strong>Des questions?<\/strong> Demandez \u00e0 notre \u00e9quipe. Nous sommes l\u00e0 pour vous aider.<\/p>\n<\/div>\n\t\t\t\t\t\t\t\t\t\t\t\t\t\t\t<a class=\"btn-3\" href=\"https:\/\/messer-ca.com\/fr\/contact-support\/\"  target=\"_blank\">Contactez-nous<\/a>\n\t\t\t\t\t\t\t\t\t<\/div>\n\t<\/div>","protected":false},"excerpt":{"rendered":"","protected":false},"author":5,"featured_media":48,"parent":83,"menu_order":0,"comment_status":"closed","ping_status":"closed","template":"pages\/template-solutions.php","meta":{"_acf_changed":false,"content-type":"","om_disable_all_campaigns":false,"_exactmetrics_skip_tracking":false,"_exactmetrics_sitenote_active":false,"_exactmetrics_sitenote_note":"","_exactmetrics_sitenote_category":0,"_monsterinsights_skip_tracking":false,"_monsterinsights_sitenote_active":false,"_monsterinsights_sitenote_note":"","_monsterinsights_sitenote_category":0,"footnotes":""},"class_list":["post-3714","page","type-page","status-publish","has-post-thumbnail","hentry"],"acf":[],"_links":{"self":[{"href":"https:\/\/messer-ca.com\/fr\/wp-json\/wp\/v2\/pages\/3714","targetHints":{"allow":["GET"]}}],"collection":[{"href":"https:\/\/messer-ca.com\/fr\/wp-json\/wp\/v2\/pages"}],"about":[{"href":"https:\/\/messer-ca.com\/fr\/wp-json\/wp\/v2\/types\/page"}],"author":[{"embeddable":true,"href":"https:\/\/messer-ca.com\/fr\/wp-json\/wp\/v2\/users\/5"}],"replies":[{"embeddable":true,"href":"https:\/\/messer-ca.com\/fr\/wp-json\/wp\/v2\/comments?post=3714"}],"version-history":[{"count":0,"href":"https:\/\/messer-ca.com\/fr\/wp-json\/wp\/v2\/pages\/3714\/revisions"}],"up":[{"embeddable":true,"href":"https:\/\/messer-ca.com\/fr\/wp-json\/wp\/v2\/pages\/83"}],"wp:featuredmedia":[{"embeddable":true,"href":"https:\/\/messer-ca.com\/fr\/wp-json\/wp\/v2\/media\/48"}],"wp:attachment":[{"href":"https:\/\/messer-ca.com\/fr\/wp-json\/wp\/v2\/media?parent=3714"}],"curies":[{"name":"wp","href":"https:\/\/api.w.org\/{rel}","templated":true}]}}