{"id":3836,"date":"2021-07-05T14:50:22","date_gmt":"2021-07-05T14:50:22","guid":{"rendered":"https:\/\/messer-ca.com\/?page_id=3836"},"modified":"2021-07-05T15:12:38","modified_gmt":"2021-07-05T15:12:38","slug":"ferroline-fr","status":"publish","type":"page","link":"https:\/\/messer-ca.com\/fr\/products\/ferroline-fr\/","title":{"rendered":"Ferroline"},"content":{"rendered":"<div style=\"height:55px\" aria-hidden=\"true\" class=\"wp-block-spacer\"><\/div>\n\n\n\n<div class=\"wp-block-columns has-2-columns is-layout-flex wp-container-core-columns-is-layout-9d6595d7 wp-block-columns-is-layout-flex\">\n<div class=\"wp-block-column is-layout-flow wp-block-column-is-layout-flow\">\n<h3 class=\"wp-block-heading\"> Stabilit\u00e9 de l&#039;arc<\/h3>\n\n\n\n<figure class=\"wp-block-video\"><video controls poster=\"https:\/\/messer-ca.com\/wp-content\/uploads\/2021\/07\/ArcStabilityPosterImage-FR.jpg\" src=\"https:\/\/messer-ca.com\/wp-content\/uploads\/2021\/07\/Arc-Stability-fr.mp4\"><\/video><figcaption>Vous \u00eates-vous d\u00e9j\u00e0 demand\u00e9 quel est l&#039;impact des gaz de protection sur la stabilit\u00e9 de l&#039;arc? <br><strong>Regardez cette vid\u00e9o pour en savoir plus.<\/strong><\/figcaption><\/figure>\n\n\n\n<p><\/p>\n<\/div>\n\n\n\n<div class=\"wp-block-column is-layout-flow wp-block-column-is-layout-flow\">\n<h3 class=\"wp-block-heading\"> Niveau de p\u00e9n\u00e9tration\u00a0<\/h3>\n\n\n\n<figure class=\"wp-block-video\"><video controls poster=\"https:\/\/messer-ca.com\/wp-content\/uploads\/2021\/07\/PenetrationLevelsPosterImage-FR.jpg\" src=\"https:\/\/messer-ca.com\/wp-content\/uploads\/2021\/07\/Penetration-levels-fr.mp4\"><\/video><figcaption>Saviez-vous que le choix du gaz de protection a un impact direct sur la p\u00e9n\u00e9tration de la soudure? <br> <strong>Regardez cette vid\u00e9o pour en savoir plus.<\/strong> <\/figcaption><\/figure>\n<\/div>\n<\/div>\n\n\n\n<div style=\"height:100px\" aria-hidden=\"true\" class=\"wp-block-spacer\"><\/div>\n\n\n\n<div class=\"wp-block-columns has-2-columns is-layout-flex wp-container-core-columns-is-layout-9d6595d7 wp-block-columns-is-layout-flex\">\n<div class=\"wp-block-column is-layout-flow wp-block-column-is-layout-flow\">\n<h3 class=\"wp-block-heading\"> Projections<\/h3>\n\n\n\n<figure class=\"wp-block-video\"><video controls poster=\"https:\/\/messer-ca.com\/wp-content\/uploads\/2021\/07\/SpatterPosterImage-FR.jpg\" src=\"https:\/\/messer-ca.com\/wp-content\/uploads\/2021\/07\/Spatter-fr.mp4\"><\/video><figcaption>Comment r\u00e9duire les niveaux de projections dans votre processus de soudage ?<br> <strong>Regardez cette vid\u00e9o pour en savoir plus.<\/strong> <\/figcaption><\/figure>\n<\/div>\n\n\n\n<div class=\"wp-block-column is-layout-flow wp-block-column-is-layout-flow\">\n<h3 class=\"wp-block-heading\"> Pr\u00e9sence de silicium<\/h3>\n\n\n\n<figure class=\"wp-block-video\"><video controls poster=\"https:\/\/messer-ca.com\/wp-content\/uploads\/2021\/07\/SiliconPresencePosterImage-FR.jpg\" src=\"https:\/\/messer-ca.com\/wp-content\/uploads\/2021\/07\/Silicon-Presence-fr.mp4\"><\/video><figcaption>La pr\u00e9sence de silicium pourrait nuire \u00e0 la stabilit\u00e9 de l&#039;arc.<strong> <\/strong> <strong>Regardez cette vid\u00e9o pour en savoir plus.<\/strong> <strong><br><\/strong><\/figcaption><\/figure>\n<\/div>\n<\/div>\n\n\n\n<div style=\"height:100px\" aria-hidden=\"true\" class=\"wp-block-spacer\"><\/div>\n\n\n\n<div class=\"wp-block-columns has-2-columns is-layout-flex wp-container-core-columns-is-layout-9d6595d7 wp-block-columns-is-layout-flex\">\n<div class=\"wp-block-column is-layout-flow wp-block-column-is-layout-flow\">\n<h3 class=\"wp-block-heading\"> Niveaux de fum\u00e9e<\/h3>\n\n\n\n<figure class=\"wp-block-video\"><video controls poster=\"https:\/\/messer-ca.com\/wp-content\/uploads\/2021\/07\/SmokeLevelsPosterImage-FR.jpg\" src=\"https:\/\/messer-ca.com\/wp-content\/uploads\/2021\/07\/Smoke-levels-fr.mp4\"><\/video><figcaption>Durant le soudage, vous \u00eates-vous d\u00e9j\u00e0 demand\u00e9 quel \u00e9tait le volume de fum\u00e9e g\u00e9n\u00e9r\u00e9 par un gaz de protection?<br> <strong>Regardez cette vid\u00e9o pour en savoir plus.<\/strong> <strong><br><\/strong><\/figcaption><\/figure>\n<\/div>\n\n\n\n<div class=\"wp-block-column is-layout-flow wp-block-column-is-layout-flow\"><\/div>\n<\/div>\n\n\n\n<h4 style=\"text-align:center;\">Pour obtenir des r\u00e9ponses \u00e0 toutes vos questions et pour de plus amples informations, appelez-nous au <a href=\"tel:18882567359\">1-888-256-7359<\/a> ou consultez le site <a href=\"http:\/\/www.shop.messer-ca.com\/\">www.shop.messer-ca.com<\/a>  <\/h4>\n\n\n\n<div style=\"height:20px\" aria-hidden=\"true\" class=\"wp-block-spacer custom-left-separator\"><\/div>\n\n\n\t<div class=\"text-and-button-block text-center full-width\">\n\t\t<div class=\"container\">\n\t\t\t\t\t\t\t<div class=\"text\"><p><strong>Des questions?<\/strong> Demandez \u00e0 notre \u00e9quipe. Nous sommes l\u00e0 pour vous aider.<\/p>\n<\/div>\n\t\t\t\t\t\t\t\t\t\t\t\t\t\t\t<a class=\"btn-3\" href=\"https:\/\/messer-ca.com\/fr\/contact-support\/\"  target=\"_blank\">Contactez-nous<\/a>\n\t\t\t\t\t\t\t\t\t<\/div>\n\t<\/div>","protected":false},"excerpt":{"rendered":"<p>Stabilit\u00e9 de l&#039;arc Niveau de p\u00e9n\u00e9tration Projections Pr\u00e9sence de silicium Niveaux de fum\u00e9e Pour obtenir des r\u00e9ponses \u00e0 toutes vos questions et pour de plus amples informations, appelez-nous au 1-888-256-7359 ou consultez le site www.shop.messer -ca.com<\/p>","protected":false},"author":5,"featured_media":10,"parent":1149,"menu_order":0,"comment_status":"closed","ping_status":"closed","template":"pages\/template-solutions.php","meta":{"_acf_changed":false,"content-type":"","om_disable_all_campaigns":false,"_exactmetrics_skip_tracking":false,"_exactmetrics_sitenote_active":false,"_exactmetrics_sitenote_note":"","_exactmetrics_sitenote_category":0,"_monsterinsights_skip_tracking":false,"_monsterinsights_sitenote_active":false,"_monsterinsights_sitenote_note":"","_monsterinsights_sitenote_category":0,"footnotes":""},"class_list":["post-3836","page","type-page","status-publish","has-post-thumbnail","hentry"],"acf":[],"_links":{"self":[{"href":"https:\/\/messer-ca.com\/fr\/wp-json\/wp\/v2\/pages\/3836","targetHints":{"allow":["GET"]}}],"collection":[{"href":"https:\/\/messer-ca.com\/fr\/wp-json\/wp\/v2\/pages"}],"about":[{"href":"https:\/\/messer-ca.com\/fr\/wp-json\/wp\/v2\/types\/page"}],"author":[{"embeddable":true,"href":"https:\/\/messer-ca.com\/fr\/wp-json\/wp\/v2\/users\/5"}],"replies":[{"embeddable":true,"href":"https:\/\/messer-ca.com\/fr\/wp-json\/wp\/v2\/comments?post=3836"}],"version-history":[{"count":0,"href":"https:\/\/messer-ca.com\/fr\/wp-json\/wp\/v2\/pages\/3836\/revisions"}],"up":[{"embeddable":true,"href":"https:\/\/messer-ca.com\/fr\/wp-json\/wp\/v2\/pages\/1149"}],"wp:featuredmedia":[{"embeddable":true,"href":"https:\/\/messer-ca.com\/fr\/wp-json\/wp\/v2\/media\/10"}],"wp:attachment":[{"href":"https:\/\/messer-ca.com\/fr\/wp-json\/wp\/v2\/media?parent=3836"}],"curies":[{"name":"wp","href":"https:\/\/api.w.org\/{rel}","templated":true}]}}