{"id":3953,"date":"2021-10-07T14:11:48","date_gmt":"2021-10-07T14:11:48","guid":{"rendered":"https:\/\/messer-ca.com\/?page_id=3953"},"modified":"2021-10-07T14:44:47","modified_gmt":"2021-10-07T14:44:47","slug":"edwards-safety-data-sheets","status":"publish","type":"page","link":"https:\/\/messer-ca.com\/fr\/safety-data-sheets\/edwards-safety-data-sheets\/","title":{"rendered":"Edwards FDS"},"content":{"rendered":"<div style=\"height:55px\" aria-hidden=\"true\" class=\"wp-block-spacer\"><\/div>\n\n\n    <div class=\"markets\">\n                    <div class=\"text-center\">\n                <h2 class=\"bordered-title\">Fiches de donn\u00e9es de s\u00e9curit\u00e9 Edwards<\/h2>\n            <\/div>\n        \n                   <ul class=\"listreset markets-list solutions-list\">\n                                                            <li>\n                                                        <div class=\"market-text-block\">\n                                                                    <h3>\n                                                                                    <a href=\"https:\/\/messer-ca.com\/wp-content\/uploads\/2021\/10\/SDS_Fomblin_Edwards_Grease_AR555-PFPE_FR.pdf\">Fomblin<\/a>\n                                                                            <\/h3>\n                                                                                                    <p>Graisse Edwards (AR555 PFPE)<\/p>\n                                                                                                    <a href=\"https:\/\/messer-ca.com\/wp-content\/uploads\/2021\/10\/SDS_Fomblin_Edwards_Grease_AR555-PFPE_FR.pdf\">\n                                        Voir la fiche de s\u00e9curit\u00e9                                    <\/a>\n                                                            <\/div>\n                        <\/li>\n                                                                                <li>\n                                                        <div class=\"market-text-block\">\n                                                                    <h3>\n                                                                                    <a href=\"https:\/\/messer-ca.com\/wp-content\/uploads\/2021\/10\/SDS_Drynert_Edwards_GearboxLubricant_25-6_FR.pdf\">Drynert<\/a>\n                                                                            <\/h3>\n                                                                                                    <p>Lubrifiant pour bo\u00eete de vitesses Edwards (25\/6)<\/p>\n                                                                                                    <a href=\"https:\/\/messer-ca.com\/wp-content\/uploads\/2021\/10\/SDS_Drynert_Edwards_GearboxLubricant_25-6_FR.pdf\">\n                                        Voir la fiche de s\u00e9curit\u00e9                                    <\/a>\n                                                            <\/div>\n                        <\/li>\n                                                                                <li>\n                                                        <div class=\"market-text-block\">\n                                                                    <h3>\n                                                                                    <a href=\"https:\/\/messer-ca.com\/wp-content\/uploads\/2021\/10\/SDS_MechPumpOil_Edwards_Ultragrade_15-19-20-70_FR.pdf\">Ultragrade 15, 19, 20, 70<\/a>\n                                                                            <\/h3>\n                                                                                                    <p>Huile de pompe m\u00e9canique<\/p>\n                                                                                                    <a href=\"https:\/\/messer-ca.com\/wp-content\/uploads\/2021\/10\/SDS_MechPumpOil_Edwards_Ultragrade_15-19-20-70_FR.pdf\">\n                                        Voir la fiche de s\u00e9curit\u00e9                                    <\/a>\n                                                            <\/div>\n                        <\/li>\n                                                                                <li>\n                                                        <div class=\"market-text-block\">\n                                                                    <h3>\n                                                                                    <a href=\"https:\/\/messer-ca.com\/wp-content\/uploads\/2021\/10\/SDS_activatedAlumina_Edwards_AluminumOxide_calcined_FR.pdf\">Alumine activ\u00e9e<\/a>\n                                                                            <\/h3>\n                                                                                                    <p>Edwards Oxyde d&#039;aluminium, calcin\u00e9<\/p>\n                                                                                                    <a href=\"https:\/\/messer-ca.com\/wp-content\/uploads\/2021\/10\/SDS_activatedAlumina_Edwards_AluminumOxide_calcined_FR.pdf\">\n                                        Voir la fiche de s\u00e9curit\u00e9                                    <\/a>\n                                                            <\/div>\n                        <\/li>\n                                                <\/ul>\n            <\/div>\n\n\n\n<div style=\"height:100px\" aria-hidden=\"true\" class=\"wp-block-spacer\"><\/div>\n\n\n\t<div class=\"text-and-button-block text-center full-width\">\n\t\t<div class=\"container\">\n\t\t\t\t\t\t\t<div class=\"text\"><p><strong>Des questions?<\/strong> Demandez \u00e0 notre \u00e9quipe. Nous sommes l\u00e0 pour vous aider.<\/p>\n<\/div>\n\t\t\t\t\t\t\t\t\t\t\t\t\t\t\t<a class=\"btn-3\" href=\"https:\/\/messer-ca.com\/fr\/contact-support\/\"  target=\"_blank\">Contactez-nous<\/a>\n\t\t\t\t\t\t\t\t\t<\/div>\n\t<\/div>","protected":false},"excerpt":{"rendered":"","protected":false},"author":5,"featured_media":48,"parent":83,"menu_order":0,"comment_status":"closed","ping_status":"closed","template":"pages\/template-solutions.php","meta":{"_acf_changed":false,"content-type":"","om_disable_all_campaigns":false,"_exactmetrics_skip_tracking":false,"_exactmetrics_sitenote_active":false,"_exactmetrics_sitenote_note":"","_exactmetrics_sitenote_category":0,"_monsterinsights_skip_tracking":false,"_monsterinsights_sitenote_active":false,"_monsterinsights_sitenote_note":"","_monsterinsights_sitenote_category":0,"footnotes":""},"class_list":["post-3953","page","type-page","status-publish","has-post-thumbnail","hentry"],"acf":[],"_links":{"self":[{"href":"https:\/\/messer-ca.com\/fr\/wp-json\/wp\/v2\/pages\/3953","targetHints":{"allow":["GET"]}}],"collection":[{"href":"https:\/\/messer-ca.com\/fr\/wp-json\/wp\/v2\/pages"}],"about":[{"href":"https:\/\/messer-ca.com\/fr\/wp-json\/wp\/v2\/types\/page"}],"author":[{"embeddable":true,"href":"https:\/\/messer-ca.com\/fr\/wp-json\/wp\/v2\/users\/5"}],"replies":[{"embeddable":true,"href":"https:\/\/messer-ca.com\/fr\/wp-json\/wp\/v2\/comments?post=3953"}],"version-history":[{"count":0,"href":"https:\/\/messer-ca.com\/fr\/wp-json\/wp\/v2\/pages\/3953\/revisions"}],"up":[{"embeddable":true,"href":"https:\/\/messer-ca.com\/fr\/wp-json\/wp\/v2\/pages\/83"}],"wp:featuredmedia":[{"embeddable":true,"href":"https:\/\/messer-ca.com\/fr\/wp-json\/wp\/v2\/media\/48"}],"wp:attachment":[{"href":"https:\/\/messer-ca.com\/fr\/wp-json\/wp\/v2\/media?parent=3953"}],"curies":[{"name":"wp","href":"https:\/\/api.w.org\/{rel}","templated":true}]}}