{"id":4043,"date":"2022-01-19T15:47:23","date_gmt":"2022-01-19T15:47:23","guid":{"rendered":"https:\/\/messer-ca.com\/?page_id=4043"},"modified":"2022-01-20T22:04:38","modified_gmt":"2022-01-20T22:04:38","slug":"pa800","status":"publish","type":"page","link":"https:\/\/messer-ca.com\/fr\/products\/safety-equipment\/welding-helmets\/pa800\/","title":{"rendered":"PAPR num\u00e9rique ClearVIEW 800"},"content":{"rendered":"<div style=\"height:50px\" aria-hidden=\"true\" class=\"wp-block-spacer\"><\/div>\n\n\n\n<h1 style=\"text-align:center;color:#004fa3;\">PAPR num\u00e9rique ClearVIEW 800<\/h1>\n<h2 style=\"text-align:center;\">Syst\u00e8me de protection respiratoire \u00e0 ventilation assist\u00e9e complet<\/h2>\n\n\n\n<hr style=\"height:2px; border-width:0; color: #ef3e33; background-color: #ef3e33; width:75%; text-align:center:\">\n\n\n\n<div style=\"height:25px\" aria-hidden=\"true\" class=\"wp-block-spacer\"><\/div>\n\n\n\n<div style=\"height:25px\" aria-hidden=\"true\" class=\"wp-block-spacer\"><\/div>\n\n\n\n<div class=\"wp-block-image\"><figure class=\"aligncenter\"><img loading=\"lazy\" decoding=\"async\" width=\"1024\" height=\"492\" src=\"https:\/\/messer-ca.com\/wp-content\/uploads\/2022\/01\/pa800-1024x492.jpg\" alt=\"PAPR PA800 Mask &amp; Filter\" class=\"wp-image-4052\" srcset=\"https:\/\/messer-ca.com\/wp-content\/uploads\/2022\/01\/pa800-1024x492.jpg 1024w, https:\/\/messer-ca.com\/wp-content\/uploads\/2022\/01\/pa800-300x144.jpg 300w, https:\/\/messer-ca.com\/wp-content\/uploads\/2022\/01\/pa800-768x369.jpg 768w, https:\/\/messer-ca.com\/wp-content\/uploads\/2022\/01\/pa800-16x8.jpg 16w, https:\/\/messer-ca.com\/wp-content\/uploads\/2022\/01\/pa800.jpg 1268w\" sizes=\"auto, (max-width: 1024px) 100vw, 1024px\" \/><\/figure><\/div>\n\n\n\n<h2 class=\"has-text-align-center wp-block-heading\">Vues interactives<\/h2>\n\n\n\n<h5 class=\"has-text-align-center wp-block-heading\"> Interagissez avec l&#039;image ci-dessous pour une exp\u00e9rience \u00e0 360 \u00b0 <\/h5>\n\n\n\n<center>\n<iframe src=\"\/\/messer-ca.com\/360\/PAPR800\/\" class=\"embed_360\" scrolling=\"no\"><\/iframe>\n<iframe src=\"\/\/messer-ca.com\/360\/PAPR800-filter\/\" class=\"embed_360\" scrolling=\"no\"><\/iframe>\n<\/center>\n\n\n\n<div class=\"wp-block-columns is-layout-flex wp-container-core-columns-is-layout-9d6595d7 wp-block-columns-is-layout-flex\">\n<div class=\"wp-block-column is-layout-flow wp-block-column-is-layout-flow\" style=\"flex-basis:100%\">\n<div class=\"wp-block-columns is-layout-flex wp-container-core-columns-is-layout-9d6595d7 wp-block-columns-is-layout-flex\">\n<div class=\"wp-block-column is-layout-flow wp-block-column-is-layout-flow\">\n<p class=\"has-text-align-left\">Le PA800 de ClearVIEW est un syst\u00e8me de protection respiratoire qui repose sur le principe de la circulation d\u2019air \u00e0 pression positive dans la cagoule. L\u2019unit\u00e9 de soufflage, mont\u00e9e sur une ceinture, envoie l\u2019air \u00e0 travers un filtre et par le biais d\u2019un tuyau \u00e0 air dans l\u2019ensemble de t\u00eate (la cagoule et le masque). L\u2019approvisionnement en air filtr\u00e9 cr\u00e9e une pression positive \u00e0 l\u2019int\u00e9rieur de l\u2019ensemble du masque, ce qui emp\u00eache l\u2019air contamin\u00e9 de p\u00e9n\u00e9trer dans la zone de respiration de l\u2019utilisateur.\nLe PA800 est vendu dans un sac ClearVIEW avec 3 lentilles externes, 2 lentilles internes et un ensemble de 5 pr\u00e9filtres.<\/p>\n\n\n\n<p>Le PA800 est livr\u00e9 dans un sac ClearVIEW avec 3 lentilles ext\u00e9rieures, 2 lentilles int\u00e9rieures et un pack de 5 pr\u00e9filtres.<\/p>\n<\/div>\n<\/div>\n<\/div>\n<\/div>\n\n\n\n<h2 class=\"wp-block-heading\">Charact\u00e9ristiques<\/h2>\n\n\n\n<div class=\"wp-block-columns has-2-columns is-layout-flex wp-container-core-columns-is-layout-9d6595d7 wp-block-columns-is-layout-flex\">\n<div class=\"wp-block-column is-layout-flow wp-block-column-is-layout-flow\">\n<p>L\u2019unit\u00e9 PA800 est un respirateur motoris\u00e9 port\u00e9 \u00e0 la ceinture et \u00e9quip\u00e9 d\u2019un syst\u00e8me de filtre \u00e0 particules hautes efficacit\u00e9 rempla\u00e7able et jetable. Le syst\u00e8me est certifi\u00e9 avec le masque num\u00e9rique \u00e0 filtre auto-assombrissant OHE410 et le masque couvre les tailles de t\u00eate de 535 \u00e0 600 mm de circonf\u00e9rence.\n<\/p>\n\n\n\n<p>L\u2019utilisation d\u2019un filtre TH2 P R SL hautement efficace permet au PA800 de ClearVIEW d\u2019offrir une protection contre les dangers tels que les poudres, les fines gouttelettes et les vapeurs de soudage. Le facteur de protection caract\u00e9ristique est de AP20.\n<\/p>\n\n\n\n<p>L\u2019unit\u00e9 PA800 de ClearVIEW contient une batterie rechargeable amovible qui offre une autonomie de 8 heures. La batterie Li-Ion est rempla\u00e7able, ce qui permet \u00e0 l\u2019unit\u00e9 d\u2019\u00eatre utilis\u00e9e lors de quarts de travail fractionn\u00e9s simplement en chargeant la batterie.\n<\/p>\n\n\n\n<p>Construit \u00e0 partir d&#039;un mat\u00e9riau ABS robuste, l&#039;unit\u00e9 PA800 est robuste et capable de faire face \u00e0 l&#039;environnement de soudage difficile. Il est \u00e9galement livr\u00e9 avec un d\u00e9flecteur d&#039;\u00e9tincelles con\u00e7u pour prot\u00e9ger le filtre PRSL du contact direct avec les \u00e9claboussures ou les particules en suspension dans l&#039;air. <\/p>\n\n\n\n<p>Chaque aspect6 de l\u2019environnement de soudage a \u00e9t\u00e9 pris en consid\u00e9ration lors de la conception. \u00c0 titre d\u2019exemple, le tuyau est accompagn\u00e9 d\u2019une protection en coton ignifug\u00e9 afin de r\u00e9duire les risques de dommages caus\u00e9s par les projections.\n<\/p>\n\n\n\n<p>Le ClearVIEW PA800 utilise le masque de soudage ClearVIEW OHE410 \u00e9quip\u00e9 d&#039;un joint facial en coton trait\u00e9 FR pour maximiser le confort. Il dispose d&#039;un harnais multi-r\u00e9glable avec un conduit d&#039;air a\u00e9rien et un diffuseur d&#039;air cannel\u00e9 pour r\u00e9duire le risque &quot;d&#039;effet \u0153il sec&quot; en dirigeant le flux d&#039;air vers l&#039;avant de la coque et non sur les yeux de l&#039;utilisateur. <\/p>\n\n\n\n<p>La pi\u00e8ce faciale ClearVIEW OHE410 est \u00e9quip\u00e9e d&#039;un filtre d&#039;assombrissement \u00e9lectronique num\u00e9rique 3\/5-8 \/ 9-13 de haute qualit\u00e9 avec fonction de broyage. Le temps de passage du clair au fonc\u00e9 est d&#039;environ 0,00004 s (0,04 ms) pour une protection rapide et efficace. L&#039;ADF offre une protection compl\u00e8te contre les rayons UV et IR dans les \u00e9tats sombres et clairs et est aliment\u00e9 par une batterie au lithium. Les filtres de soudage fonctionnent bien sous un \u00e9clairage extr\u00eamement faible et un ensoleillement tr\u00e8s fort en ajustant simplement la sensibilit\u00e9 de la lentille.<\/p>\n<\/div>\n\n\n\n<div class=\"wp-block-column is-layout-flow wp-block-column-is-layout-flow\">\n<div class=\"wp-block-image\"><figure class=\"aligncenter size-large\"><img loading=\"lazy\" decoding=\"async\" width=\"1024\" height=\"1024\" src=\"https:\/\/messer-ca.com\/wp-content\/uploads\/2022\/01\/digi-display1-1024x1024.jpg\" alt=\"Detail image of digital display screen in helmet\" class=\"wp-image-4073\" srcset=\"https:\/\/messer-ca.com\/wp-content\/uploads\/2022\/01\/digi-display1-1024x1024.jpg 1024w, https:\/\/messer-ca.com\/wp-content\/uploads\/2022\/01\/digi-display1-150x150.jpg 150w, https:\/\/messer-ca.com\/wp-content\/uploads\/2022\/01\/digi-display1-300x300.jpg 300w, https:\/\/messer-ca.com\/wp-content\/uploads\/2022\/01\/digi-display1-768x768.jpg 768w, https:\/\/messer-ca.com\/wp-content\/uploads\/2022\/01\/digi-display1-12x12.jpg 12w, https:\/\/messer-ca.com\/wp-content\/uploads\/2022\/01\/digi-display1.jpg 1080w\" sizes=\"auto, (max-width: 1024px) 100vw, 1024px\" \/><figcaption><em><sup>Lentille ADF \u00e0 commande num\u00e9rique.<\/sup><\/em><\/figcaption><\/figure><\/div>\n\n\n\n<p><\/p>\n<\/div>\n<\/div>\n\n\n\n<div style=\"height:50px\" aria-hidden=\"true\" class=\"wp-block-spacer\"><\/div>\n\n\n\t<div class=\"text-and-button-block text-center full-width\">\n\t\t<div class=\"container\">\n\t\t\t\t\t\t\t<div class=\"text\"><p>Int\u00e9ress\u00e9 par le <strong>PAPR num\u00e9rique ClearVIEW 800<\/strong>\u00a0Syst\u00e8me complet\u00a0?<\/p>\n<\/div>\n\t\t\t\t\t\t\t\t\t\t\t\t\t\t\t<a class=\"btn-3\" href=\"https:\/\/shop.messer-ca.com\/shop\/safety-ppe\/respiratory-protection\/welding-papr-clearview-pa800-complete-system\"  target=\"_blank\">Acheter maintenant<\/a>\n\t\t\t\t\t\t\t\t\t<\/div>\n\t<\/div>\n\n\n    <div class=\"resources-banner full-width\">\n        <div class=\"container min-container\">\n            <div class=\"resources-banner-img\">\n                                    <img decoding=\"async\" src=\"https:\/\/messer-ca.com\/wp-content\/uploads\/2022\/01\/pa800-datasheet.png\" alt=\"Preview of PA800 Datasheet\">\n                            <\/div>\n            <div class=\"resources-banner-text\">\n                                                    <h3>Fiche technique ClearVIEW PAPR PA800<\/h3>\n                                                    <p>Vous souhaitez en savoir plus sur le ClearVIEW Digital PAPR 800, t\u00e9l\u00e9chargez la fiche technique ici.<\/p>\n                                                    <a class=\"btn btn-2\" href=\"https:\/\/messer-ca.com\/wp-content\/uploads\/2022\/01\/4242F_PAPR800_DataSheet-FR.pdf\" target=\"_blank\">\n                        En savoir plus                    <\/a>\n                            <\/div>\n            \n        <\/div>\n    <\/div>\n\n\n\t<div class=\"text-and-button-block text-center full-width\">\n\t\t<div class=\"container\">\n\t\t\t\t\t\t\t<div class=\"text\"><p><strong>Des questions?<\/strong> Demandez \u00e0 notre \u00e9quipe. Nous sommes l\u00e0 pour vous aider.<\/p>\n<\/div>\n\t\t\t\t\t\t\t\t\t\t\t\t\t\t\t<a class=\"btn-3\" href=\"https:\/\/messer-ca.com\/fr\/contact-support\/\"  target=\"_blank\">Contactez-nous<\/a>\n\t\t\t\t\t\t\t\t\t<\/div>\n\t<\/div>","protected":false},"excerpt":{"rendered":"<p>ClearVIEW Digital PAPR 800 Welding PAPR Complete System Interactive Views Interact with the image below for a 360 experience The ClearVIEW PA800 is a respiratory protective system which is based on the principle of circulated positive-pressured air in the hood. The belt-mounted blower unit delivers air through a filter and via an air hose into [&hellip;]<\/p>\n","protected":false},"author":5,"featured_media":11,"parent":2717,"menu_order":0,"comment_status":"closed","ping_status":"closed","template":"pages\/template-home.php","meta":{"_acf_changed":false,"content-type":"","om_disable_all_campaigns":false,"_exactmetrics_skip_tracking":false,"_exactmetrics_sitenote_active":false,"_exactmetrics_sitenote_note":"","_exactmetrics_sitenote_category":0,"_monsterinsights_skip_tracking":false,"_monsterinsights_sitenote_active":false,"_monsterinsights_sitenote_note":"","_monsterinsights_sitenote_category":0,"footnotes":""},"class_list":["post-4043","page","type-page","status-publish","has-post-thumbnail","hentry"],"acf":[],"_links":{"self":[{"href":"https:\/\/messer-ca.com\/fr\/wp-json\/wp\/v2\/pages\/4043","targetHints":{"allow":["GET"]}}],"collection":[{"href":"https:\/\/messer-ca.com\/fr\/wp-json\/wp\/v2\/pages"}],"about":[{"href":"https:\/\/messer-ca.com\/fr\/wp-json\/wp\/v2\/types\/page"}],"author":[{"embeddable":true,"href":"https:\/\/messer-ca.com\/fr\/wp-json\/wp\/v2\/users\/5"}],"replies":[{"embeddable":true,"href":"https:\/\/messer-ca.com\/fr\/wp-json\/wp\/v2\/comments?post=4043"}],"version-history":[{"count":0,"href":"https:\/\/messer-ca.com\/fr\/wp-json\/wp\/v2\/pages\/4043\/revisions"}],"up":[{"embeddable":true,"href":"https:\/\/messer-ca.com\/fr\/wp-json\/wp\/v2\/pages\/2717"}],"wp:featuredmedia":[{"embeddable":true,"href":"https:\/\/messer-ca.com\/fr\/wp-json\/wp\/v2\/media\/11"}],"wp:attachment":[{"href":"https:\/\/messer-ca.com\/fr\/wp-json\/wp\/v2\/media?parent=4043"}],"curies":[{"name":"wp","href":"https:\/\/api.w.org\/{rel}","templated":true}]}}