{"id":4303,"date":"2022-03-29T19:50:50","date_gmt":"2022-03-29T19:50:50","guid":{"rendered":"https:\/\/messer-ca.com\/?page_id=4303"},"modified":"2025-01-21T18:52:09","modified_gmt":"2025-01-21T18:52:09","slug":"metalstorm","status":"publish","type":"page","link":"https:\/\/messer-ca.com\/fr\/industries\/metals\/metal-fabrication\/metalstorm\/","title":{"rendered":"Abrasifs MetalSTORM"},"content":{"rendered":"<div style=\"height:50px\" aria-hidden=\"true\" class=\"wp-block-spacer\"><\/div>\n\n\n<div class=\"wp-block-image is-style-default\">\n<figure class=\"aligncenter size-large is-resized\"><img loading=\"lazy\" decoding=\"async\" width=\"1024\" height=\"152\" src=\"https:\/\/messer-ca.com\/wp-content\/uploads\/2022\/03\/MetalSTORM_logo-1024x152.jpg\" alt=\"\" class=\"wp-image-4342\" style=\"width:512px;height:76px\" srcset=\"https:\/\/messer-ca.com\/wp-content\/uploads\/2022\/03\/MetalSTORM_logo-1024x152.jpg 1024w, https:\/\/messer-ca.com\/wp-content\/uploads\/2022\/03\/MetalSTORM_logo-300x44.jpg 300w, https:\/\/messer-ca.com\/wp-content\/uploads\/2022\/03\/MetalSTORM_logo-768x114.jpg 768w, https:\/\/messer-ca.com\/wp-content\/uploads\/2022\/03\/MetalSTORM_logo-16x2.jpg 16w, https:\/\/messer-ca.com\/wp-content\/uploads\/2022\/03\/MetalSTORM_logo.jpg 1169w\" sizes=\"auto, (max-width: 1024px) 100vw, 1024px\" \/><\/figure><\/div>\n\n\n<h1 style=\"text-align:center;color:#004fa3;\">Disques abrasifs<\/h1>\n\n\n\n<hr style=\"height:2px; border-width:0; color: #ef3e33; background-color: #ef3e33; width:75%; text-align:center:\">\n\n\n\n<div style=\"height:25px\" aria-hidden=\"true\" class=\"wp-block-spacer\"><\/div>\n\n\n\n<div class=\"vidcontainer\" style=\"position: relative; width: 100%; height: 0; padding-bottom: 56.25%;\">\n<iframe style=\"position: absolute; top: 0; left: 0; width: 100%; height: 100%;\" src=\"https:\/\/www.youtube.com\/embed\/j7N5-cKHEpY\" frameborder=\"0\" allowfullscreen=\"\"><\/iframe>\n<\/div>\n\n\n\n<div style=\"height:50px\" aria-hidden=\"true\" class=\"wp-block-spacer\"><\/div>\n\n\n\n<h2 class=\"wp-block-heading has-text-align-center has-text-color has-large-font-size\" style=\"color:#004fa3\">Meules de coupe et de meulage<\/h2>\n\n\n\n<div class=\"wp-block-columns are-vertically-aligned-center is-layout-flex wp-container-core-columns-is-layout-9d6595d7 wp-block-columns-is-layout-flex\">\n<div class=\"wp-block-column is-vertically-aligned-center is-layout-flow wp-block-column-is-layout-flow\">\n<p class=\"has-text-color has-medium-font-size\" style=\"color:#004fa3\"><strong>Acier<\/strong><\/p>\n\n\n\n<p>L&#039;action de meulage et de coupe en douceur de ces meules se traduit par une productivit\u00e9 maximale et moins de fatigue pour l&#039;op\u00e9rateur. Ils sont id\u00e9aux pour une vari\u00e9t\u00e9 de m\u00e9taux ferreux, de l&#039;acier au carbone \u00e0 certains m\u00e9taux exotiques.<\/p>\n\n\n\n<a href=\"https:\/\/shop.messer-ca.com\/shop\/ccrz__ProductList?operation=quickSearch&amp;searchText=metalstorm&amp;cclcl=fr_CA\" class=\"btn\">Acheter en ligne<\/a>\n\n\n\n<div class=\"wp-block-buttons is-layout-flex wp-block-buttons-is-layout-flex\"><\/div>\n\n\n\n<div class=\"wp-block-buttons is-layout-flex wp-block-buttons-is-layout-flex\"><\/div>\n<\/div>\n\n\n\n<div class=\"wp-block-column is-vertically-aligned-center is-layout-flow wp-block-column-is-layout-flow\"><div class=\"wp-block-image is-style-default\">\n<figure class=\"aligncenter size-full is-resized\"><img loading=\"lazy\" decoding=\"async\" width=\"500\" height=\"500\" src=\"https:\/\/messer-ca.com\/wp-content\/uploads\/2022\/03\/metalstorm-grind-steel.jpg\" alt=\"\" class=\"wp-image-4347\" style=\"width:375px;height:375px\" srcset=\"https:\/\/messer-ca.com\/wp-content\/uploads\/2022\/03\/metalstorm-grind-steel.jpg 500w, https:\/\/messer-ca.com\/wp-content\/uploads\/2022\/03\/metalstorm-grind-steel-300x300.jpg 300w, https:\/\/messer-ca.com\/wp-content\/uploads\/2022\/03\/metalstorm-grind-steel-150x150.jpg 150w, https:\/\/messer-ca.com\/wp-content\/uploads\/2022\/03\/metalstorm-grind-steel-12x12.jpg 12w\" sizes=\"auto, (max-width: 500px) 100vw, 500px\" \/><\/figure><\/div><\/div>\n<\/div>\n\n\n\n<div class=\"wp-block-columns are-vertically-aligned-center is-layout-flex wp-container-core-columns-is-layout-9d6595d7 wp-block-columns-is-layout-flex\">\n<div class=\"wp-block-column is-vertically-aligned-center is-layout-flow wp-block-column-is-layout-flow\"><div class=\"wp-block-image is-style-default\">\n<figure class=\"aligncenter size-full is-resized\"><img loading=\"lazy\" decoding=\"async\" width=\"500\" height=\"500\" src=\"https:\/\/messer-ca.com\/wp-content\/uploads\/2022\/03\/metalstorm-grind-stainless.jpg\" alt=\"\" class=\"wp-image-4349\" style=\"width:375px;height:375px\" srcset=\"https:\/\/messer-ca.com\/wp-content\/uploads\/2022\/03\/metalstorm-grind-stainless.jpg 500w, https:\/\/messer-ca.com\/wp-content\/uploads\/2022\/03\/metalstorm-grind-stainless-300x300.jpg 300w, https:\/\/messer-ca.com\/wp-content\/uploads\/2022\/03\/metalstorm-grind-stainless-150x150.jpg 150w, https:\/\/messer-ca.com\/wp-content\/uploads\/2022\/03\/metalstorm-grind-stainless-12x12.jpg 12w\" sizes=\"auto, (max-width: 500px) 100vw, 500px\" \/><\/figure><\/div><\/div>\n\n\n\n<div class=\"wp-block-column is-vertically-aligned-center is-layout-flow wp-block-column-is-layout-flow\">\n<p class=\"has-text-color has-medium-font-size\" style=\"color:#004fa3\"><strong>Acier inoxydable<\/strong><\/p>\n\n\n\n<p>L&#039;action de coupe rapide du grain d&#039;oxyde d&#039;aluminium permet une coupe ou un meulage sans br\u00fblure sur toutes les applications en acier inoxydable. Nous avons \u00e9limin\u00e9 le soufre, le fer et le chlore du liant pour \u00e9viter la contamination et rendre l&#039;utilisation de ces roues sans souci.<\/p>\n\n\n\n<a href=\"https:\/\/shop.messer-ca.com\/shop\/ccrz__ProductList?operation=quickSearch&amp;searchText=metalstorm&amp;cclcl=fr_CA\" class=\"btn\">Acheter en ligne<\/a>\n<\/div>\n<\/div>\n\n\n\n<div class=\"wp-block-columns are-vertically-aligned-center is-layout-flex wp-container-core-columns-is-layout-9d6595d7 wp-block-columns-is-layout-flex\">\n<div class=\"wp-block-column is-vertically-aligned-center is-layout-flow wp-block-column-is-layout-flow\">\n<p class=\"has-text-color has-medium-font-size\" style=\"color:#004fa3\"><strong>Disques \u00e0 tron\u00e7onner renforc\u00e9s pour tron\u00e7onneuses pour acier<\/strong><\/p>\n\n\n\n<p>Nous avons renforc\u00e9 cette roue des deux c\u00f4t\u00e9s pour votre s\u00e9curit\u00e9 et l&#039;avons con\u00e7ue pour s&#039;attaquer aux travaux de coupe les plus difficiles et offrir une dur\u00e9e de vie plus longue. Vous obtiendrez des coupes droites sur une vari\u00e9t\u00e9 de m\u00e9taux avec cette meule \u00e0 usage g\u00e9n\u00e9ral.<\/p>\n\n\n\n<a href=\"https:\/\/shop.messer-ca.com\/shop\/ccrz__ProductList?operation=quickSearch&amp;searchText=metalstorm&amp;cclcl=fr_CA\" class=\"btn\">Acheter en ligne<\/a>\n<\/div>\n\n\n\n<div class=\"wp-block-column is-vertically-aligned-center is-layout-flow wp-block-column-is-layout-flow\"><div class=\"wp-block-image is-style-default\">\n<figure class=\"aligncenter size-full is-resized\"><img loading=\"lazy\" decoding=\"async\" width=\"500\" height=\"500\" src=\"https:\/\/messer-ca.com\/wp-content\/uploads\/2022\/03\/cutoff-wheel2.jpg\" alt=\"\" class=\"wp-image-4345\" style=\"width:250px;height:250px\" srcset=\"https:\/\/messer-ca.com\/wp-content\/uploads\/2022\/03\/cutoff-wheel2.jpg 500w, https:\/\/messer-ca.com\/wp-content\/uploads\/2022\/03\/cutoff-wheel2-300x300.jpg 300w, https:\/\/messer-ca.com\/wp-content\/uploads\/2022\/03\/cutoff-wheel2-150x150.jpg 150w, https:\/\/messer-ca.com\/wp-content\/uploads\/2022\/03\/cutoff-wheel2-12x12.jpg 12w\" sizes=\"auto, (max-width: 500px) 100vw, 500px\" \/><\/figure><\/div><\/div>\n<\/div>\n\n\n\n<hr style=\"height:2px; border-width:0; color: #ef3e33; background-color: #ef3e33; width:75%; text-align:center:\">\n\n\n\n<div style=\"height:25px\" aria-hidden=\"true\" class=\"wp-block-spacer\"><\/div>\n\n\n\n<h2 class=\"wp-block-heading has-text-align-center has-text-color has-large-font-size\" style=\"color:#004fa3\">Disques \u00e0 lamelles<\/h2>\n\n\n\n<div class=\"wp-block-columns are-vertically-aligned-center is-layout-flex wp-container-core-columns-is-layout-9d6595d7 wp-block-columns-is-layout-flex\">\n<div class=\"wp-block-column is-vertically-aligned-center is-layout-flow wp-block-column-is-layout-flow\">\n<p class=\"has-text-color has-medium-font-size\" style=\"color:#004fa3\"><strong>Acier<\/strong><\/p>\n\n\n\n<p>Ce disque \u00e0 lamelles est pr\u00eat \u00e0 entreprendre les travaux les plus difficiles. La plaque de support en plastique est ajustable, l\u00e9g\u00e8re et parfaitement \u00e9quilibr\u00e9e pour votre confort. Le grain c\u00e9ramique haute performance creuse le m\u00e9tal pour vous, ce qui en fait votre disque \u00e0 lamelles incontournable.<\/p>\n\n\n\n<a href=\"https:\/\/shop.messer-ca.com\/shop\/ccrz__ProductList?operation=quickSearch&amp;searchText=metalstorm&amp;cclcl=fr_CA\" class=\"btn\">Acheter en ligne<\/a>\n\n\n\n<div class=\"wp-block-buttons is-layout-flex wp-block-buttons-is-layout-flex\"><\/div>\n\n\n\n<div class=\"wp-block-buttons is-layout-flex wp-block-buttons-is-layout-flex\"><\/div>\n<\/div>\n\n\n\n<div class=\"wp-block-column is-vertically-aligned-center is-layout-flow wp-block-column-is-layout-flow\"><div class=\"wp-block-image is-style-default\">\n<figure class=\"aligncenter size-full\"><img loading=\"lazy\" decoding=\"async\" width=\"500\" height=\"500\" src=\"https:\/\/messer-ca.com\/wp-content\/uploads\/2022\/03\/metalstorm-flap-steel.jpg\" alt=\"\" class=\"wp-image-4351\" srcset=\"https:\/\/messer-ca.com\/wp-content\/uploads\/2022\/03\/metalstorm-flap-steel.jpg 500w, https:\/\/messer-ca.com\/wp-content\/uploads\/2022\/03\/metalstorm-flap-steel-300x300.jpg 300w, https:\/\/messer-ca.com\/wp-content\/uploads\/2022\/03\/metalstorm-flap-steel-150x150.jpg 150w, https:\/\/messer-ca.com\/wp-content\/uploads\/2022\/03\/metalstorm-flap-steel-12x12.jpg 12w\" sizes=\"auto, (max-width: 500px) 100vw, 500px\" \/><\/figure><\/div><\/div>\n<\/div>\n\n\n\n<div class=\"wp-block-columns are-vertically-aligned-center is-layout-flex wp-container-core-columns-is-layout-9d6595d7 wp-block-columns-is-layout-flex\">\n<div class=\"wp-block-column is-vertically-aligned-center is-layout-flow wp-block-column-is-layout-flow\"><div class=\"wp-block-image is-style-default\">\n<figure class=\"aligncenter size-full\"><img loading=\"lazy\" decoding=\"async\" width=\"500\" height=\"500\" src=\"https:\/\/messer-ca.com\/wp-content\/uploads\/2022\/03\/metalstorm-flap-stainless.jpg\" alt=\"\" class=\"wp-image-4352\" srcset=\"https:\/\/messer-ca.com\/wp-content\/uploads\/2022\/03\/metalstorm-flap-stainless.jpg 500w, https:\/\/messer-ca.com\/wp-content\/uploads\/2022\/03\/metalstorm-flap-stainless-300x300.jpg 300w, https:\/\/messer-ca.com\/wp-content\/uploads\/2022\/03\/metalstorm-flap-stainless-150x150.jpg 150w, https:\/\/messer-ca.com\/wp-content\/uploads\/2022\/03\/metalstorm-flap-stainless-12x12.jpg 12w\" sizes=\"auto, (max-width: 500px) 100vw, 500px\" \/><\/figure><\/div><\/div>\n\n\n\n<div class=\"wp-block-column is-vertically-aligned-center is-layout-flow wp-block-column-is-layout-flow\">\n<p class=\"has-text-color has-medium-font-size\" style=\"color:#004fa3\"><strong>Acier inoxydable<\/strong><\/p>\n\n\n\n<p>C&#039;est le disque \u00e0 lamelles id\u00e9al pour un enl\u00e8vement de mati\u00e8re rapide sur l&#039;acier inoxydable. Le support en polyester\/coton avec couche semi-ouverte offre une durabilit\u00e9 avec moins de charge pour une dur\u00e9e de vie plus longue du disque. Avoir un grain d&#039;alumine de zircone am\u00e9liore le taux de coupe, prolonge la dur\u00e9e de vie du disque et, mieux encore, il remet de l&#039;argent dans votre poche.<\/p>\n\n\n\n<a href=\"https:\/\/shop.messer-ca.com\/shop\/ccrz__ProductList?operation=quickSearch&amp;searchText=metalstorm&amp;cclcl=fr_CA\" class=\"btn\">Acheter en ligne<\/a>\n<\/div>\n<\/div>\n\n\n\n<div style=\"height:50px\" aria-hidden=\"true\" class=\"wp-block-spacer\"><\/div>\n\n\n\t<div class=\"text-and-button-block text-center full-width\">\n\t\t<div class=\"container\">\n\t\t\t\t\t\t\t<div class=\"text\"><p>Int\u00e9ress\u00e9 par l&#039;achat d&#039;abrasifs MetalSTORM ?<\/p>\n<\/div>\n\t\t\t\t\t\t\t\t\t\t\t\t\t\t\t<a class=\"btn-3\" href=\"https:\/\/shop.messer-ca.com\/shop\/ccrz__ProductList?operation=quickSearch&amp;searchText=metalstorm&amp;cclcl=fr_CA\"  target=\"_blank\">Acheter maintenant<\/a>\n\t\t\t\t\t\t\t\t\t<\/div>\n\t<\/div>\n\n\n    <div class=\"resources-banner full-width\">\n        <div class=\"container min-container\">\n            <div class=\"resources-banner-img\">\n                                    <img decoding=\"async\" src=\"https:\/\/messer-ca.com\/wp-content\/uploads\/2022\/03\/metalstorm-brochure.jpg\" alt=\"\">\n                            <\/div>\n            <div class=\"resources-banner-text\">\n                                                    <h3>Abrasifs MetalSTORM<\/h3>\n                                                    <p>Vous voulez en savoir plus sur les abrasifs MetalSTORM ? T\u00e9l\u00e9chargez la fiche technique ici.<\/p>\n                                                    <a class=\"btn btn-2\" href=\"https:\/\/messer-ca.com\/wp-content\/uploads\/2022\/03\/4143E_0521_MetalSTORM_abrasive_brochure.pdf\" target=\"_blank\">\n                        En savoir plus                    <\/a>\n                            <\/div>\n            \n        <\/div>\n    <\/div>\n\n\n\t<div class=\"text-and-button-block text-center full-width\">\n\t\t<div class=\"container\">\n\t\t\t\t\t\t\t<div class=\"text\"><p><strong>Des questions?<\/strong> Demandez \u00e0 notre \u00e9quipe. Nous sommes l\u00e0 pour vous aider.<\/p>\n<\/div>\n\t\t\t\t\t\t\t\t\t\t\t\t\t\t\t<a class=\"btn-3\" href=\"https:\/\/messer-ca.com\/fr\/contact-support\/\"  target=\"_blank\">Contactez-nous<\/a>\n\t\t\t\t\t\t\t\t\t<\/div>\n\t<\/div>","protected":false},"excerpt":{"rendered":"<p>Abrasive Discs Cutting &amp; Grinding Wheels Steel The smooth grinding and cutting action of these wheels results in maximum productivity and less operator fatigue. They are ideal for a variety of ferrous metals from carbon steel to some exotic metals. Buy Online Stainless Steel The quick cutting action of the aluminum oxide grain provide a [&hellip;]<\/p>\n","protected":false},"author":5,"featured_media":4356,"parent":1395,"menu_order":0,"comment_status":"closed","ping_status":"closed","template":"pages\/template-home.php","meta":{"_acf_changed":false,"content-type":"","om_disable_all_campaigns":false,"_exactmetrics_skip_tracking":false,"_exactmetrics_sitenote_active":false,"_exactmetrics_sitenote_note":"","_exactmetrics_sitenote_category":0,"_monsterinsights_skip_tracking":false,"_monsterinsights_sitenote_active":false,"_monsterinsights_sitenote_note":"","_monsterinsights_sitenote_category":0,"footnotes":""},"class_list":["post-4303","page","type-page","status-publish","has-post-thumbnail","hentry"],"acf":[],"_links":{"self":[{"href":"https:\/\/messer-ca.com\/fr\/wp-json\/wp\/v2\/pages\/4303","targetHints":{"allow":["GET"]}}],"collection":[{"href":"https:\/\/messer-ca.com\/fr\/wp-json\/wp\/v2\/pages"}],"about":[{"href":"https:\/\/messer-ca.com\/fr\/wp-json\/wp\/v2\/types\/page"}],"author":[{"embeddable":true,"href":"https:\/\/messer-ca.com\/fr\/wp-json\/wp\/v2\/users\/5"}],"replies":[{"embeddable":true,"href":"https:\/\/messer-ca.com\/fr\/wp-json\/wp\/v2\/comments?post=4303"}],"version-history":[{"count":0,"href":"https:\/\/messer-ca.com\/fr\/wp-json\/wp\/v2\/pages\/4303\/revisions"}],"up":[{"embeddable":true,"href":"https:\/\/messer-ca.com\/fr\/wp-json\/wp\/v2\/pages\/1395"}],"wp:featuredmedia":[{"embeddable":true,"href":"https:\/\/messer-ca.com\/fr\/wp-json\/wp\/v2\/media\/4356"}],"wp:attachment":[{"href":"https:\/\/messer-ca.com\/fr\/wp-json\/wp\/v2\/media?parent=4303"}],"curies":[{"name":"wp","href":"https:\/\/api.w.org\/{rel}","templated":true}]}}