{"id":4527,"date":"2022-06-29T21:04:18","date_gmt":"2022-06-29T21:04:18","guid":{"rendered":"https:\/\/messer-ca.com\/?page_id=4527"},"modified":"2022-07-06T15:58:14","modified_gmt":"2022-07-06T15:58:14","slug":"refrigerant-gases","status":"publish","type":"page","link":"https:\/\/messer-ca.com\/fr\/products\/refrigerant-gases\/","title":{"rendered":"Gaz r\u00e9frig\u00e9rants"},"content":{"rendered":"<div class=\"info-block-2 text-center full-width\">\n    \t<img decoding=\"async\" src=\"https:\/\/messer-ca.com\/wp-content\/themes\/messercanada\/images\/grey.png\" alt=\"\">\n    \t<div class=\"container min-container\">\n    \t\t<div class=\"info-block-2-text style-large\">Messer se concentre sur la fourniture de r\u00e9frig\u00e9rants de haute qualit\u00e9, utilis\u00e9s de mani\u00e8re responsable.<\/div>\n    \t<\/div>\n    <\/div>\n\n\n<h4>Gamme de produits<\/h4>\n<p>Messer est un important fournisseur de r\u00e9frig\u00e9rants destin\u00e9s au march\u00e9 de la r\u00e9frig\u00e9ration et de la climatisation au Canada. Nous proposons une large gamme de fluides frigorig\u00e8nes fluorocarbon\u00e9s, y compris les HFC (R134a, R404A, R410A et 507A), HCFC (R22), HFO (1234yf) ainsi qu&#039;une gamme compl\u00e8te de r\u00e9frig\u00e9rants naturels respectueux de l&#039;environnement, notamment le R717 (ammoniac), le R744. (CO2) et des hydrocarbures (R290, R600a et R170).<\/p>\n<h4>Industries desservies<\/h4>\n<p>La r\u00e9frig\u00e9ration fait progressivement partie de la vie quotidienne. Nos aliments sont r\u00e9frig\u00e9r\u00e9s, congel\u00e9s, stock\u00e9s, transport\u00e9s et pr\u00e9sent\u00e9s dans des unit\u00e9s r\u00e9frig\u00e9r\u00e9es utilisant du gaz r\u00e9frig\u00e9rant. La r\u00e9frig\u00e9ration est un \u00e9l\u00e9ment cl\u00e9 de nombreux processus industriels tels que la production pharmaceutique, chimique et de gaz naturel. M\u00eame nos voitures, nos bureaux, nos magasins et nos b\u00e2timents publics sont gard\u00e9s au frais gr\u00e2ce \u00e0 la climatisation.<\/p>\n<h4>Solutions Messer<\/h4>\n<p>Messer a une solution canadienne pour l\u2019emballage des r\u00e9frig\u00e9rants situ\u00e9e \u00e0 Aurora, en Ontario. Cette installation dispose de capacit\u00e9s importantes de stockage, d\u2019emballage et d\u2019entrep\u00f4t en vrac. Ceci, combin\u00e9 \u00e0 notre r\u00e9seau \u00e9tabli de fabricants de mati\u00e8res premi\u00e8res et \u00e0 notre stock de bouteilles, nous permet de vous fournir les r\u00e9frig\u00e9rants dont vous avez besoin, quand vous en avez besoin. Nous offrons une gamme compl\u00e8te de tailles de colis comprenant des cylindres de petite, moyenne et grande capacit\u00e9 allant jusqu&#039;\u00e0 1000 lb. ainsi qu&#039;une gamme d&#039;emballages pour soutenir la r\u00e9cup\u00e9ration des frigorig\u00e8nes.<\/p>\n<h4>S\u00e9curit\u00e9 et qualit\u00e9<\/h4>\n<p>Messer se concentre sur la fourniture de r\u00e9frig\u00e9rants de haute qualit\u00e9, utilis\u00e9s de mani\u00e8re responsable. Les r\u00e9frig\u00e9rants Messer sont achet\u00e9s directement aupr\u00e8s de notre r\u00e9seau de confiance de fabricants de haute qualit\u00e9 et sont emball\u00e9s dans des cylindres, entrepos\u00e9s et distribu\u00e9s \u00e0 l&#039;aide de notre \u00e9quipe d&#039;exploitation et de notre r\u00e9seau logistique centr\u00e9s sur la qualit\u00e9 et la s\u00e9curit\u00e9.<br>Messer applique des politiques strictes en mati\u00e8re de gestion responsable des produits et de gestion responsable des exigences en mati\u00e8re de sant\u00e9, de s\u00e9curit\u00e9 et d&#039;environnement. Cela garantit \u00e0 nos clients les syst\u00e8mes en place pour utiliser nos r\u00e9frig\u00e9rants en toute s\u00e9curit\u00e9.<\/p>\n<h4>Environnement et l\u00e9gislation - Relever le d\u00e9fi des r\u00e9frig\u00e9rants<\/h4>\n<p>De nombreux r\u00e9frig\u00e9rants \u00e0 base de fluorocarbure sont class\u00e9s comme ayant un potentiel de r\u00e9chauffement plan\u00e9taire (PRP) ou potentiel d&#039;appauvrissement de la couche d&#039;ozone (ODP). Par cons\u00e9quent, la l\u00e9gislation canadienne a une incidence sur la fabrication, la vente et l&#039;utilisation de ces produits. Messer soutient et adh\u00e8re \u00e0 toutes les l\u00e9gislations et peut offrir des conseils pour garantir que nos clients respectent leurs obligations l\u00e9gislatives et environnementales.<\/p>\n\n\n<div style=\"height:20px\" aria-hidden=\"true\" class=\"wp-block-spacer custom-left-separator\"><\/div>\n\n\n    <div class=\"markets\">\n        \n                   <ul class=\"listreset markets-list solutions-list\">\n                                                            <li>\n                                                                                                <div class=\"market-ic\"><a href=\"https:\/\/messer-ca.com\/fr\/products\/refrigerant-gases\/triotop\/\"><img decoding=\"async\" src=\"https:\/\/messer-ca.com\/wp-content\/uploads\/2022\/07\/thumb-triotop.jpg\" alt=\"\"><\/a><\/div>\n                                                                                         <div class=\"market-text-block\">\n                                                                    <h3>\n                                                                                    <a href=\"https:\/\/messer-ca.com\/fr\/products\/refrigerant-gases\/triotop\/\">Vannes combin\u00e9es TrioTOP<\/a>\n                                                                            <\/h3>\n                                                                                                    <p>Le r\u00e9gulateur combine essentiellement un r\u00e9gulateur de pression et un r\u00e9gulateur de d\u00e9bitm\u00e8tre en une seule unit\u00e9 hybride.<\/p>\n                                                                                                    <a href=\"https:\/\/messer-ca.com\/fr\/products\/refrigerant-gases\/triotop\/\">\n                                        En savoir plus                                    <\/a>\n                                                            <\/div>\n                        <\/li>\n                                                                                <li>\n                                                                                                <div class=\"market-ic\"><a href=\"http:\/\/messer-ca.com\/fr\/products\/refrigerant-gases\/fluorine-refrigerants\/\"><img decoding=\"async\" src=\"https:\/\/messer-ca.com\/wp-content\/uploads\/2019\/08\/fridge.jpg\" alt=\"Commercial refridgerator in grocery store\"><\/a><\/div>\n                                                                                         <div class=\"market-text-block\">\n                                                                    <h3>\n                                                                                    <a href=\"http:\/\/messer-ca.com\/fr\/products\/refrigerant-gases\/fluorine-refrigerants\/\">Fluides Fluor\u00e9s<\/a>\n                                                                            <\/h3>\n                                                                                                    <p>Les fluides frigorig\u00e8nes fluor\u00e9s (\u00e9galement appel\u00e9s frigorig\u00e8nes synth\u00e9tiques, fluides frigorig\u00e8nes fluorocarbon\u00e9s et frigorig\u00e8nes halocarbon\u00e9s) forment un vaste groupe de produits, plus commun\u00e9ment appel\u00e9s CFC, HCFC, HFC et HFO.<\/p>\n                                                                                                    <a href=\"http:\/\/messer-ca.com\/fr\/products\/refrigerant-gases\/fluorine-refrigerants\/\">\n                                        En savoir plus                                    <\/a>\n                                                            <\/div>\n                        <\/li>\n                                                                                <li>\n                                                                                                <div class=\"market-ic\"><a href=\"http:\/\/messer-ca.com\/fr\/products\/refrigerant-gases\/natural-refrigerants\/\"><img decoding=\"async\" src=\"https:\/\/messer-ca.com\/wp-content\/uploads\/2019\/08\/natural-cool.jpg\" alt=\"Industrial equipment\"><\/a><\/div>\n                                                                                         <div class=\"market-text-block\">\n                                                                    <h3>\n                                                                                    <a href=\"http:\/\/messer-ca.com\/fr\/products\/refrigerant-gases\/natural-refrigerants\/\">R\u00e9frig\u00e9rants Naturels et Hydrocarbures<\/a>\n                                                                            <\/h3>\n                                                                                                    <p>Les frigorig\u00e8nes naturels (ou \u00abnon en nature\u00bb) sont des produits chimiques qui entrent dans les processus biochimiques de la nature. Les r\u00e9frig\u00e9rants hydrocarbon\u00e9s sont des r\u00e9frig\u00e9rants sans danger pour l&#039;environnement.<\/p>\n                                                                                                    <a href=\"http:\/\/messer-ca.com\/fr\/products\/refrigerant-gases\/natural-refrigerants\/\">\n                                        En savoir plus                                    <\/a>\n                                                            <\/div>\n                        <\/li>\n                                                                                <li>\n                                                                                                <div class=\"market-ic\"><a href=\"http:\/\/messer-ca.com\/fr\/products\/refrigerant-gases\/reclaim-recovery\/\"><img decoding=\"async\" src=\"https:\/\/messer-ca.com\/wp-content\/uploads\/2019\/08\/reclaim.jpg\" alt=\"Technician testing equipment\"><\/a><\/div>\n                                                                                         <div class=\"market-text-block\">\n                                                                    <h3>\n                                                                                    <a href=\"http:\/\/messer-ca.com\/fr\/products\/refrigerant-gases\/reclaim-recovery\/\">R\u00e9cup\u00e9ration et r\u00e9cup\u00e9ration<\/a>\n                                                                            <\/h3>\n                                                                                                    <p>Minimiser l&#039;impact environnemental des r\u00e9frig\u00e9rants us\u00e9s.<\/p>\n                                                                                                    <a href=\"http:\/\/messer-ca.com\/fr\/products\/refrigerant-gases\/reclaim-recovery\/\">\n                                        En savoir plus                                    <\/a>\n                                                            <\/div>\n                        <\/li>\n                                                                                <li>\n                                                                                                <div class=\"market-ic\"><a href=\"http:\/\/messer-ca.com\/fr\/products\/refrigerant-gases\/retrofit-technical-advice\/\"><img decoding=\"async\" src=\"https:\/\/messer-ca.com\/wp-content\/uploads\/2019\/08\/engineer.jpg\" alt=\"Engineers shaking hands\"><\/a><\/div>\n                                                                                         <div class=\"market-text-block\">\n                                                                    <h3>\n                                                                                    <a href=\"http:\/\/messer-ca.com\/fr\/products\/refrigerant-gases\/retrofit-technical-advice\/\">Conseils techniques pour la modernisation<\/a>\n                                                                            <\/h3>\n                                                                                                    <p>Une gamme compl\u00e8te de r\u00e9frig\u00e9rants et de conseils.<\/p>\n                                                                                                    <a href=\"http:\/\/messer-ca.com\/fr\/products\/refrigerant-gases\/retrofit-technical-advice\/\">\n                                        En savoir plus                                    <\/a>\n                                                            <\/div>\n                        <\/li>\n                                                <\/ul>\n            <\/div>\n\n\n\n<div style=\"height:20px\" aria-hidden=\"true\" class=\"wp-block-spacer custom-right-separator\"><\/div>\n\n\n\t<div class=\"text-and-button-block text-center full-width\">\n\t\t<div class=\"container\">\n\t\t\t\t\t\t\t<div class=\"text\"><p><strong>Des questions?<\/strong> Demandez \u00e0 notre \u00e9quipe. Nous sommes l\u00e0 pour vous aider.<\/p>\n<\/div>\n\t\t\t\t\t\t\t\t\t\t\t\t\t\t\t<a class=\"btn-3\" href=\"https:\/\/messer-ca.com\/fr\/contact-support\/\"  target=\"_blank\">Contactez-nous<\/a>\n\t\t\t\t\t\t\t\t\t<\/div>\n\t<\/div>","protected":false},"excerpt":{"rendered":"<p>Product range Messer is a leading supplier of refrigerants to the refrigeration and air conditioning market in Canada. We offer a wide range of fluorocarbon refrigerants including HFCs (e.g. R134a, R404A, R410A, &amp; 507A), HCFCs (e.g. R22), HFOs (1234yf) as well as a full range of environmentally friendly natural refrigerants including R717 (ammonia), R744 (CO2 [&hellip;]<\/p>\n","protected":false},"author":5,"featured_media":11,"parent":1149,"menu_order":0,"comment_status":"closed","ping_status":"closed","template":"pages\/template-home.php","meta":{"_acf_changed":false,"content-type":"","om_disable_all_campaigns":false,"_exactmetrics_skip_tracking":false,"_exactmetrics_sitenote_active":false,"_exactmetrics_sitenote_note":"","_exactmetrics_sitenote_category":0,"_monsterinsights_skip_tracking":false,"_monsterinsights_sitenote_active":false,"_monsterinsights_sitenote_note":"","_monsterinsights_sitenote_category":0,"footnotes":""},"class_list":["post-4527","page","type-page","status-publish","has-post-thumbnail","hentry"],"acf":[],"_links":{"self":[{"href":"https:\/\/messer-ca.com\/fr\/wp-json\/wp\/v2\/pages\/4527","targetHints":{"allow":["GET"]}}],"collection":[{"href":"https:\/\/messer-ca.com\/fr\/wp-json\/wp\/v2\/pages"}],"about":[{"href":"https:\/\/messer-ca.com\/fr\/wp-json\/wp\/v2\/types\/page"}],"author":[{"embeddable":true,"href":"https:\/\/messer-ca.com\/fr\/wp-json\/wp\/v2\/users\/5"}],"replies":[{"embeddable":true,"href":"https:\/\/messer-ca.com\/fr\/wp-json\/wp\/v2\/comments?post=4527"}],"version-history":[{"count":0,"href":"https:\/\/messer-ca.com\/fr\/wp-json\/wp\/v2\/pages\/4527\/revisions"}],"up":[{"embeddable":true,"href":"https:\/\/messer-ca.com\/fr\/wp-json\/wp\/v2\/pages\/1149"}],"wp:featuredmedia":[{"embeddable":true,"href":"https:\/\/messer-ca.com\/fr\/wp-json\/wp\/v2\/media\/11"}],"wp:attachment":[{"href":"https:\/\/messer-ca.com\/fr\/wp-json\/wp\/v2\/media?parent=4527"}],"curies":[{"name":"wp","href":"https:\/\/api.w.org\/{rel}","templated":true}]}}